{"id":7716,"date":"2026-01-23T12:29:34","date_gmt":"2026-01-23T11:29:34","guid":{"rendered":"https:\/\/www.emballiso.com\/%e5%8a%a8%e7%89%a9%e4%bf%9d%e5%81%a5%e5%ae%9e%e9%aa%8c%e5%ae%a4%e5%86%b7%e9%93%be%e5%8c%85%e8%a3%85%e8%a7%a3%e5%86%b3%e6%96%b9%e6%a1%88\/"},"modified":"2026-04-10T15:14:51","modified_gmt":"2026-04-10T13:14:51","slug":"%e5%8a%a8%e7%89%a9%e4%bf%9d%e5%81%a5%e5%ae%9e%e9%aa%8c%e5%ae%a4%e5%86%b7%e9%93%be%e5%8c%85%e8%a3%85%e8%a7%a3%e5%86%b3%e6%96%b9%e6%a1%88","status":"publish","type":"page","link":"https:\/\/www.emballiso.com\/zh-hans\/%e5%8a%a8%e7%89%a9%e4%bf%9d%e5%81%a5%e5%ae%9e%e9%aa%8c%e5%ae%a4%e5%86%b7%e9%93%be%e5%8c%85%e8%a3%85%e8%a7%a3%e5%86%b3%e6%96%b9%e6%a1%88\/","title":{"rendered":"\u52a8\u7269\u4fdd\u5065\u5b9e\u9a8c\u5ba4\u51b7\u94fe\u5305\u88c5\u89e3\u51b3\u65b9\u6848"},"content":{"rendered":"\t\t<div data-elementor-type=\"wp-page\" data-elementor-id=\"7716\" class=\"elementor elementor-7716 elementor-2485\" data-elementor-post-type=\"page\">\n\t\t\t\t<div class=\"elementor-element elementor-element-a4e6b73 e-flex e-con-boxed e-con e-parent\" data-id=\"a4e6b73\" data-element_type=\"container\" data-e-type=\"container\">\n\t\t\t\t\t<div class=\"e-con-inner\">\n\t\t\t\t<div class=\"elementor-element elementor-element-9a3d459 elementor-invisible elementor-widget elementor-widget-heading\" data-id=\"9a3d459\" data-element_type=\"widget\" data-e-type=\"widget\" data-settings=\"{&quot;_animation&quot;:&quot;fadeInDown&quot;}\" data-widget_type=\"heading.default\">\n\t\t\t\t\t<h1 class=\"elementor-heading-title elementor-size-default\"><span class=\"gradient-blue\">\u52a8\u7269\u4fdd\u5065\u5b9e\u9a8c\u5ba4\u51b7\u94fe\u5305\u88c5\u89e3\u51b3\u65b9\u6848<\/span><\/h1>\t\t\t\t<\/div>\n\t\t\t\t<div class=\"elementor-element elementor-element-1e81825 elementor-widget elementor-widget-text-editor\" data-id=\"1e81825\" data-element_type=\"widget\" data-e-type=\"widget\" data-widget_type=\"text-editor.default\">\n\t\t\t\t\t\t\t\t\t<p>\u52a8\u7269\u4fdd\u5065\u9886\u57df\u5bf9\u7269\u6d41\u4e25\u8c28\u6027\u7684\u8981\u6c42\u4e0e\u4eba\u7c7b\u533b\u7597\u884c\u4e1a\u5b8c\u5168\u4e00\u81f4\uff0c\u4e14\u8fd0\u8f93\u91cf\u901a\u5e38\u5927\u5f97\u591a\u3002\u65e0\u8bba\u60a8\u662f\u751f\u4ea7\u5bb6\u755c\u75ab\u82d7\u8fd8\u662f\u5ba0\u7269\u836f\u7269\uff0c\u6e29\u63a7\u5b89\u5168\u90fd\u662f\u786e\u4fdd\u4ea7\u54c1\u7597\u6548\u7684\u6700\u7ec8\u4fdd\u969c\u3002\u5728\u5168\u7403\u5316\u5e02\u573a\u4e2d\uff0c\u5982\u4f55\u5728\u4e25\u683c\u7684\u65f6\u9650\u548c\u7cbe\u786e\u7684\u6e29\u5ea6\u8303\u56f4\u5185\uff0c\u4ee5\u6700\u4f18\u6210\u672c\u8fd0\u8f93\u5927\u91cf\u6e29\u63a7\u654f\u611f\u4ea7\u54c1\uff0c\u662f\u4e00\u9879\u65e5\u5e38\u6311\u6218\u3002  <\/p><p>\u6211\u4eec\u8bbe\u8ba1\u7ecf\u8fc7\u9884\u5148\u9a8c\u8bc1\u4e14\u5b9a\u5236\u5316\u7684\u7b49\u6e29\u5305\u88c5\u7cfb\u7edf\uff0c\u4e13\u95e8\u4e3a\u52a8\u7269\u4fdd\u5065\u5b9e\u9a8c\u5ba4\u7684\u5927\u89c4\u6a21\u7269\u6d41\u800c\u6253\u9020\u3002\u6211\u4eec\u7684\u4e13\u4e1a\u6280\u672f\u53ef\u786e\u4fdd\u60a8\u7684\u5168\u7403\u8d27\u8fd0\u5b89\u5168\uff0c\u540c\u65f6\u4f18\u5316\u8d27\u8fd0\u7684\u6bcf\u4e00\u7acb\u65b9\u5398\u7c73\u7a7a\u95f4\u3002 <\/p>\t\t\t\t\t\t\t\t<\/div>\n\t\t\t\t<div class=\"elementor-element elementor-element-7417f26 elementor-widget elementor-widget-heading\" data-id=\"7417f26\" data-element_type=\"widget\" data-e-type=\"widget\" data-widget_type=\"heading.default\">\n\t\t\t\t\t<h2 class=\"elementor-heading-title elementor-size-default\">\u5e94\u5bf9\u52a8\u7269\u4fdd\u5065\u6311\u6218 : \u6027\u80fd\u4e0e\u76c8\u5229\u80fd\u529b<\/h2>\t\t\t\t<\/div>\n\t\t\t\t<div class=\"elementor-element elementor-element-5e0b4cb elementor-widget elementor-widget-text-editor\" data-id=\"5e0b4cb\" data-element_type=\"widget\" data-e-type=\"widget\" data-widget_type=\"text-editor.default\">\n\t\t\t\t\t\t\t\t\t<p>\u6211\u4eec\u901a\u8fc7\u4ee5\u6548\u7387\u4e3a\u6838\u5fc3\u7684\u65b9\u6cd5\uff0c\u5e94\u5bf9\u884c\u4e1a\u7684\u5173\u952e\u6311\u6218\uff1a<\/p><ul><li><strong>\u6e29\u63a7\u5b89\u5168\u4e0e\u5408\u89c4\u6027 :<\/strong> \u6211\u4eec\u7684\u89e3\u51b3\u65b9\u6848\u786e\u4fdd\u5373\u4f7f\u5728\u6781\u957f\u65f6\u95f4\u5185\u4e5f\u80fd\u7ef4\u6301\u6e29\u5ea6\uff082-8\u00b0C\u300115-25\u00b0C \u6216\u51b7\u51bb\uff09\uff0c\u4fdd\u62a4\u60a8\u6700\u5b9d\u8d35\u7684\u751f\u7269\u8d44\u4ea7\u3002<\/li><li><strong>\u8ba1\u8d39\u91cd\u91cf\u4f18\u5316 :<\/strong> \u7a7a\u8fd0\u548c\u9646\u8fd0\u6210\u672c\u9ad8\u6602\u3002\u6211\u4eec\u7684\u5185\u90e8**\u5b9e\u9a8c\u5ba4\uff08Laborat\u00f3rio de Pesquisa e Inova\u00e7\u00e3o\uff09**\u53ca\u7814\u53d1\u90e8\u95e8\u81f4\u529b\u4e8e\u63d0\u9ad8\u5305\u88c5\u7684\u8f7d\u91cd\u5bb9\u79ef\u6bd4\uff0c\u5728\u4e0d\u5f71\u54cd\u4fdd\u62a4\u6548\u679c\u7684\u524d\u63d0\u4e0b\u964d\u4f4e\u8fd0\u8f93\u6210\u672c\u3002 <\/li><li><strong>\u9002\u5e94\u6027\u4e0e\u5b9a\u5236\u8bbe\u8ba1 : <\/strong>\u5f97\u76ca\u4e8e\u6211\u4eec\u7684\u7efc\u5408\u5b9e\u9a8c\u5ba4\uff0c\u6211\u4eec\u53ef\u4ee5\u6839\u636e\u60a8\u7279\u5b9a\u7684\u521d\u7ea7\u5305\u88c5\u89c4\u683c\u63d0\u4f9b\u5b8c\u7f8e\u7684\u5b9a\u5236\u89e3\u51b3\u65b9\u6848\u3002<\/li><\/ul>\t\t\t\t\t\t\t\t<\/div>\n\t\t\t\t<div class=\"elementor-element elementor-element-44c37f6 elementor-widget-divider--view-line elementor-widget elementor-widget-divider\" data-id=\"44c37f6\" data-element_type=\"widget\" data-e-type=\"widget\" data-widget_type=\"divider.default\">\n\t\t\t\t\t\t\t<div class=\"elementor-divider\">\n\t\t\t<span class=\"elementor-divider-separator\">\n\t\t\t\t\t\t<\/span>\n\t\t<\/div>\n\t\t\t\t\t\t<\/div>\n\t\t\t\t<div class=\"elementor-element elementor-element-97e66ee elementor-widget elementor-widget-heading\" data-id=\"97e66ee\" data-element_type=\"widget\" data-e-type=\"widget\" data-widget_type=\"heading.default\">\n\t\t\t\t\t<h3 class=\"elementor-heading-title elementor-size-default\">\u9002\u7528\u4e8e\u5404\u79cd\u5bb9\u91cf\u7684\u5b9a\u5236\u65b9\u6848<\/h3>\t\t\t\t<\/div>\n\t\t\t\t<div class=\"elementor-element elementor-element-d8f4ddf elementor-widget elementor-widget-text-editor\" data-id=\"d8f4ddf\" data-element_type=\"widget\" data-e-type=\"widget\" data-widget_type=\"text-editor.default\">\n\t\t\t\t\t\t\t\t\t<p>\u6211\u4eec\u7ec6\u5206\u4e86\u4ea7\u54c1\u7ebf\uff0c\u4ee5\u6ee1\u8db3\u591a\u6837\u5316\u7684\u5206\u9500\u9700\u6c42 :<\/p><p><strong>\u5927\u5bb9\u91cf\u8fd0\u8f93 (\u56fd\u9645\u8d27\u8fd0\u4e0e\u6563\u88c5) :<\/strong><\/p><ul><li><strong>Pallet Shipper :<\/strong> \u4e3a\u6574\u6258\u76d8\u517d\u7528\u75ab\u82d7\u8fd0\u8f93\u63d0\u4f9b\u7684\u9ad8\u6027\u80fd\u3001\u5168\u65b9\u4f4d\u5b89\u5168\u89e3\u51b3\u65b9\u6848\u3002<\/li><li>\u70ed\u9632\u62a4\u6bef : \u4e00\u79cd\u7406\u60f3\u4e14\u5177\u6210\u672c\u6548\u76ca\u7684\u65b9\u6848\uff0c\u7528\u4e8e\u4fdd\u62a4\u654f\u611f\u5ea6\u8f83\u4f4e\u7684\u4ea7\u54c1\uff0c\u6216\u51cf\u5c11\u5728\u505c\u673a\u576a\u7b49\u5f85\u671f\u95f4\u7684\u6e29\u5dee\u51b2\u51fb\u3002<\/li><\/ul><p><strong><br>\u4e2d\u7b49\u5bb9\u91cf\u8fd0\u8f93\uff08\u533a\u57df\u4e0e\u5168\u56fd\u5206\u9500) :<\/strong><\/p><ul><li><strong>ISOGO :<\/strong> \u9002\u7528\u4e8e\u4e2d\u7b49\u5bb9\u91cf\u7684\u9ad8\u6027\u80fd\u4eba\u4f53\u5de5\u5b66\u5305\u4ef6\u3002<\/li><li><strong>STANDARD \u7cfb\u5217\uff08National\u3001National Plus\u3001Export\uff09\uff1a<\/strong>\u7ed3\u6784\u7a33\u56fa\u3001\u7ecf\u9a8c\u8bc1\u7684\u65e5\u5e38\u8fd0\u8f93\u89e3\u51b3\u65b9\u6848\u3002<\/li><\/ul>\t\t\t\t\t\t\t\t<\/div>\n\t\t\t\t\t<\/div>\n\t\t\t\t<\/div>\n\t\t<div class=\"elementor-element elementor-element-71def6c e-flex e-con-boxed e-con e-parent\" data-id=\"71def6c\" data-element_type=\"container\" data-e-type=\"container\">\n\t\t\t\t\t<div class=\"e-con-inner\">\n\t\t<div class=\"elementor-element elementor-element-af25781 e-con-full e-flex e-con e-child\" data-id=\"af25781\" data-element_type=\"container\" data-e-type=\"container\">\n\t\t\t\t<div class=\"elementor-element elementor-element-af7f970 elementor-widget elementor-widget-heading\" data-id=\"af7f970\" data-element_type=\"widget\" data-e-type=\"widget\" data-widget_type=\"heading.default\">\n\t\t\t\t\t<h3 class=\"elementor-heading-title elementor-size-default\">\u670d\u52a1\u4e0e\u5168\u7403\u7f51\u7edc : \u4e00\u7ad9\u5f0f\u7269\u6d41<\/h3>\t\t\t\t<\/div>\n\t\t\t\t<div class=\"elementor-element elementor-element-3258af4 elementor-widget elementor-widget-text-editor\" data-id=\"3258af4\" data-element_type=\"widget\" data-e-type=\"widget\" data-widget_type=\"text-editor.default\">\n\t\t\t\t\t\t\t\t\t<p>EMBALL\u2019ISO \u63d0\u4f9b\u4f18\u8d28\u670d\u52a1\u4ee5\u4f18\u5316\u60a8\u7684\u4f9b\u5e94\u94fe :<\/p><ul><li><strong>\u5373\u5f00\u5373\u7528\u670d\u52a1 : <\/strong>\u63a5\u6536\u5df2\u7ec4\u88c5\u5b8c\u6210\u5e76\u9884\u8bbe\u597d\u6240\u9700\u6e29\u5ea6\uff08Fornecimento e pr\u00e9-condicionamento\uff09\u7684\u5305\u88c5\uff0c\u4ee5\u4fbf\u7acb\u5373\u88c5\u8f7d\u3002<\/li><li><strong>Reuse &amp; Reverse (\u56de\u6536\u4e0e\u9006\u5411\u7269\u6d41) : <\/strong>\u5229\u7528\u6211\u4eec\u904d\u5e03 80 \u591a\u4e2a\u56fd\u5bb6\u7684\u5168\u7403\u7f51\u7edc\u56de\u6536\u3001\u6e05\u6d17\u5e76\u91cd\u590d\u4f7f\u7528\u60a8\u7684\u5305\u88c5\uff0c\u4ece\u800c\u663e\u8457\u51cf\u5c11\u6d6a\u8d39\u3002<\/li><li><strong>\u5b9a\u5236\u5316\u89e3\u51b3\u65b9\u6848 : <\/strong>\u6211\u4eec\u7684\u5de5\u7a0b\u5e08\u63d0\u4f9b\u4e13\u95e8\u652f\u6301\uff0c\u8bbe\u8ba1\u51fa\u5b8c\u7f8e\u9002\u914d\u60a8\u4ea7\u54c1\u53ca\u9650\u5236\u6761\u4ef6\u7684\u5305\u88c5\u3002<\/li><\/ul>\t\t\t\t\t\t\t\t<\/div>\n\t\t\t\t<\/div>\n\t\t<div class=\"elementor-element elementor-element-e9c3bf5 e-con-full e-flex e-con e-child\" data-id=\"e9c3bf5\" data-element_type=\"container\" data-e-type=\"container\">\n\t\t\t\t<div class=\"elementor-element elementor-element-16d3d63 elementor-widget elementor-widget-heading\" data-id=\"16d3d63\" data-element_type=\"widget\" data-e-type=\"widget\" data-widget_type=\"heading.default\">\n\t\t\t\t\t<h3 class=\"elementor-heading-title elementor-size-default\">\u52a8\u7269\u4fdd\u5065\u9886\u57df\u7684\u5178\u578b\u5e94\u7528<\/h3>\t\t\t\t<\/div>\n\t\t\t\t<div class=\"elementor-element elementor-element-da339b2 elementor-widget elementor-widget-text-editor\" data-id=\"da339b2\" data-element_type=\"widget\" data-e-type=\"widget\" data-widget_type=\"text-editor.default\">\n\t\t\t\t\t\t\t\t\t<ul><li><strong>\u5168\u7403\u75ab\u82d7\u51fa\u53e3 : <\/strong>\u4f7f\u7528\u6258\u76d8\u8fd0\u8f93\u7bb1\u5c06\u6570\u767e\u4e07\u5242\u79bd\u6d41\u611f\u6216\u732a\u75ab\u82d7\u8fd0\u5f80\u56fd\u9645\u5e02\u573a\u3002<\/li><li><strong>\u56fd\u5185\u5206\u9500\u81f3\u517d\u533b\u8bca\u6240 :<\/strong> \u901a\u8fc7 Standard National \u89e3\u51b3\u65b9\u6848\uff0c\u4e3a\u65e5\u5e38\u5ba0\u7269\u836f\u7269\u63d0\u4f9b\u5b89\u5168\u7684 24 \u5c0f\u65f6\u914d\u9001\u3002<\/li><li><strong>\u8fd0\u8d39\u6210\u672c\u4f18\u5316 : <\/strong>\u7528\u4f18\u5316\u4e86\u8ba1\u8d39\u91cd\u91cf\u7684\u65b9\u6848\u53d6\u4ee3\u7b28\u91cd\u5305\u88c5\uff0c\u4ee5\u964d\u4f4e\u5e74\u5ea6\u7269\u6d41\u652f\u51fa\u3002<\/li><\/ul>\t\t\t\t\t\t\t\t<\/div>\n\t\t\t\t<\/div>\n\t\t\t\t\t<\/div>\n\t\t\t\t<\/div>\n\t\t<div class=\"elementor-element elementor-element-ea6231a e-flex e-con-boxed e-con e-parent\" data-id=\"ea6231a\" data-element_type=\"container\" data-e-type=\"container\">\n\t\t\t\t\t<div class=\"e-con-inner\">\n\t\t\t\t<div class=\"elementor-element elementor-element-b837087 elementor-widget-divider--view-line elementor-widget elementor-widget-divider\" data-id=\"b837087\" data-element_type=\"widget\" data-e-type=\"widget\" data-widget_type=\"divider.default\">\n\t\t\t\t\t\t\t<div class=\"elementor-divider\">\n\t\t\t<span class=\"elementor-divider-separator\">\n\t\t\t\t\t\t<\/span>\n\t\t<\/div>\n\t\t\t\t\t\t<\/div>\n\t\t\t\t<div class=\"elementor-element elementor-element-98aa898 elementor-widget elementor-widget-heading\" data-id=\"98aa898\" data-element_type=\"widget\" data-e-type=\"widget\" data-widget_type=\"heading.default\">\n\t\t\t\t\t<h2 class=\"elementor-heading-title elementor-size-default\">CSR : \u8fc8\u5411\u53ef\u6301\u7eed\u7684\u52a8\u7269\u5065\u5eb7<\/h2>\t\t\t\t<\/div>\n\t\t\t\t<div class=\"elementor-element elementor-element-511bf85 elementor-widget elementor-widget-text-editor\" data-id=\"511bf85\" data-element_type=\"widget\" data-e-type=\"widget\" data-widget_type=\"text-editor.default\">\n\t\t\t\t\t\t\t\t\t<p>EMBALL&#8217;ISO \u52a9\u529b\u52a8\u7269\u536b\u751f\u5b9e\u9a8c\u5ba4\u5728\u4e0d\u727a\u7272\u68c0\u6d4b\u6027\u80fd\u7684\u524d\u63d0\u4e0b\u51cf\u5c11\u73af\u5883\u8db3\u8ff9 :<\/p><ul><li>\u5f97\u76ca\u4e8e\u6211\u4eec\u7684 Reuse &amp; Reverse \u8ba1\u5212\uff0c<strong>\u5927\u5e45\u51cf\u5c11<\/strong>\u4e8c\u6c27\u5316\u78b3\u6392\u653e\uff08\u78b3\u51cf\u6392\u9ad8\u8fbe 91%\uff09\u3002<\/li><li>\u6750\u6599\u91c7\u7528<strong>\u751f\u6001\u8bbe\u8ba1\uff0c<\/strong>\u4ece\u5236\u9020\u9636\u6bb5\u5c31\u5f00\u59cb\u6700\u5927\u9650\u5ea6\u5730\u51cf\u5c11\u5bf9\u73af\u5883\u7684\u5f71\u54cd\u3002<\/li><li>\u901a\u8fc7\u6211\u4eec\u7684\u5168\u7403\u56de\u6536\u548c\u7ffb\u65b0\u7f51\u7edc\uff0c<strong>\u51cf\u5c11\u76ee\u7684\u5730\u7ad9<\/strong>\u70b9\u7684\u5e9f\u7269\u4ea7\u751f\u3002<\/li><\/ul>\t\t\t\t\t\t\t\t<\/div>\n\t\t\t\t\t<\/div>\n\t\t\t\t<\/div>\n\t\t<div class=\"elementor-element elementor-element-1f3a7d8 e-flex e-con-boxed e-con e-parent\" data-id=\"1f3a7d8\" data-element_type=\"container\" data-e-type=\"container\" data-settings=\"{&quot;background_background&quot;:&quot;classic&quot;}\">\n\t\t\t\t\t<div class=\"e-con-inner\">\n\t\t\t\t<div class=\"elementor-element elementor-element-9b2d6b8 elementor-widget elementor-widget-heading\" data-id=\"9b2d6b8\" data-element_type=\"widget\" data-e-type=\"widget\" data-widget_type=\"heading.default\">\n\t\t\t\t\t<h2 class=\"elementor-heading-title elementor-size-default\">\u6b63\u5728\u5bfb\u627e\u9002\u5408\u60a8\u52a8\u7269\u4fdd\u5065\u9700\u6c42\u7684\u89e3\u51b3\u65b9\u6848 \uff1f<\/h2>\t\t\t\t<\/div>\n\t\t\t\t<div class=\"elementor-element elementor-element-0325aa3 elementor-align-center elementor-widget elementor-widget-button\" data-id=\"0325aa3\" data-element_type=\"widget\" data-e-type=\"widget\" data-widget_type=\"button.default\">\n\t\t\t\t\t\t\t\t\t\t<a class=\"elementor-button elementor-button-link elementor-size-sm\" href=\"#elementor-action%3Aaction%3Dpopup%3Aopen%26settings%3DeyJpZCI6NzU5MywidG9nZ2xlIjpmYWxzZX0%3D\">\n\t\t\t\t\t\t<span class=\"elementor-button-content-wrapper\">\n\t\t\t\t\t\t<span class=\"elementor-button-icon\">\n\t\t\t\t<svg aria-hidden=\"true\" class=\"e-font-icon-svg e-fas-file-download\" viewBox=\"0 0 384 512\" xmlns=\"http:\/\/www.w3.org\/2000\/svg\"><path d=\"M224 136V0H24C10.7 0 0 10.7 0 24v464c0 13.3 10.7 24 24 24h336c13.3 0 24-10.7 24-24V160H248c-13.2 0-24-10.8-24-24zm76.45 211.36l-96.42 95.7c-6.65 6.61-17.39 6.61-24.04 0l-96.42-95.7C73.42 337.29 80.54 320 94.82 320H160v-80c0-8.84 7.16-16 16-16h32c8.84 0 16 7.16 16 16v80h65.18c14.28 0 21.4 17.29 11.27 27.36zM377 105L279.1 7c-4.5-4.5-10.6-7-17-7H256v128h128v-6.1c0-6.3-2.5-12.4-7-16.9z\"><\/path><\/svg>\t\t\t<\/span>\n\t\t\t\t\t\t\t\t\t<span class=\"elementor-button-text\">\u4e0b\u8f7d\u6211\u4eec\u7684\u4ea7\u54c1\u624b\u518c<\/span>\n\t\t\t\t\t<\/span>\n\t\t\t\t\t<\/a>\n\t\t\t\t\t\t\t\t<\/div>\n\t\t\t\t\t<\/div>\n\t\t\t\t<\/div>\n\t\t<div class=\"elementor-element elementor-element-74edf2e e-flex e-con-boxed e-con e-parent\" data-id=\"74edf2e\" data-element_type=\"container\" data-e-type=\"container\" data-settings=\"{&quot;background_background&quot;:&quot;classic&quot;}\">\n\t\t\t\t\t<div class=\"e-con-inner\">\n\t\t<div class=\"elementor-element elementor-element-b3edfa4 e-con-full e-flex e-con e-child\" data-id=\"b3edfa4\" data-element_type=\"container\" data-e-type=\"container\">\n\t\t\t\t<div class=\"elementor-element elementor-element-0c073ba elementor-hidden-tablet elementor-hidden-mobile elementor-widget elementor-widget-heading\" data-id=\"0c073ba\" data-element_type=\"widget\" data-e-type=\"widget\" data-widget_type=\"heading.default\">\n\t\t\t\t\t<p class=\"elementor-heading-title elementor-size-default\">\u5e38\u89c1\u95ee\u9898\u89e3\u7b54<\/p>\t\t\t\t<\/div>\n\t\t\t\t<div class=\"elementor-element elementor-element-0b545ea elementor-icon-list--layout-traditional elementor-list-item-link-full_width elementor-widget elementor-widget-icon-list\" data-id=\"0b545ea\" data-element_type=\"widget\" data-e-type=\"widget\" data-widget_type=\"icon-list.default\">\n\t\t\t\t\t\t\t<ul class=\"elementor-icon-list-items\">\n\t\t\t\t\t\t\t<li class=\"elementor-icon-list-item\">\n\t\t\t\t\t\t\t\t\t\t\t<span class=\"elementor-icon-list-icon\">\n\t\t\t\t\t\t\t<svg aria-hidden=\"true\" class=\"e-font-icon-svg e-fas-check\" viewBox=\"0 0 512 512\" xmlns=\"http:\/\/www.w3.org\/2000\/svg\"><path d=\"M173.898 439.404l-166.4-166.4c-9.997-9.997-9.997-26.206 0-36.204l36.203-36.204c9.997-9.998 26.207-9.998 36.204 0L192 312.69 432.095 72.596c9.997-9.997 26.207-9.997 36.204 0l36.203 36.204c9.997 9.997 9.997 26.206 0 36.204l-294.4 294.401c-9.998 9.997-26.207 9.997-36.204-.001z\"><\/path><\/svg>\t\t\t\t\t\t<\/span>\n\t\t\t\t\t\t\t\t\t\t<span class=\"elementor-icon-list-text\"><strong>\u5982\u4f55\u4f18\u5316\u52a8\u7269\u4fdd\u5065\u9886\u57df\u7684\u8fd0\u8f93\u6210\u672c \uff1f <\/strong> \u4f18\u5316\u5305\u88c5\u7684\u8ba1\u8d39\u91cd\u91cf\u5e76\u5229\u7528 Reuse &amp; Reverse \u9006\u5411\u7269\u6d41\u8ba1\u5212\u662f\u964d\u4f4e\u5168\u7403\u6210\u672c\u7684\u4e3b\u8981\u6760\u6746\u3002<\/span>\n\t\t\t\t\t\t\t\t\t<\/li>\n\t\t\t\t\t\t\t\t<li class=\"elementor-icon-list-item\">\n\t\t\t\t\t\t\t\t\t\t\t<span class=\"elementor-icon-list-icon\">\n\t\t\t\t\t\t\t<svg aria-hidden=\"true\" class=\"e-font-icon-svg e-fas-check\" viewBox=\"0 0 512 512\" xmlns=\"http:\/\/www.w3.org\/2000\/svg\"><path d=\"M173.898 439.404l-166.4-166.4c-9.997-9.997-9.997-26.206 0-36.204l36.203-36.204c9.997-9.998 26.207-9.998 36.204 0L192 312.69 432.095 72.596c9.997-9.997 26.207-9.997 36.204 0l36.203 36.204c9.997 9.997 9.997 26.206 0 36.204l-294.4 294.401c-9.998 9.997-26.207 9.997-36.204-.001z\"><\/path><\/svg>\t\t\t\t\t\t<\/span>\n\t\t\t\t\t\t\t\t\t\t<span class=\"elementor-icon-list-text\"><strong>\u5927\u5bb9\u91cf\u517d\u7528\u75ab\u82d7\u8fd0\u8f93\u7684\u6700\u4f73\u65b9\u6848\u662f\u4ec0\u4e48 \uff1f<\/strong> Pallet Shipper \u662f\u8fdb\u884c\u957f\u8ddd\u79bb\u3001\u5927\u6279\u91cf\u75ab\u82d7\u8fd0\u8f93\u6700\u5b89\u5168\u3001\u6700\u6709\u6548\u7684\u89e3\u51b3\u65b9\u6848\u3002<br><\/span>\n\t\t\t\t\t\t\t\t\t<\/li>\n\t\t\t\t\t\t<\/ul>\n\t\t\t\t\t\t<\/div>\n\t\t\t\t<\/div>\n\t\t<div class=\"elementor-element elementor-element-a7400fb e-con-full e-flex e-con e-child\" data-id=\"a7400fb\" data-element_type=\"container\" data-e-type=\"container\">\n\t\t\t\t<div class=\"elementor-element elementor-element-bf179db elementor-hidden-tablet elementor-hidden-mobile elementor-widget elementor-widget-heading\" data-id=\"bf179db\" data-element_type=\"widget\" data-e-type=\"widget\" data-widget_type=\"heading.default\">\n\t\t\t\t\t<p class=\"elementor-heading-title elementor-size-default\">\u63a2\u7d22\u6211\u4eec\u7684\u5176\u4ed6\u9886\u57df<\/p>\t\t\t\t<\/div>\n\t\t\t\t<div class=\"elementor-element elementor-element-12584e0 elementor-icon-list--layout-traditional elementor-list-item-link-full_width elementor-widget elementor-widget-icon-list\" data-id=\"12584e0\" data-element_type=\"widget\" data-e-type=\"widget\" data-widget_type=\"icon-list.default\">\n\t\t\t\t\t\t\t<ul class=\"elementor-icon-list-items\">\n\t\t\t\t\t\t\t<li class=\"elementor-icon-list-item\">\n\t\t\t\t\t\t\t\t\t\t\t<a href=\"https:\/\/www.emballiso.com\/zh-hans\/%e4%b8%ba%e5%88%b6%e8%8d%af%e4%bc%81%e4%b8%9a%e6%8f%90%e4%be%9b%e5%86%b7%e9%93%be%e5%8c%85%e8%a3%85%e8%a7%a3%e5%86%b3%e6%96%b9%e6%a1%88\/\">\n\n\t\t\t\t\t\t\t\t\t\t\t\t<span class=\"elementor-icon-list-icon\">\n\t\t\t\t\t\t\t<svg aria-hidden=\"true\" class=\"e-font-icon-svg e-fas-check\" viewBox=\"0 0 512 512\" xmlns=\"http:\/\/www.w3.org\/2000\/svg\"><path d=\"M173.898 439.404l-166.4-166.4c-9.997-9.997-9.997-26.206 0-36.204l36.203-36.204c9.997-9.998 26.207-9.998 36.204 0L192 312.69 432.095 72.596c9.997-9.997 26.207-9.997 36.204 0l36.203 36.204c9.997 9.997 9.997 26.206 0 36.204l-294.4 294.401c-9.998 9.997-26.207 9.997-36.204-.001z\"><\/path><\/svg>\t\t\t\t\t\t<\/span>\n\t\t\t\t\t\t\t\t\t\t<span class=\"elementor-icon-list-text\"><strong>\u9488\u5bf9\u5236\u836f\u516c\u53f8 : <\/strong>\u7ba1\u7406\u5927\u89c4\u6a21\u5546\u4e1a\u7269\u6d41\u3002<\/span>\n\t\t\t\t\t\t\t\t\t\t\t<\/a>\n\t\t\t\t\t\t\t\t\t<\/li>\n\t\t\t\t\t\t\t\t<li class=\"elementor-icon-list-item\">\n\t\t\t\t\t\t\t\t\t\t\t<a href=\"https:\/\/www.emballiso.com\/zh-hans\/%e4%b8%b4%e5%ba%8a%e8%af%95%e9%aa%8c%e7%9a%84%e5%86%b7%e9%93%be%e5%8c%85%e8%a3%85%e8%a7%a3%e5%86%b3%e6%96%b9%e6%a1%88\/\">\n\n\t\t\t\t\t\t\t\t\t\t\t\t<span class=\"elementor-icon-list-icon\">\n\t\t\t\t\t\t\t<svg aria-hidden=\"true\" class=\"e-font-icon-svg e-fas-check\" viewBox=\"0 0 512 512\" xmlns=\"http:\/\/www.w3.org\/2000\/svg\"><path d=\"M173.898 439.404l-166.4-166.4c-9.997-9.997-9.997-26.206 0-36.204l36.203-36.204c9.997-9.998 26.207-9.998 36.204 0L192 312.69 432.095 72.596c9.997-9.997 26.207-9.997 36.204 0l36.203 36.204c9.997 9.997 9.997 26.206 0 36.204l-294.4 294.401c-9.998 9.997-26.207 9.997-36.204-.001z\"><\/path><\/svg>\t\t\t\t\t\t<\/span>\n\t\t\t\t\t\t\t\t\t\t<span class=\"elementor-icon-list-text\"><strong>\u9488\u5bf9\u4e34\u5e8a\u8bd5\u9a8c : <\/strong>\u9002\u7528\u4e8e\u7814\u53d1\u7684\u201c\u96f6\u504f\u79fb\u201d\u89e3\u51b3\u65b9\u6848\u3002<\/span>\n\t\t\t\t\t\t\t\t\t\t\t<\/a>\n\t\t\t\t\t\t\t\t\t<\/li>\n\t\t\t\t\t\t\t\t<li class=\"elementor-icon-list-item\">\n\t\t\t\t\t\t\t\t\t\t\t<a href=\"https:\/\/www.emballiso.com\/zh-hans\/%e9%80%82%e7%94%a8%e4%ba%8e%e6%9c%ab%e7%ab%af%e9%85%8d%e9%80%81%e4%b8%93%e4%b8%9a%e4%ba%ba%e5%a3%ab%e7%9a%84%e5%86%b7%e9%93%be%e5%8c%85%e8%a3%85%e8%a7%a3%e5%86%b3%e6%96%b9%e6%a1%88\/\">\n\n\t\t\t\t\t\t\t\t\t\t\t\t<span class=\"elementor-icon-list-icon\">\n\t\t\t\t\t\t\t<svg aria-hidden=\"true\" class=\"e-font-icon-svg e-fas-check\" viewBox=\"0 0 512 512\" xmlns=\"http:\/\/www.w3.org\/2000\/svg\"><path d=\"M173.898 439.404l-166.4-166.4c-9.997-9.997-9.997-26.206 0-36.204l36.203-36.204c9.997-9.998 26.207-9.998 36.204 0L192 312.69 432.095 72.596c9.997-9.997 26.207-9.997 36.204 0l36.203 36.204c9.997 9.997 9.997 26.206 0 36.204l-294.4 294.401c-9.998 9.997-26.207 9.997-36.204-.001z\"><\/path><\/svg>\t\t\t\t\t\t<\/span>\n\t\t\t\t\t\t\t\t\t\t<span class=\"elementor-icon-list-text\"><strong>\u9488\u5bf9\u6700\u540e\u4e00\u516c\u91cc\u4e13\u4e1a\u4eba\u58eb : <\/strong>\u914d\u9001\u81f3\u517d\u533b\u8bca\u6240\u548c\u533b\u9662\u3002<\/span>\n\t\t\t\t\t\t\t\t\t\t\t<\/a>\n\t\t\t\t\t\t\t\t\t<\/li>\n\t\t\t\t\t\t<\/ul>\n\t\t\t\t\t\t<\/div>\n\t\t\t\t<\/div>\n\t\t\t\t\t<\/div>\n\t\t\t\t<\/div>\n\t\t\t\t<\/div>\n\t\t","protected":false},"excerpt":{"rendered":"<p>\u52a8\u7269\u4fdd\u5065\u5b9e\u9a8c\u5ba4\u51b7\u94fe\u5305\u88c5\u89e3\u51b3\u65b9\u6848 \u52a8\u7269\u4fdd\u5065\u9886\u57df\u5bf9\u7269\u6d41\u4e25\u8c28\u6027\u7684\u8981\u6c42\u4e0e\u4eba\u7c7b\u533b\u7597\u884c\u4e1a\u5b8c\u5168\u4e00\u81f4\uff0c\u4e14\u8fd0\u8f93\u91cf\u901a\u5e38\u5927\u5f97\u591a\u3002\u65e0\u8bba [&hellip;]<\/p>\n","protected":false},"author":1,"featured_media":0,"parent":0,"menu_order":0,"comment_status":"closed","ping_status":"closed","template":"","meta":{"_acf_changed":false,"footnotes":""},"class_list":["post-7716","page","type-page","status-publish","hentry"],"acf":[],"_links":{"self":[{"href":"https:\/\/www.emballiso.com\/zh-hans\/wp-json\/wp\/v2\/pages\/7716","targetHints":{"allow":["GET"]}}],"collection":[{"href":"https:\/\/www.emballiso.com\/zh-hans\/wp-json\/wp\/v2\/pages"}],"about":[{"href":"https:\/\/www.emballiso.com\/zh-hans\/wp-json\/wp\/v2\/types\/page"}],"author":[{"embeddable":true,"href":"https:\/\/www.emballiso.com\/zh-hans\/wp-json\/wp\/v2\/users\/1"}],"replies":[{"embeddable":true,"href":"https:\/\/www.emballiso.com\/zh-hans\/wp-json\/wp\/v2\/comments?post=7716"}],"version-history":[{"count":4,"href":"https:\/\/www.emballiso.com\/zh-hans\/wp-json\/wp\/v2\/pages\/7716\/revisions"}],"predecessor-version":[{"id":8688,"href":"https:\/\/www.emballiso.com\/zh-hans\/wp-json\/wp\/v2\/pages\/7716\/revisions\/8688"}],"wp:attachment":[{"href":"https:\/\/www.emballiso.com\/zh-hans\/wp-json\/wp\/v2\/media?parent=7716"}],"curies":[{"name":"wp","href":"https:\/\/api.w.org\/{rel}","templated":true}]}}