{"id":8790,"date":"2024-11-22T09:05:41","date_gmt":"2024-11-22T08:05:41","guid":{"rendered":"https:\/\/www.emballiso.com\/produit\/modular-box-pallet\/"},"modified":"2026-04-20T10:00:54","modified_gmt":"2026-04-20T08:00:54","slug":"modular-box-pallet","status":"publish","type":"product","link":"https:\/\/www.emballiso.com\/pt-br\/produit\/modular-box-pallet\/","title":{"rendered":"Modular Box Pallet"},"content":{"rendered":"","protected":false},"excerpt":{"rendered":"<h2 style=\"color: #307bbf;\">Solu\u00e7\u00e3o isot\u00e9rmica PREMIUM ou STANDARD para remessas de alto volume com temperatura controlada<\/h2>\n<p>Os cont\u00eaineres Modular Box Pallet foram projetados para combinar um forte desempenho t\u00e9rmico por at\u00e9 120 horas com a m\u00e1xima flexibilidade log\u00edstica, permitindo um transporte eficiente e opera\u00e7\u00f5es simplificadas de log\u00edstica Reuse &amp; Reverse: <\/p>\n<ul>\n<li>Design modular e dobr\u00e1vel: leve e totalmente desmont\u00e1vel, permitindo a montagem e desmontagem em menos de 6 minutos, possibilitando o transporte e armazenamento em formato desmontado (flat-pack).<\/li>\n<li>Custos otimizados e sustentabilidade: grande capacidade, reutiliz\u00e1vel dentro da rede Reuse &amp; Reverse, projetado para reduzir o transporte, o armazenamento e o impacto ambiental.<\/li>\n<\/ul>\n<p>&nbsp;<\/p>\n<table style=\"width: 100%; border-collapse: collapse; font-size: 12px; color: #203a72;\">\n<thead>\n<tr style=\"text-align: center;\">\n<th style=\"padding: 6px 8px; border: 0px; background: transparent;\" colspan=\"5\"><\/th>\n<th style=\"padding: 6px 8px; border: 0px; background: #F4F8FE;\" colspan=\"3\">PESO DO SISTEMA<\/th>\n<\/tr>\n<tr style=\"background-color: #203a72; color: #ffffff; text-align: center;\">\n<th style=\"padding: 6px 8px; border: 0px; background: transparent;\">Nome do produto<\/th>\n<th style=\"padding: 6px 8px; border: 0px; background: transparent;\">Capacidade de carga<\/th>\n<th style=\"padding: 6px 8px; border: 0px; background: transparent;\">Espa\u00e7o interno<br \/>\nC x L x A<\/th>\n<th style=\"padding: 6px 8px; border: 0px; background: transparent;\">Dimens\u00f5es externas<br \/>\nC x L x A<\/th>\n<th style=\"padding: 6px 8px; border: 0px; background: transparent;\">Peso volum\u00e9trico<\/th>\n<th style=\"padding: 6px 8px; border: 0px; background: transparent;\">STANDARD (\u00e1gua)<br \/>\nCool \/ Temperate<\/th>\n<th style=\"padding: 6px 8px; border: 0px; background: transparent;\">PREMIUM (PCM)<br \/>\nCool<\/th>\n<\/tr>\n<\/thead>\n<tbody>\n<tr style=\"background: #F4F8FE;\">\n<td style=\"padding: 6px 8px; border: 0px; text-align: left;\"><strong>Modular BP 601 6 sides<\/strong><\/td>\n<td style=\"padding: 6px 8px; border: 0px; text-align: center;\">601 L<\/td>\n<td style=\"padding: 6px 8px; border: 0px; text-align: center;\">955 x 768 x 819 mm<br \/>\n37.6 x 30.2 x 32.2 in<\/td>\n<td style=\"padding: 6px 8px; border: 0px; text-align: center;\">1 201 x 1 006 x 1 194 mm<br \/>\n47.3 x 39.6 x 47 in<\/td>\n<td style=\"padding: 6px 8px; border: 0px; text-align: center;\">241 kg<br \/>\n530 lb<\/td>\n<td style=\"padding: 6px 8px; border: 0px; text-align: center;\">N\/A<\/td>\n<td style=\"padding: 6px 8px; border: 0px; text-align: center;\">106 kg<br \/>\n234 lb<\/td>\n<\/tr>\n<tr>\n<td style=\"padding: 6px 8px; border: 0px; text-align: left;\"><strong>Modular BP 723 3 sides<\/strong><\/td>\n<td style=\"padding: 6px 8px; border: 0px; text-align: center;\">723 L<\/td>\n<td style=\"padding: 6px 8px; border: 0px; text-align: center;\">1067 x 768 x 882 mm<br \/>\n42 x 30.2 x 34.7 in<\/td>\n<td style=\"padding: 6px 8px; border: 0px; text-align: center;\">1 201 x 1006 x 1194 mm<br \/>\n47.3 x 39.6 x 47 in<\/td>\n<td style=\"padding: 6px 8px; border: 0px; text-align: center;\">241 kg<br \/>\n530 lbs<\/td>\n<td style=\"padding: 6px 8px; border: 0px; text-align: center;\">76 kg<br \/>\n167.6 lb<\/td>\n<td style=\"padding: 6px 8px; border: 0px; text-align: center;\">N\/A<\/td>\n<\/tr>\n<tr style=\"background: #F4F8FE;\">\n<td style=\"padding: 6px 8px; border: 0px; text-align: left;\"><strong>Modular BP 866 6 sides<\/strong><\/td>\n<td style=\"padding: 6px 8px; border: 0px; text-align: center;\">866 L<\/td>\n<td style=\"padding: 6px 8px; border: 0px; text-align: center;\">955 X 768 X 1 181 mm<br \/>\n37.6 x 30.2 x 46.5 in<\/td>\n<td style=\"padding: 6px 8px; border: 0px; text-align: center;\">1 201 x 1 006 x 1 556 mm<br \/>\n47.3 x 39.6 x 61.3 in<\/td>\n<td style=\"padding: 6px 8px; border: 0px; text-align: center;\">314 kg<br \/>\n691 lb<\/td>\n<td style=\"padding: 6px 8px; border: 0px; text-align: center;\">N\/A<\/td>\n<td style=\"padding: 6px 8px; border: 0px; text-align: center;\">124 kg<br \/>\n273 lb<\/td>\n<\/tr>\n<tr>\n<td style=\"padding: 6px 8px; border: 0px; text-align: left;\"><strong>Modular BP 1019 3 sides<\/strong><\/td>\n<td style=\"padding: 6px 8px; border: 0px; text-align: center;\">1 019 L<\/td>\n<td style=\"padding: 6px 8px; border: 0px; text-align: center;\">1 067 x 768 x 1 244 mm<br \/>\n42 x 30.2 x 49 in<\/td>\n<td style=\"padding: 6px 8px; border: 0px; text-align: center;\">1 201 x 1 006 x 1 556 mm<br \/>\n47.3 x 39.6 x 61.3 in<\/td>\n<td style=\"padding: 6px 8px; border: 0px; text-align: center;\">314 kg<br \/>\n691 lb<\/td>\n<td style=\"padding: 6px 8px; border: 0px; text-align: center;\">94 kg<br \/>\n207,2 lb<\/td>\n<td style=\"padding: 6px 8px; border: 0px; text-align: center;\">N\/A<\/td>\n<\/tr>\n<\/tbody>\n<\/table>\n<p class=\"p1\" style=\"font-size: 12px; color: #203a72;\"><strong>N\/A:<\/strong> Esta configura\u00e7\u00e3o n\u00e3o est\u00e1 dispon\u00edvel para este produto.<\/p>\n","protected":false},"featured_media":6607,"comment_status":"closed","ping_status":"closed","template":"","meta":{"_acf_changed":false},"product_brand":[],"product_cat":[107],"product_tag":[],"class_list":{"0":"post-8790","1":"product","2":"type-product","3":"status-publish","4":"has-post-thumbnail","6":"product_cat-envio-de-carga","8":"first","9":"instock","10":"featured","11":"shipping-taxable","12":"product-type-simple"},"acf":[],"_links":{"self":[{"href":"https:\/\/www.emballiso.com\/pt-br\/wp-json\/wp\/v2\/product\/8790","targetHints":{"allow":["GET"]}}],"collection":[{"href":"https:\/\/www.emballiso.com\/pt-br\/wp-json\/wp\/v2\/product"}],"about":[{"href":"https:\/\/www.emballiso.com\/pt-br\/wp-json\/wp\/v2\/types\/product"}],"replies":[{"embeddable":true,"href":"https:\/\/www.emballiso.com\/pt-br\/wp-json\/wp\/v2\/comments?post=8790"}],"wp:featuredmedia":[{"embeddable":true,"href":"https:\/\/www.emballiso.com\/pt-br\/wp-json\/wp\/v2\/media\/6607"}],"wp:attachment":[{"href":"https:\/\/www.emballiso.com\/pt-br\/wp-json\/wp\/v2\/media?parent=8790"}],"wp:term":[{"taxonomy":"product_brand","embeddable":true,"href":"https:\/\/www.emballiso.com\/pt-br\/wp-json\/wp\/v2\/product_brand?post=8790"},{"taxonomy":"product_cat","embeddable":true,"href":"https:\/\/www.emballiso.com\/pt-br\/wp-json\/wp\/v2\/product_cat?post=8790"},{"taxonomy":"product_tag","embeddable":true,"href":"https:\/\/www.emballiso.com\/pt-br\/wp-json\/wp\/v2\/product_tag?post=8790"}],"curies":[{"name":"wp","href":"https:\/\/api.w.org\/{rel}","templated":true}]}}