{"id":8769,"date":"2025-09-24T09:10:44","date_gmt":"2025-09-24T07:10:44","guid":{"rendered":"https:\/\/www.emballiso.com\/produit\/tlx-by-emballiso\/"},"modified":"2025-09-24T09:10:44","modified_gmt":"2025-09-24T07:10:44","slug":"tlx-by-emballiso","status":"publish","type":"product","link":"https:\/\/www.emballiso.com\/pt-br\/produit\/tlx-by-emballiso\/","title":{"rendered":"TLX By EMBALL&#8217;ISO"},"content":{"rendered":"<p>CAPAS T\u00c9RMICAS<\/p>\n","protected":false},"excerpt":{"rendered":"<p>&nbsp;<\/p>\n<table style=\"width: 100%; border-collapse: collapse; font-size: 12px; color: #203a72;\">\n<thead>\n<tr style=\"background-color: #203a72; color: #ffffff; text-align: center; vertical-align: middle;\">\n<th style=\"padding: 6px 8px; border: 0px; background: transparent; width: 20%;\">Dimens\u00f5es do palete<\/th>\n<th style=\"padding: 6px 8px; border: 0px; background: transparent; width: 10%;\">Largura<\/th>\n<th style=\"padding: 6px 8px; border: 0px; background: transparent; width: 10%;\">Comprimento<\/th>\n<th style=\"padding: 6px 8px; border: 0px; background: transparent; width: 10%;\">Altura<\/th>\n<th style=\"padding: 6px 8px; border: 0px; background: #ededed; color: #203a72;\" colspan=\"2\">TLX2 BY EMBALL\u2019ISO<\/th>\n<th style=\"padding: 6px 8px; border: 0px; background: #d4dce1; color: #203a72;\" colspan=\"2\">TLX4 BY EMBALL\u2019ISO<\/th>\n<\/tr>\n<tr style=\"background-color: #203a72; color: #ffffff; text-align: center;\">\n<th style=\"padding: 6px 8px; border: 0px; background: transparent;\"><\/th>\n<th style=\"padding: 6px 8px; border: 0px; background: transparent;\"><\/th>\n<th style=\"padding: 6px 8px; border: 0px; background: transparent;\"><\/th>\n<th style=\"padding: 6px 8px; border: 0px; background: transparent;\"><\/th>\n<th style=\"padding: 6px 8px; border: 0px; background: #ededed; color: #203a72; width: 15%;\">N.\u00ba do artigo<\/th>\n<th style=\"padding: 6px 8px; border: 0px; background: #ededed; color: #203a72; width: 10%;\">Peso<\/th>\n<th style=\"padding: 6px 8px; border: 0px; background: #d4dce1; color: #203a72; width: 15%;\">N.\u00ba do artigo<\/th>\n<th style=\"padding: 6px 8px; border: 0px; background: #d4dce1; color: #203a72; width: 10%;\">Peso<\/th>\n<\/tr>\n<\/thead>\n<tbody>\n<tr style=\"background: #F4F8FE; vertical-align: middle;\">\n<td style=\"padding: 6px 8px; border: 0px; text-align: center;\">Euro (1200&#215;800)<br \/>\n1.2 m<\/td>\n<td style=\"padding: 6px 8px; border: 0px; text-align: center;\">800 mm<br \/>\n31.5 in<\/td>\n<td style=\"padding: 6px 8px; border: 0px; text-align: center;\">1 200 mm<br \/>\n74.2 in<\/td>\n<td style=\"padding: 6px 8px; border: 0px; text-align: center;\">1 200 mm<br \/>\n74.2 in<\/td>\n<td style=\"padding: 6px 8px; border: 0px; text-align: center; background: #ededed;\">HI0001<\/td>\n<td style=\"padding: 6px 8px; border: 0px; text-align: center; background: #ededed;\">0.75 kg<br \/>\n1.6 lb<\/td>\n<td style=\"padding: 6px 8px; border: 0px; text-align: center; background: #d4dce1;\">HI0005<\/td>\n<td style=\"padding: 6px 8px; border: 0px; text-align: center; background: #d4dce1;\">0.65 kg<br \/>\n1.4 lb<\/td>\n<\/tr>\n<tr style=\"vertical-align: middle;\">\n<td style=\"padding: 6px 8px; border: 0px; text-align: center;\">Euro (1200&#215;800)<br \/>\n1.5 m<\/td>\n<td style=\"padding: 6px 8px; border: 0px; text-align: center;\">800 mm<br \/>\n31.5 in<\/td>\n<td style=\"padding: 6px 8px; border: 0px; text-align: center;\">1 200 mm<br \/>\n74.2 in<\/td>\n<td style=\"padding: 6px 8px; border: 0px; text-align: center;\">1 500 mm<br \/>\n59.1 in<\/td>\n<td style=\"padding: 6px 8px; border: 0px; text-align: center; background: #ededed;\">HI0002<\/td>\n<td style=\"padding: 6px 8px; border: 0px; text-align: center; background: #ededed;\">0.93 kg<br \/>\n2 lb<\/td>\n<td style=\"padding: 6px 8px; border: 0px; text-align: center; background: #d4dce1;\">HI0006<\/td>\n<td style=\"padding: 6px 8px; border: 0px; text-align: center; background: #d4dce1;\">0.8 kg<br \/>\n1.7 lb<\/td>\n<\/tr>\n<tr style=\"background: #F4F8FE; vertical-align: middle;\">\n<td style=\"padding: 6px 8px; border: 0px; text-align: center;\">US (1200&#215;1000)<br \/>\n1.2 m<\/td>\n<td style=\"padding: 6px 8px; border: 0px; text-align: center;\">1 000 mm<br \/>\n39.4 in<\/td>\n<td style=\"padding: 6px 8px; border: 0px; text-align: center;\">1 200 mm<br \/>\n74.2 in<\/td>\n<td style=\"padding: 6px 8px; border: 0px; text-align: center;\">1 200 mm<br \/>\n74.2 in<\/td>\n<td style=\"padding: 6px 8px; border: 0px; text-align: center; background: #ededed;\">HI0003<\/td>\n<td style=\"padding: 6px 8px; border: 0px; text-align: center; background: #ededed;\">0.94 kg<br \/>\n2.1 lb<\/td>\n<td style=\"padding: 6px 8px; border: 0px; text-align: center; background: #d4dce1;\">HI0007<\/td>\n<td style=\"padding: 6px 8px; border: 0px; text-align: center; background: #d4dce1;\">0.82 kg<br \/>\n1.8 lb<\/td>\n<\/tr>\n<tr style=\"vertical-align: middle;\">\n<td style=\"padding: 6px 8px; border: 0px; text-align: center;\">US (1200&#215;1000)<br \/>\n1.5 m<\/td>\n<td style=\"padding: 6px 8px; border: 0px; text-align: center;\">1 000 mm<br \/>\n39.4 in<\/td>\n<td style=\"padding: 6px 8px; border: 0px; text-align: center;\">1 200 mm<br \/>\n74.2 in<\/td>\n<td style=\"padding: 6px 8px; border: 0px; text-align: center;\">1 500 mm<br \/>\n59.1 in<\/td>\n<td style=\"padding: 6px 8px; border: 0px; text-align: center; background: #ededed;\">HI0004<\/td>\n<td style=\"padding: 6px 8px; border: 0px; text-align: center; background: #ededed;\">1.17 kg<br \/>\n2.6 lb<\/td>\n<td style=\"padding: 6px 8px; border: 0px; text-align: center; background: #d4dce1;\">HI0008<\/td>\n<td style=\"padding: 6px 8px; border: 0px; text-align: center; background: #d4dce1;\">1 kg<br \/>\n2.2 lb<\/td>\n<\/tr>\n<tr style=\"background: #F4F8FE; vertical-align: middle;\">\n<td style=\"padding: 6px 8px; border: 0px; text-align: center;\">PMC (3220&#215;2440)<br \/>\n1.5 m<\/td>\n<td style=\"padding: 6px 8px; border: 0px; text-align: center;\">2 440 mm<br \/>\n96.1 in<\/td>\n<td style=\"padding: 6px 8px; border: 0px; text-align: center;\">3 220 mm<br \/>\n126.8 in<\/td>\n<td style=\"padding: 6px 8px; border: 0px; text-align: center;\">1 500 mm<br \/>\n59.1 in<\/td>\n<td style=\"padding: 6px 8px; border: 0px; text-align: center; background: #ededed;\">HI0018<\/td>\n<td style=\"padding: 6px 8px; border: 0px; text-align: center; background: #ededed;\">3.5 kg<br \/>\n7.7 lb<\/td>\n<td style=\"padding: 6px 8px; border: 0px; text-align: center; background: #d4dce1;\">N\/A<\/td>\n<td style=\"padding: 6px 8px; border: 0px; text-align: center; background: #d4dce1;\">N\/A<\/td>\n<\/tr>\n<\/tbody>\n<\/table>\n<table style=\"width: 100%; border-collapse: collapse; font-size: 12px; color: #203a72;\">\n<thead>\n<tr style=\"background-color: #203a72; color: #ffffff; text-align: center; vertical-align: middle;\">\n<th style=\"padding: 6px 8px; border: 0px; background: transparent; width: 20%;\">Dimens\u00f5es do palete<\/th>\n<th style=\"padding: 6px 8px; border: 0px; background: transparent; width: 10%;\">Largura<\/th>\n<th style=\"padding: 6px 8px; border: 0px; background: transparent; width: 10%;\">Comprimento<\/th>\n<th style=\"padding: 6px 8px; border: 0px; background: transparent; width: 10%;\">Altura<\/th>\n<th style=\"padding: 6px 8px; border: 0px; background: #ede7db; color: #203a72;\" colspan=\"2\">TLX8 BY EMBALL\u2019ISO<\/th>\n<th style=\"padding: 6px 8px; border: 0px; background: #dae1f3; color: #203a72;\" colspan=\"2\">TLX PCM BY EMBALL\u2019ISO<\/th>\n<\/tr>\n<tr style=\"background-color: #203a72; color: #ffffff; text-align: center;\">\n<th style=\"padding: 6px 8px; border: 0px; background: transparent;\"><\/th>\n<th style=\"padding: 6px 8px; border: 0px; background: transparent;\"><\/th>\n<th style=\"padding: 6px 8px; border: 0px; background: transparent;\"><\/th>\n<th style=\"padding: 6px 8px; border: 0px; background: transparent;\"><\/th>\n<th style=\"padding: 6px 8px; border: 0px; background: #ede7db; color: #203a72; width: 15%;\">N.\u00ba do artigo<\/th>\n<th style=\"padding: 6px 8px; border: 0px; background: #ede7db; color: #203a72; width: 10%;\">Peso<\/th>\n<th style=\"padding: 6px 8px; border: 0px; background: #dae1f3; color: #203a72; width: 15%;\">N.\u00ba do artigo<\/th>\n<th style=\"padding: 6px 8px; border: 0px; background: #dae1f3; color: #203a72; width: 10%;\">Peso<\/th>\n<\/tr>\n<\/thead>\n<tbody>\n<tr style=\"background: #F4F8FE; vertical-align: middle;\">\n<td style=\"padding: 6px 8px; border: 0px; text-align: center;\">Euro (1200&#215;800)<br \/>\n1.2 m<\/td>\n<td style=\"padding: 6px 8px; border: 0px; text-align: center;\">800 mm<br \/>\n31.5 in<\/td>\n<td style=\"padding: 6px 8px; border: 0px; text-align: center;\">1 200 mm<br \/>\n74.2 in<\/td>\n<td style=\"padding: 6px 8px; border: 0px; text-align: center;\">1 200 mm<br \/>\n74.2 in<\/td>\n<td style=\"padding: 6px 8px; border: 0px; text-align: center; background: #ede7db;\">HI0031<\/td>\n<td style=\"padding: 6px 8px; border: 0px; text-align: center; background: #ede7db;\">1.1 kg<br \/>\n2.4 lb<\/td>\n<td style=\"padding: 6px 8px; border: 0px; text-align: center; background: #dae1f3;\">HI0013\/HI0009<\/td>\n<td style=\"padding: 6px 8px; border: 0px; text-align: center; background: #dae1f3;\">2.85 kg<br \/>\n6.3 lb<\/td>\n<\/tr>\n<tr style=\"vertical-align: middle;\">\n<td style=\"padding: 6px 8px; border: 0px; text-align: center;\">Euro (1200&#215;800)<br \/>\n1.5 m<\/td>\n<td style=\"padding: 6px 8px; border: 0px; text-align: center;\">800 mm<br \/>\n31.5 in<\/td>\n<td style=\"padding: 6px 8px; border: 0px; text-align: center;\">1 200 mm<br \/>\n74.2 in<\/td>\n<td style=\"padding: 6px 8px; border: 0px; text-align: center;\">1 500 mm<br \/>\n59.1 in<\/td>\n<td style=\"padding: 6px 8px; border: 0px; text-align: center; background: #ede7db;\">HI0032<\/td>\n<td style=\"padding: 6px 8px; border: 0px; text-align: center; background: #ede7db;\">1.4 kg<br \/>\n3.1 lb<\/td>\n<td style=\"padding: 6px 8px; border: 0px; text-align: center; background: #dae1f3;\">HI0014\/HI0010<\/td>\n<td style=\"padding: 6px 8px; border: 0px; text-align: center; background: #dae1f3;\">3 kg<br \/>\n6.6 lb<\/td>\n<\/tr>\n<tr style=\"background: #F4F8FE; vertical-align: middle;\">\n<td style=\"padding: 6px 8px; border: 0px; text-align: center;\">US (1200&#215;1000)<br \/>\n1.2 m<\/td>\n<td style=\"padding: 6px 8px; border: 0px; text-align: center;\">1 000 mm<br \/>\n39.4 in<\/td>\n<td style=\"padding: 6px 8px; border: 0px; text-align: center;\">1 200 mm<br \/>\n74.2 in<\/td>\n<td style=\"padding: 6px 8px; border: 0px; text-align: center;\">1 200 mm<br \/>\n74.2 in<\/td>\n<td style=\"padding: 6px 8px; border: 0px; text-align: center; background: #ede7db;\">HI0033<\/td>\n<td style=\"padding: 6px 8px; border: 0px; text-align: center; background: #ede7db;\">1.5 kg<br \/>\n3.3 lb<\/td>\n<td style=\"padding: 6px 8px; border: 0px; text-align: center; background: #dae1f3;\">HI0015\/HI0011<\/td>\n<td style=\"padding: 6px 8px; border: 0px; text-align: center; background: #dae1f3;\">3.2 kg<br \/>\n7 lb<\/td>\n<\/tr>\n<tr style=\"vertical-align: middle;\">\n<td style=\"padding: 6px 8px; border: 0px; text-align: center;\">US (1200&#215;1000)<br \/>\n1.5 m<\/td>\n<td style=\"padding: 6px 8px; border: 0px; text-align: center;\">1 000 mm<br \/>\n39.4 in<\/td>\n<td style=\"padding: 6px 8px; border: 0px; text-align: center;\">1 200 mm<br \/>\n74.2 in<\/td>\n<td style=\"padding: 6px 8px; border: 0px; text-align: center;\">1 500 mm<br \/>\n59.1 in<\/td>\n<td style=\"padding: 6px 8px; border: 0px; text-align: center; background: #ede7db;\">HI0034<\/td>\n<td style=\"padding: 6px 8px; border: 0px; text-align: center; background: #ede7db;\">1.3 kg<br \/>\n2.9 lb<\/td>\n<td style=\"padding: 6px 8px; border: 0px; text-align: center; background: #dae1f3;\">HI0016\/HI0012<\/td>\n<td style=\"padding: 6px 8px; border: 0px; text-align: center; background: #dae1f3;\">3.3 kg<br \/>\n7.3 lb<\/td>\n<\/tr>\n<\/tbody>\n<\/table>\n<p class=\"p1\" style=\"font-size: 12px; color: #203a72;\"><strong>N\/A:<\/strong> Esta configura\u00e7\u00e3o n\u00e3o est\u00e1 dispon\u00edvel para este produto.<\/p>\n","protected":false},"featured_media":6530,"comment_status":"closed","ping_status":"closed","template":"","meta":{"_acf_changed":false},"product_brand":[],"product_cat":[198],"product_tag":[199],"class_list":{"0":"post-8769","1":"product","2":"type-product","3":"status-publish","4":"has-post-thumbnail","6":"product_cat-capas-termicas","7":"product_tag-thermal-blankets","9":"first","10":"instock","11":"shipping-taxable","12":"product-type-simple"},"acf":[],"_links":{"self":[{"href":"https:\/\/www.emballiso.com\/pt-br\/wp-json\/wp\/v2\/product\/8769","targetHints":{"allow":["GET"]}}],"collection":[{"href":"https:\/\/www.emballiso.com\/pt-br\/wp-json\/wp\/v2\/product"}],"about":[{"href":"https:\/\/www.emballiso.com\/pt-br\/wp-json\/wp\/v2\/types\/product"}],"replies":[{"embeddable":true,"href":"https:\/\/www.emballiso.com\/pt-br\/wp-json\/wp\/v2\/comments?post=8769"}],"wp:featuredmedia":[{"embeddable":true,"href":"https:\/\/www.emballiso.com\/pt-br\/wp-json\/wp\/v2\/media\/6530"}],"wp:attachment":[{"href":"https:\/\/www.emballiso.com\/pt-br\/wp-json\/wp\/v2\/media?parent=8769"}],"wp:term":[{"taxonomy":"product_brand","embeddable":true,"href":"https:\/\/www.emballiso.com\/pt-br\/wp-json\/wp\/v2\/product_brand?post=8769"},{"taxonomy":"product_cat","embeddable":true,"href":"https:\/\/www.emballiso.com\/pt-br\/wp-json\/wp\/v2\/product_cat?post=8769"},{"taxonomy":"product_tag","embeddable":true,"href":"https:\/\/www.emballiso.com\/pt-br\/wp-json\/wp\/v2\/product_tag?post=8769"}],"curies":[{"name":"wp","href":"https:\/\/api.w.org\/{rel}","templated":true}]}}