{"id":6579,"date":"2025-09-17T09:50:16","date_gmt":"2025-09-17T07:50:16","guid":{"rendered":"https:\/\/www.emballiso.com\/produit\/isothermal-bag\/"},"modified":"2025-09-17T09:50:16","modified_gmt":"2025-09-17T07:50:16","slug":"isothermal-bag","status":"publish","type":"product","link":"https:\/\/www.emballiso.com\/pt-br\/produit\/isothermal-bag\/","title":{"rendered":"ISOTHERMAL BAG"},"content":{"rendered":"","protected":false},"excerpt":{"rendered":"<h2 style=\"color: #307bbf;\">Solu\u00e7\u00e3o isot\u00e9rmica STANDARD pr\u00e1tica para a cadeia fria<\/h2>\n<ul>\n<li><strong>At\u00e9 24 horas<\/strong> de controle de temperatura: mant\u00e9m as condi\u00e7\u00f5es REFRIGERADO 2\u00b0C\u20138\u00b0C, ideal para o transporte de vacinas, insulina e outros produtos m\u00e9dicos sens\u00edveis \u00e0 temperatura.<\/li>\n<li>Dispon\u00edvel em v\u00e1rios tamanhos, garantindo facilidade de uso para a entrega de \u00faltima milha (last-mile delivery).<\/li>\n<\/ul>\n","protected":false},"featured_media":6580,"comment_status":"closed","ping_status":"closed","template":"","meta":{"_acf_changed":false},"product_brand":[],"product_cat":[108],"product_tag":[],"class_list":{"0":"post-6579","1":"product","2":"type-product","3":"status-publish","4":"has-post-thumbnail","6":"product_cat-envio-de-encomendas","8":"first","9":"instock","10":"featured","11":"shipping-taxable","12":"product-type-simple"},"acf":[],"_links":{"self":[{"href":"https:\/\/www.emballiso.com\/pt-br\/wp-json\/wp\/v2\/product\/6579","targetHints":{"allow":["GET"]}}],"collection":[{"href":"https:\/\/www.emballiso.com\/pt-br\/wp-json\/wp\/v2\/product"}],"about":[{"href":"https:\/\/www.emballiso.com\/pt-br\/wp-json\/wp\/v2\/types\/product"}],"replies":[{"embeddable":true,"href":"https:\/\/www.emballiso.com\/pt-br\/wp-json\/wp\/v2\/comments?post=6579"}],"wp:featuredmedia":[{"embeddable":true,"href":"https:\/\/www.emballiso.com\/pt-br\/wp-json\/wp\/v2\/media\/6580"}],"wp:attachment":[{"href":"https:\/\/www.emballiso.com\/pt-br\/wp-json\/wp\/v2\/media?parent=6579"}],"wp:term":[{"taxonomy":"product_brand","embeddable":true,"href":"https:\/\/www.emballiso.com\/pt-br\/wp-json\/wp\/v2\/product_brand?post=6579"},{"taxonomy":"product_cat","embeddable":true,"href":"https:\/\/www.emballiso.com\/pt-br\/wp-json\/wp\/v2\/product_cat?post=6579"},{"taxonomy":"product_tag","embeddable":true,"href":"https:\/\/www.emballiso.com\/pt-br\/wp-json\/wp\/v2\/product_tag?post=6579"}],"curies":[{"name":"wp","href":"https:\/\/api.w.org\/{rel}","templated":true}]}}