{"id":6569,"date":"2025-09-18T09:40:12","date_gmt":"2025-09-18T07:40:12","guid":{"rendered":"https:\/\/www.emballiso.com\/produit\/standard-national-2\/"},"modified":"2026-03-23T17:02:55","modified_gmt":"2026-03-23T16:02:55","slug":"standard-national-2","status":"publish","type":"product","link":"https:\/\/www.emballiso.com\/pt-br\/produit\/standard-national-2\/","title":{"rendered":"STANDARD NATIONAL"},"content":{"rendered":"","protected":false},"excerpt":{"rendered":"<h2 style=\"color: #307bbf;\">Embalagem isot\u00e9rmica STANDARD com temperatura controlada para curta dura\u00e7\u00e3o<\/h2>\n<ul>\n<li><strong>At\u00e9 48 horas<\/strong> de prote\u00e7\u00e3o t\u00e9rmica: mant\u00e9m as condi\u00e7\u00f5es REFRIGERADO 2\u00b0C\u20138\u00b0C ou TEMPERADO 2\u00b0C\u201325\u00b0C, ideal para envios nacionais de curta dura\u00e7\u00e3o.<\/li>\n<li>Fabricado com pain\u00e9is de XPS, oferecendo uma excelente efici\u00eancia na rela\u00e7\u00e3o peso-volume.<\/li>\n<\/ul>\n","protected":false},"featured_media":6570,"comment_status":"closed","ping_status":"closed","template":"","meta":{"_acf_changed":false},"product_brand":[],"product_cat":[108],"product_tag":[],"class_list":{"0":"post-6569","1":"product","2":"type-product","3":"status-publish","4":"has-post-thumbnail","6":"product_cat-envio-de-encomendas","8":"first","9":"instock","10":"shipping-taxable","11":"product-type-simple"},"acf":[],"_links":{"self":[{"href":"https:\/\/www.emballiso.com\/pt-br\/wp-json\/wp\/v2\/product\/6569","targetHints":{"allow":["GET"]}}],"collection":[{"href":"https:\/\/www.emballiso.com\/pt-br\/wp-json\/wp\/v2\/product"}],"about":[{"href":"https:\/\/www.emballiso.com\/pt-br\/wp-json\/wp\/v2\/types\/product"}],"replies":[{"embeddable":true,"href":"https:\/\/www.emballiso.com\/pt-br\/wp-json\/wp\/v2\/comments?post=6569"}],"wp:featuredmedia":[{"embeddable":true,"href":"https:\/\/www.emballiso.com\/pt-br\/wp-json\/wp\/v2\/media\/6570"}],"wp:attachment":[{"href":"https:\/\/www.emballiso.com\/pt-br\/wp-json\/wp\/v2\/media?parent=6569"}],"wp:term":[{"taxonomy":"product_brand","embeddable":true,"href":"https:\/\/www.emballiso.com\/pt-br\/wp-json\/wp\/v2\/product_brand?post=6569"},{"taxonomy":"product_cat","embeddable":true,"href":"https:\/\/www.emballiso.com\/pt-br\/wp-json\/wp\/v2\/product_cat?post=6569"},{"taxonomy":"product_tag","embeddable":true,"href":"https:\/\/www.emballiso.com\/pt-br\/wp-json\/wp\/v2\/product_tag?post=6569"}],"curies":[{"name":"wp","href":"https:\/\/api.w.org\/{rel}","templated":true}]}}