{"id":6549,"date":"2025-09-20T14:30:38","date_gmt":"2025-09-20T12:30:38","guid":{"rendered":"https:\/\/www.emballiso.com\/produit\/deep-freeze\/"},"modified":"2026-03-23T16:40:09","modified_gmt":"2026-03-23T15:40:09","slug":"deep-freeze","status":"publish","type":"product","link":"https:\/\/www.emballiso.com\/pt-br\/produit\/deep-freeze\/","title":{"rendered":"DEEP FREEZE"},"content":{"rendered":"","protected":false},"excerpt":{"rendered":"<h2 style=\"color: #307bbf;\">Solu\u00e7\u00e3o de envio PREMIUM com temperatura controlada<\/h2>\n<ul>\n<li>Combinado com gelo seco, o Deep Freeze mant\u00e9m seus produtos a -70\u00b0C por <strong><strong>at\u00e9 144 horas<\/strong><\/strong>.<\/li>\n<li>F\u00e1cil de usar e confi\u00e1vel: simples de utilizar e projetado para o transporte de grandes volumes, garantindo que seus produtos sens\u00edveis \u00e0 temperatura permane\u00e7am seguros durante todo o trajeto<\/li>\n<\/ul>\n","protected":false},"featured_media":6550,"comment_status":"closed","ping_status":"closed","template":"","meta":{"_acf_changed":false},"product_brand":[],"product_cat":[108],"product_tag":[],"class_list":{"0":"post-6549","1":"product","2":"type-product","3":"status-publish","4":"has-post-thumbnail","6":"product_cat-envio-de-encomendas","8":"first","9":"instock","10":"featured","11":"shipping-taxable","12":"product-type-simple"},"acf":[],"_links":{"self":[{"href":"https:\/\/www.emballiso.com\/pt-br\/wp-json\/wp\/v2\/product\/6549","targetHints":{"allow":["GET"]}}],"collection":[{"href":"https:\/\/www.emballiso.com\/pt-br\/wp-json\/wp\/v2\/product"}],"about":[{"href":"https:\/\/www.emballiso.com\/pt-br\/wp-json\/wp\/v2\/types\/product"}],"replies":[{"embeddable":true,"href":"https:\/\/www.emballiso.com\/pt-br\/wp-json\/wp\/v2\/comments?post=6549"}],"wp:featuredmedia":[{"embeddable":true,"href":"https:\/\/www.emballiso.com\/pt-br\/wp-json\/wp\/v2\/media\/6550"}],"wp:attachment":[{"href":"https:\/\/www.emballiso.com\/pt-br\/wp-json\/wp\/v2\/media?parent=6549"}],"wp:term":[{"taxonomy":"product_brand","embeddable":true,"href":"https:\/\/www.emballiso.com\/pt-br\/wp-json\/wp\/v2\/product_brand?post=6549"},{"taxonomy":"product_cat","embeddable":true,"href":"https:\/\/www.emballiso.com\/pt-br\/wp-json\/wp\/v2\/product_cat?post=6549"},{"taxonomy":"product_tag","embeddable":true,"href":"https:\/\/www.emballiso.com\/pt-br\/wp-json\/wp\/v2\/product_tag?post=6549"}],"curies":[{"name":"wp","href":"https:\/\/api.w.org\/{rel}","templated":true}]}}