{"id":6539,"date":"2025-09-24T09:00:48","date_gmt":"2025-09-24T07:00:48","guid":{"rendered":"https:\/\/www.emballiso.com\/produit\/hpbp\/"},"modified":"2026-04-24T11:41:15","modified_gmt":"2026-04-24T09:41:15","slug":"hpbp","status":"publish","type":"product","link":"https:\/\/www.emballiso.com\/pt-br\/produit\/hpbp\/","title":{"rendered":"HPBP"},"content":{"rendered":"<p>(HIGH PERFORMANCE BOX PALLET)<\/p>\n","protected":false},"excerpt":{"rendered":"<h2 style=\"color: #307bbf;\">Prote\u00e7\u00e3o isot\u00e9rmica PREMIUM+ para remessas de grande volume com temperatura controlada<\/h2>\n<p>Os cont\u00eaineres High Performance Box Pallet foram projetados para transportar com seguran\u00e7a grandes volumes de produtos sens\u00edveis \u00e0 temperatura, garantindo um desempenho t\u00e9rmico confi\u00e1vel em diversas faixas de temperatura:<\/p>\n<ul>\n<li>Alto desempenho t\u00e9rmico: mant\u00e9m as faixas REFRIGERADO +2\u00b0C \/ +8\u00b0C, TEMPERADO +15\u00b0C \/ +25\u00b0C ou CONGELADO -25\u00b0C \/ -15\u00b0C por <strong>at\u00e9 144 horas<\/strong>, qualificado de acordo com os padr\u00f5es ISTA 7D Ver\u00e3o e Inverno.<\/li>\n<li>Solu\u00e7\u00e3o segura e reutiliz\u00e1vel: cont\u00eainer isot\u00e9rmico de grande capacidade projetado para o transporte seguro de altos volumes, reutiliz\u00e1vel atrav\u00e9s do nosso servi\u00e7o Reuse &amp; Reverse, que inclui limpeza, controle de qualidade e reparo, se necess\u00e1rio.<\/li>\n<\/ul>\n<p>&nbsp;<\/p>\n<table style=\"width: 100%; border-collapse: collapse; font-size: 12px; color: #203a72;\">\n<thead>\n<tr style=\"text-align: center;\">\n<th style=\"padding: 6px 8px; border: 0px; background: transparent;\" colspan=\"5\"><\/th>\n<th style=\"padding: 6px 8px; border: 0px; background: #F4F8FE;\" colspan=\"3\">PESO DO SISTEMA<\/th>\n<\/tr>\n<tr style=\"background-color: #203a72; color: #ffffff; text-align: center;\">\n<th style=\"padding: 6px 8px; border: 0px; background: transparent;\">Nome do produto<\/th>\n<th style=\"padding: 6px 8px; border: 0px; background: transparent;\">Capacidade de carga<\/th>\n<th style=\"padding: 6px 8px; border: 0px; background: transparent;\">Espa\u00e7o interno<br \/>\nC x L x A<\/th>\n<th style=\"padding: 6px 8px; border: 0px; background: transparent;\">Dimens\u00f5es externas<br \/>\nC x L x A<\/th>\n<th style=\"padding: 6px 8px; border: 0px; background: transparent;\">Peso volum\u00e9trico<\/th>\n<th style=\"padding: 6px 8px; border: 0px; background: transparent;\">Freeze<\/th>\n<th style=\"padding: 6px 8px; border: 0px; background: transparent;\">Cool<\/th>\n<th style=\"padding: 6px 8px; border: 0px; background: transparent;\">Temperate<\/th>\n<\/tr>\n<\/thead>\n<tbody>\n<tr style=\"background: #F4F8FE;\">\n<td style=\"padding: 6px 8px; border: 0px; text-align: left;\"><strong>HPBP 143<\/strong><\/td>\n<td style=\"padding: 6px 8px; border: 0px; text-align: center;\">143 L<\/td>\n<td style=\"padding: 6px 8px; border: 0px; text-align: center;\">816 x 421 x 416 mm<br \/>\n32.1 x 16.6 x 16.4 in<\/td>\n<td style=\"padding: 6px 8px; border: 0px; text-align: center;\">1 202 x 797 x 775 mm<br \/>\n47.3 x 31.4 x 30.5 in<\/td>\n<td style=\"padding: 6px 8px; border: 0px; text-align: center;\">124 kg<br \/>\n273 lb<\/td>\n<td style=\"padding: 6px 8px; border: 0px; text-align: center;\">69 kg<br \/>\n153 lb<\/td>\n<td style=\"padding: 6px 8px; border: 0px; text-align: center;\">57 kg<br \/>\n126 lb<\/td>\n<td style=\"padding: 6px 8px; border: 0px; text-align: center;\">57 kg<br \/>\n126 lb<\/td>\n<\/tr>\n<tr>\n<td style=\"padding: 6px 8px; border: 0px; text-align: left;\"><strong>HPBP 336<\/strong><\/td>\n<td style=\"padding: 6px 8px; border: 0px; text-align: center;\">336 L<\/td>\n<td style=\"padding: 6px 8px; border: 0px; text-align: center;\">815 x 620 x 665 mm<br \/>\n32.1 x 24.4 x 26.2 in<\/td>\n<td style=\"padding: 6px 8px; border: 0px; text-align: center;\">1 202 x 997 x 1 050 mm<br \/>\n47.3 x 39.3 x 41.3 in<\/td>\n<td style=\"padding: 6px 8px; border: 0px; text-align: center;\">211 kg<br \/>\n462 lb<\/td>\n<td style=\"padding: 6px 8px; border: 0px; text-align: center;\">114 kg<br \/>\n251 lb<\/td>\n<td style=\"padding: 6px 8px; border: 0px; text-align: center;\">93 kg<br \/>\n205 lb<\/td>\n<td style=\"padding: 6px 8px; border: 0px; text-align: center;\">92 kg<br \/>\n202 lb<\/td>\n<\/tr>\n<\/tbody>\n<\/table>\n","protected":false},"featured_media":6540,"comment_status":"closed","ping_status":"closed","template":"","meta":{"_acf_changed":false},"product_brand":[],"product_cat":[107],"product_tag":[],"class_list":{"0":"post-6539","1":"product","2":"type-product","3":"status-publish","4":"has-post-thumbnail","6":"product_cat-envio-de-carga","8":"first","9":"instock","10":"featured","11":"shipping-taxable","12":"product-type-simple"},"acf":[],"_links":{"self":[{"href":"https:\/\/www.emballiso.com\/pt-br\/wp-json\/wp\/v2\/product\/6539","targetHints":{"allow":["GET"]}}],"collection":[{"href":"https:\/\/www.emballiso.com\/pt-br\/wp-json\/wp\/v2\/product"}],"about":[{"href":"https:\/\/www.emballiso.com\/pt-br\/wp-json\/wp\/v2\/types\/product"}],"replies":[{"embeddable":true,"href":"https:\/\/www.emballiso.com\/pt-br\/wp-json\/wp\/v2\/comments?post=6539"}],"wp:featuredmedia":[{"embeddable":true,"href":"https:\/\/www.emballiso.com\/pt-br\/wp-json\/wp\/v2\/media\/6540"}],"wp:attachment":[{"href":"https:\/\/www.emballiso.com\/pt-br\/wp-json\/wp\/v2\/media?parent=6539"}],"wp:term":[{"taxonomy":"product_brand","embeddable":true,"href":"https:\/\/www.emballiso.com\/pt-br\/wp-json\/wp\/v2\/product_brand?post=6539"},{"taxonomy":"product_cat","embeddable":true,"href":"https:\/\/www.emballiso.com\/pt-br\/wp-json\/wp\/v2\/product_cat?post=6539"},{"taxonomy":"product_tag","embeddable":true,"href":"https:\/\/www.emballiso.com\/pt-br\/wp-json\/wp\/v2\/product_tag?post=6539"}],"curies":[{"name":"wp","href":"https:\/\/api.w.org\/{rel}","templated":true}]}}