{"id":6521,"date":"2025-09-24T09:30:52","date_gmt":"2025-09-24T07:30:52","guid":{"rendered":"https:\/\/www.emballiso.com\/produit\/deep-freeze-vype\/"},"modified":"2025-09-24T09:30:52","modified_gmt":"2025-09-24T07:30:52","slug":"deep-freeze-vype","status":"publish","type":"product","link":"https:\/\/www.emballiso.com\/pt-br\/produit\/deep-freeze-vype\/","title":{"rendered":"DEEP FREEZE VYPE"},"content":{"rendered":"","protected":false},"excerpt":{"rendered":"<h2 style=\"color: #307bbf;\">Solu\u00e7\u00e3o de envio PREMIUM+ com temperatura controlada<\/h2>\n<ul>\n<li>Mant\u00e9m seus produtos em temperaturas ideais por <strong>at\u00e9 244 horas<\/strong>, qualificado de acordo com os padr\u00f5es ISTA 7D, sem a necessidade de gelo seco adicional.<\/li>\n<\/ul>\n<ul>\n<li>Fabricado com pain\u00e9is de isolamento a v\u00e1cuo (VIP), proporcionando prote\u00e7\u00e3o m\u00e1xima mesmo em condi\u00e7\u00f5es extremas.<\/li>\n<\/ul>\n","protected":false},"featured_media":5040,"comment_status":"closed","ping_status":"closed","template":"","meta":{"_acf_changed":false},"product_brand":[],"product_cat":[108],"product_tag":[],"class_list":{"0":"post-6521","1":"product","2":"type-product","3":"status-publish","4":"has-post-thumbnail","6":"product_cat-envio-de-encomendas","8":"first","9":"instock","10":"shipping-taxable","11":"product-type-simple"},"acf":[],"_links":{"self":[{"href":"https:\/\/www.emballiso.com\/pt-br\/wp-json\/wp\/v2\/product\/6521","targetHints":{"allow":["GET"]}}],"collection":[{"href":"https:\/\/www.emballiso.com\/pt-br\/wp-json\/wp\/v2\/product"}],"about":[{"href":"https:\/\/www.emballiso.com\/pt-br\/wp-json\/wp\/v2\/types\/product"}],"replies":[{"embeddable":true,"href":"https:\/\/www.emballiso.com\/pt-br\/wp-json\/wp\/v2\/comments?post=6521"}],"wp:featuredmedia":[{"embeddable":true,"href":"https:\/\/www.emballiso.com\/pt-br\/wp-json\/wp\/v2\/media\/5040"}],"wp:attachment":[{"href":"https:\/\/www.emballiso.com\/pt-br\/wp-json\/wp\/v2\/media?parent=6521"}],"wp:term":[{"taxonomy":"product_brand","embeddable":true,"href":"https:\/\/www.emballiso.com\/pt-br\/wp-json\/wp\/v2\/product_brand?post=6521"},{"taxonomy":"product_cat","embeddable":true,"href":"https:\/\/www.emballiso.com\/pt-br\/wp-json\/wp\/v2\/product_cat?post=6521"},{"taxonomy":"product_tag","embeddable":true,"href":"https:\/\/www.emballiso.com\/pt-br\/wp-json\/wp\/v2\/product_tag?post=6521"}],"curies":[{"name":"wp","href":"https:\/\/api.w.org\/{rel}","templated":true}]}}