{"id":6486,"date":"2025-11-27T09:52:37","date_gmt":"2025-11-27T08:52:37","guid":{"rendered":"https:\/\/www.emballiso.com\/produit\/hpps\/"},"modified":"2026-04-29T16:21:37","modified_gmt":"2026-04-29T14:21:37","slug":"hpps","status":"publish","type":"product","link":"https:\/\/www.emballiso.com\/pt-br\/produit\/hpps\/","title":{"rendered":"HPPS"},"content":{"rendered":"<p>(HIGH PERFORMANCE PALLET SHIPPER)<\/p>\n","protected":false},"excerpt":{"rendered":"<h2 style=\"color: #307bbf;\">Prote\u00e7\u00e3o isot\u00e9rmica PREMIUM+ para log\u00edstica de temperatura controlada<\/h2>\n<p>O High Performance Pallet Shipper foi projetado para garantir uma prote\u00e7\u00e3o t\u00e9rmica confi\u00e1vel para produtos farmac\u00eauticos sens\u00edveis, otimizando a efici\u00eancia do transporte:<\/p>\n<ul>\n<li>Alt\u00edssimo desempenho t\u00e9rmico: qualificado de acordo com os perfis de temperatura ISTA 7D Ver\u00e3o e Inverno, mantendo as temperaturas REFRIGERADO +2\u00b0C \/ +8\u00b0C, TEMPERADO +15\u00b0C \/ +25\u00b0C e CONGELADO -25\u00b0C \/ -15\u00b0C, por <strong>at\u00e9 144 horas<\/strong> gra\u00e7as aos materiais de mudan\u00e7a de fase (PCM) de alto desempenho.<\/li>\n<li>Design log\u00edstico otimizado: solu\u00e7\u00e3o leve, desmontada (flat-pack) e facilmente transport\u00e1vel, com montagem e desmontagem r\u00e1pida em menos de 5 minutos. Compat\u00edvel com Palete Euro, Palete US e configura\u00e7\u00f5es de 2 paletes.<\/li>\n<\/ul>\n<p>&nbsp;<\/p>\n<table style=\"width: 100%; border-collapse: collapse; font-size: 12px; color: #203a72;\">\n<thead>\n<tr style=\"text-align: center;\">\n<th style=\"padding: 6px 8px; border: 0px; background: transparent;\" colspan=\"5\"><\/th>\n<th style=\"padding: 6px 8px; border: 0px; background: #F4F8FE;\" colspan=\"3\">PESO DO SISTEMA<\/th>\n<\/tr>\n<tr style=\"background-color: #203a72; color: #ffffff; text-align: center;\">\n<th style=\"padding: 6px 8px; border: 0px; background: transparent;\">Nome do produto<\/th>\n<th style=\"padding: 6px 8px; border: 0px; background: transparent;\">Capacidade de carga<\/th>\n<th style=\"padding: 6px 8px; border: 0px; background: transparent;\">Espa\u00e7o interno<br \/>\nC x L x A<\/th>\n<th style=\"padding: 6px 8px; border: 0px; background: transparent;\">Dimens\u00f5es externas<br \/>\nC x L x A<\/th>\n<th style=\"padding: 6px 8px; border: 0px; background: transparent;\">Peso volum\u00e9trico<\/th>\n<th style=\"padding: 6px 8px; border: 0px; background: transparent;\">Cool \/ Temperate<\/th>\n<th style=\"padding: 6px 8px; border: 0px; background: transparent;\">Freeze<\/th>\n<\/tr>\n<\/thead>\n<tbody>\n<tr style=\"background: #F4F8FE;\">\n<td style=\"padding: 6px 8px; border: 0px; text-align: left;\"><strong>Euro HPPS<\/strong><br \/>\n(1 Euro Pallet)<\/td>\n<td style=\"padding: 6px 8px; border: 0px; text-align: center;\">1 213 L<\/td>\n<td style=\"padding: 6px 8px; border: 0px; text-align: center;\">1 200 x 850 x 1 190 mm<br \/>\n47.2 x 33.5 x 46.8 in<\/td>\n<td style=\"padding: 6px 8px; border: 0px; text-align: center;\">1 545 x 1 170 x 1 590 mm<br \/>\n60.8 x 46.1 x 62.6 in<\/td>\n<td style=\"padding: 6px 8px; border: 0px; text-align: center;\">480 kg<br \/>\n1 056 lb<\/td>\n<td style=\"padding: 6px 8px; border: 0px; text-align: center;\">199 kg<br \/>\n439 lb<\/td>\n<td style=\"padding: 6px 8px; border: 0px; text-align: center;\">241 kg<br \/>\n531 lb<\/td>\n<\/tr>\n<tr>\n<td style=\"padding: 6px 8px; border: 0px; text-align: left;\"><strong>US HPPS<\/strong><br \/>\n(1 US Pallet)<\/td>\n<td style=\"padding: 6px 8px; border: 0px; text-align: center;\">1 619 L<\/td>\n<td style=\"padding: 6px 8px; border: 0px; text-align: center;\">1 267 x 1 069 x 1 196 mm<br \/>\n49.9 x 42.1 x 47.1 in<\/td>\n<td style=\"padding: 6px 8px; border: 0px; text-align: center;\">1 597 x 1 389 x 1 589 mm<br \/>\n62.9 x 54.7 x 62.6 in<\/td>\n<td style=\"padding: 6px 8px; border: 0px; text-align: center;\">589 kg<br \/>\n1 295 lb<\/td>\n<td style=\"padding: 6px 8px; border: 0px; text-align: center;\">219 kg<br \/>\n483 lb<\/td>\n<td style=\"padding: 6px 8px; border: 0px; text-align: center;\">262 kg<br \/>\n577 lb<\/td>\n<\/tr>\n<tr style=\"background: #F4F8FE;\">\n<td style=\"padding: 6px 8px; border: 0px; text-align: left;\"><strong>Double HPPS<\/strong><br \/>\n(2 Euro ou US Pallet)<\/td>\n<td style=\"padding: 6px 8px; border: 0px; text-align: center;\">3 095 L<\/td>\n<td style=\"padding: 6px 8px; border: 0px; text-align: center;\">2 080 x 1 240 x 1 200 mm<br \/>\n81.9 x 48.8 x 47.2 in<\/td>\n<td style=\"padding: 6px 8px; border: 0px; text-align: center;\">2 410 x 1 560 x 1 585 mm<br \/>\n94.9 x 61.4 x 62.4 in<\/td>\n<td style=\"padding: 6px 8px; border: 0px; text-align: center;\">996 kg<br \/>\n2 189 lb<\/td>\n<td style=\"padding: 6px 8px; border: 0px; text-align: center;\">336 kg<br \/>\n741 lb<\/td>\n<td style=\"padding: 6px 8px; border: 0px; text-align: center;\">401 kg<br \/>\n884 lb<\/td>\n<\/tr>\n<\/tbody>\n<\/table>\n<div style=\"padding: 6px 8px; border: 0px; text-align: left; font-size: 12px;\">*Valor de refer\u00eancia: toler\u00e2ncia admiss\u00edvel do peso do sistema \u00b110 kg (22 lb)<\/div>\n","protected":false},"featured_media":6487,"comment_status":"closed","ping_status":"closed","template":"","meta":{"_acf_changed":false},"product_brand":[],"product_cat":[107],"product_tag":[],"class_list":{"0":"post-6486","1":"product","2":"type-product","3":"status-publish","4":"has-post-thumbnail","6":"product_cat-envio-de-carga","8":"first","9":"instock","10":"featured","11":"shipping-taxable","12":"product-type-simple"},"acf":[],"_links":{"self":[{"href":"https:\/\/www.emballiso.com\/pt-br\/wp-json\/wp\/v2\/product\/6486","targetHints":{"allow":["GET"]}}],"collection":[{"href":"https:\/\/www.emballiso.com\/pt-br\/wp-json\/wp\/v2\/product"}],"about":[{"href":"https:\/\/www.emballiso.com\/pt-br\/wp-json\/wp\/v2\/types\/product"}],"replies":[{"embeddable":true,"href":"https:\/\/www.emballiso.com\/pt-br\/wp-json\/wp\/v2\/comments?post=6486"}],"wp:featuredmedia":[{"embeddable":true,"href":"https:\/\/www.emballiso.com\/pt-br\/wp-json\/wp\/v2\/media\/6487"}],"wp:attachment":[{"href":"https:\/\/www.emballiso.com\/pt-br\/wp-json\/wp\/v2\/media?parent=6486"}],"wp:term":[{"taxonomy":"product_brand","embeddable":true,"href":"https:\/\/www.emballiso.com\/pt-br\/wp-json\/wp\/v2\/product_brand?post=6486"},{"taxonomy":"product_cat","embeddable":true,"href":"https:\/\/www.emballiso.com\/pt-br\/wp-json\/wp\/v2\/product_cat?post=6486"},{"taxonomy":"product_tag","embeddable":true,"href":"https:\/\/www.emballiso.com\/pt-br\/wp-json\/wp\/v2\/product_tag?post=6486"}],"curies":[{"name":"wp","href":"https:\/\/api.w.org\/{rel}","templated":true}]}}