{"id":6471,"date":"2026-02-16T08:49:08","date_gmt":"2026-02-16T07:49:08","guid":{"rendered":"https:\/\/www.emballiso.com\/produit\/isogo\/"},"modified":"2026-02-16T08:49:08","modified_gmt":"2026-02-16T07:49:08","slug":"isogo","status":"publish","type":"product","link":"https:\/\/www.emballiso.com\/pt-br\/produit\/isogo\/","title":{"rendered":"ISOGO"},"content":{"rendered":"","protected":false},"excerpt":{"rendered":"<h2 style=\"color: #307bbf;\">Prote\u00e7\u00e3o isot\u00e9rmica PREMIUM para remessas sens\u00edveis \u00e0 temperatura<\/h2>\n<p>As solu\u00e7\u00f5es ISOGO foram projetadas para garantir um controle de temperatura consistente para produtos farmac\u00eauticos e sens\u00edveis por at\u00e9 120 horas, em todas as condi\u00e7\u00f5es de transporte exigentes:<\/p>\n<ul>\n<li>Alto desempenho t\u00e9rmico: qualificado de acordo com os padr\u00f5es ISTA 7D Ver\u00e3o e Inverno.<\/li>\n<li>Design isolante eficiente: embalagem composta por pain\u00e9is isolantes e materiais de mudan\u00e7a de fase (PCM) de alto desempenho que envolvem o produto para manter temperaturas est\u00e1veis.<\/li>\n<\/ul>\n","protected":false},"featured_media":6472,"comment_status":"closed","ping_status":"closed","template":"","meta":{"_acf_changed":false},"product_brand":[],"product_cat":[108],"product_tag":[],"class_list":{"0":"post-6471","1":"product","2":"type-product","3":"status-publish","4":"has-post-thumbnail","6":"product_cat-envio-de-encomendas","8":"first","9":"instock","10":"featured","11":"shipping-taxable","12":"product-type-simple"},"acf":[],"_links":{"self":[{"href":"https:\/\/www.emballiso.com\/pt-br\/wp-json\/wp\/v2\/product\/6471","targetHints":{"allow":["GET"]}}],"collection":[{"href":"https:\/\/www.emballiso.com\/pt-br\/wp-json\/wp\/v2\/product"}],"about":[{"href":"https:\/\/www.emballiso.com\/pt-br\/wp-json\/wp\/v2\/types\/product"}],"replies":[{"embeddable":true,"href":"https:\/\/www.emballiso.com\/pt-br\/wp-json\/wp\/v2\/comments?post=6471"}],"wp:featuredmedia":[{"embeddable":true,"href":"https:\/\/www.emballiso.com\/pt-br\/wp-json\/wp\/v2\/media\/6472"}],"wp:attachment":[{"href":"https:\/\/www.emballiso.com\/pt-br\/wp-json\/wp\/v2\/media?parent=6471"}],"wp:term":[{"taxonomy":"product_brand","embeddable":true,"href":"https:\/\/www.emballiso.com\/pt-br\/wp-json\/wp\/v2\/product_brand?post=6471"},{"taxonomy":"product_cat","embeddable":true,"href":"https:\/\/www.emballiso.com\/pt-br\/wp-json\/wp\/v2\/product_cat?post=6471"},{"taxonomy":"product_tag","embeddable":true,"href":"https:\/\/www.emballiso.com\/pt-br\/wp-json\/wp\/v2\/product_tag?post=6471"}],"curies":[{"name":"wp","href":"https:\/\/api.w.org\/{rel}","templated":true}]}}