{"id":6456,"date":"2026-02-17T14:00:10","date_gmt":"2026-02-17T13:00:10","guid":{"rendered":"https:\/\/www.emballiso.com\/produit\/vype\/"},"modified":"2026-02-17T14:00:10","modified_gmt":"2026-02-17T13:00:10","slug":"vype","status":"publish","type":"product","link":"https:\/\/www.emballiso.com\/pt-br\/produit\/vype\/","title":{"rendered":"VYPE"},"content":{"rendered":"","protected":false},"excerpt":{"rendered":"<h2 style=\"color: #307bbf;\">Prote\u00e7\u00e3o isot\u00e9rmica PREMIUM+ projetada para oferecer um desempenho de isolamento excepcional para produtos altamente sens\u00edveis \u00e0 temperatura<br \/>As solu\u00e7\u00f5es VYPE garantem o transporte seguro mesmo sob condi\u00e7\u00f5es externas extremas:<\/h2>\n<ul>\n<li>Tecnologia de isolamento avan\u00e7ada: constru\u00e7\u00e3o que combina Pain\u00e9is de Isolamento a V\u00e1cuo (VIP) com materiais de mudan\u00e7a de fase (PCM) para garantir a m\u00e1xima estabilidade t\u00e9rmica por <strong>at\u00e9 144 horas<\/strong>, qualificado de acordo com os padr\u00f5es ISTA 7D Ver\u00e3o e Inverno.<\/li>\n<\/ul>\n<ul>\n<li>Desenvolvido para seguran\u00e7a: projetado para proteger produtos farmac\u00eauticos e sens\u00edveis \u00e0 temperatura em ambientes de transporte exigentes.<\/li>\n<\/ul>\n","protected":false},"featured_media":6457,"comment_status":"closed","ping_status":"closed","template":"","meta":{"_acf_changed":false},"product_brand":[],"product_cat":[108],"product_tag":[],"class_list":{"0":"post-6456","1":"product","2":"type-product","3":"status-publish","4":"has-post-thumbnail","6":"product_cat-envio-de-encomendas","8":"first","9":"instock","10":"featured","11":"shipping-taxable","12":"product-type-simple"},"acf":[],"_links":{"self":[{"href":"https:\/\/www.emballiso.com\/pt-br\/wp-json\/wp\/v2\/product\/6456","targetHints":{"allow":["GET"]}}],"collection":[{"href":"https:\/\/www.emballiso.com\/pt-br\/wp-json\/wp\/v2\/product"}],"about":[{"href":"https:\/\/www.emballiso.com\/pt-br\/wp-json\/wp\/v2\/types\/product"}],"replies":[{"embeddable":true,"href":"https:\/\/www.emballiso.com\/pt-br\/wp-json\/wp\/v2\/comments?post=6456"}],"wp:featuredmedia":[{"embeddable":true,"href":"https:\/\/www.emballiso.com\/pt-br\/wp-json\/wp\/v2\/media\/6457"}],"wp:attachment":[{"href":"https:\/\/www.emballiso.com\/pt-br\/wp-json\/wp\/v2\/media?parent=6456"}],"wp:term":[{"taxonomy":"product_brand","embeddable":true,"href":"https:\/\/www.emballiso.com\/pt-br\/wp-json\/wp\/v2\/product_brand?post=6456"},{"taxonomy":"product_cat","embeddable":true,"href":"https:\/\/www.emballiso.com\/pt-br\/wp-json\/wp\/v2\/product_cat?post=6456"},{"taxonomy":"product_tag","embeddable":true,"href":"https:\/\/www.emballiso.com\/pt-br\/wp-json\/wp\/v2\/product_tag?post=6456"}],"curies":[{"name":"wp","href":"https:\/\/api.w.org\/{rel}","templated":true}]}}