{"id":7958,"date":"2026-04-08T18:56:38","date_gmt":"2026-04-08T16:56:38","guid":{"rendered":"https:\/\/www.emballiso.com\/mapa-do-site\/"},"modified":"2026-04-08T19:05:26","modified_gmt":"2026-04-08T17:05:26","slug":"mapa-do-site","status":"publish","type":"page","link":"https:\/\/www.emballiso.com\/pt-br\/mapa-do-site\/","title":{"rendered":"Mapa do site"},"content":{"rendered":"\t\t<div data-elementor-type=\"wp-page\" data-elementor-id=\"7958\" class=\"elementor elementor-7958 elementor-7940\" data-elementor-post-type=\"page\">\n\t\t\t\t<div class=\"elementor-element elementor-element-4d68d8d e-con-full e-flex e-con e-parent\" data-id=\"4d68d8d\" data-element_type=\"container\" data-e-type=\"container\">\n\t\t\t\t<div class=\"elementor-element elementor-element-937dbf7 elementor-widget elementor-widget-sitemap\" data-id=\"937dbf7\" data-element_type=\"widget\" data-e-type=\"widget\" data-widget_type=\"sitemap.default\">\n\t\t\t\t\t<div class=\"elementor-sitemap-wrap\"><div class=\"elementor-sitemap-section\"><h1 class=\"elementor-sitemap-title elementor-sitemap-page-title\">Mapa do site<\/h1><ul class=\"elementor-sitemap-list elementor-sitemap-page-list\"><li class=\"elementor-sitemap-item elementor-sitemap-item-page page_item page-item-6299\"><a href=\"https:\/\/www.emballiso.com\/pt-br\/blog\/\">Blog<\/a><\/li><li class=\"elementor-sitemap-item elementor-sitemap-item-page page_item page-item-5936\"><a href=\"https:\/\/www.emballiso.com\/pt-br\/buscador-de-solucoes\/\">Buscador de solu\u00e7\u00f5es<\/a><\/li><li class=\"elementor-sitemap-item elementor-sitemap-item-page page_item page-item-6756\"><a href=\"https:\/\/www.emballiso.com\/pt-br\/capas-termicas\/\">Capas t\u00e9rmicas<\/a><\/li><li class=\"elementor-sitemap-item elementor-sitemap-item-page page_item page-item-4388\"><a href=\"https:\/\/www.emballiso.com\/pt-br\/carrinho\/\">Carrinho<\/a><\/li><li class=\"elementor-sitemap-item elementor-sitemap-item-page page_item page-item-7773\"><a href=\"https:\/\/www.emballiso.com\/pt-br\/cgv\/\">CGV<\/a><\/li><li class=\"elementor-sitemap-item elementor-sitemap-item-page page_item page-item-7429\"><a href=\"https:\/\/www.emballiso.com\/pt-br\/coleta\/\">Coleta<\/a><\/li><li class=\"elementor-sitemap-item elementor-sitemap-item-page page_item page-item-7251\"><a href=\"https:\/\/www.emballiso.com\/pt-br\/contato\/\">Contato<\/a><\/li><li class=\"elementor-sitemap-item elementor-sitemap-item-page page_item page-item-6845\"><a href=\"https:\/\/www.emballiso.com\/pt-br\/embalagens-para-cadeia-fria-para-ensaios-clinicos\/\">Embalagens para Cadeia Fria para Ensaios Cl\u00ednicos<\/a><\/li><li class=\"elementor-sitemap-item elementor-sitemap-item-page page_item page-item-7260\"><a href=\"https:\/\/www.emballiso.com\/pt-br\/embalagens-para-cadeia-fria-para-outros-setores\/\">Embalagens para Cadeia Fria para outros setores<\/a><\/li><li class=\"elementor-sitemap-item elementor-sitemap-item-page page_item page-item-6786\"><a href=\"https:\/\/www.emballiso.com\/pt-br\/envio-de-carga\/\">Envio de carga<\/a><\/li><li class=\"elementor-sitemap-item elementor-sitemap-item-page page_item page-item-6726\"><a href=\"https:\/\/www.emballiso.com\/pt-br\/envio-de-encomendas\/\">Envio de encomendas<\/a><\/li><li class=\"elementor-sitemap-item elementor-sitemap-item-page page_item page-item-6890\"><a href=\"https:\/\/www.emballiso.com\/pt-br\/estudos-e-conteudos\/\">Estudos e conte\u00fados<\/a><\/li><li class=\"elementor-sitemap-item elementor-sitemap-item-page page_item page-item-4389\"><a href=\"https:\/\/www.emballiso.com\/pt-br\/finalizacao-de-compra\/\">Finaliza\u00e7\u00e3o de compra<\/a><\/li><li class=\"elementor-sitemap-item elementor-sitemap-item-page page_item page-item-5960\"><a href=\"https:\/\/www.emballiso.com\/pt-br\/\">Home<\/a><\/li><li class=\"elementor-sitemap-item elementor-sitemap-item-page page_item page-item-7738\"><a href=\"https:\/\/www.emballiso.com\/pt-br\/informacoes-legais\/\">Informa\u00e7\u00f5es Legais<\/a><\/li><li class=\"elementor-sitemap-item elementor-sitemap-item-page page_item page-item-6955\"><a href=\"https:\/\/www.emballiso.com\/pt-br\/iniciativas-sociais\/\">Iniciativas sociais<\/a><\/li><li class=\"elementor-sitemap-item elementor-sitemap-item-page page_item page-item-6096\"><a href=\"https:\/\/www.emballiso.com\/pt-br\/laboratorio-de-pesquisa-e-inovacao\/\">Laborat\u00f3rio de Pesquisa e Inova\u00e7\u00e3o<\/a><\/li><li class=\"elementor-sitemap-item elementor-sitemap-item-page page_item page-item-5983\"><a href=\"https:\/\/www.emballiso.com\/pt-br\/logistica-reuse-reverse\/\">Log\u00edstica Reuse &amp; Reverse<\/a><\/li><li class=\"elementor-sitemap-item elementor-sitemap-item-page page_item page-item-4387\"><a href=\"https:\/\/www.emballiso.com\/pt-br\/loja\/\">Loja<\/a><\/li><li class=\"elementor-sitemap-item elementor-sitemap-item-page page_item page-item-6327\"><a href=\"https:\/\/www.emballiso.com\/pt-br\/medindo-o-impacto\/\">Medindo o impacto<\/a><\/li><li class=\"elementor-sitemap-item elementor-sitemap-item-page page_item page-item-7309\"><a href=\"https:\/\/www.emballiso.com\/pt-br\/minha-emballiso\/\">Contenu restreint<\/a><\/li><li class=\"elementor-sitemap-item elementor-sitemap-item-page page_item page-item-7029\"><a href=\"https:\/\/www.emballiso.com\/pt-br\/nossa-historia\/\">Nossa hist\u00f3ria<\/a><\/li><li class=\"elementor-sitemap-item elementor-sitemap-item-page page_item page-item-7086\"><a href=\"https:\/\/www.emballiso.com\/pt-br\/nossas-unidades\/\">Nossas unidades<\/a><\/li><li class=\"elementor-sitemap-item elementor-sitemap-item-page page_item page-item-6674\"><a href=\"https:\/\/www.emballiso.com\/pt-br\/produtos\/\">Produtos<\/a><\/li><li class=\"elementor-sitemap-item elementor-sitemap-item-page page_item page-item-6220\"><a href=\"https:\/\/www.emballiso.com\/pt-br\/rsc\/\">RSC<\/a><\/li><li class=\"elementor-sitemap-item elementor-sitemap-item-page page_item page-item-7708\"><a href=\"https:\/\/www.emballiso.com\/pt-br\/solucoes-de-embalagem-de-cadeia-de-frio-para-laboratorios-de-saude-animal\/\">Solu\u00e7\u00f5es de embalagem de cadeia de frio para laborat\u00f3rios de sa\u00fade animal<\/a><\/li><li class=\"elementor-sitemap-item elementor-sitemap-item-page page_item page-item-7235\"><a href=\"https:\/\/www.emballiso.com\/pt-br\/solucoes-de-embalagens-de-cadeia-fria-para-empresas-farmaceuticas\/\">Solu\u00e7\u00f5es de embalagens de cadeia fria para empresas farmac\u00eauticas<\/a><\/li><li class=\"elementor-sitemap-item elementor-sitemap-item-page page_item page-item-7148\"><a href=\"https:\/\/www.emballiso.com\/pt-br\/solucoes-de-embalagens-para-cadeia-fria-para-especialistas-em-logistica\/\">Solu\u00e7\u00f5es de Embalagens para Cadeia Fria para Especialistas em Log\u00edstica<\/a><\/li><li class=\"elementor-sitemap-item elementor-sitemap-item-page page_item page-item-6953\"><a href=\"https:\/\/www.emballiso.com\/pt-br\/solucoes-de-embalagens-para-cadeia-fria-para-profissionais-de-last-mile\/\">Solu\u00e7\u00f5es de Embalagens para Cadeia Fria para Profissionais de Last-mile<\/a><\/li><li class=\"elementor-sitemap-item elementor-sitemap-item-page page_item page-item-6036\"><a href=\"https:\/\/www.emballiso.com\/pt-br\/supply-preconditioning\/\">Supply &amp; preconditioning<\/a><\/li><li class=\"elementor-sitemap-item elementor-sitemap-item-page page_item page-item-7102\"><a href=\"https:\/\/www.emballiso.com\/pt-br\/trabalhar-na-emballiso\/\">Trabalhar na EMBALL\u2019ISO<\/a><\/li><\/ul><\/div><\/div>\t\t\t\t<\/div>\n\t\t\t\t<\/div>\n\t\t\t\t<\/div>\n\t\t","protected":false},"excerpt":{"rendered":"","protected":false},"author":1,"featured_media":0,"parent":0,"menu_order":0,"comment_status":"closed","ping_status":"closed","template":"","meta":{"_acf_changed":false,"footnotes":""},"class_list":["post-7958","page","type-page","status-publish","hentry"],"acf":[],"_links":{"self":[{"href":"https:\/\/www.emballiso.com\/pt-br\/wp-json\/wp\/v2\/pages\/7958","targetHints":{"allow":["GET"]}}],"collection":[{"href":"https:\/\/www.emballiso.com\/pt-br\/wp-json\/wp\/v2\/pages"}],"about":[{"href":"https:\/\/www.emballiso.com\/pt-br\/wp-json\/wp\/v2\/types\/page"}],"author":[{"embeddable":true,"href":"https:\/\/www.emballiso.com\/pt-br\/wp-json\/wp\/v2\/users\/1"}],"replies":[{"embeddable":true,"href":"https:\/\/www.emballiso.com\/pt-br\/wp-json\/wp\/v2\/comments?post=7958"}],"version-history":[{"count":1,"href":"https:\/\/www.emballiso.com\/pt-br\/wp-json\/wp\/v2\/pages\/7958\/revisions"}],"predecessor-version":[{"id":7959,"href":"https:\/\/www.emballiso.com\/pt-br\/wp-json\/wp\/v2\/pages\/7958\/revisions\/7959"}],"wp:attachment":[{"href":"https:\/\/www.emballiso.com\/pt-br\/wp-json\/wp\/v2\/media?parent=7958"}],"curies":[{"name":"wp","href":"https:\/\/api.w.org\/{rel}","templated":true}]}}