{"id":7738,"date":"2025-10-15T20:20:41","date_gmt":"2025-10-15T18:20:41","guid":{"rendered":"https:\/\/www.emballiso.com\/informacoes-legais\/"},"modified":"2026-04-08T12:39:46","modified_gmt":"2026-04-08T10:39:46","slug":"informacoes-legais","status":"publish","type":"page","link":"https:\/\/www.emballiso.com\/pt-br\/informacoes-legais\/","title":{"rendered":"Informa\u00e7\u00f5es Legais"},"content":{"rendered":"\t\t<div data-elementor-type=\"wp-page\" data-elementor-id=\"7738\" class=\"elementor elementor-7738 elementor-325\" data-elementor-post-type=\"page\">\n\t\t\t\t<div class=\"elementor-element elementor-element-64fbe5da e-flex e-con-boxed e-con e-parent\" data-id=\"64fbe5da\" data-element_type=\"container\" data-e-type=\"container\">\n\t\t\t\t\t<div class=\"e-con-inner\">\n\t\t<div class=\"elementor-element elementor-element-7ae82b3 e-con-full e-flex e-con e-child\" data-id=\"7ae82b3\" data-element_type=\"container\" data-e-type=\"container\">\n\t\t<div class=\"elementor-element elementor-element-f4d9439 e-con-full e-flex e-con e-child\" data-id=\"f4d9439\" data-element_type=\"container\" data-e-type=\"container\">\n\t\t\t\t<div class=\"elementor-element elementor-element-06bdca0 elementor-widget elementor-widget-heading\" data-id=\"06bdca0\" data-element_type=\"widget\" data-e-type=\"widget\" data-widget_type=\"heading.default\">\n\t\t\t\t\t<h1 class=\"elementor-heading-title elementor-size-default\">Informa\u00e7\u00f5es Legais<\/h1>\t\t\t\t<\/div>\n\t\t\t\t<div class=\"elementor-element elementor-element-4016b91 elementor-widget elementor-widget-text-editor\" data-id=\"4016b91\" data-element_type=\"widget\" data-e-type=\"widget\" data-widget_type=\"text-editor.default\">\n\t\t\t\t\t\t\t\t\t<h2>Copyright<\/h2><p>De acordo com as leis que regem os direitos de autor, relativos \u00e0 propriedade liter\u00e1ria e art\u00edstica, a reprodu\u00e7\u00e3o e a representa\u00e7\u00e3o total ou parcial dos elementos que comp\u00f5em este site s\u00e3o estritamente proibidas. Al\u00e9m disso, todas as marcas mencionadas s\u00e3o marcas registadas. <\/p><h2>Cr\u00e9ditos<\/h2><p>Fotos :<br>&#8211; EMBALL&#8217;ISO SA<\/p><h2>Propriet\u00e1rio<\/h2><p>EMBALL&#8217;ISO SA<br>ZONE INDUSTRIELLE DES VERNAILLES<br>320 RUE DE L&#8217;AVENIR<br>69830 SAINT GEORGES DE RENEINS<br>FRAN\u00c7A<\/p><h2>Alojamento Web<\/h2><p>OVH <br>2 rue Kellermann<br>59100 Roubaix<br>Fran\u00e7a<\/p><h2>Termos de utiliza\u00e7\u00e3o do website<\/h2><p>A EMBALL\u2019ISO SA d\u00e1-lhe as boas-vindas ao seu website (doravante designado por \u00abSite\u00bb).<\/p><p>Por favor, leia atentamente as condi\u00e7\u00f5es abaixo antes de utilizar o Site. A utiliza\u00e7\u00e3o do Site implica a aceita\u00e7\u00e3o das condi\u00e7\u00f5es. Consequentemente, ao aceder ao Site, cada utilizador da Internet (doravante \u00abo Utilizador\u00bb) compromete-se a conformar-se e a respeitar as seguintes regras:  <\/p><p>1. Direitos de propriedade intelectual relativos ao Site<br>2. Dados pessoais<br>3. Utiliza\u00e7\u00e3o do Site<br>4. Modifica\u00e7\u00e3o da declara\u00e7\u00e3o<br>5. Lei aplic\u00e1vel<\/p><h3>1. Direitos de propriedade intelectual relativos ao Site<\/h3><p>O Site da EMBALL\u2019ISO SA \u00e9 uma obra intelectual protegida pela lei da propriedade intelectual. O Site e cada um dos seus elementos constituintes (tais como marcas, log\u00f3tipos, fotografias, imagens, ilustra\u00e7\u00f5es, textos, videoclipes&#8230;) s\u00e3o propriedade exclusiva da EMBALL\u2019ISO SA, a \u00fanica autorizada a fazer uso dos direitos de propriedade intelectual e direitos de personalidade relacionados, e que n\u00e3o concede qualquer licen\u00e7a nem qualquer outro direito, exceto o direito de visitar o Site. <\/p><p>A reprodu\u00e7\u00e3o de qualquer documento publicado no Site \u00e9 permitida apenas para fins informativos, para uso estritamente privado e pessoal. Qualquer reprodu\u00e7\u00e3o ou representa\u00e7\u00e3o do site, seja total ou parcial, ou de qualquer um dos seus elementos constituintes, em qualquer tipo de suporte e sob qualquer forma, para outros fins, e nomeadamente para uso comercial, \u00e9 expressamente proibida. Todos os pedidos de autoriza\u00e7\u00e3o devem ser enviados \u00e0 EMBALL\u2019ISO SA. A utiliza\u00e7\u00e3o n\u00e3o autorizada de qualquer tipo constitui uma infra\u00e7\u00e3o sujeita a san\u00e7\u00f5es penais.   <\/p><p>O estabelecimento de links de hipertexto para o Site da EMBALL\u2019ISO SA n\u00e3o pode, em circunst\u00e2ncia alguma, comprometer a responsabilidade da EMBALL\u2019ISO SA.<\/p><h3>2. Dados Pessoais<\/h3><p>A EMBALL\u2019ISO SA compromete-se a manter confidenciais as informa\u00e7\u00f5es pessoais relativas ao Utilizador que possa recolher (nomeadamente atrav\u00e9s da sua inscri\u00e7\u00e3o na newsletter, participa\u00e7\u00e3o em concursos ou compras online).<br>Finalmente, com o consentimento do Utilizador, a EMBALL\u2019ISO SA poder\u00e1 transferir dados relativos ao Utilizador para os seus parceiros. Em conformidade com a lei francesa de inform\u00e1tica e liberdades, os Utilizadores s\u00e3o informados de que t\u00eam o direito de aceder, corrigir, eliminar e solicitar a n\u00e3o utiliza\u00e7\u00e3o dos seus dados pessoais. Para exercer este direito, os Utilizadores devem enviar uma carta atrav\u00e9s do Formul\u00e1rio de Contacto. <\/p><h3>3. Utiliza\u00e7\u00e3o do site<\/h3><p><strong>Acesso ao site <\/strong><br>A EMBALL\u2019ISO SA envidar\u00e1 todos os esfor\u00e7os para manter o Site acess\u00edvel, mas n\u00e3o assume qualquer obriga\u00e7\u00e3o de atingir este objetivo. Refere-se expressamente que, para fins de manuten\u00e7\u00e3o, atualiza\u00e7\u00f5es e qualquer outro motivo, nomeadamente t\u00e9cnico, o acesso ao Site pode ser interrompido. A EMBALL\u2019ISO SA n\u00e3o \u00e9, de forma alguma, respons\u00e1vel por estas interrup\u00e7\u00f5es e pelas consequ\u00eancias que as mesmas possam ter para o Utilizador.  <\/p><p><strong>Conte\u00fado do site <\/strong><br>A EMBALL\u2019ISO SA envidar\u00e1 todos os esfor\u00e7os para manter o conte\u00fado do Site atualizado e para fornecer aos Utilizadores informa\u00e7\u00f5es precisas. No entanto, a EMBALL\u2019ISO SA n\u00e3o pode garantir a exatid\u00e3o, precis\u00e3o ou exaustividade dos dados inclu\u00eddos no Site. <\/p><p>A EMBALL\u2019ISO SA n\u00e3o aceita qualquer responsabilidade por qualquer imprecis\u00e3o ou omiss\u00e3o relativa aos dados dispon\u00edveis no Site, bem como por quaisquer danos resultantes de intrus\u00e3o fraudulenta de terceiros que levem a uma modifica\u00e7\u00e3o dos referidos dados. Quaisquer erros ou omiss\u00f5es devem ser comunicados atrav\u00e9s do Formul\u00e1rio de Contacto. <\/p><p>Os links de hipertexto instalados no Site levar\u00e3o o Utilizador aos sites de Internet de v\u00e1rios parceiros. Refere-se expressamente que a EMBALL\u2019ISO SA n\u00e3o verificou todos os sites que possam estar ligados ao seu, nem o conte\u00fado e as informa\u00e7\u00f5es neles contidos, e consequentemente recusa toda e qualquer responsabilidade pelo conte\u00fado, publicidade, produtos ou servi\u00e7os dispon\u00edveis nestes sites e pela utiliza\u00e7\u00e3o feita dos mesmos pelo Utilizador. As visitas a estes sites pelo Utilizador s\u00e3o da sua inteira responsabilidade.  <\/p><p>Links de hipertexto para o Site s\u00f3 podem ser criados com autoriza\u00e7\u00e3o pr\u00e9via por escrito da EMBALL\u2019ISO SA. Todos os pedidos de autoriza\u00e7\u00e3o devem ser enviados atrav\u00e9s do Formul\u00e1rio de Contacto. A utiliza\u00e7\u00e3o n\u00e3o autorizada de qualquer tipo constitui uma infra\u00e7\u00e3o sujeita a san\u00e7\u00f5es penais.  <\/p><p><strong>Cookies<\/strong><br>A EMBALL\u2019ISO SA pode instalar um cookie no computador do Utilizador, ap\u00f3s o seu consentimento, o que permitir\u00e1 a sua identifica\u00e7\u00e3o. Um cookie \u00e9 um pequeno ficheiro inform\u00e1tico armazenado no disco r\u00edgido do computador. Regista informa\u00e7\u00f5es relativas \u00e0 navega\u00e7\u00e3o do Utilizador no Site (p\u00e1ginas visitadas, data, hora e dura\u00e7\u00e3o da visita). A EMBALL\u2019ISO apenas utiliza cookies para personalizar o servi\u00e7o oferecido ao Utilizador. Estes n\u00e3o podem, de forma alguma, danificar os dados no computador. O Utilizador \u00e9 informado de que tem a possibilidade e os meios para se opor \u00e0 coloca\u00e7\u00e3o de cookies na Carta de Cookies, desativando esta fun\u00e7\u00e3o no seu navegador. O Utilizador pode continuar a aceder ao Site mesmo quando esta fun\u00e7\u00e3o est\u00e1 desativada.      <\/p><h3>4. Modifica\u00e7\u00e3o da declara\u00e7\u00e3o<\/h3><p>A EMBALL\u2019ISO SA reserva-se o direito de modificar a presente declara\u00e7\u00e3o de utiliza\u00e7\u00e3o do Site a qualquer momento, nomeadamente para cumprir novos regulamentos ou legisla\u00e7\u00e3o ou para melhorar a consulta do Site pelo Utilizador. Quaisquer modifica\u00e7\u00f5es relativas \u00e0 utiliza\u00e7\u00e3o do Site ser\u00e3o adicionadas \u00e0 presente declara\u00e7\u00e3o. <\/p><h3>5. Lei aplic\u00e1vel<\/h3><p>Se ocorrerem problemas com a encomenda ou entrega, a Empresa procurar\u00e1 uma solu\u00e7\u00e3o amig\u00e1vel. Estas condi\u00e7\u00f5es gerais de venda ser\u00e3o regidas pela lei francesa. <\/p>\t\t\t\t\t\t\t\t<\/div>\n\t\t\t\t<\/div>\n\t\t\t\t<\/div>\n\t\t\t\t\t<\/div>\n\t\t\t\t<\/div>\n\t\t\t\t<\/div>\n\t\t","protected":false},"excerpt":{"rendered":"<p>Informa\u00e7\u00f5es Legais Copyright De acordo com as leis que regem os direitos de autor, relativos \u00e0 propriedade liter\u00e1ria e art\u00edstica, a reprodu\u00e7\u00e3o e a representa\u00e7\u00e3o total ou parcial dos elementos que comp\u00f5em este site s\u00e3o estritamente proibidas. Al\u00e9m disso, todas as marcas mencionadas s\u00e3o marcas registadas. Cr\u00e9ditos Fotos :&#8211; EMBALL&#8217;ISO SA Propriet\u00e1rio EMBALL&#8217;ISO SAZONE INDUSTRIELLE [&hellip;]<\/p>\n","protected":false},"author":1,"featured_media":7103,"parent":0,"menu_order":0,"comment_status":"closed","ping_status":"closed","template":"elementor_header_footer","meta":{"_acf_changed":false,"footnotes":""},"class_list":["post-7738","page","type-page","status-publish","has-post-thumbnail","hentry"],"acf":[],"_links":{"self":[{"href":"https:\/\/www.emballiso.com\/pt-br\/wp-json\/wp\/v2\/pages\/7738","targetHints":{"allow":["GET"]}}],"collection":[{"href":"https:\/\/www.emballiso.com\/pt-br\/wp-json\/wp\/v2\/pages"}],"about":[{"href":"https:\/\/www.emballiso.com\/pt-br\/wp-json\/wp\/v2\/types\/page"}],"author":[{"embeddable":true,"href":"https:\/\/www.emballiso.com\/pt-br\/wp-json\/wp\/v2\/users\/1"}],"replies":[{"embeddable":true,"href":"https:\/\/www.emballiso.com\/pt-br\/wp-json\/wp\/v2\/comments?post=7738"}],"version-history":[{"count":2,"href":"https:\/\/www.emballiso.com\/pt-br\/wp-json\/wp\/v2\/pages\/7738\/revisions"}],"predecessor-version":[{"id":7751,"href":"https:\/\/www.emballiso.com\/pt-br\/wp-json\/wp\/v2\/pages\/7738\/revisions\/7751"}],"wp:featuredmedia":[{"embeddable":true,"href":"https:\/\/www.emballiso.com\/pt-br\/wp-json\/wp\/v2\/media\/7103"}],"wp:attachment":[{"href":"https:\/\/www.emballiso.com\/pt-br\/wp-json\/wp\/v2\/media?parent=7738"}],"curies":[{"name":"wp","href":"https:\/\/api.w.org\/{rel}","templated":true}]}}