{"id":7260,"date":"2026-03-16T10:22:06","date_gmt":"2026-03-16T09:22:06","guid":{"rendered":"https:\/\/www.emballiso.com\/embalagens-para-cadeia-fria-para-outros-setores\/"},"modified":"2026-03-27T15:02:56","modified_gmt":"2026-03-27T14:02:56","slug":"embalagens-para-cadeia-fria-para-outros-setores","status":"publish","type":"page","link":"https:\/\/www.emballiso.com\/pt-br\/embalagens-para-cadeia-fria-para-outros-setores\/","title":{"rendered":"Embalagens para Cadeia Fria para outros setores"},"content":{"rendered":"\t\t<div data-elementor-type=\"wp-page\" data-elementor-id=\"7260\" class=\"elementor elementor-7260 elementor-5444\" data-elementor-post-type=\"page\">\n\t\t\t\t<div class=\"elementor-element elementor-element-a4e6b73 e-flex e-con-boxed e-con e-parent\" data-id=\"a4e6b73\" data-element_type=\"container\" data-e-type=\"container\">\n\t\t\t\t\t<div class=\"e-con-inner\">\n\t\t\t\t<div class=\"elementor-element elementor-element-9a3d459 elementor-invisible elementor-widget elementor-widget-heading\" data-id=\"9a3d459\" data-element_type=\"widget\" data-e-type=\"widget\" data-settings=\"{&quot;_animation&quot;:&quot;fadeInDown&quot;}\" data-widget_type=\"heading.default\">\n\t\t\t\t\t<h2 class=\"elementor-heading-title elementor-size-default\"><span class=\"gradient-blue\">Embalagens para Cadeia Fria para outros setores<\/span><\/h2>\t\t\t\t<\/div>\n\t\t<div class=\"elementor-element elementor-element-d6a0bd0 e-con-full e-flex e-con e-child\" data-id=\"d6a0bd0\" data-element_type=\"container\" data-e-type=\"container\" data-settings=\"{&quot;background_background&quot;:&quot;classic&quot;}\">\n\t\t\t\t<div class=\"elementor-element elementor-element-7417f26 elementor-widget elementor-widget-heading\" data-id=\"7417f26\" data-element_type=\"widget\" data-e-type=\"widget\" data-widget_type=\"heading.default\">\n\t\t\t\t\t<h2 class=\"elementor-heading-title elementor-size-default\">Voc\u00ea tem um projeto espec\u00edfico ou um desafio \u00fanico?<\/h2>\t\t\t\t<\/div>\n\t\t\t\t<div class=\"elementor-element elementor-element-5e0b4cb elementor-widget elementor-widget-text-editor\" data-id=\"5e0b4cb\" data-element_type=\"widget\" data-e-type=\"widget\" data-widget_type=\"text-editor.default\">\n\t\t\t\t\t\t\t\t\t<p>Se o seu setor possui requisitos de temperatura, ou se voc\u00ea n\u00e3o encontrou seu segmento em nossa lista, nossa equipe est\u00e1 pronta para ajudar.<\/p><p>Desde dimens\u00f5es personalizadas at\u00e9 dura\u00e7\u00f5es t\u00e9rmicas espec\u00edficas, n\u00f3s o guiaremos em dire\u00e7\u00e3o \u00e0 solu\u00e7\u00e3o mais confi\u00e1vel e sustent\u00e1vel para as suas necessidades.<\/p>\t\t\t\t\t\t\t\t<\/div>\n\t\t\t\t<\/div>\n\t\t<div class=\"elementor-element elementor-element-5eb5209 e-con-full e-flex e-con e-child\" data-id=\"5eb5209\" data-element_type=\"container\" data-e-type=\"container\" data-settings=\"{&quot;background_background&quot;:&quot;classic&quot;}\">\n\t\t\t\t<div class=\"elementor-element elementor-element-79c0756 elementor-widget__width-inherit elementor-button-align-stretch elementor-widget elementor-widget-form\" data-id=\"79c0756\" data-element_type=\"widget\" data-e-type=\"widget\" data-settings=\"{&quot;step_next_label&quot;:&quot;Pr\\u00f3ximo&quot;,&quot;step_previous_label&quot;:&quot;Anterior&quot;,&quot;button_width&quot;:&quot;100&quot;,&quot;step_type&quot;:&quot;number_text&quot;,&quot;step_icon_shape&quot;:&quot;circle&quot;}\" data-widget_type=\"form.default\">\n\t\t\t\t\t\t\t<form class=\"elementor-form\" method=\"post\" id=\"solutions_finder_contact\" name=\"Entre em contato conosco\" aria-label=\"Entre em contato conosco\">\n\t\t\t<input type=\"hidden\" name=\"post_id\" value=\"7260\"\/>\n\t\t\t<input type=\"hidden\" name=\"form_id\" value=\"79c0756\"\/>\n\t\t\t<input type=\"hidden\" name=\"referer_title\" value=\"\" \/>\n\n\t\t\t\n\t\t\t<div class=\"elementor-form-fields-wrapper elementor-labels-\">\n\t\t\t\t\t\t\t\t<div class=\"elementor-field-type-text elementor-field-group elementor-column elementor-field-group-field_company elementor-col-33 elementor-field-required\">\n\t\t\t\t\t\t\t\t\t\t\t\t<label for=\"form-field-field_company\" class=\"elementor-field-label elementor-screen-only\">\n\t\t\t\t\t\t\t\tEmpresa\t\t\t\t\t\t\t<\/label>\n\t\t\t\t\t\t\t\t\t\t\t\t\t\t<input size=\"1\" type=\"text\" name=\"form_fields[field_company]\" id=\"form-field-field_company\" class=\"elementor-field elementor-size-sm  elementor-field-textual\" placeholder=\"Empresa\" required=\"required\">\n\t\t\t\t\t\t\t\t\t\t\t<\/div>\n\t\t\t\t\t\t\t\t<div class=\"elementor-field-type-text elementor-field-group elementor-column elementor-field-group-field_name elementor-col-33 elementor-field-required\">\n\t\t\t\t\t\t\t\t\t\t\t\t<label for=\"form-field-field_name\" class=\"elementor-field-label elementor-screen-only\">\n\t\t\t\t\t\t\t\tSobrenome\t\t\t\t\t\t\t<\/label>\n\t\t\t\t\t\t\t\t\t\t\t\t\t\t<input size=\"1\" type=\"text\" name=\"form_fields[field_name]\" id=\"form-field-field_name\" class=\"elementor-field elementor-size-sm  elementor-field-textual\" placeholder=\"Sobrenome\" required=\"required\">\n\t\t\t\t\t\t\t\t\t\t\t<\/div>\n\t\t\t\t\t\t\t\t<div class=\"elementor-field-type-text elementor-field-group elementor-column elementor-field-group-field_firstname elementor-col-33 elementor-field-required\">\n\t\t\t\t\t\t\t\t\t\t\t\t<label for=\"form-field-field_firstname\" class=\"elementor-field-label elementor-screen-only\">\n\t\t\t\t\t\t\t\tNome\t\t\t\t\t\t\t<\/label>\n\t\t\t\t\t\t\t\t\t\t\t\t\t\t<input size=\"1\" type=\"text\" name=\"form_fields[field_firstname]\" id=\"form-field-field_firstname\" class=\"elementor-field elementor-size-sm  elementor-field-textual\" placeholder=\"Nome\" required=\"required\">\n\t\t\t\t\t\t\t\t\t\t\t<\/div>\n\t\t\t\t\t\t\t\t<div class=\"elementor-field-type-email elementor-field-group elementor-column elementor-field-group-field_email elementor-col-33 elementor-field-required\">\n\t\t\t\t\t\t\t\t\t\t\t\t<label for=\"form-field-field_email\" class=\"elementor-field-label elementor-screen-only\">\n\t\t\t\t\t\t\t\tE-mail\t\t\t\t\t\t\t<\/label>\n\t\t\t\t\t\t\t\t\t\t\t\t\t\t<input size=\"1\" type=\"email\" name=\"form_fields[field_email]\" id=\"form-field-field_email\" class=\"elementor-field elementor-size-sm  elementor-field-textual\" placeholder=\"E-mail\" required=\"required\">\n\t\t\t\t\t\t\t\t\t\t\t<\/div>\n\t\t\t\t\t\t\t\t<div class=\"elementor-field-type-tel elementor-field-group elementor-column elementor-field-group-field_phone_number elementor-col-33 elementor-field-required\">\n\t\t\t\t\t\t\t\t\t\t\t\t<label for=\"form-field-field_phone_number\" class=\"elementor-field-label elementor-screen-only\">\n\t\t\t\t\t\t\t\tN\u00famero de telefone\t\t\t\t\t\t\t<\/label>\n\t\t\t\t\t\t\t\t<input size=\"1\" type=\"tel\" name=\"form_fields[field_phone_number]\" id=\"form-field-field_phone_number\" class=\"elementor-field elementor-size-sm  elementor-field-textual\" placeholder=\"N\u00famero de telefone\" required=\"required\" pattern=\"[0-9()#&amp;+*-=.]+\" title=\"Apenas n\u00fameros e caracteres de telefone (#, -, *, etc.) s\u00e3o aceitos.\">\n\n\t\t\t\t\t\t<\/div>\n\t\t\t\t\t\t\t\t<div class=\"elementor-field-type-select elementor-field-group elementor-column elementor-field-group-field_country elementor-col-33 elementor-field-required\">\n\t\t\t\t\t\t\t\t\t\t\t\t<label for=\"form-field-field_country\" class=\"elementor-field-label elementor-screen-only\">\n\t\t\t\t\t\t\t\tPa\u00eds\t\t\t\t\t\t\t<\/label>\n\t\t\t\t\t\t\t\t<div class=\"elementor-field elementor-select-wrapper remove-before \">\n\t\t\t<div class=\"select-caret-down-wrapper\">\n\t\t\t\t<svg aria-hidden=\"true\" class=\"e-font-icon-svg e-eicon-caret-down\" viewBox=\"0 0 571.4 571.4\" xmlns=\"http:\/\/www.w3.org\/2000\/svg\"><path d=\"M571 393Q571 407 561 418L311 668Q300 679 286 679T261 668L11 418Q0 407 0 393T11 368 36 357H536Q550 357 561 368T571 393Z\"><\/path><\/svg>\t\t\t<\/div>\n\t\t\t<select name=\"form_fields[field_country]\" id=\"form-field-field_country\" class=\"elementor-field-textual elementor-size-sm\" required=\"required\">\n\t\t\t\t\t\t\t\t\t<option value=\"Pa\u00eds\">Pa\u00eds<\/option>\n\t\t\t\t\t\t\t\t\t<option value=\"af-AF\">Afeganist\u00e3o<\/option>\n\t\t\t\t\t\t\t\t\t<option value=\"al-AL\">Alb\u00e2nia<\/option>\n\t\t\t\t\t\t\t\t\t<option value=\"dz-DZ\">Arg\u00e9lia<\/option>\n\t\t\t\t\t\t\t\t\t<option value=\"ad-AD\">Andorra<\/option>\n\t\t\t\t\t\t\t\t\t<option value=\"ao-AO\">Angola<\/option>\n\t\t\t\t\t\t\t\t\t<option value=\"ag-AG\">Ant\u00edgua e Barbuda<\/option>\n\t\t\t\t\t\t\t\t\t<option value=\"ar-AR\">Argentina<\/option>\n\t\t\t\t\t\t\t\t\t<option value=\"am-AM\">Arm\u00eania<\/option>\n\t\t\t\t\t\t\t\t\t<option value=\"au-AU\">Austr\u00e1lia<\/option>\n\t\t\t\t\t\t\t\t\t<option value=\"at-AT\">Austria<\/option>\n\t\t\t\t\t\t\t\t\t<option value=\"az-AZ\">Azerbaij\u00e3o<\/option>\n\t\t\t\t\t\t\t\t\t<option value=\"bs-BS\">Bahamas<\/option>\n\t\t\t\t\t\t\t\t\t<option value=\"bh-BH\">Bahrein<\/option>\n\t\t\t\t\t\t\t\t\t<option value=\"bd-BD\">Bangladesh<\/option>\n\t\t\t\t\t\t\t\t\t<option value=\"bb-BB\">Barbados<\/option>\n\t\t\t\t\t\t\t\t\t<option value=\"by-BY\">Bielorr\u00fassia<\/option>\n\t\t\t\t\t\t\t\t\t<option value=\"be-BE\">B\u00e9lgica<\/option>\n\t\t\t\t\t\t\t\t\t<option value=\"bz-BZ\">Belize<\/option>\n\t\t\t\t\t\t\t\t\t<option value=\"bj-BJ\">Benin<\/option>\n\t\t\t\t\t\t\t\t\t<option value=\"bt-BT\">But\u00e3o<\/option>\n\t\t\t\t\t\t\t\t\t<option value=\"bo-BO\">Bol\u00edvia<\/option>\n\t\t\t\t\t\t\t\t\t<option value=\"ba-BA\">B\u00f3snia e Herzegovina<\/option>\n\t\t\t\t\t\t\t\t\t<option value=\"bw-BW\">Botsuana<\/option>\n\t\t\t\t\t\t\t\t\t<option value=\"br-BR\">Brasil<\/option>\n\t\t\t\t\t\t\t\t\t<option value=\"bn-BN\">Brunei<\/option>\n\t\t\t\t\t\t\t\t\t<option value=\"bg-BG\">Bulg\u00e1ria<\/option>\n\t\t\t\t\t\t\t\t\t<option value=\"bf-BF\">Burquina Faso<\/option>\n\t\t\t\t\t\t\t\t\t<option value=\"bi-BI\">Burundi<\/option>\n\t\t\t\t\t\t\t\t\t<option value=\"kh-KH\">Camboja<\/option>\n\t\t\t\t\t\t\t\t\t<option value=\"cm-CM\">Camar\u00f5es<\/option>\n\t\t\t\t\t\t\t\t\t<option value=\"ca-CA\">Canad\u00e1<\/option>\n\t\t\t\t\t\t\t\t\t<option value=\"cv-CV\">Cabo Verde<\/option>\n\t\t\t\t\t\t\t\t\t<option value=\"cf-CF\">Rep\u00fablica Centro-Africana<\/option>\n\t\t\t\t\t\t\t\t\t<option value=\"td-TD\">Chade<\/option>\n\t\t\t\t\t\t\t\t\t<option value=\"cl-CL\">Chile<\/option>\n\t\t\t\t\t\t\t\t\t<option value=\"cn-CN\">China<\/option>\n\t\t\t\t\t\t\t\t\t<option value=\"co-CO\">Col\u00f4mbia<\/option>\n\t\t\t\t\t\t\t\t\t<option value=\"km-KM\">Comores<\/option>\n\t\t\t\t\t\t\t\t\t<option value=\"ck-CK\">Ilhas Cook<\/option>\n\t\t\t\t\t\t\t\t\t<option value=\"cr-CR\">Costa Rica<\/option>\n\t\t\t\t\t\t\t\t\t<option value=\"hr-HR\">Cro\u00e1cia<\/option>\n\t\t\t\t\t\t\t\t\t<option value=\"cu-CU\">Cuba<\/option>\n\t\t\t\t\t\t\t\t\t<option value=\"cy-CY\">Chipre<\/option>\n\t\t\t\t\t\t\t\t\t<option value=\"cz-CZ\">Czech Republic<\/option>\n\t\t\t\t\t\t\t\t\t<option value=\"cd-CD\">Rep\u00fablica Democr\u00e1tica do Congo<\/option>\n\t\t\t\t\t\t\t\t\t<option value=\"dk-D\">Dinamarca<\/option>\n\t\t\t\t\t\t\t\t\t<option value=\"dj-DJ\">Djibuti<\/option>\n\t\t\t\t\t\t\t\t\t<option value=\"dm-DM\">Dominica<\/option>\n\t\t\t\t\t\t\t\t\t<option value=\"do-DO\">Rep\u00fablica Dominicana<\/option>\n\t\t\t\t\t\t\t\t\t<option value=\"ec-EC\">Equador<\/option>\n\t\t\t\t\t\t\t\t\t<option value=\"eg-EG\">Egypt<\/option>\n\t\t\t\t\t\t\t\t\t<option value=\"gq-GQ\">Guin\u00e9 Equatorial<\/option>\n\t\t\t\t\t\t\t\t\t<option value=\"er-ER\">Eritrea<\/option>\n\t\t\t\t\t\t\t\t\t<option value=\"ee-EE\">Est\u00f4nia<\/option>\n\t\t\t\t\t\t\t\t\t<option value=\"sz-SZ\">Essuat\u00edni<\/option>\n\t\t\t\t\t\t\t\t\t<option value=\"et-ET\">Eti\u00f3pia<\/option>\n\t\t\t\t\t\t\t\t\t<option value=\"fj-FJ\">Fiji<\/option>\n\t\t\t\t\t\t\t\t\t<option value=\"fi-FI\">Finl\u00e2ndia<\/option>\n\t\t\t\t\t\t\t\t\t<option value=\"fr-FR\">Fran\u00e7a<\/option>\n\t\t\t\t\t\t\t\t\t<option value=\"ga-GA\">Gabon<\/option>\n\t\t\t\t\t\t\t\t\t<option value=\"gm-GM\">G\u00e2mbia<\/option>\n\t\t\t\t\t\t\t\t\t<option value=\"ge-GE\">Ge\u00f3rgia<\/option>\n\t\t\t\t\t\t\t\t\t<option value=\"de-DE\">Alemanha<\/option>\n\t\t\t\t\t\t\t\t\t<option value=\"gh-GH\">Gana<\/option>\n\t\t\t\t\t\t\t\t\t<option value=\"gr-GR\">Gr\u00e9cia<\/option>\n\t\t\t\t\t\t\t\t\t<option value=\"gd-GD\">Grenada<\/option>\n\t\t\t\t\t\t\t\t\t<option value=\"gt-GT\">Guatemala<\/option>\n\t\t\t\t\t\t\t\t\t<option value=\"gn-GN\">Guin\u00e9<\/option>\n\t\t\t\t\t\t\t\t\t<option value=\"gw-GW\">Guin\u00e9-Bissau<\/option>\n\t\t\t\t\t\t\t\t\t<option value=\"gy-GY\">Guiana<\/option>\n\t\t\t\t\t\t\t\t\t<option value=\"ht-HT\">Haiti<\/option>\n\t\t\t\t\t\t\t\t\t<option value=\"hn-HN\">Honduras<\/option>\n\t\t\t\t\t\t\t\t\t<option value=\"hu-HU\">Hungria<\/option>\n\t\t\t\t\t\t\t\t\t<option value=\"is-IS\">Isl\u00e2ndia<\/option>\n\t\t\t\t\t\t\t\t\t<option value=\"in-IN\">\u00cdndia<\/option>\n\t\t\t\t\t\t\t\t\t<option value=\"id-ID\">Indon\u00e9sia<\/option>\n\t\t\t\t\t\t\t\t\t<option value=\"ir-IR\">Ir\u00e3<\/option>\n\t\t\t\t\t\t\t\t\t<option value=\"iq-IQ\">Iraque<\/option>\n\t\t\t\t\t\t\t\t\t<option value=\"ie-IE\">Irlanda<\/option>\n\t\t\t\t\t\t\t\t\t<option value=\"il-IL\">Israel<\/option>\n\t\t\t\t\t\t\t\t\t<option value=\"it-IT\">It\u00e1lia<\/option>\n\t\t\t\t\t\t\t\t\t<option value=\"ci-CI\">Costa do Marfim<\/option>\n\t\t\t\t\t\t\t\t\t<option value=\"jm-JM\">Jamaica<\/option>\n\t\t\t\t\t\t\t\t\t<option value=\"jp-JP\">Jap\u00e3o<\/option>\n\t\t\t\t\t\t\t\t\t<option value=\"jo-JO\">Jord\u00e2nia<\/option>\n\t\t\t\t\t\t\t\t\t<option value=\"kz-KZ\">Cazaquist\u00e3o<\/option>\n\t\t\t\t\t\t\t\t\t<option value=\"ke-KE\">Qu\u00eania<\/option>\n\t\t\t\t\t\t\t\t\t<option value=\"ki-KI\">Quiribati<\/option>\n\t\t\t\t\t\t\t\t\t<option value=\"kw-KW\">Kuwait<\/option>\n\t\t\t\t\t\t\t\t\t<option value=\"kg-KG\">Quirguist\u00e3o<\/option>\n\t\t\t\t\t\t\t\t\t<option value=\"la-LA\">Laos<\/option>\n\t\t\t\t\t\t\t\t\t<option value=\"lv-LV\">Let\u00f4nia<\/option>\n\t\t\t\t\t\t\t\t\t<option value=\"lb-LB\">L\u00edbano<\/option>\n\t\t\t\t\t\t\t\t\t<option value=\"ls-LS\">Lesoto<\/option>\n\t\t\t\t\t\t\t\t\t<option value=\"lr-LR\">Lib\u00e9ria<\/option>\n\t\t\t\t\t\t\t\t\t<option value=\"ly-LY\">L\u00edbia<\/option>\n\t\t\t\t\t\t\t\t\t<option value=\"li-LI\">Liechtenstein<\/option>\n\t\t\t\t\t\t\t\t\t<option value=\"lt-LT\">Litu\u00e2nia<\/option>\n\t\t\t\t\t\t\t\t\t<option value=\"lu-LU\">Luxemburgo<\/option>\n\t\t\t\t\t\t\t\t\t<option value=\"mg-MG\">Madagascar<\/option>\n\t\t\t\t\t\t\t\t\t<option value=\"mw-MW\">Malaui<\/option>\n\t\t\t\t\t\t\t\t\t<option value=\"my-MY\">Mal\u00e1sia<\/option>\n\t\t\t\t\t\t\t\t\t<option value=\"mv-MV\">Maldivas<\/option>\n\t\t\t\t\t\t\t\t\t<option value=\"ml-ML\">Mali<\/option>\n\t\t\t\t\t\t\t\t\t<option value=\"mt-MT\">Malta<\/option>\n\t\t\t\t\t\t\t\t\t<option value=\"mh-MH\">Ilhas Marshall<\/option>\n\t\t\t\t\t\t\t\t\t<option value=\"mr-MR\">Maurit\u00e2nia<\/option>\n\t\t\t\t\t\t\t\t\t<option value=\"mu-MU\">Maur\u00edcio<\/option>\n\t\t\t\t\t\t\t\t\t<option value=\"mx-MX\">Mexico<\/option>\n\t\t\t\t\t\t\t\t\t<option value=\"fm-FM\">Micron\u00e9sia<\/option>\n\t\t\t\t\t\t\t\t\t<option value=\"md-MD\">Mold\u00e1via<\/option>\n\t\t\t\t\t\t\t\t\t<option value=\"mc-MC\">M\u00f4naco<\/option>\n\t\t\t\t\t\t\t\t\t<option value=\"mn-MN\">Mong\u00f3lia<\/option>\n\t\t\t\t\t\t\t\t\t<option value=\"me-ME\">Montenegro<\/option>\n\t\t\t\t\t\t\t\t\t<option value=\"ma-MA\">Marrocos<\/option>\n\t\t\t\t\t\t\t\t\t<option value=\"mz-MZ\">Mo\u00e7ambique<\/option>\n\t\t\t\t\t\t\t\t\t<option value=\"mm-MM\">Mianmar (Birm\u00e2nia)<\/option>\n\t\t\t\t\t\t\t\t\t<option value=\"na-NA\">Nam\u00edbia<\/option>\n\t\t\t\t\t\t\t\t\t<option value=\"nr-NR\">Nauru<\/option>\n\t\t\t\t\t\t\t\t\t<option value=\"np-NP\">Nepal<\/option>\n\t\t\t\t\t\t\t\t\t<option value=\"nl-NL\">Pa\u00edses Baixos<\/option>\n\t\t\t\t\t\t\t\t\t<option value=\"nz-NZ\">Nova Zel\u00e2ndia<\/option>\n\t\t\t\t\t\t\t\t\t<option value=\"ni-NI\">Nicar\u00e1gua<\/option>\n\t\t\t\t\t\t\t\t\t<option value=\"ne-NE\">N\u00edger<\/option>\n\t\t\t\t\t\t\t\t\t<option value=\"ng-NG\">Nig\u00e9ria<\/option>\n\t\t\t\t\t\t\t\t\t<option value=\"nu-NU\">Niue<\/option>\n\t\t\t\t\t\t\t\t\t<option value=\"kp-KP\">Coreia do Norte<\/option>\n\t\t\t\t\t\t\t\t\t<option value=\"mk-MK\">Maced\u00f4nia do Norte<\/option>\n\t\t\t\t\t\t\t\t\t<option value=\"no-NO\">Noruega<\/option>\n\t\t\t\t\t\t\t\t\t<option value=\"om-OM\">Om\u00e3<\/option>\n\t\t\t\t\t\t\t\t\t<option value=\"zz-ZZ\">Outro<\/option>\n\t\t\t\t\t\t\t\t\t<option value=\"pk-PK\">Paquist\u00e3o<\/option>\n\t\t\t\t\t\t\t\t\t<option value=\"pw-PW\">Palau<\/option>\n\t\t\t\t\t\t\t\t\t<option value=\"ps-PS\">Territ\u00f3rios palestinos<\/option>\n\t\t\t\t\t\t\t\t\t<option value=\"pa-PA\">Panam\u00e1<\/option>\n\t\t\t\t\t\t\t\t\t<option value=\"pg-PG\">Papua-Nova Guin\u00e9<\/option>\n\t\t\t\t\t\t\t\t\t<option value=\"py-PY\">Paraguai<\/option>\n\t\t\t\t\t\t\t\t\t<option value=\"pe-PE\">Peru<\/option>\n\t\t\t\t\t\t\t\t\t<option value=\"ph-PH\">Filipinas<\/option>\n\t\t\t\t\t\t\t\t\t<option value=\"pl-PL\">Pol\u00f4nia<\/option>\n\t\t\t\t\t\t\t\t\t<option value=\"pt-PT\">Portugal<\/option>\n\t\t\t\t\t\t\t\t\t<option value=\"qa-QA\">Catar<\/option>\n\t\t\t\t\t\t\t\t\t<option value=\"cg-CG\">Republic of the Congo<\/option>\n\t\t\t\t\t\t\t\t\t<option value=\"ro-RO\">Rom\u00eania<\/option>\n\t\t\t\t\t\t\t\t\t<option value=\"ru-RU\">Russia<\/option>\n\t\t\t\t\t\t\t\t\t<option value=\"rw-RW\">Ruanda<\/option>\n\t\t\t\t\t\t\t\t\t<option value=\"kn-KN\">S\u00e3o Crist\u00f3v\u00e3o e N\u00e9vis<\/option>\n\t\t\t\t\t\t\t\t\t<option value=\"lc-LC\">Santa L\u00facia<\/option>\n\t\t\t\t\t\t\t\t\t<option value=\"vc-VC\">S\u00e3o Vicente e Granadinas<\/option>\n\t\t\t\t\t\t\t\t\t<option value=\"ws-WS\">Samoa<\/option>\n\t\t\t\t\t\t\t\t\t<option value=\"sm-SM\">San Marino<\/option>\n\t\t\t\t\t\t\t\t\t<option value=\"st-ST\">S\u00e3o Tom\u00e9 e Pr\u00edncipe<\/option>\n\t\t\t\t\t\t\t\t\t<option value=\"sa-SA\">Ar\u00e1bia Saudita<\/option>\n\t\t\t\t\t\t\t\t\t<option value=\"sn-SN\">Senegal<\/option>\n\t\t\t\t\t\t\t\t\t<option value=\"rs-RS\">Serbia<\/option>\n\t\t\t\t\t\t\t\t\t<option value=\"sc-SC\">Seicheles<\/option>\n\t\t\t\t\t\t\t\t\t<option value=\"sl-S\">Serra Leoa<\/option>\n\t\t\t\t\t\t\t\t\t<option value=\"sg-SG\">Singapura<\/option>\n\t\t\t\t\t\t\t\t\t<option value=\"sk-SK\">Eslov\u00e1quia<\/option>\n\t\t\t\t\t\t\t\t\t<option value=\"si-SI\">Eslov\u00eania<\/option>\n\t\t\t\t\t\t\t\t\t<option value=\"sb-SB\">Ilhas Salom\u00e3o<\/option>\n\t\t\t\t\t\t\t\t\t<option value=\"so-SO\">Som\u00e1lia<\/option>\n\t\t\t\t\t\t\t\t\t<option value=\"za-ZA\">\u00c1frica do Sul<\/option>\n\t\t\t\t\t\t\t\t\t<option value=\"kr-KR\">Coreia do Sul<\/option>\n\t\t\t\t\t\t\t\t\t<option value=\"ss-SS\">Sud\u00e3o do Sul<\/option>\n\t\t\t\t\t\t\t\t\t<option value=\"es-ES\">Espanha<\/option>\n\t\t\t\t\t\t\t\t\t<option value=\"lk-LK\">Sri Lanka<\/option>\n\t\t\t\t\t\t\t\t\t<option value=\"sd-SD\">Sud\u00e3o<\/option>\n\t\t\t\t\t\t\t\t\t<option value=\"sr-SR\">Suriname<\/option>\n\t\t\t\t\t\t\t\t\t<option value=\"se-SE\">Su\u00e9cia<\/option>\n\t\t\t\t\t\t\t\t\t<option value=\"ch-CH\">Su\u00ed\u00e7a<\/option>\n\t\t\t\t\t\t\t\t\t<option value=\"sy-SY\">S\u00edria<\/option>\n\t\t\t\t\t\t\t\t\t<option value=\"tj-TJ\">Tajikistan<\/option>\n\t\t\t\t\t\t\t\t\t<option value=\"tz-TZ\">Tanz\u00e2nia<\/option>\n\t\t\t\t\t\t\t\t\t<option value=\"th-TH\">Tail\u00e2ndia<\/option>\n\t\t\t\t\t\t\t\t\t<option value=\"tl-TL\">Timor-Leste<\/option>\n\t\t\t\t\t\t\t\t\t<option value=\"tg-TG\">Togo<\/option>\n\t\t\t\t\t\t\t\t\t<option value=\"to-TO\">Tonga<\/option>\n\t\t\t\t\t\t\t\t\t<option value=\"tt-TT\">Trinidad e Tobago<\/option>\n\t\t\t\t\t\t\t\t\t<option value=\"tn-TN\">Tun\u00edsia<\/option>\n\t\t\t\t\t\t\t\t\t<option value=\"tr-TR\">Turquia<\/option>\n\t\t\t\t\t\t\t\t\t<option value=\"tm-TM\">Turcomenist\u00e3o<\/option>\n\t\t\t\t\t\t\t\t\t<option value=\"tv-TV\">Tuvalu<\/option>\n\t\t\t\t\t\t\t\t\t<option value=\"ug-UG\">Uganda<\/option>\n\t\t\t\t\t\t\t\t\t<option value=\"ua-UA\">Ucr\u00e2nia<\/option>\n\t\t\t\t\t\t\t\t\t<option value=\"ae-AE\">Emirados \u00c1rabes Unidos<\/option>\n\t\t\t\t\t\t\t\t\t<option value=\"gb-GB\">Reino Unido<\/option>\n\t\t\t\t\t\t\t\t\t<option value=\"us-US\">Estados Unidos<\/option>\n\t\t\t\t\t\t\t\t\t<option value=\"uy-UY\">Uruguay<\/option>\n\t\t\t\t\t\t\t\t\t<option value=\"uz-UZ\">Uzbequist\u00e3o<\/option>\n\t\t\t\t\t\t\t\t\t<option value=\"vu-VU\">Vanuatu<\/option>\n\t\t\t\t\t\t\t\t\t<option value=\"va-VA\">Cidade do Vaticano<\/option>\n\t\t\t\t\t\t\t\t\t<option value=\"ve-VE\">Venezuela<\/option>\n\t\t\t\t\t\t\t\t\t<option value=\"vn-VN\">Vietn\u00e3<\/option>\n\t\t\t\t\t\t\t\t\t<option value=\"ye-YE\">I\u00eamen<\/option>\n\t\t\t\t\t\t\t\t\t<option value=\"zm-ZM\">Z\u00e2mbia<\/option>\n\t\t\t\t\t\t\t\t\t<option value=\"zw-ZW\">Zimb\u00e1bue<\/option>\n\t\t\t\t\t\t\t<\/select>\n\t\t<\/div>\n\t\t\t\t\t\t<\/div>\n\t\t\t\t\t\t\t\t<div class=\"elementor-field-type-text elementor-field-group elementor-column elementor-field-group-field_subject elementor-col-100 elementor-field-required\">\n\t\t\t\t\t\t\t\t\t\t\t\t<label for=\"form-field-field_subject\" class=\"elementor-field-label elementor-screen-only\">\n\t\t\t\t\t\t\t\tAssunto\t\t\t\t\t\t\t<\/label>\n\t\t\t\t\t\t\t\t\t\t\t\t\t\t<input size=\"1\" type=\"text\" name=\"form_fields[field_subject]\" id=\"form-field-field_subject\" class=\"elementor-field elementor-size-sm  elementor-field-textual\" placeholder=\"Assunto\" required=\"required\">\n\t\t\t\t\t\t\t\t\t\t\t<\/div>\n\t\t\t\t\t\t\t\t<div class=\"elementor-field-type-textarea elementor-field-group elementor-column elementor-field-group-field_message elementor-col-100\">\n\t\t\t\t\t\t\t\t\t\t\t\t<label for=\"form-field-field_message\" class=\"elementor-field-label elementor-screen-only\">\n\t\t\t\t\t\t\t\tMensagem\t\t\t\t\t\t\t<\/label>\n\t\t\t\t\t\t<textarea class=\"elementor-field-textual elementor-field  elementor-size-sm\" name=\"form_fields[field_message]\" id=\"form-field-field_message\" rows=\"10\" placeholder=\"Mensagem\"><\/textarea>\t\t\t\t<\/div>\n\t\t\t\t\t\t\t\t<div class=\"elementor-field-type-hidden elementor-field-group elementor-column elementor-field-group-field_lang elementor-col-100\">\n\t\t\t\t\t\t\t\t\t\t\t\t\t<input size=\"1\" type=\"hidden\" name=\"form_fields[field_lang]\" id=\"form-field-field_lang\" class=\"elementor-field elementor-size-sm  elementor-field-textual\" value=\"en-EN\">\n\t\t\t\t\t\t\t\t\t\t\t<\/div>\n\t\t\t\t\t\t\t\t<div class=\"elementor-field-group elementor-column elementor-field-type-submit elementor-col-100 e-form__buttons\">\n\t\t\t\t\t<button class=\"elementor-button elementor-size-sm\" type=\"submit\">\n\t\t\t\t\t\t<span class=\"elementor-button-content-wrapper\">\n\t\t\t\t\t\t\t\t\t\t\t\t\t\t\t<span class=\"elementor-button-icon\">\n\t\t\t\t\t\t\t\t\t<svg aria-hidden=\"true\" class=\"e-font-icon-svg e-far-paper-plane\" viewBox=\"0 0 512 512\" xmlns=\"http:\/\/www.w3.org\/2000\/svg\"><path d=\"M440 6.5L24 246.4c-34.4 19.9-31.1 70.8 5.7 85.9L144 379.6V464c0 46.4 59.2 65.5 86.6 28.6l43.8-59.1 111.9 46.2c5.9 2.4 12.1 3.6 18.3 3.6 8.2 0 16.3-2.1 23.6-6.2 12.8-7.2 21.6-20 23.9-34.5l59.4-387.2c6.1-40.1-36.9-68.8-71.5-48.9zM192 464v-64.6l36.6 15.1L192 464zm212.6-28.7l-153.8-63.5L391 169.5c10.7-15.5-9.5-33.5-23.7-21.2L155.8 332.6 48 288 464 48l-59.4 387.3z\"><\/path><\/svg>\t\t\t\t\t\t\t\t\t\t\t\t\t\t\t\t\t<\/span>\n\t\t\t\t\t\t\t\t\t\t\t\t\t\t\t\t\t\t\t\t\t\t<span class=\"elementor-button-text\">Enviar meu solicita\u00e7\u00e3o<\/span>\n\t\t\t\t\t\t\t\t\t\t\t\t\t<\/span>\n\t\t\t\t\t<\/button>\n\t\t\t\t<\/div>\n\t\t\t<\/div>\n\t\t<\/form>\n\t\t\t\t\t\t<\/div>\n\t\t\t\t<\/div>\n\t\t\t\t\t<\/div>\n\t\t\t\t<\/div>\n\t\t\t\t<\/div>\n\t\t","protected":false},"excerpt":{"rendered":"<p>Embalagens para Cadeia Fria para outros setores Voc\u00ea tem um projeto espec\u00edfico ou um desafio \u00fanico? Se o seu setor possui requisitos de temperatura, ou se voc\u00ea n\u00e3o encontrou seu segmento em nossa lista, nossa equipe est\u00e1 pronta para ajudar. Desde dimens\u00f5es personalizadas at\u00e9 dura\u00e7\u00f5es t\u00e9rmicas espec\u00edficas, n\u00f3s o guiaremos em dire\u00e7\u00e3o \u00e0 solu\u00e7\u00e3o mais [&hellip;]<\/p>\n","protected":false},"author":1,"featured_media":0,"parent":0,"menu_order":0,"comment_status":"closed","ping_status":"closed","template":"","meta":{"_acf_changed":false,"footnotes":""},"class_list":["post-7260","page","type-page","status-publish","hentry"],"acf":[],"_links":{"self":[{"href":"https:\/\/www.emballiso.com\/pt-br\/wp-json\/wp\/v2\/pages\/7260","targetHints":{"allow":["GET"]}}],"collection":[{"href":"https:\/\/www.emballiso.com\/pt-br\/wp-json\/wp\/v2\/pages"}],"about":[{"href":"https:\/\/www.emballiso.com\/pt-br\/wp-json\/wp\/v2\/types\/page"}],"author":[{"embeddable":true,"href":"https:\/\/www.emballiso.com\/pt-br\/wp-json\/wp\/v2\/users\/1"}],"replies":[{"embeddable":true,"href":"https:\/\/www.emballiso.com\/pt-br\/wp-json\/wp\/v2\/comments?post=7260"}],"version-history":[{"count":1,"href":"https:\/\/www.emballiso.com\/pt-br\/wp-json\/wp\/v2\/pages\/7260\/revisions"}],"predecessor-version":[{"id":7261,"href":"https:\/\/www.emballiso.com\/pt-br\/wp-json\/wp\/v2\/pages\/7260\/revisions\/7261"}],"wp:attachment":[{"href":"https:\/\/www.emballiso.com\/pt-br\/wp-json\/wp\/v2\/media?parent=7260"}],"curies":[{"name":"wp","href":"https:\/\/api.w.org\/{rel}","templated":true}]}}