{"id":7235,"date":"2026-02-11T15:37:16","date_gmt":"2026-02-11T14:37:16","guid":{"rendered":"https:\/\/www.emballiso.com\/solucoes-de-embalagens-de-cadeia-fria-para-empresas-farmaceuticas\/"},"modified":"2026-04-10T15:14:38","modified_gmt":"2026-04-10T13:14:38","slug":"solucoes-de-embalagens-de-cadeia-fria-para-empresas-farmaceuticas","status":"publish","type":"page","link":"https:\/\/www.emballiso.com\/pt-br\/solucoes-de-embalagens-de-cadeia-fria-para-empresas-farmaceuticas\/","title":{"rendered":"Solu\u00e7\u00f5es de embalagens de cadeia fria para empresas farmac\u00eauticas"},"content":{"rendered":"\t\t<div data-elementor-type=\"wp-page\" data-elementor-id=\"7235\" class=\"elementor elementor-7235 elementor-3068\" data-elementor-post-type=\"page\">\n\t\t\t\t<div class=\"elementor-element elementor-element-a4e6b73 e-flex e-con-boxed e-con e-parent\" data-id=\"a4e6b73\" data-element_type=\"container\" data-e-type=\"container\">\n\t\t\t\t\t<div class=\"e-con-inner\">\n\t\t\t\t<div class=\"elementor-element elementor-element-9a3d459 elementor-invisible elementor-widget elementor-widget-heading\" data-id=\"9a3d459\" data-element_type=\"widget\" data-e-type=\"widget\" data-settings=\"{&quot;_animation&quot;:&quot;fadeInDown&quot;}\" data-widget_type=\"heading.default\">\n\t\t\t\t\t<h1 class=\"elementor-heading-title elementor-size-default\"><span class=\"gradient-blue\">Solu\u00e7\u00f5es de embalagens de cadeia fria para empresas farmac\u00eauticas<\/span><\/h1>\t\t\t\t<\/div>\n\t\t\t\t<div class=\"elementor-element elementor-element-1e81825 elementor-widget elementor-widget-text-editor\" data-id=\"1e81825\" data-element_type=\"widget\" data-e-type=\"widget\" data-widget_type=\"text-editor.default\">\n\t\t\t\t\t\t\t\t\t<p>H\u00e1 mais de 35 anos, a EMBALL\u2019ISO \u00e9 l\u00edder global no design e fabrica\u00e7\u00e3o de sistemas de embalagens de alta performance com temperatura controlada. Na ind\u00fastria de Ci\u00eancias da Vida, a cadeia de suprimentos \u00e9 o elo final para garantir a seguran\u00e7a do paciente. Com o aumento de produtos biol\u00f3gicos de alto valor, a demanda por um controle de temperatura ultrapreciso \u00e9 fundamental para gerenciar e mitigar os riscos da cadeia fria.  <\/p><p>Os laborat\u00f3rios farmac\u00eauticos devem navegar por regulamenta\u00e7\u00f5es globais complexas enquanto enfrentam a press\u00e3o crescente para reduzir o Custo Total de Propriedade (TCO) e o impacto ambiental. A EMBALL\u2019ISO fornece solu\u00e7\u00f5es isot\u00e9rmicas validadas e de alta performance, projetadas para proteger suas remessas globais, do laborat\u00f3rio ao paciente. <\/p>\t\t\t\t\t\t\t\t<\/div>\n\t\t\t\t<div class=\"elementor-element elementor-element-7417f26 elementor-widget elementor-widget-heading\" data-id=\"7417f26\" data-element_type=\"widget\" data-e-type=\"widget\" data-widget_type=\"heading.default\">\n\t\t\t\t\t<h2 class=\"elementor-heading-title elementor-size-default\">Superando os desafios da log\u00edstica farmac\u00eautica<\/h2>\t\t\t\t<\/div>\n\t\t\t\t<div class=\"elementor-element elementor-element-5e0b4cb elementor-widget elementor-widget-text-editor\" data-id=\"5e0b4cb\" data-element_type=\"widget\" data-e-type=\"widget\" data-widget_type=\"text-editor.default\">\n\t\t\t\t\t\t\t\t\t<p>Para se manterem competitivos e em conformidade, os l\u00edderes farmac\u00eauticos devem enfrentar quatro desafios cr\u00edticos:<\/p>\n<p><\/p>\n<ul>\n<li>\n<p><strong>Seguran\u00e7a e integridade t\u00e9rmica: <\/strong>Manter a estabilidade dos medicamentos \u00e9 inegoci\u00e1vel. Utilizando briquetes de PCM (material de mudan\u00e7a de fase), nossas solu\u00e7\u00f5es garantem que os produtos permane\u00e7am em faixas estritas (2-8\u00b0C, 15-25\u00b0C ou congelamento profundo), eliminando riscos de degrada\u00e7\u00e3o. <\/p>\n<\/li>\n<li>\n<p><strong style=\"background-color: transparent; letter-spacing: 0px;\">Otimiza\u00e7\u00e3o de custos:<\/strong> Ajudamos voc\u00ea a controlar custos por meio de estudos de embalagem que otimizam o peso volum\u00e9trico. Ao melhorar a rela\u00e7\u00e3o carga \u00fatil\/volume e implementar solu\u00e7\u00f5es completas de Reuse &amp; Reverse, reduzimos significativamente o or\u00e7amento log\u00edstico geral.<\/p>\n<\/li>\n<li>\n<p><strong style=\"background-color: transparent; letter-spacing: 0px;\">Parceiro de Sustentabilidade: <\/strong>Premiados com a medalha de Ouro da EcoVadis, apoiamos sua estrat\u00e9gia de RSC.<\/p>\n<\/li>\n<li>\n<p><strong style=\"background-color: transparent; letter-spacing: 0px;\">Conformidade e confiabilidade: <\/strong>Nossas solu\u00e7\u00f5es s\u00e3o qualificadas em nosso laborat\u00f3rio de metrologia certificado pela ISO 9001. Com 500 m\u00b2 e 8 c\u00e2maras clim\u00e1ticas, realizamos mais de 1.000 testes anuais seguindo os protocolos ISTA 7D para garantir o desempenho sob condi\u00e7\u00f5es extremas.<\/p>\n<\/li>\n<\/ul>\t\t\t\t\t\t\t\t<\/div>\n\t\t\t\t<div class=\"elementor-element elementor-element-44c37f6 elementor-widget-divider--view-line elementor-widget elementor-widget-divider\" data-id=\"44c37f6\" data-element_type=\"widget\" data-e-type=\"widget\" data-widget_type=\"divider.default\">\n\t\t\t\t\t\t\t<div class=\"elementor-divider\">\n\t\t\t<span class=\"elementor-divider-separator\">\n\t\t\t\t\t\t<\/span>\n\t\t<\/div>\n\t\t\t\t\t\t<\/div>\n\t\t\t\t<div class=\"elementor-element elementor-element-97e66ee elementor-widget elementor-widget-heading\" data-id=\"97e66ee\" data-element_type=\"widget\" data-e-type=\"widget\" data-widget_type=\"heading.default\">\n\t\t\t\t\t<h3 class=\"elementor-heading-title elementor-size-default\">Nossas solu\u00e7\u00f5es sob medida para Farma<\/h3>\t\t\t\t<\/div>\n\t\t\t\t<div class=\"elementor-element elementor-element-d8f4ddf elementor-widget elementor-widget-text-editor\" data-id=\"d8f4ddf\" data-element_type=\"widget\" data-e-type=\"widget\" data-widget_type=\"text-editor.default\">\n\t\t\t\t\t\t\t\t\t<p>Oferecemos uma Abordagem Din\u00e2mica para atender qualquer dura\u00e7\u00e3o de remessa ou destino:<\/p><ul><li><strong>ISOGO:<\/strong> Uma embalagem ergon\u00f4mica de alta performance para volumes intermedi\u00e1rios.<\/li><li><strong>Gama STANDARD (National, National Plus, Export): <\/strong>Solu\u00e7\u00f5es robustas e comprovadas para seus fluxos di\u00e1rios.<\/li><li><strong>Capas T\u00e9rmicas (TLX):<\/strong> Prote\u00e7\u00e3o leve para corredores farmac\u00eauticos e frete mar\u00edtimo, projetada para evitar choques de temperatura durante o tempo de espera na pista do aeroporto (tarmac).<\/li><li><strong>Ready-to-Use (Fornecimento e pr\u00e9-condicionamento): <\/strong>Terceirize o pr\u00e9-condicionamento de suas embalagens isot\u00e9rmicas para nossos operadores treinados para economizar tempo, espa\u00e7o de armazenamento e espa\u00e7o em refrigeradores.<\/li><\/ul>\t\t\t\t\t\t\t\t<\/div>\n\t\t\t\t\t<\/div>\n\t\t\t\t<\/div>\n\t\t<div class=\"elementor-element elementor-element-71def6c e-flex e-con-boxed e-con e-parent\" data-id=\"71def6c\" data-element_type=\"container\" data-e-type=\"container\">\n\t\t\t\t\t<div class=\"e-con-inner\">\n\t\t<div class=\"elementor-element elementor-element-af25781 e-con-full e-flex e-con e-child\" data-id=\"af25781\" data-element_type=\"container\" data-e-type=\"container\">\n\t\t\t\t<div class=\"elementor-element elementor-element-af7f970 elementor-widget elementor-widget-heading\" data-id=\"af7f970\" data-element_type=\"widget\" data-e-type=\"widget\" data-widget_type=\"heading.default\">\n\t\t\t\t\t<h3 class=\"elementor-heading-title elementor-size-default\">Rede global e expertise em reutiliza\u00e7\u00e3o<\/h3>\t\t\t\t<\/div>\n\t\t\t\t<div class=\"elementor-element elementor-element-3258af4 elementor-widget elementor-widget-text-editor\" data-id=\"3258af4\" data-element_type=\"widget\" data-e-type=\"widget\" data-widget_type=\"text-editor.default\">\n\t\t\t\t\t\t\t\t\t<p>Com uma presen\u00e7a global em 4 continentes, a EMBALL\u2019ISO opera 12 locais de produ\u00e7\u00e3o e mais de 15 centros de servi\u00e7o. Nosso programa de log\u00edstica Reuse &amp; Reverse est\u00e1 dispon\u00edvel em mais de 80 pa\u00edses. <\/p><p>Coletamos as embalagens usadas no destino, onde cada unidade \u00e9 limpa, recondicionada e verificada quanto \u00e0 qualidade para garantir que tenha o mesmo desempenho de uma nova. Este servi\u00e7o chave na m\u00e3o remove o fardo da gest\u00e3o de res\u00edduos de suas opera\u00e7\u00f5es. <\/p>\t\t\t\t\t\t\t\t<\/div>\n\t\t\t\t<\/div>\n\t\t<div class=\"elementor-element elementor-element-e9c3bf5 e-con-full e-flex e-con e-child\" data-id=\"e9c3bf5\" data-element_type=\"container\" data-e-type=\"container\">\n\t\t\t\t<div class=\"elementor-element elementor-element-16d3d63 elementor-widget elementor-widget-heading\" data-id=\"16d3d63\" data-element_type=\"widget\" data-e-type=\"widget\" data-widget_type=\"heading.default\">\n\t\t\t\t\t<h3 class=\"elementor-heading-title elementor-size-default\">Aplica\u00e7\u00f5es t\u00edpicas para o setor farma:<\/h3>\t\t\t\t<\/div>\n\t\t\t\t<div class=\"elementor-element elementor-element-da339b2 elementor-widget elementor-widget-text-editor\" data-id=\"da339b2\" data-element_type=\"widget\" data-e-type=\"widget\" data-widget_type=\"text-editor.default\">\n\t\t\t\t\t\t\t\t\t<ul><li><strong>Envios Internacionais: <\/strong>Utiliza\u00e7\u00e3o de HPPS para transportar grandes lotes de vacinas ou APIs entre continentes com m\u00e1xima estabilidade t\u00e9rmica.<\/li><li><strong> Log\u00edstica de Ensaios Cl\u00ednicos: <\/strong>Garantindo a entrega segura de tratamentos inovadores com caixas de alta seguran\u00e7a Premium+.<\/li><\/ul>\t\t\t\t\t\t\t\t<\/div>\n\t\t\t\t<\/div>\n\t\t\t\t\t<\/div>\n\t\t\t\t<\/div>\n\t\t<div class=\"elementor-element elementor-element-ea6231a e-flex e-con-boxed e-con e-parent\" data-id=\"ea6231a\" data-element_type=\"container\" data-e-type=\"container\">\n\t\t\t\t\t<div class=\"e-con-inner\">\n\t\t\t\t<div class=\"elementor-element elementor-element-b837087 elementor-widget-divider--view-line elementor-widget elementor-widget-divider\" data-id=\"b837087\" data-element_type=\"widget\" data-e-type=\"widget\" data-widget_type=\"divider.default\">\n\t\t\t\t\t\t\t<div class=\"elementor-divider\">\n\t\t\t<span class=\"elementor-divider-separator\">\n\t\t\t\t\t\t<\/span>\n\t\t<\/div>\n\t\t\t\t\t\t<\/div>\n\t\t\t\t<div class=\"elementor-element elementor-element-98aa898 elementor-widget elementor-widget-heading\" data-id=\"98aa898\" data-element_type=\"widget\" data-e-type=\"widget\" data-widget_type=\"heading.default\">\n\t\t\t\t\t<h2 class=\"elementor-heading-title elementor-size-default\">RSE : rumo a uma sa\u00fade animal sustent\u00e1vel<\/h2>\t\t\t\t<\/div>\n\t\t\t\t<div class=\"elementor-element elementor-element-511bf85 elementor-widget elementor-widget-text-editor\" data-id=\"511bf85\" data-element_type=\"widget\" data-e-type=\"widget\" data-widget_type=\"text-editor.default\">\n\t\t\t\t\t\t\t\t\t<p>Como seu Parceiro de Sustentabilidade, ajudamos voc\u00ea a reduzir sua pegada ambiental:<\/p><ul><li>At\u00e9 93% de economia de CO2 atrav\u00e9s do nosso modelo global de reutiliza\u00e7\u00e3o em compara\u00e7\u00e3o com solu\u00e7\u00f5es de uso \u00fanico.<\/li><li><strong>Redu\u00e7\u00e3o de Res\u00edduos: <\/strong>1.600 toneladas de res\u00edduos evitadas anualmente gra\u00e7as \u00e0 nossa rede de coleta e recondicionamento.<\/li><li><strong>Eco-design:<\/strong> Materiais leves e sustent\u00e1veis otimizados para reduzir o impacto de carbono de cada remessa.<\/li><\/ul>\t\t\t\t\t\t\t\t<\/div>\n\t\t\t\t\t<\/div>\n\t\t\t\t<\/div>\n\t\t<div class=\"elementor-element elementor-element-1f3a7d8 e-flex e-con-boxed e-con e-parent\" data-id=\"1f3a7d8\" data-element_type=\"container\" data-e-type=\"container\" data-settings=\"{&quot;background_background&quot;:&quot;classic&quot;}\">\n\t\t\t\t\t<div class=\"e-con-inner\">\n\t\t\t\t<div class=\"elementor-element elementor-element-9b2d6b8 elementor-widget elementor-widget-heading\" data-id=\"9b2d6b8\" data-element_type=\"widget\" data-e-type=\"widget\" data-widget_type=\"heading.default\">\n\t\t\t\t\t<h2 class=\"elementor-heading-title elementor-size-default\">Procurando uma solu\u00e7\u00e3o adaptada \u00e0s suas necessidades farmac\u00eauticas?<\/h2>\t\t\t\t<\/div>\n\t\t\t\t<div class=\"elementor-element elementor-element-0325aa3 elementor-align-center elementor-widget elementor-widget-button\" data-id=\"0325aa3\" data-element_type=\"widget\" data-e-type=\"widget\" data-widget_type=\"button.default\">\n\t\t\t\t\t\t\t\t\t\t<a class=\"elementor-button elementor-button-link elementor-size-sm\" href=\"https:\/\/www.emballiso.com\/pt-br\/contato\/\">\n\t\t\t\t\t\t<span class=\"elementor-button-content-wrapper\">\n\t\t\t\t\t\t<span class=\"elementor-button-icon\">\n\t\t\t\t<svg aria-hidden=\"true\" class=\"e-font-icon-svg e-far-envelope\" viewBox=\"0 0 512 512\" xmlns=\"http:\/\/www.w3.org\/2000\/svg\"><path d=\"M464 64H48C21.49 64 0 85.49 0 112v288c0 26.51 21.49 48 48 48h416c26.51 0 48-21.49 48-48V112c0-26.51-21.49-48-48-48zm0 48v40.805c-22.422 18.259-58.168 46.651-134.587 106.49-16.841 13.247-50.201 45.072-73.413 44.701-23.208.375-56.579-31.459-73.413-44.701C106.18 199.465 70.425 171.067 48 152.805V112h416zM48 400V214.398c22.914 18.251 55.409 43.862 104.938 82.646 21.857 17.205 60.134 55.186 103.062 54.955 42.717.231 80.509-37.199 103.053-54.947 49.528-38.783 82.032-64.401 104.947-82.653V400H48z\"><\/path><\/svg>\t\t\t<\/span>\n\t\t\t\t\t\t\t\t\t<span class=\"elementor-button-text\">Solicitar uma Cota\u00e7\u00e3o<\/span>\n\t\t\t\t\t<\/span>\n\t\t\t\t\t<\/a>\n\t\t\t\t\t\t\t\t<\/div>\n\t\t\t\t\t<\/div>\n\t\t\t\t<\/div>\n\t\t<div class=\"elementor-element elementor-element-74edf2e e-flex e-con-boxed e-con e-parent\" data-id=\"74edf2e\" data-element_type=\"container\" data-e-type=\"container\" data-settings=\"{&quot;background_background&quot;:&quot;classic&quot;}\">\n\t\t\t\t\t<div class=\"e-con-inner\">\n\t\t<div class=\"elementor-element elementor-element-b3edfa4 e-con-full e-flex e-con e-child\" data-id=\"b3edfa4\" data-element_type=\"container\" data-e-type=\"container\">\n\t\t\t\t<div class=\"elementor-element elementor-element-0c073ba elementor-hidden-tablet elementor-hidden-mobile elementor-widget elementor-widget-heading\" data-id=\"0c073ba\" data-element_type=\"widget\" data-e-type=\"widget\" data-widget_type=\"heading.default\">\n\t\t\t\t\t<p class=\"elementor-heading-title elementor-size-default\">Perguntas frequentes<\/p>\t\t\t\t<\/div>\n\t\t\t\t<div class=\"elementor-element elementor-element-0b545ea elementor-icon-list--layout-traditional elementor-list-item-link-full_width elementor-widget elementor-widget-icon-list\" data-id=\"0b545ea\" data-element_type=\"widget\" data-e-type=\"widget\" data-widget_type=\"icon-list.default\">\n\t\t\t\t\t\t\t<ul class=\"elementor-icon-list-items\">\n\t\t\t\t\t\t\t<li class=\"elementor-icon-list-item\">\n\t\t\t\t\t\t\t\t\t\t\t<span class=\"elementor-icon-list-icon\">\n\t\t\t\t\t\t\t<svg aria-hidden=\"true\" class=\"e-font-icon-svg e-fas-check\" viewBox=\"0 0 512 512\" xmlns=\"http:\/\/www.w3.org\/2000\/svg\"><path d=\"M173.898 439.404l-166.4-166.4c-9.997-9.997-9.997-26.206 0-36.204l36.203-36.204c9.997-9.998 26.207-9.998 36.204 0L192 312.69 432.095 72.596c9.997-9.997 26.207-9.997 36.204 0l36.203 36.204c9.997 9.997 9.997 26.206 0 36.204l-294.4 294.401c-9.998 9.997-26.207 9.997-36.204-.001z\"><\/path><\/svg>\t\t\t\t\t\t<\/span>\n\t\t\t\t\t\t\t\t\t\t<span class=\"elementor-icon-list-text\"><strong>Como transportar produtos farmac\u00eauticos com seguran\u00e7a? <\/strong>Utilizando sistemas de embalagem com temperatura controlada de alta performance e garantindo a conformidade atrav\u00e9s de solu\u00e7\u00f5es validadas ISTA 7D.<\/span>\n\t\t\t\t\t\t\t\t\t<\/li>\n\t\t\t\t\t\t\t\t<li class=\"elementor-icon-list-item\">\n\t\t\t\t\t\t\t\t\t\t\t<span class=\"elementor-icon-list-icon\">\n\t\t\t\t\t\t\t<svg aria-hidden=\"true\" class=\"e-font-icon-svg e-fas-check\" viewBox=\"0 0 512 512\" xmlns=\"http:\/\/www.w3.org\/2000\/svg\"><path d=\"M173.898 439.404l-166.4-166.4c-9.997-9.997-9.997-26.206 0-36.204l36.203-36.204c9.997-9.998 26.207-9.998 36.204 0L192 312.69 432.095 72.596c9.997-9.997 26.207-9.997 36.204 0l36.203 36.204c9.997 9.997 9.997 26.206 0 36.204l-294.4 294.401c-9.998 9.997-26.207 9.997-36.204-.001z\"><\/path><\/svg>\t\t\t\t\t\t<\/span>\n\t\t\t\t\t\t\t\t\t\t<span class=\"elementor-icon-list-text\"><strong>Qual \u00e9 o benef\u00edcio das embalagens t\u00e9rmicas reutiliz\u00e1veis? <\/strong>Reduz os custos log\u00edsticos, diminui a pegada ambiental e garante um desempenho consistente, pois cada unidade \u00e9 verificada antes da reutiliza\u00e7\u00e3o.<\/span>\n\t\t\t\t\t\t\t\t\t<\/li>\n\t\t\t\t\t\t<\/ul>\n\t\t\t\t\t\t<\/div>\n\t\t\t\t<\/div>\n\t\t<div class=\"elementor-element elementor-element-a7400fb e-con-full e-flex e-con e-child\" data-id=\"a7400fb\" data-element_type=\"container\" data-e-type=\"container\">\n\t\t\t\t<div class=\"elementor-element elementor-element-bf179db elementor-hidden-tablet elementor-hidden-mobile elementor-widget elementor-widget-heading\" data-id=\"bf179db\" data-element_type=\"widget\" data-e-type=\"widget\" data-widget_type=\"heading.default\">\n\t\t\t\t\t<p class=\"elementor-heading-title elementor-size-default\">EXPLORE OS NOSSOS OUTROS SEGMENTOS<\/p>\t\t\t\t<\/div>\n\t\t\t\t<div class=\"elementor-element elementor-element-12584e0 elementor-icon-list--layout-traditional elementor-list-item-link-full_width elementor-widget elementor-widget-icon-list\" data-id=\"12584e0\" data-element_type=\"widget\" data-e-type=\"widget\" data-widget_type=\"icon-list.default\">\n\t\t\t\t\t\t\t<ul class=\"elementor-icon-list-items\">\n\t\t\t\t\t\t\t<li class=\"elementor-icon-list-item\">\n\t\t\t\t\t\t\t\t\t\t\t<a href=\"https:\/\/www.emballiso.com\/pt-br\/solucoes-de-embalagens-para-cadeia-fria-para-especialistas-em-logistica\/\">\n\n\t\t\t\t\t\t\t\t\t\t\t\t<span class=\"elementor-icon-list-icon\">\n\t\t\t\t\t\t\t<svg aria-hidden=\"true\" class=\"e-font-icon-svg e-fas-check\" viewBox=\"0 0 512 512\" xmlns=\"http:\/\/www.w3.org\/2000\/svg\"><path d=\"M173.898 439.404l-166.4-166.4c-9.997-9.997-9.997-26.206 0-36.204l36.203-36.204c9.997-9.998 26.207-9.998 36.204 0L192 312.69 432.095 72.596c9.997-9.997 26.207-9.997 36.204 0l36.203 36.204c9.997 9.997 9.997 26.206 0 36.204l-294.4 294.401c-9.998 9.997-26.207 9.997-36.204-.001z\"><\/path><\/svg>\t\t\t\t\t\t<\/span>\n\t\t\t\t\t\t\t\t\t\t<span class=\"elementor-icon-list-text\"><strong>Para especialistas em log\u00edstica: <\/strong>Otimize seus fluxos de cadeia fria com nossa rede global.<\/span>\n\t\t\t\t\t\t\t\t\t\t\t<\/a>\n\t\t\t\t\t\t\t\t\t<\/li>\n\t\t\t\t\t\t\t\t<li class=\"elementor-icon-list-item\">\n\t\t\t\t\t\t\t\t\t\t\t<a href=\"https:\/\/www.emballiso.com\/pt-br\/embalagens-para-cadeia-fria-para-ensaios-clinicos\/\">\n\n\t\t\t\t\t\t\t\t\t\t\t\t<span class=\"elementor-icon-list-icon\">\n\t\t\t\t\t\t\t<svg aria-hidden=\"true\" class=\"e-font-icon-svg e-fas-check\" viewBox=\"0 0 512 512\" xmlns=\"http:\/\/www.w3.org\/2000\/svg\"><path d=\"M173.898 439.404l-166.4-166.4c-9.997-9.997-9.997-26.206 0-36.204l36.203-36.204c9.997-9.998 26.207-9.998 36.204 0L192 312.69 432.095 72.596c9.997-9.997 26.207-9.997 36.204 0l36.203 36.204c9.997 9.997 9.997 26.206 0 36.204l-294.4 294.401c-9.998 9.997-26.207 9.997-36.204-.001z\"><\/path><\/svg>\t\t\t\t\t\t<\/span>\n\t\t\t\t\t\t\t\t\t\t<span class=\"elementor-icon-list-text\"><strong>Para ensaios cl\u00ednicos: <\/strong>Solu\u00e7\u00f5es de pesquisa especializadas com longa autonomia.<\/span>\n\t\t\t\t\t\t\t\t\t\t\t<\/a>\n\t\t\t\t\t\t\t\t\t<\/li>\n\t\t\t\t\t\t\t\t<li class=\"elementor-icon-list-item\">\n\t\t\t\t\t\t\t\t\t\t\t<a href=\"https:\/\/www.emballiso.com\/pt-br\/solucoes-de-embalagens-para-cadeia-fria-para-profissionais-de-last-mile\/\">\n\n\t\t\t\t\t\t\t\t\t\t\t\t<span class=\"elementor-icon-list-icon\">\n\t\t\t\t\t\t\t<svg aria-hidden=\"true\" class=\"e-font-icon-svg e-fas-check\" viewBox=\"0 0 512 512\" xmlns=\"http:\/\/www.w3.org\/2000\/svg\"><path d=\"M173.898 439.404l-166.4-166.4c-9.997-9.997-9.997-26.206 0-36.204l36.203-36.204c9.997-9.998 26.207-9.998 36.204 0L192 312.69 432.095 72.596c9.997-9.997 26.207-9.997 36.204 0l36.203 36.204c9.997 9.997 9.997 26.206 0 36.204l-294.4 294.401c-9.998 9.997-26.207 9.997-36.204-.001z\"><\/path><\/svg>\t\t\t\t\t\t<\/span>\n\t\t\t\t\t\t\t\t\t\t<span class=\"elementor-icon-list-text\"><strong>Para profissionais de \u00faltima milha (last-mile): <\/strong>Bolsas e caixas pr\u00e1ticas e leves para entregas locais.<\/span>\n\t\t\t\t\t\t\t\t\t\t\t<\/a>\n\t\t\t\t\t\t\t\t\t<\/li>\n\t\t\t\t\t\t<\/ul>\n\t\t\t\t\t\t<\/div>\n\t\t\t\t<\/div>\n\t\t\t\t\t<\/div>\n\t\t\t\t<\/div>\n\t\t\t\t<\/div>\n\t\t","protected":false},"excerpt":{"rendered":"<p>Solu\u00e7\u00f5es de embalagens de cadeia fria para empresas farmac\u00eauticas H\u00e1 mais de 35 anos, a EMBALL\u2019ISO \u00e9 l\u00edder global no design e fabrica\u00e7\u00e3o de sistemas de embalagens de alta performance com temperatura controlada. Na ind\u00fastria de Ci\u00eancias da Vida, a cadeia de suprimentos \u00e9 o elo final para garantir a seguran\u00e7a do paciente. Com o [&hellip;]<\/p>\n","protected":false},"author":1,"featured_media":0,"parent":0,"menu_order":0,"comment_status":"closed","ping_status":"closed","template":"","meta":{"_acf_changed":false,"footnotes":""},"class_list":["post-7235","page","type-page","status-publish","hentry"],"acf":[],"_links":{"self":[{"href":"https:\/\/www.emballiso.com\/pt-br\/wp-json\/wp\/v2\/pages\/7235","targetHints":{"allow":["GET"]}}],"collection":[{"href":"https:\/\/www.emballiso.com\/pt-br\/wp-json\/wp\/v2\/pages"}],"about":[{"href":"https:\/\/www.emballiso.com\/pt-br\/wp-json\/wp\/v2\/types\/page"}],"author":[{"embeddable":true,"href":"https:\/\/www.emballiso.com\/pt-br\/wp-json\/wp\/v2\/users\/1"}],"replies":[{"embeddable":true,"href":"https:\/\/www.emballiso.com\/pt-br\/wp-json\/wp\/v2\/comments?post=7235"}],"version-history":[{"count":7,"href":"https:\/\/www.emballiso.com\/pt-br\/wp-json\/wp\/v2\/pages\/7235\/revisions"}],"predecessor-version":[{"id":8686,"href":"https:\/\/www.emballiso.com\/pt-br\/wp-json\/wp\/v2\/pages\/7235\/revisions\/8686"}],"wp:attachment":[{"href":"https:\/\/www.emballiso.com\/pt-br\/wp-json\/wp\/v2\/media?parent=7235"}],"curies":[{"name":"wp","href":"https:\/\/api.w.org\/{rel}","templated":true}]}}