{"id":7148,"date":"2026-02-11T15:15:57","date_gmt":"2026-02-11T14:15:57","guid":{"rendered":"https:\/\/www.emballiso.com\/solucoes-de-embalagens-para-cadeia-fria-para-especialistas-em-logistica\/"},"modified":"2026-04-10T15:14:12","modified_gmt":"2026-04-10T13:14:12","slug":"solucoes-de-embalagens-para-cadeia-fria-para-especialistas-em-logistica","status":"publish","type":"page","link":"https:\/\/www.emballiso.com\/pt-br\/solucoes-de-embalagens-para-cadeia-fria-para-especialistas-em-logistica\/","title":{"rendered":"Solu\u00e7\u00f5es de Embalagens para Cadeia Fria para Especialistas em Log\u00edstica"},"content":{"rendered":"\t\t<div data-elementor-type=\"wp-page\" data-elementor-id=\"7148\" class=\"elementor elementor-7148 elementor-3063\" data-elementor-post-type=\"page\">\n\t\t\t\t<div class=\"elementor-element elementor-element-a4e6b73 e-flex e-con-boxed e-con e-parent\" data-id=\"a4e6b73\" data-element_type=\"container\" data-e-type=\"container\">\n\t\t\t\t\t<div class=\"e-con-inner\">\n\t\t\t\t<div class=\"elementor-element elementor-element-9a3d459 elementor-invisible elementor-widget elementor-widget-heading\" data-id=\"9a3d459\" data-element_type=\"widget\" data-e-type=\"widget\" data-settings=\"{&quot;_animation&quot;:&quot;fadeInDown&quot;}\" data-widget_type=\"heading.default\">\n\t\t\t\t\t<h1 class=\"elementor-heading-title elementor-size-default\"><span class=\"gradient-blue\">Solu\u00e7\u00f5es de Embalagens para Cadeia Fria para Especialistas em Log\u00edstica<\/span><\/h1>\t\t\t\t<\/div>\n\t\t\t\t<div class=\"elementor-element elementor-element-1e81825 elementor-widget elementor-widget-text-editor\" data-id=\"1e81825\" data-element_type=\"widget\" data-e-type=\"widget\" data-widget_type=\"text-editor.default\">\n\t\t\t\t\t\t\t\t\t<p>Como profissional de log\u00edstica, voc\u00ea \u00e9 a espinha dorsal da cadeia de suprimentos global. Gerenciar mercadorias sens\u00edveis \u00e0 temperatura para seus clientes exige velocidade, precis\u00e3o e um profundo entendimento dos riscos t\u00e9rmicos. Seja voc\u00ea um 3PL ou um agente de cargas, os desafios s\u00e3o claros: voc\u00ea deve garantir uma integridade t\u00e9rmica impec\u00e1vel, cumprir regulamenta\u00e7\u00f5es rigorosas e manter a efici\u00eancia operacional, tudo isso mantendo os custos sob controle.  <\/p><p>A EMBALL\u2019ISO apoia os especialistas em log\u00edstica com uma ampla gama de solu\u00e7\u00f5es isot\u00e9rmicas eficientes e f\u00e1ceis de usar. De pequenas encomendas a grandes pallet shippers, nossos produtos s\u00e3o projetados para simplificar suas opera\u00e7\u00f5es de armaz\u00e9m e proporcionar o melhor Custo Total de Propriedade (TCO) para seus clientes. <\/p>\t\t\t\t\t\t\t\t<\/div>\n\t\t\t\t<div class=\"elementor-element elementor-element-7417f26 elementor-widget elementor-widget-heading\" data-id=\"7417f26\" data-element_type=\"widget\" data-e-type=\"widget\" data-widget_type=\"heading.default\">\n\t\t\t\t\t<h2 class=\"elementor-heading-title elementor-size-default\">Enfrentando os principais desafios da log\u00edstica de cadeia fria<\/h2>\t\t\t\t<\/div>\n\t\t\t\t<div class=\"elementor-element elementor-element-5e0b4cb elementor-widget elementor-widget-text-editor\" data-id=\"5e0b4cb\" data-element_type=\"widget\" data-e-type=\"widget\" data-widget_type=\"text-editor.default\">\n\t\t\t\t\t\t\t\t\t<p>Ajudamos voc\u00ea a oferecer um servi\u00e7o de excel\u00eancia aos seus clientes, enfrentando os principais desafios do transporte com controle de temperatura:<\/p><ul><li><strong>Excel\u00eancia Operacional:<\/strong> O tempo \u00e9 um recurso cr\u00edtico em qualquer armaz\u00e9m. Nossas solu\u00e7\u00f5es s\u00e3o projetadas para uma montagem intuitiva e r\u00e1pida. Com o nosso servi\u00e7o <strong>&#8220;Ready-to-use&#8221;<\/strong>, entregamos as embalagens j\u00e1 preparadas e pr\u00e9-condicionadas na temperatura necess\u00e1ria, permitindo que voc\u00ea carregue e envie imediatamente.  <\/li><li><strong>Otimiza\u00e7\u00e3o de Custo e Carga \u00datil:<\/strong> Focamos em maximizar a rela\u00e7\u00e3o entre a carga \u00fatil interna e as dimens\u00f5es externas. Nossos designs leves e otimizados ajudam voc\u00ea a reduzir os custos de frete e a maximizar o espa\u00e7o em caminh\u00f5es ou aeronaves. <\/li><li><strong>Confiabilidade de Ponta a Ponta:<\/strong> Seja no envio de produtos farmac\u00eauticos ou biotecnologia de alto valor, nossas solu\u00e7\u00f5es s\u00e3o validadas de acordo com os padr\u00f5es internacionais (ISTA 7D), proporcionando total tranquilidade para voc\u00ea e seus clientes.<\/li><li><strong>Disponibilidade Global:<\/strong> Com uma presen\u00e7a mundial, fornecemos as embalagens que voc\u00ea precisa, onde voc\u00ea precisa, ajudando-o a responder rapidamente \u00e0s altas temporadas ou solicita\u00e7\u00f5es urgentes de seus clientes.<\/li><\/ul>\t\t\t\t\t\t\t\t<\/div>\n\t\t\t\t<div class=\"elementor-element elementor-element-44c37f6 elementor-widget-divider--view-line elementor-widget elementor-widget-divider\" data-id=\"44c37f6\" data-element_type=\"widget\" data-e-type=\"widget\" data-widget_type=\"divider.default\">\n\t\t\t\t\t\t\t<div class=\"elementor-divider\">\n\t\t\t<span class=\"elementor-divider-separator\">\n\t\t\t\t\t\t<\/span>\n\t\t<\/div>\n\t\t\t\t\t\t<\/div>\n\t\t\t\t<div class=\"elementor-element elementor-element-97e66ee elementor-widget elementor-widget-heading\" data-id=\"97e66ee\" data-element_type=\"widget\" data-e-type=\"widget\" data-widget_type=\"heading.default\">\n\t\t\t\t\t<h3 class=\"elementor-heading-title elementor-size-default\">Solu\u00e7\u00f5es a medida para todos os volumes<\/h3>\t\t\t\t<\/div>\n\t\t\t\t<div class=\"elementor-element elementor-element-d8f4ddf elementor-widget elementor-widget-text-editor\" data-id=\"d8f4ddf\" data-element_type=\"widget\" data-e-type=\"widget\" data-widget_type=\"text-editor.default\">\n\t\t\t\t\t\t\t\t\t<p>Nosso cat\u00e1logo de produtos foi constru\u00eddo para cobrir todos os cen\u00e1rios log\u00edsticos:<\/p><ul><li><p><strong>Pallet Shippers:<\/strong> Solu\u00e7\u00f5es de alta capacidade.<\/p><\/li><li><p><strong>Box Pallets:<\/strong> Para remessas internacionais de grande volume.<\/p><\/li><li><p><strong>Capas T\u00e9rmicas:<\/strong> Uma forma econ\u00f4mica de proteger grandes volumes contra choques t\u00e9rmicos durante o tempo de espera na pista (tarmac) ou no tr\u00e2nsito rodovi\u00e1rio.<\/p><\/li><li><p><strong>VYPE &amp; ISOGO:<\/strong> Embalagens de alta performance para pequenos volumes e entregas de precis\u00e3o.<\/p><\/li><li><p><strong>STANDARD EXPORT:<\/strong> Solu\u00e7\u00f5es robustas e eficientes projetadas para envios internacionais de uso \u00fanico (one-way).<\/p><\/li><\/ul>\t\t\t\t\t\t\t\t<\/div>\n\t\t\t\t\t<\/div>\n\t\t\t\t<\/div>\n\t\t<div class=\"elementor-element elementor-element-71def6c e-flex e-con-boxed e-con e-parent\" data-id=\"71def6c\" data-element_type=\"container\" data-e-type=\"container\">\n\t\t\t\t\t<div class=\"e-con-inner\">\n\t\t<div class=\"elementor-element elementor-element-af25781 e-con-full e-flex e-con e-child\" data-id=\"af25781\" data-element_type=\"container\" data-e-type=\"container\">\n\t\t\t\t<div class=\"elementor-element elementor-element-af7f970 elementor-widget elementor-widget-heading\" data-id=\"af7f970\" data-element_type=\"widget\" data-e-type=\"widget\" data-widget_type=\"heading.default\">\n\t\t\t\t\t<h3 class=\"elementor-heading-title elementor-size-default\">Rede global e servi\u00e7os de valor agregado<\/h3>\t\t\t\t<\/div>\n\t\t\t\t<div class=\"elementor-element elementor-element-3258af4 elementor-widget elementor-widget-text-editor\" data-id=\"3258af4\" data-element_type=\"widget\" data-e-type=\"widget\" data-widget_type=\"text-editor.default\">\n\t\t\t\t\t\t\t\t\t<p>Com <strong>12 f\u00e1bricas e mais de 15 centros de servi\u00e7o<\/strong> em todo o mundo, a EMBALL\u2019ISO est\u00e1 estrategicamente localizada ao longo de suas principais rotas log\u00edsticas.<\/p><ul><li><strong>Servi\u00e7o Ready-to-use:<\/strong> Cuidamos da montagem e do pr\u00e9-condicionamento dos elementos refrigerantes para que voc\u00ea n\u00e3o precise se preocupar.<\/li><li><strong>Rede Global de Reutiliza\u00e7\u00e3o:<\/strong> Gerenciamos a coleta de embalagens usadas em mais de 80 pa\u00edses, removendo o fardo da log\u00edstica reversa e da gest\u00e3o de res\u00edduos de suas opera\u00e7\u00f5es.<\/li><li><strong>Suporte T\u00e9cnico e Expertise em Conformidade:<\/strong> Aproveite a experi\u00eancia do nosso Laborat\u00f3rio de Metrologia interno. Fornecemos os dados t\u00e9cnicos e relat\u00f3rios validados necess\u00e1rios para garantir total conformidade e confiabilidade t\u00e9rmica aos seus clientes finais. <\/li><\/ul>\t\t\t\t\t\t\t\t<\/div>\n\t\t\t\t<\/div>\n\t\t<div class=\"elementor-element elementor-element-e9c3bf5 e-con-full e-flex e-con e-child\" data-id=\"e9c3bf5\" data-element_type=\"container\" data-e-type=\"container\">\n\t\t\t\t<div class=\"elementor-element elementor-element-16d3d63 elementor-widget elementor-widget-heading\" data-id=\"16d3d63\" data-element_type=\"widget\" data-e-type=\"widget\" data-widget_type=\"heading.default\">\n\t\t\t\t\t<h3 class=\"elementor-heading-title elementor-size-default\">Aplica\u00e7\u00f5es t\u00edpicas para provedores de log\u00edstica<\/h3>\t\t\t\t<\/div>\n\t\t\t\t<div class=\"elementor-element elementor-element-da339b2 elementor-widget elementor-widget-text-editor\" data-id=\"da339b2\" data-element_type=\"widget\" data-e-type=\"widget\" data-widget_type=\"text-editor.default\">\n\t\t\t\t\t\t\t\t\t<ul><li><strong>Exporta\u00e7\u00e3o Internacional Segura:<\/strong> Uso de Pallet Shippers para transporte farmac\u00eautico em larga escala via frete a\u00e9reo ou mar\u00edtimo.<\/li><li><strong>Log\u00edstica de Precis\u00e3o para Alto Valor:<\/strong> Envio de amostras laboratoriais ou tratamentos inovadores utilizando as solu\u00e7\u00f5es VYPE e ISOGO.<\/li><li><strong>Prote\u00e7\u00e3o em Tr\u00e2nsito e Pista:<\/strong> Utiliza\u00e7\u00e3o de Mantas T\u00e9rmicas para proteger a carga da radia\u00e7\u00e3o solar e picos de temperatura durante o manuseio no aeroporto.<\/li><\/ul>\t\t\t\t\t\t\t\t<\/div>\n\t\t\t\t<\/div>\n\t\t\t\t\t<\/div>\n\t\t\t\t<\/div>\n\t\t<div class=\"elementor-element elementor-element-ea6231a e-flex e-con-boxed e-con e-parent\" data-id=\"ea6231a\" data-element_type=\"container\" data-e-type=\"container\">\n\t\t\t\t\t<div class=\"e-con-inner\">\n\t\t\t\t<div class=\"elementor-element elementor-element-b837087 elementor-widget-divider--view-line elementor-widget elementor-widget-divider\" data-id=\"b837087\" data-element_type=\"widget\" data-e-type=\"widget\" data-widget_type=\"divider.default\">\n\t\t\t\t\t\t\t<div class=\"elementor-divider\">\n\t\t\t<span class=\"elementor-divider-separator\">\n\t\t\t\t\t\t<\/span>\n\t\t<\/div>\n\t\t\t\t\t\t<\/div>\n\t\t\t\t<div class=\"elementor-element elementor-element-98aa898 elementor-widget elementor-widget-heading\" data-id=\"98aa898\" data-element_type=\"widget\" data-e-type=\"widget\" data-widget_type=\"heading.default\">\n\t\t\t\t\t<h2 class=\"elementor-heading-title elementor-size-default\">Sustentabilidade: uma vantagem competitiva para seus clientes<\/h2>\t\t\t\t<\/div>\n\t\t\t\t<div class=\"elementor-element elementor-element-511bf85 elementor-widget elementor-widget-text-editor\" data-id=\"511bf85\" data-element_type=\"widget\" data-e-type=\"widget\" data-widget_type=\"text-editor.default\">\n\t\t\t\t\t\t\t\t\t<p>Os provedores de log\u00edstica s\u00e3o cada vez mais avaliados por sua pegada de carbono. A EMBALL\u2019ISO ajuda voc\u00ea a impulsionar seu desempenho de RSC: <\/p><ul><li><strong>At\u00e9 91% de economia de CO2<\/strong> atrav\u00e9s do nosso modelo global de reutiliza\u00e7\u00e3o em compara\u00e7\u00e3o com alternativas de uso \u00fanico.<\/li><li><strong>Redu\u00e7\u00e3o de Res\u00edduos:<\/strong> Ao oferecer recipientes reutiliz\u00e1veis, voc\u00ea ajuda seus clientes a eliminar o descarte de embalagens no destino.<\/li><li><strong>Eco-design:<\/strong> Materiais leves otimizados para minimizar o impacto de carbono de cada remessa.<\/li><\/ul>\t\t\t\t\t\t\t\t<\/div>\n\t\t\t\t\t<\/div>\n\t\t\t\t<\/div>\n\t\t<div class=\"elementor-element elementor-element-1f3a7d8 e-flex e-con-boxed e-con e-parent\" data-id=\"1f3a7d8\" data-element_type=\"container\" data-e-type=\"container\" data-settings=\"{&quot;background_background&quot;:&quot;classic&quot;}\">\n\t\t\t\t\t<div class=\"e-con-inner\">\n\t\t\t\t<div class=\"elementor-element elementor-element-9b2d6b8 elementor-widget elementor-widget-heading\" data-id=\"9b2d6b8\" data-element_type=\"widget\" data-e-type=\"widget\" data-widget_type=\"heading.default\">\n\t\t\t\t\t<h2 class=\"elementor-heading-title elementor-size-default\">Procurando uma solu\u00e7\u00e3o flex\u00edvel e adaptada \u00e0s suas necessidades log\u00edsticas?<\/h2>\t\t\t\t<\/div>\n\t\t\t\t<div class=\"elementor-element elementor-element-0325aa3 elementor-align-center elementor-widget elementor-widget-button\" data-id=\"0325aa3\" data-element_type=\"widget\" data-e-type=\"widget\" data-widget_type=\"button.default\">\n\t\t\t\t\t\t\t\t\t\t<a class=\"elementor-button elementor-button-link elementor-size-sm\" href=\"https:\/\/www.emballiso.com\/pt-br\/contato\/\">\n\t\t\t\t\t\t<span class=\"elementor-button-content-wrapper\">\n\t\t\t\t\t\t<span class=\"elementor-button-icon\">\n\t\t\t\t<svg aria-hidden=\"true\" class=\"e-font-icon-svg e-far-envelope\" viewBox=\"0 0 512 512\" xmlns=\"http:\/\/www.w3.org\/2000\/svg\"><path d=\"M464 64H48C21.49 64 0 85.49 0 112v288c0 26.51 21.49 48 48 48h416c26.51 0 48-21.49 48-48V112c0-26.51-21.49-48-48-48zm0 48v40.805c-22.422 18.259-58.168 46.651-134.587 106.49-16.841 13.247-50.201 45.072-73.413 44.701-23.208.375-56.579-31.459-73.413-44.701C106.18 199.465 70.425 171.067 48 152.805V112h416zM48 400V214.398c22.914 18.251 55.409 43.862 104.938 82.646 21.857 17.205 60.134 55.186 103.062 54.955 42.717.231 80.509-37.199 103.053-54.947 49.528-38.783 82.032-64.401 104.947-82.653V400H48z\"><\/path><\/svg>\t\t\t<\/span>\n\t\t\t\t\t\t\t\t\t<span class=\"elementor-button-text\">Solicitar uma Cota\u00e7\u00e3o<\/span>\n\t\t\t\t\t<\/span>\n\t\t\t\t\t<\/a>\n\t\t\t\t\t\t\t\t<\/div>\n\t\t\t\t\t<\/div>\n\t\t\t\t<\/div>\n\t\t<div class=\"elementor-element elementor-element-74edf2e e-flex e-con-boxed e-con e-parent\" data-id=\"74edf2e\" data-element_type=\"container\" data-e-type=\"container\" data-settings=\"{&quot;background_background&quot;:&quot;classic&quot;}\">\n\t\t\t\t\t<div class=\"e-con-inner\">\n\t\t<div class=\"elementor-element elementor-element-b3edfa4 e-con-full e-flex e-con e-child\" data-id=\"b3edfa4\" data-element_type=\"container\" data-e-type=\"container\">\n\t\t\t\t<div class=\"elementor-element elementor-element-0c073ba elementor-hidden-tablet elementor-hidden-mobile elementor-widget elementor-widget-heading\" data-id=\"0c073ba\" data-element_type=\"widget\" data-e-type=\"widget\" data-widget_type=\"heading.default\">\n\t\t\t\t\t<p class=\"elementor-heading-title elementor-size-default\">Perguntas frequentes<\/p>\t\t\t\t<\/div>\n\t\t\t\t<div class=\"elementor-element elementor-element-0b545ea elementor-icon-list--layout-traditional elementor-list-item-link-full_width elementor-widget elementor-widget-icon-list\" data-id=\"0b545ea\" data-element_type=\"widget\" data-e-type=\"widget\" data-widget_type=\"icon-list.default\">\n\t\t\t\t\t\t\t<ul class=\"elementor-icon-list-items\">\n\t\t\t\t\t\t\t<li class=\"elementor-icon-list-item\">\n\t\t\t\t\t\t\t\t\t\t\t<span class=\"elementor-icon-list-icon\">\n\t\t\t\t\t\t\t<svg aria-hidden=\"true\" class=\"e-font-icon-svg e-fas-check\" viewBox=\"0 0 512 512\" xmlns=\"http:\/\/www.w3.org\/2000\/svg\"><path d=\"M173.898 439.404l-166.4-166.4c-9.997-9.997-9.997-26.206 0-36.204l36.203-36.204c9.997-9.998 26.207-9.998 36.204 0L192 312.69 432.095 72.596c9.997-9.997 26.207-9.997 36.204 0l36.203 36.204c9.997 9.997 9.997 26.206 0 36.204l-294.4 294.401c-9.998 9.997-26.207 9.997-36.204-.001z\"><\/path><\/svg>\t\t\t\t\t\t<\/span>\n\t\t\t\t\t\t\t\t\t\t<span class=\"elementor-icon-list-text\"><strong>Que \u00e9 embalagem isot\u00e9rmica \"Ready-to-use\"? <\/strong>\u00c9 um servi\u00e7o onde a EMBALL'ISO entrega as embalagens j\u00e1 montadas e pr\u00e9-condicionadas (refrigeradas ou congeladas) em seu armaz\u00e9m, prontas para carregamento imediato.<\/span>\n\t\t\t\t\t\t\t\t\t<\/li>\n\t\t\t\t\t\t\t\t<li class=\"elementor-icon-list-item\">\n\t\t\t\t\t\t\t\t\t\t\t<span class=\"elementor-icon-list-icon\">\n\t\t\t\t\t\t\t<svg aria-hidden=\"true\" class=\"e-font-icon-svg e-fas-check\" viewBox=\"0 0 512 512\" xmlns=\"http:\/\/www.w3.org\/2000\/svg\"><path d=\"M173.898 439.404l-166.4-166.4c-9.997-9.997-9.997-26.206 0-36.204l36.203-36.204c9.997-9.998 26.207-9.998 36.204 0L192 312.69 432.095 72.596c9.997-9.997 26.207-9.997 36.204 0l36.203 36.204c9.997 9.997 9.997 26.206 0 36.204l-294.4 294.401c-9.998 9.997-26.207 9.997-36.204-.001z\"><\/path><\/svg>\t\t\t\t\t\t<\/span>\n\t\t\t\t\t\t\t\t\t\t<span class=\"elementor-icon-list-text\"><strong>Como os log\u00edsticos podem reduzir os custos da cadeia fria? <\/strong>Utilizando embalagens com uma rela\u00e7\u00e3o peso\/volume otimizada e aproveitando o programa Reuse &amp; Reverse para eliminar custos de descarte e reduzir o TCO.<\/span>\n\t\t\t\t\t\t\t\t\t<\/li>\n\t\t\t\t\t\t\t\t<li class=\"elementor-icon-list-item\">\n\t\t\t\t\t\t\t\t\t\t\t<span class=\"elementor-icon-list-icon\">\n\t\t\t\t\t\t\t<svg aria-hidden=\"true\" class=\"e-font-icon-svg e-fas-check\" viewBox=\"0 0 512 512\" xmlns=\"http:\/\/www.w3.org\/2000\/svg\"><path d=\"M173.898 439.404l-166.4-166.4c-9.997-9.997-9.997-26.206 0-36.204l36.203-36.204c9.997-9.998 26.207-9.998 36.204 0L192 312.69 432.095 72.596c9.997-9.997 26.207-9.997 36.204 0l36.203 36.204c9.997 9.997 9.997 26.206 0 36.204l-294.4 294.401c-9.998 9.997-26.207 9.997-36.204-.001z\"><\/path><\/svg>\t\t\t\t\t\t<\/span>\n\t\t\t\t\t\t\t\t\t\t<span class=\"elementor-icon-list-text\"><b>Qual \u00e9 a melhor prote\u00e7\u00e3o para esperas na pista do aeroporto? <\/b>As Capas T\u00e9rmicas s\u00e3o a solu\u00e7\u00e3o mais eficaz e econ\u00f4mica para proteger mercadorias paletizadas contra excurs\u00f5es de temperatura durante o carregamento e descarregamento de aeronaves.<\/span>\n\t\t\t\t\t\t\t\t\t<\/li>\n\t\t\t\t\t\t<\/ul>\n\t\t\t\t\t\t<\/div>\n\t\t\t\t<\/div>\n\t\t<div class=\"elementor-element elementor-element-a7400fb e-con-full e-flex e-con e-child\" data-id=\"a7400fb\" data-element_type=\"container\" data-e-type=\"container\">\n\t\t\t\t<div class=\"elementor-element elementor-element-bf179db elementor-hidden-tablet elementor-hidden-mobile elementor-widget elementor-widget-heading\" data-id=\"bf179db\" data-element_type=\"widget\" data-e-type=\"widget\" data-widget_type=\"heading.default\">\n\t\t\t\t\t<p class=\"elementor-heading-title elementor-size-default\">EXPLORE OS NOSSOS OUTROS SEGMENTOS<\/p>\t\t\t\t<\/div>\n\t\t\t\t<div class=\"elementor-element elementor-element-12584e0 elementor-icon-list--layout-traditional elementor-list-item-link-full_width elementor-widget elementor-widget-icon-list\" data-id=\"12584e0\" data-element_type=\"widget\" data-e-type=\"widget\" data-widget_type=\"icon-list.default\">\n\t\t\t\t\t\t\t<ul class=\"elementor-icon-list-items\">\n\t\t\t\t\t\t\t<li class=\"elementor-icon-list-item\">\n\t\t\t\t\t\t\t\t\t\t\t<a href=\"https:\/\/www.emballiso.com\/pt-br\/solucoes-de-embalagens-de-cadeia-fria-para-empresas-farmaceuticas\/\">\n\n\t\t\t\t\t\t\t\t\t\t\t\t<span class=\"elementor-icon-list-icon\">\n\t\t\t\t\t\t\t<svg aria-hidden=\"true\" class=\"e-font-icon-svg e-fas-check\" viewBox=\"0 0 512 512\" xmlns=\"http:\/\/www.w3.org\/2000\/svg\"><path d=\"M173.898 439.404l-166.4-166.4c-9.997-9.997-9.997-26.206 0-36.204l36.203-36.204c9.997-9.998 26.207-9.998 36.204 0L192 312.69 432.095 72.596c9.997-9.997 26.207-9.997 36.204 0l36.203 36.204c9.997 9.997 9.997 26.206 0 36.204l-294.4 294.401c-9.998 9.997-26.207 9.997-36.204-.001z\"><\/path><\/svg>\t\t\t\t\t\t<\/span>\n\t\t\t\t\t\t\t\t\t\t<span class=\"elementor-icon-list-text\"><strong>Para Empresas Farmac\u00eauticas:<\/strong> Solu\u00e7\u00f5es de alta seguran\u00e7a para medicamentos vitais.<\/span>\n\t\t\t\t\t\t\t\t\t\t\t<\/a>\n\t\t\t\t\t\t\t\t\t<\/li>\n\t\t\t\t\t\t\t\t<li class=\"elementor-icon-list-item\">\n\t\t\t\t\t\t\t\t\t\t\t<a href=\"https:\/\/www.emballiso.com\/pt-br\/embalagens-para-cadeia-fria-para-ensaios-clinicos\/\">\n\n\t\t\t\t\t\t\t\t\t\t\t\t<span class=\"elementor-icon-list-icon\">\n\t\t\t\t\t\t\t<svg aria-hidden=\"true\" class=\"e-font-icon-svg e-fas-check\" viewBox=\"0 0 512 512\" xmlns=\"http:\/\/www.w3.org\/2000\/svg\"><path d=\"M173.898 439.404l-166.4-166.4c-9.997-9.997-9.997-26.206 0-36.204l36.203-36.204c9.997-9.998 26.207-9.998 36.204 0L192 312.69 432.095 72.596c9.997-9.997 26.207-9.997 36.204 0l36.203 36.204c9.997 9.997 9.997 26.206 0 36.204l-294.4 294.401c-9.998 9.997-26.207 9.997-36.204-.001z\"><\/path><\/svg>\t\t\t\t\t\t<\/span>\n\t\t\t\t\t\t\t\t\t\t<span class=\"elementor-icon-list-text\"><strong>Para Ensaios Cl\u00ednicos:<\/strong> Log\u00edstica avan\u00e7ada para P&amp;D e pesquisa cl\u00ednica.<\/span>\n\t\t\t\t\t\t\t\t\t\t\t<\/a>\n\t\t\t\t\t\t\t\t\t<\/li>\n\t\t\t\t\t\t\t\t<li class=\"elementor-icon-list-item\">\n\t\t\t\t\t\t\t\t\t\t\t<a href=\"https:\/\/www.emballiso.com\/pt-br\/solucoes-de-embalagens-para-cadeia-fria-para-profissionais-de-last-mile\/\">\n\n\t\t\t\t\t\t\t\t\t\t\t\t<span class=\"elementor-icon-list-icon\">\n\t\t\t\t\t\t\t<svg aria-hidden=\"true\" class=\"e-font-icon-svg e-fas-check\" viewBox=\"0 0 512 512\" xmlns=\"http:\/\/www.w3.org\/2000\/svg\"><path d=\"M173.898 439.404l-166.4-166.4c-9.997-9.997-9.997-26.206 0-36.204l36.203-36.204c9.997-9.998 26.207-9.998 36.204 0L192 312.69 432.095 72.596c9.997-9.997 26.207-9.997 36.204 0l36.203 36.204c9.997 9.997 9.997 26.206 0 36.204l-294.4 294.401c-9.998 9.997-26.207 9.997-36.204-.001z\"><\/path><\/svg>\t\t\t\t\t\t<\/span>\n\t\t\t\t\t\t\t\t\t\t<span class=\"elementor-icon-list-text\"><strong> Para Profissionais de \u00daltima Milha:<\/strong> Embalagens dedicadas para produtos de sa\u00fade veterin\u00e1ria.<\/span>\n\t\t\t\t\t\t\t\t\t\t\t<\/a>\n\t\t\t\t\t\t\t\t\t<\/li>\n\t\t\t\t\t\t<\/ul>\n\t\t\t\t\t\t<\/div>\n\t\t\t\t<\/div>\n\t\t\t\t\t<\/div>\n\t\t\t\t<\/div>\n\t\t\t\t<\/div>\n\t\t","protected":false},"excerpt":{"rendered":"<p>Solu\u00e7\u00f5es de Embalagens para Cadeia Fria para Especialistas em Log\u00edstica Como profissional de log\u00edstica, voc\u00ea \u00e9 a espinha dorsal da cadeia de suprimentos global. Gerenciar mercadorias sens\u00edveis \u00e0 temperatura para seus clientes exige velocidade, precis\u00e3o e um profundo entendimento dos riscos t\u00e9rmicos. Seja voc\u00ea um 3PL ou um agente de cargas, os desafios s\u00e3o claros: [&hellip;]<\/p>\n","protected":false},"author":1,"featured_media":0,"parent":0,"menu_order":0,"comment_status":"closed","ping_status":"closed","template":"","meta":{"_acf_changed":false,"footnotes":""},"class_list":["post-7148","page","type-page","status-publish","hentry"],"acf":[],"_links":{"self":[{"href":"https:\/\/www.emballiso.com\/pt-br\/wp-json\/wp\/v2\/pages\/7148","targetHints":{"allow":["GET"]}}],"collection":[{"href":"https:\/\/www.emballiso.com\/pt-br\/wp-json\/wp\/v2\/pages"}],"about":[{"href":"https:\/\/www.emballiso.com\/pt-br\/wp-json\/wp\/v2\/types\/page"}],"author":[{"embeddable":true,"href":"https:\/\/www.emballiso.com\/pt-br\/wp-json\/wp\/v2\/users\/1"}],"replies":[{"embeddable":true,"href":"https:\/\/www.emballiso.com\/pt-br\/wp-json\/wp\/v2\/comments?post=7148"}],"version-history":[{"count":5,"href":"https:\/\/www.emballiso.com\/pt-br\/wp-json\/wp\/v2\/pages\/7148\/revisions"}],"predecessor-version":[{"id":8682,"href":"https:\/\/www.emballiso.com\/pt-br\/wp-json\/wp\/v2\/pages\/7148\/revisions\/8682"}],"wp:attachment":[{"href":"https:\/\/www.emballiso.com\/pt-br\/wp-json\/wp\/v2\/media?parent=7148"}],"curies":[{"name":"wp","href":"https:\/\/api.w.org\/{rel}","templated":true}]}}