{"id":6953,"date":"2026-02-11T15:03:40","date_gmt":"2026-02-11T14:03:40","guid":{"rendered":"https:\/\/www.emballiso.com\/solucoes-de-embalagens-para-cadeia-fria-para-profissionais-de-last-mile\/"},"modified":"2026-04-10T15:13:40","modified_gmt":"2026-04-10T13:13:40","slug":"solucoes-de-embalagens-para-cadeia-fria-para-profissionais-de-last-mile","status":"publish","type":"page","link":"https:\/\/www.emballiso.com\/pt-br\/solucoes-de-embalagens-para-cadeia-fria-para-profissionais-de-last-mile\/","title":{"rendered":"Solu\u00e7\u00f5es de Embalagens para Cadeia Fria para Profissionais de Last-mile"},"content":{"rendered":"\t\t<div data-elementor-type=\"wp-page\" data-elementor-id=\"6953\" class=\"elementor elementor-6953 elementor-3058\" data-elementor-post-type=\"page\">\n\t\t\t\t<div class=\"elementor-element elementor-element-a4e6b73 e-flex e-con-boxed e-con e-parent\" data-id=\"a4e6b73\" data-element_type=\"container\" data-e-type=\"container\">\n\t\t\t\t\t<div class=\"e-con-inner\">\n\t\t\t\t<div class=\"elementor-element elementor-element-9a3d459 elementor-invisible elementor-widget elementor-widget-heading\" data-id=\"9a3d459\" data-element_type=\"widget\" data-e-type=\"widget\" data-settings=\"{&quot;_animation&quot;:&quot;fadeInDown&quot;}\" data-widget_type=\"heading.default\">\n\t\t\t\t\t<h1 class=\"elementor-heading-title elementor-size-default\"><span class=\"gradient-blue\">Solu\u00e7\u00f5es de Embalagens para Cadeia Fria para Profissionais de Last-mile<\/span><\/h1>\t\t\t\t<\/div>\n\t\t\t\t<div class=\"elementor-element elementor-element-1e81825 elementor-widget elementor-widget-text-editor\" data-id=\"1e81825\" data-element_type=\"widget\" data-e-type=\"widget\" data-widget_type=\"text-editor.default\">\n\t\t\t\t\t\t\t\t\t<p>A &#8220;\u00faltima milha&#8221; (last-mile) \u00e9, sem d\u00favida, a etapa mais cr\u00edtica e complexa da cadeia de suprimentos de sa\u00fade. Seja entregando em farm\u00e1cias, departamentos hospitalares ou cl\u00ednicas, os profissionais enfrentam desafios constantes: tr\u00e1fego urbano denso, aberturas frequentes de portas, m\u00faltiplas etapas de manuseio e protocolos de recep\u00e7\u00e3o rigorosos. Nesse contexto, mesmo a menor falha pode comprometer a efic\u00e1cia de um tratamento.  <\/p><p>Como um elo indispens\u00e1vel na cadeia fria, voc\u00ea precisa de solu\u00e7\u00f5es que n\u00e3o abram m\u00e3o da seguran\u00e7a t\u00e9rmica em favor da agilidade operacional. A EMBALL\u2019ISO oferece embalagens isot\u00e9rmicas projetadas especificamente para curtas dura\u00e7\u00f5es e redes de distribui\u00e7\u00e3o capilar. Nossos produtos s\u00e3o leves, pr\u00e1ticos e rigorosamente validados para garantir a integridade dos produtos sens\u00edveis \u00e0 temperatura at\u00e9 chegarem ao paciente final.  <\/p>\t\t\t\t\t\t\t\t<\/div>\n\t\t\t\t<div class=\"elementor-element elementor-element-7417f26 elementor-widget elementor-widget-heading\" data-id=\"7417f26\" data-element_type=\"widget\" data-e-type=\"widget\" data-widget_type=\"heading.default\">\n\t\t\t\t\t<h2 class=\"elementor-heading-title elementor-size-default\">Superando os desafios da log\u00edstica urbana e hospitalar<\/h2>\t\t\t\t<\/div>\n\t\t\t\t<div class=\"elementor-element elementor-element-5e0b4cb elementor-widget elementor-widget-text-editor\" data-id=\"5e0b4cb\" data-element_type=\"widget\" data-e-type=\"widget\" data-widget_type=\"text-editor.default\">\n\t\t\t\t\t\t\t\t\t<p>Para apoiar distribuidores e provedores de log\u00edstica local, focamos em tr\u00eas pilares essenciais:<\/p><ul><li><strong>Seguran\u00e7a e Confiabilidade T\u00e9rmica:<\/strong> Apesar das dist\u00e2ncias curtas, os choques t\u00e9rmicos nas docas de carregamento s\u00e3o uma amea\u00e7a real. Nossas embalagens mant\u00eam uma temperatura est\u00e1vel (2-8\u00b0C, 15-25\u00b0C) para eliminar qualquer risco de excurs\u00e3o. <\/li><li><strong>Praticidade e Ergonomia:<\/strong> As equipes de entrega e de sa\u00fade precisam de solu\u00e7\u00f5es f\u00e1ceis de manusear. Nossas bolsas e caixas leves facilitam o transporte manual, o uso em ve\u00edculos leves ou at\u00e9 mesmo em bicicletas de carga (cargo bikes), otimizando as rotas de entrega. <\/li><li><strong>Controle de Custos:<\/strong> Ao utilizar solu\u00e7\u00f5es adaptadas para o transporte nacional e local, voc\u00ea evita o peso e os custos extras associados \u00e0s embalagens de longa dura\u00e7\u00e3o.<\/li><\/ul>\t\t\t\t\t\t\t\t<\/div>\n\t\t\t\t<div class=\"elementor-element elementor-element-44c37f6 elementor-widget-divider--view-line elementor-widget elementor-widget-divider\" data-id=\"44c37f6\" data-element_type=\"widget\" data-e-type=\"widget\" data-widget_type=\"divider.default\">\n\t\t\t\t\t\t\t<div class=\"elementor-divider\">\n\t\t\t<span class=\"elementor-divider-separator\">\n\t\t\t\t\t\t<\/span>\n\t\t<\/div>\n\t\t\t\t\t\t<\/div>\n\t\t\t\t<div class=\"elementor-element elementor-element-97e66ee elementor-widget elementor-widget-heading\" data-id=\"97e66ee\" data-element_type=\"widget\" data-e-type=\"widget\" data-widget_type=\"heading.default\">\n\t\t\t\t\t<h3 class=\"elementor-heading-title elementor-size-default\">Uma gama dedicada \u00e0 distribui\u00e7\u00e3o local<\/h3>\t\t\t\t<\/div>\n\t\t\t\t<div class=\"elementor-element elementor-element-d8f4ddf elementor-widget elementor-widget-text-editor\" data-id=\"d8f4ddf\" data-element_type=\"widget\" data-e-type=\"widget\" data-widget_type=\"text-editor.default\">\n\t\t\t\t\t\t\t\t\t<p>Descubra nossas solu\u00e7\u00f5es otimizadas para seus fluxos di\u00e1rios:<\/p><ul><li><strong>STANDARD NATIONAL &amp; NATIONAL PLUS:<\/strong> Projetadas especificamente para envios de 24h a 48h, estas solu\u00e7\u00f5es oferecem a melhor rela\u00e7\u00e3o performance-peso para entregas dom\u00e9sticas.<\/li><li><strong>STANDARD EXPORT:<\/strong> Para necessidades regionais ou transfronteiri\u00e7as que exigem maior robustez.<\/li><li>Bolsas Isot\u00e9rmicas: Flex\u00edveis, leves e reutiliz\u00e1veis, s\u00e3o ideais para transfer\u00eancias internas em hospitais ou entregas domiciliares Direto ao Paciente (Direct-to-Patient).<\/li><li>Solu\u00e7\u00f5es Personalizadas: Desenvolvemos formatos adaptados \u00e0s suas restri\u00e7\u00f5es espec\u00edficas (dimens\u00f5es do ve\u00edculo, tipos de produtos, dura\u00e7\u00f5es precisas).<\/li><\/ul>\t\t\t\t\t\t\t\t<\/div>\n\t\t\t\t\t<\/div>\n\t\t\t\t<\/div>\n\t\t<div class=\"elementor-element elementor-element-71def6c e-flex e-con-boxed e-con e-parent\" data-id=\"71def6c\" data-element_type=\"container\" data-e-type=\"container\">\n\t\t\t\t\t<div class=\"e-con-inner\">\n\t\t<div class=\"elementor-element elementor-element-af25781 e-con-full e-flex e-con e-child\" data-id=\"af25781\" data-element_type=\"container\" data-e-type=\"container\">\n\t\t\t\t<div class=\"elementor-element elementor-element-af7f970 elementor-widget elementor-widget-heading\" data-id=\"af7f970\" data-element_type=\"widget\" data-e-type=\"widget\" data-widget_type=\"heading.default\">\n\t\t\t\t\t<h3 class=\"elementor-heading-title elementor-size-default\">Servi\u00e7os sob medida e suporte<\/h3>\t\t\t\t<\/div>\n\t\t\t\t<div class=\"elementor-element elementor-element-3258af4 elementor-widget elementor-widget-text-editor\" data-id=\"3258af4\" data-element_type=\"widget\" data-e-type=\"widget\" data-widget_type=\"text-editor.default\">\n\t\t\t\t\t\t\t\t\t<p>Como cada rede de distribui\u00e7\u00e3o \u00e9 \u00fanica, a EMBALL\u2019ISO oferece <strong>Solu\u00e7\u00f5es Personalizadas:<\/strong><\/p><ul><li><strong>Design Dedicado:<\/strong> Cria\u00e7\u00e3o de embalagens sob medida para as dimens\u00f5es dos seus contentores de transporte ou produtos espec\u00edficos.<\/li><li><strong>Valida\u00e7\u00e3o em Laborat\u00f3rio:<\/strong> Cada solu\u00e7\u00e3o \u00e9 testada em nosso laborat\u00f3rio de metrologia interno de acordo com os perfis reais de temperatura de suas rotas, garantindo conformidade &#8220;zero defeito&#8221;.<\/li><\/ul>\t\t\t\t\t\t\t\t<\/div>\n\t\t\t\t<\/div>\n\t\t<div class=\"elementor-element elementor-element-e9c3bf5 e-con-full e-flex e-con e-child\" data-id=\"e9c3bf5\" data-element_type=\"container\" data-e-type=\"container\">\n\t\t\t\t<div class=\"elementor-element elementor-element-16d3d63 elementor-widget elementor-widget-heading\" data-id=\"16d3d63\" data-element_type=\"widget\" data-e-type=\"widget\" data-widget_type=\"heading.default\">\n\t\t\t\t\t<h3 class=\"elementor-heading-title elementor-size-default\">Aplica\u00e7\u00f5es t\u00edpicas para o last-mile<\/h3>\t\t\t\t<\/div>\n\t\t\t\t<div class=\"elementor-element elementor-element-da339b2 elementor-widget elementor-widget-text-editor\" data-id=\"da339b2\" data-element_type=\"widget\" data-e-type=\"widget\" data-widget_type=\"text-editor.default\">\n\t\t\t\t\t\t\t\t\t<ul><li><strong>Distribui\u00e7\u00e3o Hospitalar:<\/strong> Transfer\u00eancia segura de medicamentos e vacinas da farm\u00e1cia central para diversos departamentos ou cl\u00ednicas sat\u00e9lites.<\/li><li><strong>Atacado Farmac\u00eautico:<\/strong> Abastecimento di\u00e1rio de farm\u00e1cias, respeitando as faixas regulat\u00f3rias de temperatura.<\/li><li><strong>Entrega Domiciliar (Direct-to-Patient):<\/strong> Garantia da continuidade da cadeia fria para pacientes que recebem tratamentos cr\u00edticos em casa.<\/li><\/ul>\t\t\t\t\t\t\t\t<\/div>\n\t\t\t\t<\/div>\n\t\t\t\t\t<\/div>\n\t\t\t\t<\/div>\n\t\t<div class=\"elementor-element elementor-element-ea6231a e-flex e-con-boxed e-con e-parent\" data-id=\"ea6231a\" data-element_type=\"container\" data-e-type=\"container\">\n\t\t\t\t\t<div class=\"e-con-inner\">\n\t\t\t\t<div class=\"elementor-element elementor-element-b837087 elementor-widget-divider--view-line elementor-widget elementor-widget-divider\" data-id=\"b837087\" data-element_type=\"widget\" data-e-type=\"widget\" data-widget_type=\"divider.default\">\n\t\t\t\t\t\t\t<div class=\"elementor-divider\">\n\t\t\t<span class=\"elementor-divider-separator\">\n\t\t\t\t\t\t<\/span>\n\t\t<\/div>\n\t\t\t\t\t\t<\/div>\n\t\t\t\t<div class=\"elementor-element elementor-element-98aa898 elementor-widget elementor-widget-heading\" data-id=\"98aa898\" data-element_type=\"widget\" data-e-type=\"widget\" data-widget_type=\"heading.default\">\n\t\t\t\t\t<h2 class=\"elementor-heading-title elementor-size-default\">RSC: rumo a uma log\u00edstica urbana sustent\u00e1vel<\/h2>\t\t\t\t<\/div>\n\t\t\t\t<div class=\"elementor-element elementor-element-511bf85 elementor-widget elementor-widget-text-editor\" data-id=\"511bf85\" data-element_type=\"widget\" data-e-type=\"widget\" data-widget_type=\"text-editor.default\">\n\t\t\t\t\t\t\t\t\t<p>A EMBALL\u2019ISO ajuda os profissionais de last-mile a reduzir sua pegada ambiental:<\/p><ul><li><strong>Solu\u00e7\u00f5es Reutiliz\u00e1veis:<\/strong> Nossas bolsas dur\u00e1veis reduzem a produ\u00e7\u00e3o de res\u00edduos de embalagens de uso \u00fanico em unidades de sa\u00fade.<\/li><\/ul>\t\t\t\t\t\t\t\t<\/div>\n\t\t\t\t\t<\/div>\n\t\t\t\t<\/div>\n\t\t<div class=\"elementor-element elementor-element-1f3a7d8 e-flex e-con-boxed e-con e-parent\" data-id=\"1f3a7d8\" data-element_type=\"container\" data-e-type=\"container\" data-settings=\"{&quot;background_background&quot;:&quot;classic&quot;}\">\n\t\t\t\t\t<div class=\"e-con-inner\">\n\t\t\t\t<div class=\"elementor-element elementor-element-9b2d6b8 elementor-widget elementor-widget-heading\" data-id=\"9b2d6b8\" data-element_type=\"widget\" data-e-type=\"widget\" data-widget_type=\"heading.default\">\n\t\t\t\t\t<h2 class=\"elementor-heading-title elementor-size-default\">Precisa de uma solu\u00e7\u00e3o leve e confi\u00e1vel para suas entregas locais?<\/h2>\t\t\t\t<\/div>\n\t\t\t\t<div class=\"elementor-element elementor-element-0325aa3 elementor-align-center elementor-widget elementor-widget-button\" data-id=\"0325aa3\" data-element_type=\"widget\" data-e-type=\"widget\" data-widget_type=\"button.default\">\n\t\t\t\t\t\t\t\t\t\t<a class=\"elementor-button elementor-button-link elementor-size-sm\" href=\"https:\/\/www.emballiso.com\/pt-br\/produit\/isothermal-bag\/\">\n\t\t\t\t\t\t<span class=\"elementor-button-content-wrapper\">\n\t\t\t\t\t\t\t\t\t<span class=\"elementor-button-text\">Conhe\u00e7a nossas Bolsas Isot\u00e9rmicas<\/span>\n\t\t\t\t\t<\/span>\n\t\t\t\t\t<\/a>\n\t\t\t\t\t\t\t\t<\/div>\n\t\t\t\t\t<\/div>\n\t\t\t\t<\/div>\n\t\t<div class=\"elementor-element elementor-element-74edf2e e-flex e-con-boxed e-con e-parent\" data-id=\"74edf2e\" data-element_type=\"container\" data-e-type=\"container\" data-settings=\"{&quot;background_background&quot;:&quot;classic&quot;}\">\n\t\t\t\t\t<div class=\"e-con-inner\">\n\t\t<div class=\"elementor-element elementor-element-b3edfa4 e-con-full e-flex e-con e-child\" data-id=\"b3edfa4\" data-element_type=\"container\" data-e-type=\"container\">\n\t\t\t\t<div class=\"elementor-element elementor-element-0c073ba elementor-hidden-tablet elementor-hidden-mobile elementor-widget elementor-widget-heading\" data-id=\"0c073ba\" data-element_type=\"widget\" data-e-type=\"widget\" data-widget_type=\"heading.default\">\n\t\t\t\t\t<p class=\"elementor-heading-title elementor-size-default\">Perguntas frequentes<\/p>\t\t\t\t<\/div>\n\t\t\t\t<div class=\"elementor-element elementor-element-0b545ea elementor-icon-list--layout-traditional elementor-list-item-link-full_width elementor-widget elementor-widget-icon-list\" data-id=\"0b545ea\" data-element_type=\"widget\" data-e-type=\"widget\" data-widget_type=\"icon-list.default\">\n\t\t\t\t\t\t\t<ul class=\"elementor-icon-list-items\">\n\t\t\t\t\t\t\t<li class=\"elementor-icon-list-item\">\n\t\t\t\t\t\t\t\t\t\t\t<span class=\"elementor-icon-list-icon\">\n\t\t\t\t\t\t\t<svg aria-hidden=\"true\" class=\"e-font-icon-svg e-fas-check\" viewBox=\"0 0 512 512\" xmlns=\"http:\/\/www.w3.org\/2000\/svg\"><path d=\"M173.898 439.404l-166.4-166.4c-9.997-9.997-9.997-26.206 0-36.204l36.203-36.204c9.997-9.998 26.207-9.998 36.204 0L192 312.69 432.095 72.596c9.997-9.997 26.207-9.997 36.204 0l36.203 36.204c9.997 9.997 9.997 26.206 0 36.204l-294.4 294.401c-9.998 9.997-26.207 9.997-36.204-.001z\"><\/path><\/svg>\t\t\t\t\t\t<\/span>\n\t\t\t\t\t\t\t\t\t\t<span class=\"elementor-icon-list-text\"><strong>Como garantir a seguran\u00e7a da cadeia fria durante o last-mile? <\/strong>\u00c9 crucial utilizar embalagens validadas, otimizar os tempos de carga\/descarga e treinar os motoristas sobre os riscos de excurs\u00f5es t\u00e9rmicas.<\/span>\n\t\t\t\t\t\t\t\t\t<\/li>\n\t\t\t\t\t\t\t\t<li class=\"elementor-icon-list-item\">\n\t\t\t\t\t\t\t\t\t\t\t<span class=\"elementor-icon-list-icon\">\n\t\t\t\t\t\t\t<svg aria-hidden=\"true\" class=\"e-font-icon-svg e-fas-check\" viewBox=\"0 0 512 512\" xmlns=\"http:\/\/www.w3.org\/2000\/svg\"><path d=\"M173.898 439.404l-166.4-166.4c-9.997-9.997-9.997-26.206 0-36.204l36.203-36.204c9.997-9.998 26.207-9.998 36.204 0L192 312.69 432.095 72.596c9.997-9.997 26.207-9.997 36.204 0l36.203 36.204c9.997 9.997 9.997 26.206 0 36.204l-294.4 294.401c-9.998 9.997-26.207 9.997-36.204-.001z\"><\/path><\/svg>\t\t\t\t\t\t<\/span>\n\t\t\t\t\t\t\t\t\t\t<span class=\"elementor-icon-list-text\"><strong>Por que usar bolsas isot\u00e9rmicas em ambiente hospitalar? <\/strong>Elas s\u00e3o ergon\u00f4micas, f\u00e1ceis de limpar, reutiliz\u00e1veis e mant\u00eam a temperatura durante o transporte a p\u00e9 entre diferentes edif\u00edcios ou andares do hospital.<\/span>\n\t\t\t\t\t\t\t\t\t<\/li>\n\t\t\t\t\t\t<\/ul>\n\t\t\t\t\t\t<\/div>\n\t\t\t\t<\/div>\n\t\t<div class=\"elementor-element elementor-element-a7400fb e-con-full e-flex e-con e-child\" data-id=\"a7400fb\" data-element_type=\"container\" data-e-type=\"container\">\n\t\t\t\t<div class=\"elementor-element elementor-element-bf179db elementor-hidden-tablet elementor-hidden-mobile elementor-widget elementor-widget-heading\" data-id=\"bf179db\" data-element_type=\"widget\" data-e-type=\"widget\" data-widget_type=\"heading.default\">\n\t\t\t\t\t<p class=\"elementor-heading-title elementor-size-default\">EXPLORE OS NOSSOS OUTROS SEGMENTOS<\/p>\t\t\t\t<\/div>\n\t\t\t\t<div class=\"elementor-element elementor-element-12584e0 elementor-icon-list--layout-traditional elementor-list-item-link-full_width elementor-widget elementor-widget-icon-list\" data-id=\"12584e0\" data-element_type=\"widget\" data-e-type=\"widget\" data-widget_type=\"icon-list.default\">\n\t\t\t\t\t\t\t<ul class=\"elementor-icon-list-items\">\n\t\t\t\t\t\t\t<li class=\"elementor-icon-list-item\">\n\t\t\t\t\t\t\t\t\t\t\t<a href=\"https:\/\/www.emballiso.com\/pt-br\/solucoes-de-embalagens-para-cadeia-fria-para-especialistas-em-logistica\/\">\n\n\t\t\t\t\t\t\t\t\t\t\t\t<span class=\"elementor-icon-list-icon\">\n\t\t\t\t\t\t\t<svg aria-hidden=\"true\" class=\"e-font-icon-svg e-fas-check\" viewBox=\"0 0 512 512\" xmlns=\"http:\/\/www.w3.org\/2000\/svg\"><path d=\"M173.898 439.404l-166.4-166.4c-9.997-9.997-9.997-26.206 0-36.204l36.203-36.204c9.997-9.998 26.207-9.998 36.204 0L192 312.69 432.095 72.596c9.997-9.997 26.207-9.997 36.204 0l36.203 36.204c9.997 9.997 9.997 26.206 0 36.204l-294.4 294.401c-9.998 9.997-26.207 9.997-36.204-.001z\"><\/path><\/svg>\t\t\t\t\t\t<\/span>\n\t\t\t\t\t\t\t\t\t\t<span class=\"elementor-icon-list-text\"><strong>Para Especialistas em Log\u00edstica:<\/strong> Solu\u00e7\u00f5es para transporte a granel e frete internacional.<\/span>\n\t\t\t\t\t\t\t\t\t\t\t<\/a>\n\t\t\t\t\t\t\t\t\t<\/li>\n\t\t\t\t\t\t\t\t<li class=\"elementor-icon-list-item\">\n\t\t\t\t\t\t\t\t\t\t\t<a href=\"https:\/\/www.emballiso.com\/pt-br\/embalagens-para-cadeia-fria-para-ensaios-clinicos\/\">\n\n\t\t\t\t\t\t\t\t\t\t\t\t<span class=\"elementor-icon-list-icon\">\n\t\t\t\t\t\t\t<svg aria-hidden=\"true\" class=\"e-font-icon-svg e-fas-check\" viewBox=\"0 0 512 512\" xmlns=\"http:\/\/www.w3.org\/2000\/svg\"><path d=\"M173.898 439.404l-166.4-166.4c-9.997-9.997-9.997-26.206 0-36.204l36.203-36.204c9.997-9.998 26.207-9.998 36.204 0L192 312.69 432.095 72.596c9.997-9.997 26.207-9.997 36.204 0l36.203 36.204c9.997 9.997 9.997 26.206 0 36.204l-294.4 294.401c-9.998 9.997-26.207 9.997-36.204-.001z\"><\/path><\/svg>\t\t\t\t\t\t<\/span>\n\t\t\t\t\t\t\t\t\t\t<span class=\"elementor-icon-list-text\"><strong>Para Ensaios Cl\u00ednicos:<\/strong> Embalagens de alta precis\u00e3o para P&amp;D.<\/span>\n\t\t\t\t\t\t\t\t\t\t\t<\/a>\n\t\t\t\t\t\t\t\t\t<\/li>\n\t\t\t\t\t\t\t\t<li class=\"elementor-icon-list-item\">\n\t\t\t\t\t\t\t\t\t\t\t<a href=\"https:\/\/www.emballiso.com\/pt-br\/solucoes-de-embalagens-de-cadeia-fria-para-empresas-farmaceuticas\/\">\n\n\t\t\t\t\t\t\t\t\t\t\t\t<span class=\"elementor-icon-list-icon\">\n\t\t\t\t\t\t\t<svg aria-hidden=\"true\" class=\"e-font-icon-svg e-fas-check\" viewBox=\"0 0 512 512\" xmlns=\"http:\/\/www.w3.org\/2000\/svg\"><path d=\"M173.898 439.404l-166.4-166.4c-9.997-9.997-9.997-26.206 0-36.204l36.203-36.204c9.997-9.998 26.207-9.998 36.204 0L192 312.69 432.095 72.596c9.997-9.997 26.207-9.997 36.204 0l36.203 36.204c9.997 9.997 9.997 26.206 0 36.204l-294.4 294.401c-9.998 9.997-26.207 9.997-36.204-.001z\"><\/path><\/svg>\t\t\t\t\t\t<\/span>\n\t\t\t\t\t\t\t\t\t\t<span class=\"elementor-icon-list-text\"><strong>Para Empresas Farmac\u00eauticas:<\/strong> Gest\u00e3o global da cadeia fria.<\/span>\n\t\t\t\t\t\t\t\t\t\t\t<\/a>\n\t\t\t\t\t\t\t\t\t<\/li>\n\t\t\t\t\t\t<\/ul>\n\t\t\t\t\t\t<\/div>\n\t\t\t\t<\/div>\n\t\t\t\t\t<\/div>\n\t\t\t\t<\/div>\n\t\t\t\t<\/div>\n\t\t","protected":false},"excerpt":{"rendered":"<p>Solu\u00e7\u00f5es de Embalagens para Cadeia Fria para Profissionais de Last-mile A &#8220;\u00faltima milha&#8221; (last-mile) \u00e9, sem d\u00favida, a etapa mais cr\u00edtica e complexa da cadeia de suprimentos de sa\u00fade. Seja entregando em farm\u00e1cias, departamentos hospitalares ou cl\u00ednicas, os profissionais enfrentam desafios constantes: tr\u00e1fego urbano denso, aberturas frequentes de portas, m\u00faltiplas etapas de manuseio e protocolos [&hellip;]<\/p>\n","protected":false},"author":1,"featured_media":0,"parent":0,"menu_order":0,"comment_status":"closed","ping_status":"closed","template":"","meta":{"_acf_changed":false,"footnotes":""},"class_list":["post-6953","page","type-page","status-publish","hentry"],"acf":[],"_links":{"self":[{"href":"https:\/\/www.emballiso.com\/pt-br\/wp-json\/wp\/v2\/pages\/6953","targetHints":{"allow":["GET"]}}],"collection":[{"href":"https:\/\/www.emballiso.com\/pt-br\/wp-json\/wp\/v2\/pages"}],"about":[{"href":"https:\/\/www.emballiso.com\/pt-br\/wp-json\/wp\/v2\/types\/page"}],"author":[{"embeddable":true,"href":"https:\/\/www.emballiso.com\/pt-br\/wp-json\/wp\/v2\/users\/1"}],"replies":[{"embeddable":true,"href":"https:\/\/www.emballiso.com\/pt-br\/wp-json\/wp\/v2\/comments?post=6953"}],"version-history":[{"count":5,"href":"https:\/\/www.emballiso.com\/pt-br\/wp-json\/wp\/v2\/pages\/6953\/revisions"}],"predecessor-version":[{"id":8676,"href":"https:\/\/www.emballiso.com\/pt-br\/wp-json\/wp\/v2\/pages\/6953\/revisions\/8676"}],"wp:attachment":[{"href":"https:\/\/www.emballiso.com\/pt-br\/wp-json\/wp\/v2\/media?parent=6953"}],"curies":[{"name":"wp","href":"https:\/\/api.w.org\/{rel}","templated":true}]}}