{"id":6036,"date":"2026-01-23T09:48:24","date_gmt":"2026-01-23T08:48:24","guid":{"rendered":"https:\/\/www.emballiso.com\/supply-preconditioning\/"},"modified":"2026-04-10T10:41:22","modified_gmt":"2026-04-10T08:41:22","slug":"supply-preconditioning","status":"publish","type":"page","link":"https:\/\/www.emballiso.com\/pt-br\/supply-preconditioning\/","title":{"rendered":"Supply &amp; preconditioning"},"content":{"rendered":"\t\t<div data-elementor-type=\"wp-page\" data-elementor-id=\"6036\" class=\"elementor elementor-6036 elementor-2451\" data-elementor-post-type=\"page\">\n\t\t\t\t<div class=\"elementor-element elementor-element-ccd31bf e-con-full e-flex e-con e-parent\" data-id=\"ccd31bf\" data-element_type=\"container\" data-e-type=\"container\">\n\t\t<div class=\"elementor-element elementor-element-41fce4b e-con-full e-flex e-con e-child\" data-id=\"41fce4b\" data-element_type=\"container\" data-e-type=\"container\">\n\t\t\t\t<div class=\"elementor-element elementor-element-0453491 elementor-widget elementor-widget-heading\" data-id=\"0453491\" data-element_type=\"widget\" data-e-type=\"widget\" data-widget_type=\"heading.default\">\n\t\t\t\t\t<p class=\"elementor-heading-title elementor-size-default\">Supply &amp; preconditioning<\/p>\t\t\t\t<\/div>\n\t\t\t\t<div class=\"elementor-element elementor-element-c3b7430 elementor-invisible elementor-widget elementor-widget-heading\" data-id=\"c3b7430\" data-element_type=\"widget\" data-e-type=\"widget\" data-settings=\"{&quot;_animation&quot;:&quot;fadeInDown&quot;}\" data-widget_type=\"heading.default\">\n\t\t\t\t\t<h1 class=\"elementor-heading-title elementor-size-default\"><span class=\"gradient-blue\">Agilidade e proximidade ao seu servi\u00e7o<\/span><\/h1>\t\t\t\t<\/div>\n\t\t\t\t<div class=\"elementor-element elementor-element-cfcf0a1 elementor-widget elementor-widget-text-editor\" data-id=\"cfcf0a1\" data-element_type=\"widget\" data-e-type=\"widget\" data-widget_type=\"text-editor.default\">\n\t\t\t\t\t\t\t\t\t<p>Na EMBALL\u2019ISO, acreditamos que o desempenho log\u00edstico \u00e9 constru\u00eddo com base na proximidade. Nossa estrat\u00e9gia de Fornecimento e pr\u00e9-condicionamento \u00e9 impulsionada por um \u00fanico objetivo: reduzir dist\u00e2ncias para garantir seus fluxos e minimizar a pegada de carbono da sua cadeia de suprimentos. <\/p><p>A experi\u00eancia cr\u00edtica da distribui\u00e7\u00e3o global da vacina contra a Covid-19 serviu como vitrine para a nossa expertise. Durante esse per\u00edodo, a EMBALL\u2019ISO demonstrou uma extraordin\u00e1ria escalabilidade, adaptando nossas capacidades de Fornecimento e pr\u00e9-condicionamento para atender aos requisitos urgentes de nossos clientes. <\/p><p><b><br>Expans\u00e3o cont\u00ednua<\/b><\/p><p>Para atender \u00e0 crescente demanda de nossos parceiros, estamos fortalecendo continuamente nossa rede global, abrindo novos centros o mais pr\u00f3ximo poss\u00edvel das suas necessidades operacionais.<\/p>\t\t\t\t\t\t\t\t<\/div>\n\t\t\t\t<div class=\"elementor-element elementor-element-3275a56 elementor-align-center elementor-widget elementor-widget-button\" data-id=\"3275a56\" data-element_type=\"widget\" data-e-type=\"widget\" data-widget_type=\"button.default\">\n\t\t\t\t\t\t\t\t\t\t<a class=\"elementor-button elementor-button-link elementor-size-sm\" href=\"https:\/\/www.emballiso.com\/pt-br\/nossas-unidades\/\">\n\t\t\t\t\t\t<span class=\"elementor-button-content-wrapper\">\n\t\t\t\t\t\t\t\t\t<span class=\"elementor-button-text\">Descubra nossas unidades<\/span>\n\t\t\t\t\t<\/span>\n\t\t\t\t\t<\/a>\n\t\t\t\t\t\t\t\t<\/div>\n\t\t\t\t<\/div>\n\t\t<div class=\"elementor-element elementor-element-8d5dc50 e-con-full e-flex e-con e-child\" data-id=\"8d5dc50\" data-element_type=\"container\" data-e-type=\"container\" data-settings=\"{&quot;background_background&quot;:&quot;classic&quot;}\">\n\t\t<div class=\"elementor-element elementor-element-fd31395 e-con-full e-flex e-con e-child\" data-id=\"fd31395\" data-element_type=\"container\" data-e-type=\"container\" data-settings=\"{&quot;background_background&quot;:&quot;classic&quot;}\">\n\t\t\t\t<\/div>\n\t\t<div class=\"elementor-element elementor-element-13f0982 e-con-full dosis-container-fix e-flex e-con e-child\" data-id=\"13f0982\" data-element_type=\"container\" data-e-type=\"container\" data-settings=\"{&quot;background_background&quot;:&quot;classic&quot;}\">\n\t\t\t\t<div class=\"elementor-element elementor-element-d0cab29 elementor-invisible elementor-widget elementor-widget-heading\" data-id=\"d0cab29\" data-element_type=\"widget\" data-e-type=\"widget\" data-settings=\"{&quot;_animation&quot;:&quot;fadeInDown&quot;}\" data-widget_type=\"heading.default\">\n\t\t\t\t\t<h3 class=\"elementor-heading-title elementor-size-default\"><span class=\"gradient-blue\">Presen\u00e7a mundial<\/span><\/h3>\t\t\t\t<\/div>\n\t\t<div class=\"elementor-element elementor-element-68d664b e-con-full e-flex e-con e-child\" data-id=\"68d664b\" data-element_type=\"container\" data-e-type=\"container\">\n\t\t<div class=\"elementor-element elementor-element-40bd3b8 e-con-full e-flex e-con e-child\" data-id=\"40bd3b8\" data-element_type=\"container\" data-e-type=\"container\">\n\t\t\t\t<div class=\"elementor-element elementor-element-024d6b7 elementor-widget__width-inherit elementor-widget elementor-widget-counter\" data-id=\"024d6b7\" data-element_type=\"widget\" data-e-type=\"widget\" data-widget_type=\"counter.default\">\n\t\t\t\t\t\t\t<div class=\"elementor-counter\">\n\t\t\t<div class=\"elementor-counter-title\"><div style=\"text-align:center\">locais de produ\u00e7\u00e3o<\/div><\/div>\t\t\t<div class=\"elementor-counter-number-wrapper\">\n\t\t\t\t<span class=\"elementor-counter-number-prefix\"><\/span>\n\t\t\t\t<span class=\"elementor-counter-number\" data-duration=\"3000\" data-to-value=\"12\" data-from-value=\"0\">0<\/span>\n\t\t\t\t<span class=\"elementor-counter-number-suffix\"><\/span>\n\t\t\t<\/div>\n\t\t<\/div>\n\t\t\t\t\t\t<\/div>\n\t\t\t\t<\/div>\n\t\t<div class=\"elementor-element elementor-element-028818c e-con-full e-flex e-con e-child\" data-id=\"028818c\" data-element_type=\"container\" data-e-type=\"container\">\n\t\t\t\t<div class=\"elementor-element elementor-element-402b123 elementor-widget__width-inherit elementor-widget elementor-widget-counter\" data-id=\"402b123\" data-element_type=\"widget\" data-e-type=\"widget\" data-widget_type=\"counter.default\">\n\t\t\t\t\t\t\t<div class=\"elementor-counter\">\n\t\t\t<div class=\"elementor-counter-title\"><div style=\"text-align:center\">centros de servi\u00e7o e armazenamento<\/div><\/div>\t\t\t<div class=\"elementor-counter-number-wrapper\">\n\t\t\t\t<span class=\"elementor-counter-number-prefix\"><\/span>\n\t\t\t\t<span class=\"elementor-counter-number\" data-duration=\"2000\" data-to-value=\"15\" data-from-value=\"0\">0<\/span>\n\t\t\t\t<span class=\"elementor-counter-number-suffix\"><\/span>\n\t\t\t<\/div>\n\t\t<\/div>\n\t\t\t\t\t\t<\/div>\n\t\t\t\t<\/div>\n\t\t<div class=\"elementor-element elementor-element-dd38f5e e-con-full e-flex e-con e-child\" data-id=\"dd38f5e\" data-element_type=\"container\" data-e-type=\"container\">\n\t\t\t\t<div class=\"elementor-element elementor-element-f4f9c38 elementor-widget__width-inherit elementor-widget elementor-widget-counter\" data-id=\"f4f9c38\" data-element_type=\"widget\" data-e-type=\"widget\" data-widget_type=\"counter.default\">\n\t\t\t\t\t\t\t<div class=\"elementor-counter\">\n\t\t\t<div class=\"elementor-counter-title\"><div style=\"text-align:center\">pa\u00edses onde coletamos embalagens para reutiliza\u00e7\u00e3o<\/div><\/div>\t\t\t<div class=\"elementor-counter-number-wrapper\">\n\t\t\t\t<span class=\"elementor-counter-number-prefix\"><\/span>\n\t\t\t\t<span class=\"elementor-counter-number\" data-duration=\"2500\" data-to-value=\"80\" data-from-value=\"0\" data-delimiter=\",\">0<\/span>\n\t\t\t\t<span class=\"elementor-counter-number-suffix\"><\/span>\n\t\t\t<\/div>\n\t\t<\/div>\n\t\t\t\t\t\t<\/div>\n\t\t\t\t<\/div>\n\t\t\t\t<\/div>\n\t\t\t\t<\/div>\n\t\t\t\t<\/div>\n\t\t\t\t<\/div>\n\t\t<div class=\"elementor-element elementor-element-e825e5f e-con-full e-flex e-con e-parent\" data-id=\"e825e5f\" data-element_type=\"container\" data-e-type=\"container\">\n\t\t<div class=\"elementor-element elementor-element-11f26ff e-con-full e-flex e-con e-child\" data-id=\"11f26ff\" data-element_type=\"container\" data-e-type=\"container\" data-settings=\"{&quot;background_background&quot;:&quot;classic&quot;}\">\n\t\t\t\t<\/div>\n\t\t<div class=\"elementor-element elementor-element-2d29e46 e-con-full e-flex e-con e-child\" data-id=\"2d29e46\" data-element_type=\"container\" data-e-type=\"container\">\n\t\t\t\t<div class=\"elementor-element elementor-element-093f152 elementor-widget elementor-widget-heading\" data-id=\"093f152\" data-element_type=\"widget\" data-e-type=\"widget\" data-widget_type=\"heading.default\">\n\t\t\t\t\t<p class=\"elementor-heading-title elementor-size-default\">Sua solu\u00e7\u00e3o de pr\u00e9-condicionamento completa<\/p>\t\t\t\t<\/div>\n\t\t\t\t<div class=\"elementor-element elementor-element-1a118e5 elementor-invisible elementor-widget elementor-widget-heading\" data-id=\"1a118e5\" data-element_type=\"widget\" data-e-type=\"widget\" data-settings=\"{&quot;_animation&quot;:&quot;fadeInDown&quot;}\" data-widget_type=\"heading.default\">\n\t\t\t\t\t<h2 class=\"elementor-heading-title elementor-size-default\"><span class=\"gradient-blue\">Servi\u00e7o pronto para uso<\/span><\/h2>\t\t\t\t<\/div>\n\t\t\t\t<div class=\"elementor-element elementor-element-1dcd4de elementor-widget elementor-widget-text-editor\" data-id=\"1dcd4de\" data-element_type=\"widget\" data-e-type=\"widget\" data-widget_type=\"text-editor.default\">\n\t\t\t\t\t\t\t\t\t<p><strong>O servi\u00e7o pronto para uso da EMBALL\u2019ISO <\/strong>permite que voc\u00ea terceirize o pr\u00e9-condicionamento das suas embalagens isot\u00e9rmicas. Fornecemos uma solu\u00e7\u00e3o j\u00e1 estabilizada na temperatura exigida, pronta para carregamento imediato. <\/p>\t\t\t\t\t\t\t\t<\/div>\n\t\t\t\t<\/div>\n\t\t\t\t<\/div>\n\t\t\t\t<section class=\"elementor-section elementor-top-section elementor-element elementor-element-67df0b9 elementor-section-full_width elementor-section-stretched elementor-section-height-default elementor-section-height-default\" data-id=\"67df0b9\" data-element_type=\"section\" data-e-type=\"section\" data-settings=\"{&quot;background_background&quot;:&quot;classic&quot;,&quot;stretch_section&quot;:&quot;section-stretched&quot;}\">\n\t\t\t\t\t\t<div class=\"elementor-container elementor-column-gap-no\">\n\t\t\t\t\t<div class=\"elementor-column elementor-col-100 elementor-top-column elementor-element elementor-element-ee744dc\" data-id=\"ee744dc\" data-element_type=\"column\" data-e-type=\"column\">\n\t\t\t<div class=\"elementor-widget-wrap elementor-element-populated\">\n\t\t\t\t\t\t<div class=\"elementor-element elementor-element-e6ab70d elementor-widget elementor-widget-heading\" data-id=\"e6ab70d\" data-element_type=\"widget\" data-e-type=\"widget\" data-settings=\"{&quot;motion_fx_motion_fx_scrolling&quot;:&quot;yes&quot;,&quot;motion_fx_translateX_effect&quot;:&quot;yes&quot;,&quot;motion_fx_translateX_speed&quot;:{&quot;unit&quot;:&quot;px&quot;,&quot;size&quot;:5,&quot;sizes&quot;:[]},&quot;motion_fx_translateX_affectedRange&quot;:{&quot;unit&quot;:&quot;%&quot;,&quot;size&quot;:&quot;&quot;,&quot;sizes&quot;:{&quot;start&quot;:20,&quot;end&quot;:100}},&quot;motion_fx_devices&quot;:[&quot;desktop&quot;,&quot;tablet&quot;,&quot;mobile&quot;]}\" data-widget_type=\"heading.default\">\n\t\t\t\t\t<p class=\"elementor-heading-title elementor-size-default\">Simplifique sua log\u00edstica: carregue seus produtos e envie.<\/p>\t\t\t\t<\/div>\n\t\t\t\t\t<\/div>\n\t\t<\/div>\n\t\t\t\t\t<\/div>\n\t\t<\/section>\n\t\t<div class=\"elementor-element elementor-element-503d120 e-flex e-con-boxed e-con e-parent\" data-id=\"503d120\" data-element_type=\"container\" data-e-type=\"container\" data-settings=\"{&quot;background_background&quot;:&quot;classic&quot;}\">\n\t\t\t\t\t<div class=\"e-con-inner\">\n\t\t<div class=\"elementor-element elementor-element-ca647d6 e-con-full e-flex e-con e-child\" data-id=\"ca647d6\" data-element_type=\"container\" data-e-type=\"container\">\n\t\t\t\t<div class=\"elementor-element elementor-element-b79f965 elementor-invisible elementor-widget elementor-widget-heading\" data-id=\"b79f965\" data-element_type=\"widget\" data-e-type=\"widget\" data-settings=\"{&quot;_animation&quot;:&quot;fadeInDown&quot;}\" data-widget_type=\"heading.default\">\n\t\t\t\t\t<h2 class=\"elementor-heading-title elementor-size-default\">Nossa oferta de servi\u00e7o<\/h2>\t\t\t\t<\/div>\n\t\t\t\t<div class=\"elementor-element elementor-element-5cac71f elementor-icon-list--layout-traditional elementor-list-item-link-full_width elementor-widget elementor-widget-icon-list\" data-id=\"5cac71f\" data-element_type=\"widget\" data-e-type=\"widget\" data-widget_type=\"icon-list.default\">\n\t\t\t\t\t\t\t<ul class=\"elementor-icon-list-items\">\n\t\t\t\t\t\t\t<li class=\"elementor-icon-list-item\">\n\t\t\t\t\t\t\t\t\t\t\t<span class=\"elementor-icon-list-icon\">\n\t\t\t\t\t\t\t<svg aria-hidden=\"true\" class=\"e-font-icon-svg e-fas-check\" viewBox=\"0 0 512 512\" xmlns=\"http:\/\/www.w3.org\/2000\/svg\"><path d=\"M173.898 439.404l-166.4-166.4c-9.997-9.997-9.997-26.206 0-36.204l36.203-36.204c9.997-9.998 26.207-9.998 36.204 0L192 312.69 432.095 72.596c9.997-9.997 26.207-9.997 36.204 0l36.203 36.204c9.997 9.997 9.997 26.206 0 36.204l-294.4 294.401c-9.998 9.997-26.207 9.997-36.204-.001z\"><\/path><\/svg>\t\t\t\t\t\t<\/span>\n\t\t\t\t\t\t\t\t\t\t<span class=\"elementor-icon-list-text\"><strong>Preparamos suas solu\u00e7\u00f5es de embalagem<\/strong> de acordo com seus requisitos espec\u00edficos e as entregamos exatamente quando voc\u00ea precisa.<\/span>\n\t\t\t\t\t\t\t\t\t<\/li>\n\t\t\t\t\t\t\t\t<li class=\"elementor-icon-list-item\">\n\t\t\t\t\t\t\t\t\t\t\t<span class=\"elementor-icon-list-icon\">\n\t\t\t\t\t\t\t<svg aria-hidden=\"true\" class=\"e-font-icon-svg e-fas-check\" viewBox=\"0 0 512 512\" xmlns=\"http:\/\/www.w3.org\/2000\/svg\"><path d=\"M173.898 439.404l-166.4-166.4c-9.997-9.997-9.997-26.206 0-36.204l36.203-36.204c9.997-9.998 26.207-9.998 36.204 0L192 312.69 432.095 72.596c9.997-9.997 26.207-9.997 36.204 0l36.203 36.204c9.997 9.997 9.997 26.206 0 36.204l-294.4 294.401c-9.998 9.997-26.207 9.997-36.204-.001z\"><\/path><\/svg>\t\t\t\t\t\t<\/span>\n\t\t\t\t\t\t\t\t\t\t<span class=\"elementor-icon-list-text\"><strong>Todas as temperaturas : <\/strong>o pr\u00e9-condicionamento est\u00e1 dispon\u00edvel para as temperaturas REFRIGERADO, TEMPERADO ou CONGELADO.<\/span>\n\t\t\t\t\t\t\t\t\t<\/li>\n\t\t\t\t\t\t\t\t<li class=\"elementor-icon-list-item\">\n\t\t\t\t\t\t\t\t\t\t\t<span class=\"elementor-icon-list-icon\">\n\t\t\t\t\t\t\t<svg aria-hidden=\"true\" class=\"e-font-icon-svg e-fas-check\" viewBox=\"0 0 512 512\" xmlns=\"http:\/\/www.w3.org\/2000\/svg\"><path d=\"M173.898 439.404l-166.4-166.4c-9.997-9.997-9.997-26.206 0-36.204l36.203-36.204c9.997-9.998 26.207-9.998 36.204 0L192 312.69 432.095 72.596c9.997-9.997 26.207-9.997 36.204 0l36.203 36.204c9.997 9.997 9.997 26.206 0 36.204l-294.4 294.401c-9.998 9.997-26.207 9.997-36.204-.001z\"><\/path><\/svg>\t\t\t\t\t\t<\/span>\n\t\t\t\t\t\t\t\t\t\t<span class=\"elementor-icon-list-text\"><strong>Este servi\u00e7o est\u00e1 dispon\u00edvel em quatro continentes,<\/strong> proporcionando uma qualidade de prepara\u00e7\u00e3o consistente em qualquer lugar do mundo.<\/span>\n\t\t\t\t\t\t\t\t\t<\/li>\n\t\t\t\t\t\t<\/ul>\n\t\t\t\t\t\t<\/div>\n\t\t\t\t<\/div>\n\t\t<div class=\"elementor-element elementor-element-508eb40 e-con-full e-flex elementor-invisible e-con e-child\" data-id=\"508eb40\" data-element_type=\"container\" data-e-type=\"container\" data-settings=\"{&quot;motion_fx_motion_fx_scrolling&quot;:&quot;yes&quot;,&quot;motion_fx_translateY_effect&quot;:&quot;yes&quot;,&quot;motion_fx_opacity_effect&quot;:&quot;yes&quot;,&quot;motion_fx_opacity_level&quot;:{&quot;unit&quot;:&quot;px&quot;,&quot;size&quot;:5,&quot;sizes&quot;:[]},&quot;motion_fx_opacity_range&quot;:{&quot;unit&quot;:&quot;%&quot;,&quot;size&quot;:&quot;&quot;,&quot;sizes&quot;:{&quot;start&quot;:44,&quot;end&quot;:59}},&quot;animation&quot;:&quot;slideInUp&quot;,&quot;background_background&quot;:&quot;classic&quot;,&quot;motion_fx_devices&quot;:[&quot;desktop&quot;],&quot;motion_fx_translateY_speed&quot;:{&quot;unit&quot;:&quot;px&quot;,&quot;size&quot;:4,&quot;sizes&quot;:[]},&quot;motion_fx_translateY_affectedRange&quot;:{&quot;unit&quot;:&quot;%&quot;,&quot;size&quot;:&quot;&quot;,&quot;sizes&quot;:{&quot;start&quot;:0,&quot;end&quot;:100}},&quot;motion_fx_opacity_direction&quot;:&quot;out-in&quot;}\">\n\t\t\t\t<\/div>\n\t\t\t\t\t<\/div>\n\t\t\t\t<\/div>\n\t\t<div class=\"elementor-element elementor-element-0ce715c e-con-full e-flex e-con e-parent\" data-id=\"0ce715c\" data-element_type=\"container\" data-e-type=\"container\">\n\t\t<div class=\"elementor-element elementor-element-587c488 e-con-full e-flex e-con e-child\" data-id=\"587c488\" data-element_type=\"container\" data-e-type=\"container\" data-settings=\"{&quot;background_background&quot;:&quot;classic&quot;}\">\n\t\t\t\t<\/div>\n\t\t<div class=\"elementor-element elementor-element-6a94021 e-con-full e-flex e-con e-child\" data-id=\"6a94021\" data-element_type=\"container\" data-e-type=\"container\">\n\t\t\t\t<div class=\"elementor-element elementor-element-4e538f3 elementor-widget elementor-widget-heading\" data-id=\"4e538f3\" data-element_type=\"widget\" data-e-type=\"widget\" data-widget_type=\"heading.default\">\n\t\t\t\t\t<p class=\"elementor-heading-title elementor-size-default\">Pronto para uso (Pr\u00e9-condicionamento)<\/p>\t\t\t\t<\/div>\n\t\t\t\t<div class=\"elementor-element elementor-element-00dc8a5 elementor-invisible elementor-widget elementor-widget-heading\" data-id=\"00dc8a5\" data-element_type=\"widget\" data-e-type=\"widget\" data-settings=\"{&quot;_animation&quot;:&quot;fadeInDown&quot;}\" data-widget_type=\"heading.default\">\n\t\t\t\t\t<h2 class=\"elementor-heading-title elementor-size-default\"><span class=\"gradient-blue\">Disponibilidade global<\/span><\/h2>\t\t\t\t<\/div>\n\t\t\t\t<div class=\"elementor-element elementor-element-195e2fc elementor-widget elementor-widget-text-editor\" data-id=\"195e2fc\" data-element_type=\"widget\" data-e-type=\"widget\" data-widget_type=\"text-editor.default\">\n\t\t\t\t\t\t\t\t\t<ul><li><p><strong>Rede de mais de 15 centros de servi\u00e7o :<\/strong> nossos centros estrategicamente localizados em todo o mundo cuidam do condicionamento e da prepara\u00e7\u00e3o de suas solu\u00e7\u00f5es para entrega direta em sua unidade ou em seu operador log\u00edstico (3PL).<\/p><\/li><li><p><strong>Entrega \u2018Pronta para Uso\u2019 :<\/strong> receba seus Pallet Shippers totalmente montados e pr\u00e9-estabilizados na temperatura exigida, eliminando a necessidade de infraestrutura de armazenamento refrigerado e tempo de prepara\u00e7\u00e3o interna.<\/p><\/li><\/ul>\t\t\t\t\t\t\t\t<\/div>\n\t\t\t\t<\/div>\n\t\t\t\t<\/div>\n\t\t\t\t<\/div>\n\t\t","protected":false},"excerpt":{"rendered":"<p>Supply &amp; preconditioning Agilidade e proximidade ao seu servi\u00e7o Na EMBALL\u2019ISO, acreditamos que o desempenho log\u00edstico \u00e9 constru\u00eddo com base na proximidade. Nossa estrat\u00e9gia de Fornecimento e pr\u00e9-condicionamento \u00e9 impulsionada por um \u00fanico objetivo: reduzir dist\u00e2ncias para garantir seus fluxos e minimizar a pegada de carbono da sua cadeia de suprimentos. A experi\u00eancia cr\u00edtica da [&hellip;]<\/p>\n","protected":false},"author":1,"featured_media":0,"parent":0,"menu_order":0,"comment_status":"closed","ping_status":"closed","template":"elementor_header_footer","meta":{"_acf_changed":false,"footnotes":""},"class_list":["post-6036","page","type-page","status-publish","hentry"],"acf":[],"_links":{"self":[{"href":"https:\/\/www.emballiso.com\/pt-br\/wp-json\/wp\/v2\/pages\/6036","targetHints":{"allow":["GET"]}}],"collection":[{"href":"https:\/\/www.emballiso.com\/pt-br\/wp-json\/wp\/v2\/pages"}],"about":[{"href":"https:\/\/www.emballiso.com\/pt-br\/wp-json\/wp\/v2\/types\/page"}],"author":[{"embeddable":true,"href":"https:\/\/www.emballiso.com\/pt-br\/wp-json\/wp\/v2\/users\/1"}],"replies":[{"embeddable":true,"href":"https:\/\/www.emballiso.com\/pt-br\/wp-json\/wp\/v2\/comments?post=6036"}],"version-history":[{"count":6,"href":"https:\/\/www.emballiso.com\/pt-br\/wp-json\/wp\/v2\/pages\/6036\/revisions"}],"predecessor-version":[{"id":8362,"href":"https:\/\/www.emballiso.com\/pt-br\/wp-json\/wp\/v2\/pages\/6036\/revisions\/8362"}],"wp:attachment":[{"href":"https:\/\/www.emballiso.com\/pt-br\/wp-json\/wp\/v2\/media?parent=6036"}],"curies":[{"name":"wp","href":"https:\/\/api.w.org\/{rel}","templated":true}]}}