{"id":8762,"date":"2024-11-22T09:05:41","date_gmt":"2024-11-22T08:05:41","guid":{"rendered":"https:\/\/www.emballiso.com\/produit\/modular-box-pallet\/"},"modified":"2026-04-20T10:00:56","modified_gmt":"2026-04-20T08:00:56","slug":"modular-box-pallet","status":"publish","type":"product","link":"https:\/\/www.emballiso.com\/fr\/produit\/modular-box-pallet\/","title":{"rendered":"Modular Box Pallet"},"content":{"rendered":"","protected":false},"excerpt":{"rendered":"<h2 style=\"color: #307bbf;\">Solution isotherme PREMIUM ou STANDARD pour les exp\u00e9ditions de grand volume \u00e0 temp\u00e9rature contr\u00f4l\u00e9e.<\/h2>\n<p>Les Modular Box Pallet ont \u00e9t\u00e9 con\u00e7us afin d\u2019offrir une forte performance thermique, et ce<strong> jusqu\u2019\u00e0 120 heures<\/strong> d\u2019autonomie, tout en garantissant une flexibilit\u00e9 logistique maximale, permettant un transport efficace et des op\u00e9rations logistiques Reuse &amp; Reverse simplifi\u00e9es : <\/p>\n<ul>\n<li>Conception modulaire et pliable : l\u00e9ger et enti\u00e8rement d\u00e9montable, permettant un assemblage et un d\u00e9montage en moins de 6 minutes, ainsi qu\u2019un transport et un stockage \u00e0 plat.<\/li>\n<li>Co\u00fbts et durabilit\u00e9 optimis\u00e9s : grande capacit\u00e9, r\u00e9utilisable au sein du r\u00e9seau Reuse &amp; Reverse, con\u00e7u pour r\u00e9duire les co\u00fbts de transport, de stockage et l\u2019impact environnemental.<\/li>\n<\/ul>\n<p>&nbsp;<\/p>\n<table style=\"width: 100%; border-collapse: collapse; font-size: 12px; color: #203a72;\">\n<thead>\n<tr style=\"text-align: center;\">\n<th style=\"padding: 6px 8px; border: 0px; background: transparent;\" colspan=\"5\"><\/th>\n<th style=\"padding: 6px 8px; border: 0px; background: #F4F8FE;\" colspan=\"3\">POIDS DU SYST\u00c8ME<\/th>\n<\/tr>\n<tr style=\"background-color: #203a72; color: #ffffff; text-align: center;\">\n<th style=\"padding: 6px 8px; border: 0px; background: transparent;\">Nom du produit<\/th>\n<th style=\"padding: 6px 8px; border: 0px; background: transparent;\">Volume interne<\/th>\n<th style=\"padding: 6px 8px; border: 0px; background: transparent;\">Espace interne<br \/>\nL x P x H<\/th>\n<th style=\"padding: 6px 8px; border: 0px; background: transparent;\">Dimensions externes<br \/>\nL x P x H<\/th>\n<th style=\"padding: 6px 8px; border: 0px; background: transparent;\">Poids volum\u00e9trique<\/th>\n<th style=\"padding: 6px 8px; border: 0px; background: transparent;\">STANDARD (eau)<br \/>\nCool \/ Temperate<\/th>\n<th style=\"padding: 6px 8px; border: 0px; background: transparent;\">PREMIUM (PCM)<br \/>\nCool<\/th>\n<\/tr>\n<\/thead>\n<tbody>\n<tr style=\"background: #F4F8FE;\">\n<td style=\"padding: 6px 8px; border: 0px; text-align: left;\"><strong>Modular BP 601 6 sides<\/strong><\/td>\n<td style=\"padding: 6px 8px; border: 0px; text-align: center;\">601 L<\/td>\n<td style=\"padding: 6px 8px; border: 0px; text-align: center;\">955 x 768 x 819 mm<br \/>\n37.6 x 30.2 x 32.2 in<\/td>\n<td style=\"padding: 6px 8px; border: 0px; text-align: center;\">1 201 x 1 006 x 1 194 mm<br \/>\n47.3 x 39.6 x 47 in<\/td>\n<td style=\"padding: 6px 8px; border: 0px; text-align: center;\">241 kg<br \/>\n530 lb<\/td>\n<td style=\"padding: 6px 8px; border: 0px; text-align: center;\">N\/A<\/td>\n<td style=\"padding: 6px 8px; border: 0px; text-align: center;\">106 kg<br \/>\n234 lb<\/td>\n<\/tr>\n<tr>\n<td style=\"padding: 6px 8px; border: 0px; text-align: left;\"><strong>Modular BP 723 3 sides<\/strong><\/td>\n<td style=\"padding: 6px 8px; border: 0px; text-align: center;\">723 L<\/td>\n<td style=\"padding: 6px 8px; border: 0px; text-align: center;\">1067 x 768 x 882 mm<br \/>\n42 x 30.2 x 34.7 in<\/td>\n<td style=\"padding: 6px 8px; border: 0px; text-align: center;\">1 201 x 1006 x 1194 mm<br \/>\n47.3 x 39.6 x 47 in<\/td>\n<td style=\"padding: 6px 8px; border: 0px; text-align: center;\">241 kg<br \/>\n530 lbs<\/td>\n<td style=\"padding: 6px 8px; border: 0px; text-align: center;\">76 kg<br \/>\n167.6 lb<\/td>\n<td style=\"padding: 6px 8px; border: 0px; text-align: center;\">N\/A<\/td>\n<\/tr>\n<tr style=\"background: #F4F8FE;\">\n<td style=\"padding: 6px 8px; border: 0px; text-align: left;\"><strong>Modular BP 866 6 sides<\/strong><\/td>\n<td style=\"padding: 6px 8px; border: 0px; text-align: center;\">866 L<\/td>\n<td style=\"padding: 6px 8px; border: 0px; text-align: center;\">955 X 768 X 1 181 mm<br \/>\n37.6 x 30.2 x 46.5 in<\/td>\n<td style=\"padding: 6px 8px; border: 0px; text-align: center;\">1 201 x 1 006 x 1 556 mm<br \/>\n47.3 x 39.6 x 61.3 in<\/td>\n<td style=\"padding: 6px 8px; border: 0px; text-align: center;\">314 kg<br \/>\n691 lb<\/td>\n<td style=\"padding: 6px 8px; border: 0px; text-align: center;\">N\/A<\/td>\n<td style=\"padding: 6px 8px; border: 0px; text-align: center;\">124 kg<br \/>\n273 lb<\/td>\n<\/tr>\n<tr>\n<td style=\"padding: 6px 8px; border: 0px; text-align: left;\"><strong>Modular BP 1019 3 sides<\/strong><\/td>\n<td style=\"padding: 6px 8px; border: 0px; text-align: center;\">1 019 L<\/td>\n<td style=\"padding: 6px 8px; border: 0px; text-align: center;\">1 067 x 768 x 1 244 mm<br \/>\n42 x 30.2 x 49 in<\/td>\n<td style=\"padding: 6px 8px; border: 0px; text-align: center;\">1 201 x 1 006 x 1 556 mm<br \/>\n47.3 x 39.6 x 61.3 in<\/td>\n<td style=\"padding: 6px 8px; border: 0px; text-align: center;\">314 kg<br \/>\n691 lb<\/td>\n<td style=\"padding: 6px 8px; border: 0px; text-align: center;\">94 kg<br \/>\n207,2 lb<\/td>\n<td style=\"padding: 6px 8px; border: 0px; text-align: center;\">N\/A<\/td>\n<\/tr>\n<\/tbody>\n<\/table>\n<p class=\"p1\" style=\"font-size: 12px; color: #203a72;\"><strong>N\/A : <\/strong>Configuration non disponible pour ce mod\u00e8le.<\/p>\n","protected":false},"featured_media":1684,"comment_status":"closed","ping_status":"closed","template":"","meta":{"_acf_changed":false},"product_brand":[],"product_cat":[144],"product_tag":[],"class_list":{"0":"post-8762","1":"product","2":"type-product","3":"status-publish","4":"has-post-thumbnail","6":"product_cat-expedition-cargo","8":"first","9":"instock","10":"featured","11":"shipping-taxable","12":"product-type-simple"},"acf":[],"_links":{"self":[{"href":"https:\/\/www.emballiso.com\/fr\/wp-json\/wp\/v2\/product\/8762","targetHints":{"allow":["GET"]}}],"collection":[{"href":"https:\/\/www.emballiso.com\/fr\/wp-json\/wp\/v2\/product"}],"about":[{"href":"https:\/\/www.emballiso.com\/fr\/wp-json\/wp\/v2\/types\/product"}],"replies":[{"embeddable":true,"href":"https:\/\/www.emballiso.com\/fr\/wp-json\/wp\/v2\/comments?post=8762"}],"wp:featuredmedia":[{"embeddable":true,"href":"https:\/\/www.emballiso.com\/fr\/wp-json\/wp\/v2\/media\/1684"}],"wp:attachment":[{"href":"https:\/\/www.emballiso.com\/fr\/wp-json\/wp\/v2\/media?parent=8762"}],"wp:term":[{"taxonomy":"product_brand","embeddable":true,"href":"https:\/\/www.emballiso.com\/fr\/wp-json\/wp\/v2\/product_brand?post=8762"},{"taxonomy":"product_cat","embeddable":true,"href":"https:\/\/www.emballiso.com\/fr\/wp-json\/wp\/v2\/product_cat?post=8762"},{"taxonomy":"product_tag","embeddable":true,"href":"https:\/\/www.emballiso.com\/fr\/wp-json\/wp\/v2\/product_tag?post=8762"}],"curies":[{"name":"wp","href":"https:\/\/api.w.org\/{rel}","templated":true}]}}