{"id":5183,"date":"2024-11-22T09:05:41","date_gmt":"2024-11-22T08:05:41","guid":{"rendered":"https:\/\/www.emballiso.com\/produit\/modular-box-pallet\/"},"modified":"2026-03-23T17:26:20","modified_gmt":"2026-03-23T16:26:20","slug":"modular-box-pallet","status":"publish","type":"product","link":"https:\/\/www.emballiso.com\/fr\/produit\/modular-box-pallet\/","title":{"rendered":"Modular Box Pallet"},"content":{"rendered":"","protected":false},"excerpt":{"rendered":"<h2 style=\"color: #307bbf;\">Solution isotherme PREMIUM ou STANDARD pour les exp\u00e9ditions de grand volume \u00e0 temp\u00e9rature contr\u00f4l\u00e9e.<\/h2>\n<p>Les Modular Box Pallet ont \u00e9t\u00e9 con\u00e7us afin d\u2019offrir une forte performance thermique, et ce<strong> jusqu\u2019\u00e0 120 heures<\/strong> d\u2019autonomie, tout en garantissant une flexibilit\u00e9 logistique maximale, permettant un transport efficace et des op\u00e9rations logistiques Reuse &amp; Reverse simplifi\u00e9es. <\/p>\n<ul>\n<li>Conception modulaire et pliable : l\u00e9ger et enti\u00e8rement d\u00e9montable, permettant un assemblage et un d\u00e9montage en moins de 6 minutes, ainsi qu\u2019un transport et un stockage \u00e0 plat.<\/li>\n<li>Co\u00fbts et durabilit\u00e9 optimis\u00e9s : grande capacit\u00e9, r\u00e9utilisable au sein du r\u00e9seau Reuse &amp; Reverse, con\u00e7u pour r\u00e9duire les co\u00fbts de transport, de stockage et l\u2019impact environnemental.<\/li>\n<\/ul>\n","protected":false},"featured_media":1684,"comment_status":"closed","ping_status":"closed","template":"","meta":{"_acf_changed":false},"product_brand":[],"product_cat":[144],"product_tag":[],"class_list":{"0":"post-5183","1":"product","2":"type-product","3":"status-publish","4":"has-post-thumbnail","6":"product_cat-expedition-cargo","8":"first","9":"instock","10":"featured","11":"shipping-taxable","12":"product-type-simple"},"acf":[],"_links":{"self":[{"href":"https:\/\/www.emballiso.com\/fr\/wp-json\/wp\/v2\/product\/5183","targetHints":{"allow":["GET"]}}],"collection":[{"href":"https:\/\/www.emballiso.com\/fr\/wp-json\/wp\/v2\/product"}],"about":[{"href":"https:\/\/www.emballiso.com\/fr\/wp-json\/wp\/v2\/types\/product"}],"replies":[{"embeddable":true,"href":"https:\/\/www.emballiso.com\/fr\/wp-json\/wp\/v2\/comments?post=5183"}],"wp:featuredmedia":[{"embeddable":true,"href":"https:\/\/www.emballiso.com\/fr\/wp-json\/wp\/v2\/media\/1684"}],"wp:attachment":[{"href":"https:\/\/www.emballiso.com\/fr\/wp-json\/wp\/v2\/media?parent=5183"}],"wp:term":[{"taxonomy":"product_brand","embeddable":true,"href":"https:\/\/www.emballiso.com\/fr\/wp-json\/wp\/v2\/product_brand?post=5183"},{"taxonomy":"product_cat","embeddable":true,"href":"https:\/\/www.emballiso.com\/fr\/wp-json\/wp\/v2\/product_cat?post=5183"},{"taxonomy":"product_tag","embeddable":true,"href":"https:\/\/www.emballiso.com\/fr\/wp-json\/wp\/v2\/product_tag?post=5183"}],"curies":[{"name":"wp","href":"https:\/\/api.w.org\/{rel}","templated":true}]}}