{"id":5182,"date":"2024-11-23T10:35:15","date_gmt":"2024-11-23T09:35:15","guid":{"rendered":"https:\/\/www.emballiso.com\/produit\/box-pallet\/"},"modified":"2026-03-23T17:17:09","modified_gmt":"2026-03-23T16:17:09","slug":"box-pallet","status":"publish","type":"product","link":"https:\/\/www.emballiso.com\/fr\/produit\/box-pallet\/","title":{"rendered":"Box Pallet"},"content":{"rendered":"","protected":false},"excerpt":{"rendered":"<h2 style=\"color: #307bbf;\">Solution isotherme PREMIUM ou STANDARD pour les exp\u00e9ditions de grand volume \u00e0 temp\u00e9rature contr\u00f4l\u00e9e.<\/h2>\n<p>Les Box Pallet ont \u00e9t\u00e9 con\u00e7ues afin de garantir l\u2019envoie de grand volume de produits thermosensibles tout en assurant une protection thermique fiable et des op\u00e9rations logistiques optimis\u00e9es.<\/p>\n<ul>\n<li>Contr\u00f4le thermique fiable: maintient les plages de temp\u00e9ratures COOL +2\u00b0C \/ +8\u00b0C, TEMPERATE +2\u00b0C\/+25\u00b0C ou TEMPERATE +15\u00b0C \/ +25\u00b0C, et ce <strong>jusqu\u2019\u00e0 120 heures<\/strong> d\u2019autonomie. Les Box Pallet sont valid\u00e9es pour des temp\u00e9ratures externes allant de -20\u00b0C \u00e0 +60\u00b0C, qualifi\u00e9 pour le General Cargo et conformes aux exigences de transport des compagnies a\u00e9riennes.<\/li>\n<li>Op\u00e9rations simples et efficaces : facile \u00e0 charger, remplir et transporter, avec des fourreaux pour briquettes PCM identiques sur tous les formats de Box Pallet, le tout soutenu par des protocoles de pr\u00e9paration d\u00e9taill\u00e9s et une formation d\u00e9di\u00e9e.<\/li>\n<\/ul>\n","protected":false},"featured_media":1859,"comment_status":"closed","ping_status":"closed","template":"","meta":{"_acf_changed":false},"product_brand":[],"product_cat":[144],"product_tag":[],"class_list":{"0":"post-5182","1":"product","2":"type-product","3":"status-publish","4":"has-post-thumbnail","6":"product_cat-expedition-cargo","8":"first","9":"instock","10":"shipping-taxable","11":"product-type-simple"},"acf":[],"_links":{"self":[{"href":"https:\/\/www.emballiso.com\/fr\/wp-json\/wp\/v2\/product\/5182","targetHints":{"allow":["GET"]}}],"collection":[{"href":"https:\/\/www.emballiso.com\/fr\/wp-json\/wp\/v2\/product"}],"about":[{"href":"https:\/\/www.emballiso.com\/fr\/wp-json\/wp\/v2\/types\/product"}],"replies":[{"embeddable":true,"href":"https:\/\/www.emballiso.com\/fr\/wp-json\/wp\/v2\/comments?post=5182"}],"wp:featuredmedia":[{"embeddable":true,"href":"https:\/\/www.emballiso.com\/fr\/wp-json\/wp\/v2\/media\/1859"}],"wp:attachment":[{"href":"https:\/\/www.emballiso.com\/fr\/wp-json\/wp\/v2\/media?parent=5182"}],"wp:term":[{"taxonomy":"product_brand","embeddable":true,"href":"https:\/\/www.emballiso.com\/fr\/wp-json\/wp\/v2\/product_brand?post=5182"},{"taxonomy":"product_cat","embeddable":true,"href":"https:\/\/www.emballiso.com\/fr\/wp-json\/wp\/v2\/product_cat?post=5182"},{"taxonomy":"product_tag","embeddable":true,"href":"https:\/\/www.emballiso.com\/fr\/wp-json\/wp\/v2\/product_tag?post=5182"}],"curies":[{"name":"wp","href":"https:\/\/api.w.org\/{rel}","templated":true}]}}