{"id":5180,"date":"2025-09-18T09:40:12","date_gmt":"2025-09-18T07:40:12","guid":{"rendered":"https:\/\/www.emballiso.com\/produit\/standard-national\/"},"modified":"2026-03-23T16:57:33","modified_gmt":"2026-03-23T15:57:33","slug":"standard-national","status":"publish","type":"product","link":"https:\/\/www.emballiso.com\/fr\/produit\/standard-national\/","title":{"rendered":"STANDARD NATIONAL"},"content":{"rendered":"","protected":false},"excerpt":{"rendered":"<h2 style=\"color: #307bbf;\">Emballages isothermes STANDARD pour les exp\u00e9ditions de courte dur\u00e9e \u00e0 temp\u00e9rature contr\u00f4l\u00e9e<\/h2>\n<ul>\n<li><strong>Jusqu\u2019\u00e0 48\u202fheures<\/strong> de protection thermique : maintien des plages COOL 2\u00b0C\u20138\u00b0C or TEMPERATE 2\u00b0C\u201325\u00b0C, id\u00e9al pour les exp\u00e9ditions nationales de courte dur\u00e9e.<\/li>\n<li>Fabriqu\u00e9s avec des panneaux XPS, offrant une excellente efficacit\u00e9 poids\/volume.<\/li>\n<\/ul>\n","protected":false},"featured_media":1335,"comment_status":"closed","ping_status":"closed","template":"","meta":{"_acf_changed":false},"product_brand":[],"product_cat":[145],"product_tag":[],"class_list":{"0":"post-5180","1":"product","2":"type-product","3":"status-publish","4":"has-post-thumbnail","6":"product_cat-expedition-colis","8":"first","9":"instock","10":"shipping-taxable","11":"product-type-simple"},"acf":[],"_links":{"self":[{"href":"https:\/\/www.emballiso.com\/fr\/wp-json\/wp\/v2\/product\/5180","targetHints":{"allow":["GET"]}}],"collection":[{"href":"https:\/\/www.emballiso.com\/fr\/wp-json\/wp\/v2\/product"}],"about":[{"href":"https:\/\/www.emballiso.com\/fr\/wp-json\/wp\/v2\/types\/product"}],"replies":[{"embeddable":true,"href":"https:\/\/www.emballiso.com\/fr\/wp-json\/wp\/v2\/comments?post=5180"}],"wp:featuredmedia":[{"embeddable":true,"href":"https:\/\/www.emballiso.com\/fr\/wp-json\/wp\/v2\/media\/1335"}],"wp:attachment":[{"href":"https:\/\/www.emballiso.com\/fr\/wp-json\/wp\/v2\/media?parent=5180"}],"wp:term":[{"taxonomy":"product_brand","embeddable":true,"href":"https:\/\/www.emballiso.com\/fr\/wp-json\/wp\/v2\/product_brand?post=5180"},{"taxonomy":"product_cat","embeddable":true,"href":"https:\/\/www.emballiso.com\/fr\/wp-json\/wp\/v2\/product_cat?post=5180"},{"taxonomy":"product_tag","embeddable":true,"href":"https:\/\/www.emballiso.com\/fr\/wp-json\/wp\/v2\/product_tag?post=5180"}],"curies":[{"name":"wp","href":"https:\/\/api.w.org\/{rel}","templated":true}]}}