{"id":5179,"date":"2025-09-19T15:46:21","date_gmt":"2025-09-19T13:46:21","guid":{"rendered":"https:\/\/www.emballiso.com\/produit\/standard-national-plus\/"},"modified":"2026-03-23T16:45:19","modified_gmt":"2026-03-23T15:45:19","slug":"standard-national-plus","status":"publish","type":"product","link":"https:\/\/www.emballiso.com\/fr\/produit\/standard-national-plus\/","title":{"rendered":"STANDARD NATIONAL +"},"content":{"rendered":"","protected":false},"excerpt":{"rendered":"<h2 style=\"color: #307bbf;\">Emballages isothermes STANDARD fiables pour les exp\u00e9ditions nationales sous temp\u00e9rature contr\u00f4l\u00e9e<\/h2>\n<ul>\n<li><strong>Jusqu\u2019\u00e0 72\u202fheures<\/strong> de protection thermique : maintien des plages COOL 2\u00b0C\u20138\u00b0C or TEMPERATE 2\u00b0C\u201325\u00b0C pour des exp\u00e9ditions nationales de dur\u00e9e moyenne.<\/li>\n<li>Fabriqu\u00e9s en PSE (polystyr\u00e8ne expans\u00e9) et faisant partie de la gamme STANDARD, ils offrent une solution fiable et \u00e9conomique.<\/li>\n<li>Test\u00e9s par notre \u00e9quipe d\u2019ing\u00e9nierie dans des conditions r\u00e9elles de transport exigeantes, avec protocoles de pr\u00e9paration d\u00e9taill\u00e9s et possibilit\u00e9 de formation sur site.<\/li>\n<\/ul>\n","protected":false},"featured_media":1334,"comment_status":"closed","ping_status":"closed","template":"","meta":{"_acf_changed":false},"product_brand":[],"product_cat":[145],"product_tag":[],"class_list":{"0":"post-5179","1":"product","2":"type-product","3":"status-publish","4":"has-post-thumbnail","6":"product_cat-expedition-colis","8":"first","9":"instock","10":"featured","11":"shipping-taxable","12":"product-type-simple"},"acf":[],"_links":{"self":[{"href":"https:\/\/www.emballiso.com\/fr\/wp-json\/wp\/v2\/product\/5179","targetHints":{"allow":["GET"]}}],"collection":[{"href":"https:\/\/www.emballiso.com\/fr\/wp-json\/wp\/v2\/product"}],"about":[{"href":"https:\/\/www.emballiso.com\/fr\/wp-json\/wp\/v2\/types\/product"}],"replies":[{"embeddable":true,"href":"https:\/\/www.emballiso.com\/fr\/wp-json\/wp\/v2\/comments?post=5179"}],"wp:featuredmedia":[{"embeddable":true,"href":"https:\/\/www.emballiso.com\/fr\/wp-json\/wp\/v2\/media\/1334"}],"wp:attachment":[{"href":"https:\/\/www.emballiso.com\/fr\/wp-json\/wp\/v2\/media?parent=5179"}],"wp:term":[{"taxonomy":"product_brand","embeddable":true,"href":"https:\/\/www.emballiso.com\/fr\/wp-json\/wp\/v2\/product_brand?post=5179"},{"taxonomy":"product_cat","embeddable":true,"href":"https:\/\/www.emballiso.com\/fr\/wp-json\/wp\/v2\/product_cat?post=5179"},{"taxonomy":"product_tag","embeddable":true,"href":"https:\/\/www.emballiso.com\/fr\/wp-json\/wp\/v2\/product_tag?post=5179"}],"curies":[{"name":"wp","href":"https:\/\/api.w.org\/{rel}","templated":true}]}}