{"id":5178,"date":"2025-09-20T14:30:38","date_gmt":"2025-09-20T12:30:38","guid":{"rendered":"https:\/\/www.emballiso.com\/produit\/deep-freeze\/"},"modified":"2026-03-23T16:32:42","modified_gmt":"2026-03-23T15:32:42","slug":"deep-freeze","status":"publish","type":"product","link":"https:\/\/www.emballiso.com\/fr\/produit\/deep-freeze\/","title":{"rendered":"DEEP FREEZE"},"content":{"rendered":"","protected":false},"excerpt":{"rendered":"<h2 style=\"color: #307bbf;\">Solution isotherme PREMIUM pour le transport de temp\u00e9rature contr\u00f4l\u00e9e<\/h2>\n<ul>\n<li>Associ\u00e9 \u00e0 de la glace carbonique, Deep Freeze maintient vos produits \u00e0 \u201370\u202f\u00b0C <strong><strong>jusqu\u2019\u00e0 144 heures<\/strong><\/strong>.<\/li>\n<li>Simple et fiable : facile \u00e0 utiliser et con\u00e7u pour le transport de gros volumes, il garantit la s\u00e9curit\u00e9 de vos produits thermosensibles tout au long du trajet.<\/li>\n<\/ul>\n","protected":false},"featured_media":1330,"comment_status":"closed","ping_status":"closed","template":"","meta":{"_acf_changed":false},"product_brand":[],"product_cat":[145],"product_tag":[],"class_list":{"0":"post-5178","1":"product","2":"type-product","3":"status-publish","4":"has-post-thumbnail","6":"product_cat-expedition-colis","8":"first","9":"instock","10":"featured","11":"shipping-taxable","12":"product-type-simple"},"acf":[],"_links":{"self":[{"href":"https:\/\/www.emballiso.com\/fr\/wp-json\/wp\/v2\/product\/5178","targetHints":{"allow":["GET"]}}],"collection":[{"href":"https:\/\/www.emballiso.com\/fr\/wp-json\/wp\/v2\/product"}],"about":[{"href":"https:\/\/www.emballiso.com\/fr\/wp-json\/wp\/v2\/types\/product"}],"replies":[{"embeddable":true,"href":"https:\/\/www.emballiso.com\/fr\/wp-json\/wp\/v2\/comments?post=5178"}],"wp:featuredmedia":[{"embeddable":true,"href":"https:\/\/www.emballiso.com\/fr\/wp-json\/wp\/v2\/media\/1330"}],"wp:attachment":[{"href":"https:\/\/www.emballiso.com\/fr\/wp-json\/wp\/v2\/media?parent=5178"}],"wp:term":[{"taxonomy":"product_brand","embeddable":true,"href":"https:\/\/www.emballiso.com\/fr\/wp-json\/wp\/v2\/product_brand?post=5178"},{"taxonomy":"product_cat","embeddable":true,"href":"https:\/\/www.emballiso.com\/fr\/wp-json\/wp\/v2\/product_cat?post=5178"},{"taxonomy":"product_tag","embeddable":true,"href":"https:\/\/www.emballiso.com\/fr\/wp-json\/wp\/v2\/product_tag?post=5178"}],"curies":[{"name":"wp","href":"https:\/\/api.w.org\/{rel}","templated":true}]}}