{"id":5177,"date":"2025-09-24T09:00:48","date_gmt":"2025-09-24T07:00:48","guid":{"rendered":"https:\/\/www.emballiso.com\/produit\/hpbp\/"},"modified":"2026-04-24T11:40:04","modified_gmt":"2026-04-24T09:40:04","slug":"hpbp","status":"publish","type":"product","link":"https:\/\/www.emballiso.com\/fr\/produit\/hpbp\/","title":{"rendered":"HPBP"},"content":{"rendered":"<p>(HIGH PERFORMANCE BOX PALLET)<\/p>\n","protected":false},"excerpt":{"rendered":"<h2 style=\"color: #307bbf;\">Protection isotherme PREMIUM+ pour les exp\u00e9ditions de grand volume \u00e0 temp\u00e9rature contr\u00f4l\u00e9e.<\/h2>\n<p>Les conteneurs High Performance Box Pallet sont con\u00e7us pour transporter en toute s\u00e9curit\u00e9 de grands volumes de produits thermosensibles, tout en garantissant une performance thermique fiable sur plusieurs plages de temp\u00e9ratures :<\/p>\n<ul>\n<li>Haute performance thermique: maintient les temp\u00e9ratures COOL +2\u00b0C\/+8\u00b0C, TEMPERATE +15\u00b0C\/+25\u00b0C, ou FREEZE -25\u00b0C\/-15\u00b0C, et ce <strong>jusqu\u2019\u00e0 144 heures<\/strong> d\u2019autonomie, qualifi\u00e9 selon les normes ISTA 7D Summer &amp; Winter.<\/li>\n<li>Solution s\u00e9curis\u00e9e et r\u00e9utilisable : conteneur isotherme de grande capacit\u00e9 con\u00e7u pour le transport en toute s\u00e9curit\u00e9 de volumes importants, r\u00e9utilisable gr\u00e2ce \u00e0 notre service Reuse &amp; Reverse qui inclut le nettoyage, le contr\u00f4le qualit\u00e9 et la r\u00e9paration si n\u00e9cessaire.<\/li>\n<\/ul>\n<p>&nbsp;<\/p>\n<table style=\"width: 100%; border-collapse: collapse; font-size: 12px; color: #203a72;\">\n<thead>\n<tr style=\"text-align: center;\">\n<th style=\"padding: 6px 8px; border: 0px; background: transparent;\" colspan=\"5\"><\/th>\n<th style=\"padding: 6px 8px; border: 0px; background: #F4F8FE;\" colspan=\"3\">POIDS DU SYST\u00c8ME<\/th>\n<\/tr>\n<tr style=\"background-color: #203a72; color: #ffffff; text-align: center;\">\n<th style=\"padding: 6px 8px; border: 0px; background: transparent;\">Nom du produit<\/th>\n<th style=\"padding: 6px 8px; border: 0px; background: transparent;\">Volume interne<\/th>\n<th style=\"padding: 6px 8px; border: 0px; background: transparent;\">Espace interne<br \/>\nL x P x H<\/th>\n<th style=\"padding: 6px 8px; border: 0px; background: transparent;\">Dimensions externes<br \/>\nL x P x H<\/th>\n<th style=\"padding: 6px 8px; border: 0px; background: transparent;\">Poids volum\u00e9trique<\/th>\n<th style=\"padding: 6px 8px; border: 0px; background: transparent;\">Freeze<\/th>\n<th style=\"padding: 6px 8px; border: 0px; background: transparent;\">Cool<\/th>\n<th style=\"padding: 6px 8px; border: 0px; background: transparent;\">Temperate<\/th>\n<\/tr>\n<\/thead>\n<tbody>\n<tr style=\"background: #F4F8FE;\">\n<td style=\"padding: 6px 8px; border: 0px; text-align: left;\"><strong>HPBP 143<\/strong><\/td>\n<td style=\"padding: 6px 8px; border: 0px; text-align: center;\">143 L<\/td>\n<td style=\"padding: 6px 8px; border: 0px; text-align: center;\">816 x 421 x 416 mm<br \/>\n32.1 x 16.6 x 16.4 in<\/td>\n<td style=\"padding: 6px 8px; border: 0px; text-align: center;\">1 202 x 797 x 775 mm<br \/>\n47.3 x 31.4 x 30.5 in<\/td>\n<td style=\"padding: 6px 8px; border: 0px; text-align: center;\">124 kg<br \/>\n273 lb<\/td>\n<td style=\"padding: 6px 8px; border: 0px; text-align: center;\">69 kg<br \/>\n153 lb<\/td>\n<td style=\"padding: 6px 8px; border: 0px; text-align: center;\">57 kg<br \/>\n126 lb<\/td>\n<td style=\"padding: 6px 8px; border: 0px; text-align: center;\">57 kg<br \/>\n126 lb<\/td>\n<\/tr>\n<tr>\n<td style=\"padding: 6px 8px; border: 0px; text-align: left;\"><strong>HPBP 336<\/strong><\/td>\n<td style=\"padding: 6px 8px; border: 0px; text-align: center;\">336 L<\/td>\n<td style=\"padding: 6px 8px; border: 0px; text-align: center;\">815 x 620 x 665 mm<br \/>\n32.1 x 24.4 x 26.2 in<\/td>\n<td style=\"padding: 6px 8px; border: 0px; text-align: center;\">1 202 x 997 x 1 050 mm<br \/>\n47.3 x 39.3 x 41.3 in<\/td>\n<td style=\"padding: 6px 8px; border: 0px; text-align: center;\">211 kg<br \/>\n462 lb<\/td>\n<td style=\"padding: 6px 8px; border: 0px; text-align: center;\">114 kg<br \/>\n251 lb<\/td>\n<td style=\"padding: 6px 8px; border: 0px; text-align: center;\">93 kg<br \/>\n205 lb<\/td>\n<td style=\"padding: 6px 8px; border: 0px; text-align: center;\">92 kg<br \/>\n202 lb<\/td>\n<\/tr>\n<\/tbody>\n<\/table>\n","protected":false},"featured_media":1325,"comment_status":"closed","ping_status":"closed","template":"","meta":{"_acf_changed":false},"product_brand":[],"product_cat":[144],"product_tag":[],"class_list":{"0":"post-5177","1":"product","2":"type-product","3":"status-publish","4":"has-post-thumbnail","6":"product_cat-expedition-cargo","8":"first","9":"instock","10":"featured","11":"shipping-taxable","12":"product-type-simple"},"acf":[],"_links":{"self":[{"href":"https:\/\/www.emballiso.com\/fr\/wp-json\/wp\/v2\/product\/5177","targetHints":{"allow":["GET"]}}],"collection":[{"href":"https:\/\/www.emballiso.com\/fr\/wp-json\/wp\/v2\/product"}],"about":[{"href":"https:\/\/www.emballiso.com\/fr\/wp-json\/wp\/v2\/types\/product"}],"replies":[{"embeddable":true,"href":"https:\/\/www.emballiso.com\/fr\/wp-json\/wp\/v2\/comments?post=5177"}],"wp:featuredmedia":[{"embeddable":true,"href":"https:\/\/www.emballiso.com\/fr\/wp-json\/wp\/v2\/media\/1325"}],"wp:attachment":[{"href":"https:\/\/www.emballiso.com\/fr\/wp-json\/wp\/v2\/media?parent=5177"}],"wp:term":[{"taxonomy":"product_brand","embeddable":true,"href":"https:\/\/www.emballiso.com\/fr\/wp-json\/wp\/v2\/product_brand?post=5177"},{"taxonomy":"product_cat","embeddable":true,"href":"https:\/\/www.emballiso.com\/fr\/wp-json\/wp\/v2\/product_cat?post=5177"},{"taxonomy":"product_tag","embeddable":true,"href":"https:\/\/www.emballiso.com\/fr\/wp-json\/wp\/v2\/product_tag?post=5177"}],"curies":[{"name":"wp","href":"https:\/\/api.w.org\/{rel}","templated":true}]}}