{"id":5175,"date":"2025-09-24T09:30:52","date_gmt":"2025-09-24T07:30:52","guid":{"rendered":"https:\/\/www.emballiso.com\/produit\/deep-freeze-vype\/"},"modified":"2026-04-24T11:36:10","modified_gmt":"2026-04-24T09:36:10","slug":"deep-freeze-vype","status":"publish","type":"product","link":"https:\/\/www.emballiso.com\/fr\/produit\/deep-freeze-vype\/","title":{"rendered":"DEEP FREEZE VYPE"},"content":{"rendered":"","protected":false},"excerpt":{"rendered":"<h2 style=\"color: #307bbf;\">Solution isotherme PREMIUM+ pour le transport \u00e0 temp\u00e9rature contr\u00f4l\u00e9e<\/h2>\n<ul>\n<li>Maintient vos produits \u00e0 des temp\u00e9ratures optimales <strong>jusqu\u2019\u00e0 244 heures<\/strong>, qualifi\u00e9 selon les standards ISTA 7D, sans n\u00e9cessiter de glace carbonique suppl\u00e9mentaire.<\/li>\n<\/ul>\n<ul>\n<li>Fabriqu\u00e9 avec des panneaux isolants sous vide (VIP), offrant une protection maximale m\u00eame en conditions extr\u00eames.<\/li>\n<\/ul>\n<p>&nbsp;<\/p>\n<table style=\"width: 100%; border-collapse: collapse; font-size: 12px; color: #203a72;\">\n<thead>\n<tr style=\"text-align: center;\">\n<th style=\"padding: 6px 8px; border: 0px; background: #F4F8FE;\" colspan=\"6\">DEEP FREEZE VYPE<\/th>\n<\/tr>\n<tr style=\"background-color: #203a72; color: #ffffff; text-align: center;\">\n<th style=\"padding: 6px 8px; border: 0px; background: transparent;\">Nom du produit<\/th>\n<th style=\"padding: 6px 8px; border: 0px; background: transparent;\">Volume interne<\/th>\n<th style=\"padding: 6px 8px; border: 0px; background: transparent;\">Espace interne<sup>(1)<\/sup><br \/>\nL x P x H<\/th>\n<th style=\"padding: 6px 8px; border: 0px; background: transparent;\">Dimensions externes<br \/>\nL x P x H<\/th>\n<th style=\"padding: 6px 8px; border: 0px; background: transparent;\">Poids volum\u00e9trique<\/th>\n<th style=\"padding: 6px 8px; border: 0px; background: transparent;\">Poids du syst\u00e8me<sup>(2)<\/sup><\/th>\n<\/tr>\n<\/thead>\n<tbody>\n<tr style=\"background: #F4F8FE;\">\n<td style=\"padding: 6px 8px; border: 0px; text-align: left;\"><strong>Deep Freeze VYPE 20<\/strong><\/td>\n<td style=\"padding: 6px 8px; border: 0px; text-align: center;\">20 L<\/td>\n<td style=\"padding: 6px 8px; border: 0px; text-align: center;\">272 x 272 x 276 mm<br \/>\n10.7 x 10.7 x 10.9 in<\/td>\n<td style=\"padding: 6px 8px; border: 0px; text-align: center;\">390 x 375 x 360 mm<br \/>\n15.4 x 14.8 x 14.2 in<\/td>\n<td style=\"padding: 6px 8px; border: 0px; text-align: center;\">9 kg<br \/>\n20 lb<\/td>\n<td style=\"padding: 6px 8px; border: 0px; text-align: center;\">4.5 kg<br \/>\n9.9 lb<\/td>\n<\/tr>\n<tr>\n<td style=\"padding: 6px 8px; border: 0px; text-align: left;\"><strong>Deep Freeze VYPE 31<\/strong><\/td>\n<td style=\"padding: 6px 8px; border: 0px; text-align: center;\">31 L<\/td>\n<td style=\"padding: 6px 8px; border: 0px; text-align: center;\">312 x 312 x 316 mm<br \/>\n12.3 x 12.3 x 12.4 in<\/td>\n<td style=\"padding: 6px 8px; border: 0px; text-align: center;\">430 x 415 x 400 mm<br \/>\n16.9 x 16.3 x 15.7 in<\/td>\n<td style=\"padding: 6px 8px; border: 0px; text-align: center;\">12 kg<br \/>\n27 lb<\/td>\n<td style=\"padding: 6px 8px; border: 0px; text-align: center;\">5.4 kg<br \/>\n12.0 lb<\/td>\n<\/tr>\n<tr style=\"background: #F4F8FE;\">\n<td style=\"padding: 6px 8px; border: 0px; text-align: left;\"><strong>Deep Freeze VYPE 52<\/strong><\/td>\n<td style=\"padding: 6px 8px; border: 0px; text-align: center;\">52 L<\/td>\n<td style=\"padding: 6px 8px; border: 0px; text-align: center;\">372 x 372 x 376 mm<br \/>\n14.6 x 14.6 x 14.8 in<\/td>\n<td style=\"padding: 6px 8px; border: 0px; text-align: center;\">490 x 475 x 460 mm<br \/>\n19.3 x 18.7 x 18.1 in<\/td>\n<td style=\"padding: 6px 8px; border: 0px; text-align: center;\">18 kg<br \/>\n40 lb<\/td>\n<td style=\"padding: 6px 8px; border: 0px; text-align: center;\">7.6 kg<br \/>\n16.8 lb<\/td>\n<\/tr>\n<tr>\n<td style=\"padding: 6px 8px; border: 0px; text-align: left;\"><strong>Deep Freeze VYPE 64<\/strong><\/td>\n<td style=\"padding: 6px 8px; border: 0px; text-align: center;\">64 L<\/td>\n<td style=\"padding: 6px 8px; border: 0px; text-align: center;\">372 x 372 x 466 mm<br \/>\n14.6 x 14.6 x 18.3 in<\/td>\n<td style=\"padding: 6px 8px; border: 0px; text-align: center;\">490 x 475 x 550 mm<br \/>\n19.3 x 18.7 x 21.7 in<\/td>\n<td style=\"padding: 6px 8px; border: 0px; text-align: center;\">22 kg<br \/>\n48 lb<\/td>\n<td style=\"padding: 6px 8px; border: 0px; text-align: center;\">6.9 kg<br \/>\n15.2 lb<\/td>\n<\/tr>\n<tr style=\"background: #F4F8FE;\">\n<td style=\"padding: 6px 8px; border: 0px; text-align: left;\"><strong>Deep Freeze VYPE 79<\/strong><\/td>\n<td style=\"padding: 6px 8px; border: 0px; text-align: center;\">79 L<\/td>\n<td style=\"padding: 6px 8px; border: 0px; text-align: center;\">460 x 460 x 375 mm<br \/>\n18.1 x 18.1 x 14.7 in<\/td>\n<td style=\"padding: 6px 8px; border: 0px; text-align: center;\">580 x 575 x 460 mm<br \/>\n22.8 x 22.6 x 18.1 in<\/td>\n<td style=\"padding: 6px 8px; border: 0px; text-align: center;\">27 kg<br \/>\n59 lb<\/td>\n<td style=\"padding: 6px 8px; border: 0px; text-align: center;\">7.8 kg<br \/>\n17.2 lb<\/td>\n<\/tr>\n<tr>\n<td style=\"padding: 6px 8px; border: 0px; text-align: left;\"><strong>Deep Freeze VYPE 99<\/strong><\/td>\n<td style=\"padding: 6px 8px; border: 0px; text-align: center;\">99 L<\/td>\n<td style=\"padding: 6px 8px; border: 0px; text-align: center;\">462 x 462 x 466 mm<br \/>\n18.2 x 18.2 x 18.3 in<\/td>\n<td style=\"padding: 6px 8px; border: 0px; text-align: center;\">580 x 575 x 550 mm<br \/>\n22.8 x 22.6 x 21.7 in<\/td>\n<td style=\"padding: 6px 8px; border: 0px; text-align: center;\">31 kg<br \/>\n68 lb<\/td>\n<td style=\"padding: 6px 8px; border: 0px; text-align: center;\">11.7 kg<br \/>\n25.8 lb<\/td>\n<\/tr>\n<tr style=\"background: #F4F8FE;\">\n<td style=\"padding: 6px 8px; border: 0px; text-align: left;\"><strong>Deep Freeze VYPE 185<\/strong><\/td>\n<td style=\"padding: 6px 8px; border: 0px; text-align: center;\">185 L<\/td>\n<td style=\"padding: 6px 8px; border: 0px; text-align: center;\">702 x 482 x 548 mm<br \/>\n27.6 x 19.0 x 21.6 in<\/td>\n<td style=\"padding: 6px 8px; border: 0px; text-align: center;\">800 x 600 x 648 mm<br \/>\n31.5 x 23.6 x 25.5 in<\/td>\n<td style=\"padding: 6px 8px; border: 0px; text-align: center;\">52 kg<br \/>\n115 lb<\/td>\n<td style=\"padding: 6px 8px; border: 0px; text-align: center;\">18.0 kg<br \/>\n39.7 lb<\/td>\n<\/tr>\n<\/tbody>\n<\/table>\n<p class=\"p1\" style=\"font-size: 12px; color: #203a72;\"><sup>(1)<\/sup>Espace disponible pour la glace carbonique et la charge utile <sup>(2)<\/sup>Poids sans glace carbonique ni charge utile<\/p>\n<p><!-- Deep Freeze VYPE with Payload Containment System --><\/p>\n<table style=\"width: 100%; border-collapse: collapse; font-size: 12px; color: #203a72;\">\n<thead>\n<tr style=\"text-align: center;\">\n<th style=\"padding: 6px 8px; border: 0px; background: #F4F8FE;\" colspan=\"6\">MODELE DEEP FREEZE VYPE AVEC SYSTEME DE CONFINEMENT DE LA CHARGE UTILE<\/th>\n<\/tr>\n<tr style=\"background-color: #203a72; color: #ffffff; text-align: center;\">\n<th style=\"padding: 6px 8px; border: 0px; background: transparent;\">Nom du produit<\/th>\n<th style=\"padding: 6px 8px; border: 0px; background: transparent;\">Volume interne<\/th>\n<th style=\"padding: 6px 8px; border: 0px; background: transparent;\">Espace interne<sup>(1)<\/sup><br \/>\nL x P x H<\/th>\n<th style=\"padding: 6px 8px; border: 0px; background: transparent;\">Dimensions externes<br \/>\nL x P x H<\/th>\n<th style=\"padding: 6px 8px; border: 0px; background: transparent;\">Poids volum\u00e9trique<\/th>\n<th style=\"padding: 6px 8px; border: 0px; background: transparent;\">Poids du syst\u00e8me<sup>(2)<\/sup><\/th>\n<\/tr>\n<\/thead>\n<tbody>\n<tr style=\"background: #F4F8FE;\">\n<td style=\"padding: 6px 8px; border: 0px; text-align: left;\"><strong>Deep Freeze VYPE 20<\/strong><\/td>\n<td style=\"padding: 6px 8px; border: 0px; text-align: center;\">1.5 L<\/td>\n<td style=\"padding: 6px 8px; border: 0px; text-align: center;\">170 x 170 x 52 mm<br \/>\n6.7 x 6.7 x 2 in<\/td>\n<td style=\"padding: 6px 8px; border: 0px; text-align: center;\">390 x 375 x 360 mm<br \/>\n15.4 x 14.8 x 14.2 in<\/td>\n<td style=\"padding: 6px 8px; border: 0px; text-align: center;\">9 kg<br \/>\n20 lb<\/td>\n<td style=\"padding: 6px 8px; border: 0px; text-align: center;\">4.5 kg<br \/>\n9.9 lb<\/td>\n<\/tr>\n<tr>\n<td style=\"padding: 6px 8px; border: 0px; text-align: left;\"><strong>Deep Freeze VYPE 31<\/strong><\/td>\n<td style=\"padding: 6px 8px; border: 0px; text-align: center;\">2.9 L<\/td>\n<td style=\"padding: 6px 8px; border: 0px; text-align: center;\">202 x 202 x 72 mm<br \/>\n8 x 8 x 2.8 in<\/td>\n<td style=\"padding: 6px 8px; border: 0px; text-align: center;\">430 x 415 x 400 mm<br \/>\n16.9 x 16.3 x 15.7 in<\/td>\n<td style=\"padding: 6px 8px; border: 0px; text-align: center;\">12 kg<br \/>\n27 lb<\/td>\n<td style=\"padding: 6px 8px; border: 0px; text-align: center;\">5.4 kg<br \/>\n12.0 lb<\/td>\n<\/tr>\n<tr style=\"background: #F4F8FE;\">\n<td style=\"padding: 6px 8px; border: 0px; text-align: left;\"><strong>Deep Freeze VYPE 52<\/strong><\/td>\n<td style=\"padding: 6px 8px; border: 0px; text-align: center;\">9.1 L<\/td>\n<td style=\"padding: 6px 8px; border: 0px; text-align: center;\">262 x 262 x 132 mm<br \/>\n10.3 x 10.3 x 5.2 in<\/td>\n<td style=\"padding: 6px 8px; border: 0px; text-align: center;\">490 x 475 x 460 mm<br \/>\n19.3 x 18.7 x 18.1 in<\/td>\n<td style=\"padding: 6px 8px; border: 0px; text-align: center;\">18 kg<br \/>\n40 lb<\/td>\n<td style=\"padding: 6px 8px; border: 0px; text-align: center;\">7.6 kg<br \/>\n16.8 lb<\/td>\n<\/tr>\n<tr>\n<td style=\"padding: 6px 8px; border: 0px; text-align: left;\"><strong>Deep Freeze VYPE 99<\/strong><\/td>\n<td style=\"padding: 6px 8px; border: 0px; text-align: center;\">21.4 L<\/td>\n<td style=\"padding: 6px 8px; border: 0px; text-align: center;\">338 x 338 x 187 mm<br \/>\n10.3 x 10.3 x 5.2 in<\/td>\n<td style=\"padding: 6px 8px; border: 0px; text-align: center;\">580 x 575 x 550 mm<br \/>\n22.8 x 22.6 x 21.7 in<\/td>\n<td style=\"padding: 6px 8px; border: 0px; text-align: center;\">31 kg<br \/>\n68 lb<\/td>\n<td style=\"padding: 6px 8px; border: 0px; text-align: center;\">11.7 kg<br \/>\n25.8 lb<\/td>\n<\/tr>\n<tr style=\"background: #F4F8FE;\">\n<td style=\"padding: 6px 8px; border: 0px; text-align: left;\"><strong>Deep Freeze VYPE 185<\/strong><\/td>\n<td style=\"padding: 6px 8px; border: 0px; text-align: center;\">47.4 L<\/td>\n<td style=\"padding: 6px 8px; border: 0px; text-align: center;\">568 x 348 x 240 mm<br \/>\n22.4 x 13.7 x 9.5 in<\/td>\n<td style=\"padding: 6px 8px; border: 0px; text-align: center;\">800 x 600 x 648 mm<br \/>\n31.5 x 23.6 x 25.5 in<\/td>\n<td style=\"padding: 6px 8px; border: 0px; text-align: center;\">52 kg<br \/>\n115 lb<\/td>\n<td style=\"padding: 6px 8px; border: 0px; text-align: center;\">18.0 kg<br \/>\n39.7 lb<\/td>\n<\/tr>\n<\/tbody>\n<\/table>\n<p class=\"p1\" style=\"font-size: 12px; color: #203a72;\"><sup>(1)<\/sup>Espace disponible pour la glace carbonique et la charge utile <sup>(2)<\/sup>Poids sans glace carbonique ni charge utile<\/p>\n","protected":false},"featured_media":5036,"comment_status":"closed","ping_status":"closed","template":"","meta":{"_acf_changed":false},"product_brand":[],"product_cat":[145],"product_tag":[],"class_list":{"0":"post-5175","1":"product","2":"type-product","3":"status-publish","4":"has-post-thumbnail","6":"product_cat-expedition-colis","8":"first","9":"instock","10":"shipping-taxable","11":"product-type-simple"},"acf":[],"_links":{"self":[{"href":"https:\/\/www.emballiso.com\/fr\/wp-json\/wp\/v2\/product\/5175","targetHints":{"allow":["GET"]}}],"collection":[{"href":"https:\/\/www.emballiso.com\/fr\/wp-json\/wp\/v2\/product"}],"about":[{"href":"https:\/\/www.emballiso.com\/fr\/wp-json\/wp\/v2\/types\/product"}],"replies":[{"embeddable":true,"href":"https:\/\/www.emballiso.com\/fr\/wp-json\/wp\/v2\/comments?post=5175"}],"wp:featuredmedia":[{"embeddable":true,"href":"https:\/\/www.emballiso.com\/fr\/wp-json\/wp\/v2\/media\/5036"}],"wp:attachment":[{"href":"https:\/\/www.emballiso.com\/fr\/wp-json\/wp\/v2\/media?parent=5175"}],"wp:term":[{"taxonomy":"product_brand","embeddable":true,"href":"https:\/\/www.emballiso.com\/fr\/wp-json\/wp\/v2\/product_brand?post=5175"},{"taxonomy":"product_cat","embeddable":true,"href":"https:\/\/www.emballiso.com\/fr\/wp-json\/wp\/v2\/product_cat?post=5175"},{"taxonomy":"product_tag","embeddable":true,"href":"https:\/\/www.emballiso.com\/fr\/wp-json\/wp\/v2\/product_tag?post=5175"}],"curies":[{"name":"wp","href":"https:\/\/api.w.org\/{rel}","templated":true}]}}