{"id":5174,"date":"2025-09-25T09:20:29","date_gmt":"2025-09-25T07:20:29","guid":{"rendered":"https:\/\/www.emballiso.com\/produit\/standard-export\/"},"modified":"2026-04-24T11:34:30","modified_gmt":"2026-04-24T09:34:30","slug":"standard-export","status":"publish","type":"product","link":"https:\/\/www.emballiso.com\/fr\/produit\/standard-export\/","title":{"rendered":"STANDARD EXPORT"},"content":{"rendered":"","protected":false},"excerpt":{"rendered":"<h2 style=\"color: #307bbf;\">Emballages isothermes STANDARD con\u00e7us pour offrir une protection thermique fiable pour les produits pharmaceutiques et thermosensibles.<\/h2>\n<ul>\n<li>Conception isotherme performante : emballage isol\u00e9 en XPS combin\u00e9 \u00e0 des briquettes \u00e0 base de gel d\u2019eau, assurant le maintien de temp\u00e9ratures stables <strong>jusqu\u2019\u00e0 96 heures<\/strong>.<\/li>\n<li>Support op\u00e9rationnel : inclut des protocoles de pr\u00e9paration d\u00e9taill\u00e9s, des \u00e9tudes d\u2019optimisation d\u2019emballage ainsi qu\u2019une formation d\u00e9di\u00e9e sur site pour garantir une utilisation correcte et efficace.<\/li>\n<\/ul>\n<p>&nbsp;<\/p>\n<table style=\"width: 100%; border-collapse: collapse; font-size: 12px; color: #203a72;\">\n<thead>\n<tr style=\"text-align: center;\">\n<th style=\"padding: 6px 8px; border: 0px; background: #F4F8FE;\" colspan=\"6\">STANDARD EXPORT<\/th>\n<\/tr>\n<tr style=\"background-color: #203a72; color: #ffffff; text-align: center;\">\n<th style=\"padding: 6px 8px; border: 0px; background: transparent;\">Nom du produit<\/th>\n<th style=\"padding: 6px 8px; border: 0px; background: transparent;\">Volume interne<\/th>\n<th style=\"padding: 6px 8px; border: 0px; background: transparent;\">Espace interne<br \/>\nL x P x H<\/th>\n<th style=\"padding: 6px 8px; border: 0px; background: transparent;\">Dimensions externes<br \/>\nL x P x H<\/th>\n<th style=\"padding: 6px 8px; border: 0px; background: transparent;\">Poids volum\u00e9trique<\/th>\n<th style=\"padding: 6px 8px; border: 0px; background: transparent;\">Poids du syst\u00e8me<\/th>\n<\/tr>\n<\/thead>\n<tbody>\n<tr style=\"background: #F4F8FE;\">\n<td style=\"padding: 6px 8px; border: 0px; text-align: left;\"><strong>STANDARD EXPORT 8<\/strong><\/td>\n<td style=\"padding: 6px 8px; border: 0px; text-align: center;\">8 L<\/td>\n<td style=\"padding: 6px 8px; border: 0px; text-align: center;\">240 x 200 x 170 mm<br \/>\n9.4 x 7.9 x 6.7 in<\/td>\n<td style=\"padding: 6px 8px; border: 0px; text-align: center;\">476 x 427 x 403 mm<br \/>\n18.7 x 16.8 x 15.9 in<\/td>\n<td style=\"padding: 6px 8px; border: 0px; text-align: center;\">14 kg<br \/>\n31 lb<\/td>\n<td style=\"padding: 6px 8px; border: 0px; text-align: center;\">9.1 kg<br \/>\n20.1 lb<\/td>\n<\/tr>\n<tr>\n<td style=\"padding: 6px 8px; border: 0px; text-align: left;\"><strong>STANDARD EXPORT 17<\/strong><\/td>\n<td style=\"padding: 6px 8px; border: 0px; text-align: center;\">17 L<\/td>\n<td style=\"padding: 6px 8px; border: 0px; text-align: center;\">340 x 220 x 230 mm<br \/>\n13.4 x 8.7 x 9.1 in<\/td>\n<td style=\"padding: 6px 8px; border: 0px; text-align: center;\">496 x 451 x 471 mm<br \/>\n19.5 x 17.8 x 18.5 in<\/td>\n<td style=\"padding: 6px 8px; border: 0px; text-align: center;\">18 kg<br \/>\n39 lb<\/td>\n<td style=\"padding: 6px 8px; border: 0px; text-align: center;\">12 kg<br \/>\n26.5 lb<\/td>\n<\/tr>\n<tr style=\"background: #F4F8FE;\">\n<td style=\"padding: 6px 8px; border: 0px; text-align: left;\"><strong>STANDARD EXPORT 31<\/strong><\/td>\n<td style=\"padding: 6px 8px; border: 0px; text-align: center;\">31 L<\/td>\n<td style=\"padding: 6px 8px; border: 0px; text-align: center;\">344 x 288 x 313 mm<br \/>\n13.5 x 11.3 x 12.3 in<\/td>\n<td style=\"padding: 6px 8px; border: 0px; text-align: center;\">580 x 421 x 546 mm<br \/>\n22.8 x 16.6 x 21.5 in<\/td>\n<td style=\"padding: 6px 8px; border: 0px; text-align: center;\">23 kg<br \/>\n49 lb<\/td>\n<td style=\"padding: 6px 8px; border: 0px; text-align: center;\">12.4 kg<br \/>\n27.3 lb<\/td>\n<\/tr>\n<tr>\n<td style=\"padding: 6px 8px; border: 0px; text-align: left;\"><strong>STANDARD EXPORT 40<\/strong><\/td>\n<td style=\"padding: 6px 8px; border: 0px; text-align: center;\">40 L<\/td>\n<td style=\"padding: 6px 8px; border: 0px; text-align: center;\">353 x 444 x 260 mm<br \/>\n13.9 x 17.5 x 10.2 in<\/td>\n<td style=\"padding: 6px 8px; border: 0px; text-align: center;\">586 x 575 x 480 mm<br \/>\n23.1 x 22.6 x 18.9 in<\/td>\n<td style=\"padding: 6px 8px; border: 0px; text-align: center;\">28 kg<br \/>\n60 lb<\/td>\n<td style=\"padding: 6px 8px; border: 0px; text-align: center;\">24.3 kg<br \/>\n53.6 lb<\/td>\n<\/tr>\n<\/tbody>\n<\/table>\n","protected":false},"featured_media":10394,"comment_status":"closed","ping_status":"closed","template":"","meta":{"_acf_changed":false},"product_brand":[],"product_cat":[145],"product_tag":[],"class_list":{"0":"post-5174","1":"product","2":"type-product","3":"status-publish","4":"has-post-thumbnail","6":"product_cat-expedition-colis","8":"first","9":"instock","10":"featured","11":"shipping-taxable","12":"product-type-simple"},"acf":[],"_links":{"self":[{"href":"https:\/\/www.emballiso.com\/fr\/wp-json\/wp\/v2\/product\/5174","targetHints":{"allow":["GET"]}}],"collection":[{"href":"https:\/\/www.emballiso.com\/fr\/wp-json\/wp\/v2\/product"}],"about":[{"href":"https:\/\/www.emballiso.com\/fr\/wp-json\/wp\/v2\/types\/product"}],"replies":[{"embeddable":true,"href":"https:\/\/www.emballiso.com\/fr\/wp-json\/wp\/v2\/comments?post=5174"}],"wp:featuredmedia":[{"embeddable":true,"href":"https:\/\/www.emballiso.com\/fr\/wp-json\/wp\/v2\/media\/10394"}],"wp:attachment":[{"href":"https:\/\/www.emballiso.com\/fr\/wp-json\/wp\/v2\/media?parent=5174"}],"wp:term":[{"taxonomy":"product_brand","embeddable":true,"href":"https:\/\/www.emballiso.com\/fr\/wp-json\/wp\/v2\/product_brand?post=5174"},{"taxonomy":"product_cat","embeddable":true,"href":"https:\/\/www.emballiso.com\/fr\/wp-json\/wp\/v2\/product_cat?post=5174"},{"taxonomy":"product_tag","embeddable":true,"href":"https:\/\/www.emballiso.com\/fr\/wp-json\/wp\/v2\/product_tag?post=5174"}],"curies":[{"name":"wp","href":"https:\/\/api.w.org\/{rel}","templated":true}]}}