{"id":5173,"date":"2025-11-25T12:48:10","date_gmt":"2025-11-25T11:48:10","guid":{"rendered":"https:\/\/www.emballiso.com\/produit\/ecolite\/"},"modified":"2026-04-29T16:24:39","modified_gmt":"2026-04-29T14:24:39","slug":"ecolite","status":"publish","type":"product","link":"https:\/\/www.emballiso.com\/fr\/produit\/ecolite\/","title":{"rendered":"EcoLite"},"content":{"rendered":"<p>(PALLET SHIPPER)<\/p>\n","protected":false},"excerpt":{"rendered":"<h2 style=\"color: #307bbf;\">Solution isotherme PROTECTIVE pour les besoins essentiels de la cha\u00eene du froid<\/h2>\n<p>Les EcoLite Pallet Shippers ont \u00e9t\u00e9 con\u00e7u afin de garantir une protection thermique fiable pour les exp\u00e9ditions pharmaceutiques, tout en assurant une manipulation simple et des op\u00e9rations logistiques optimis\u00e9es :<\/p>\n<ul>\n<li>Contr\u00f4le thermique fiable : maintient les plages de temp\u00e9ratures COOL +2\u00b0C \/ +8\u00b0C or TEMPERATE +15\u00b0C \/ +25\u00b0C, ce qui en fait une solution id\u00e9ale pour les corridors pharmaceutiques, les exigences strictes des compagnies a\u00e9riennes et les exp\u00e9ditions maritimes.<\/li>\n<li>Op\u00e9rations simplifi\u00e9es : un design intelligent permettant une pr\u00e9paration et un assemblage rapide, environ 3 minutes, garantissant une manipulation simple et efficace tout au long de la cha\u00eene logistique.<\/li>\n<li>Solution performante et responsable : optimis\u00e9e pour r\u00e9duire les co\u00fbts logistiques et l\u2019impact environnemental, avec des retours simplifi\u00e9s gr\u00e2ce au r\u00e9seau de services Reuse &amp; Reverse.<\/li>\n<\/ul>\n<p>&nbsp;<\/p>\n<table style=\"width: 100%; border-collapse: collapse; font-size: 12px; color: #203a72;\">\n<thead>\n<tr style=\"text-align: center;\">\n<th style=\"padding: 6px 8px; border: 0px; background: transparent;\" colspan=\"5\"><\/th>\n<th style=\"padding: 6px 8px; border: 0px; background: #F4F8FE;\">POIDS DU SYST\u00c8ME<\/th>\n<\/tr>\n<tr style=\"background-color: #203a72; color: #ffffff; text-align: center;\">\n<th style=\"padding: 6px 8px; border: 0px; background: transparent;\">Nom du produit<\/th>\n<th style=\"padding: 6px 8px; border: 0px; background: transparent;\">Volume interne<\/th>\n<th style=\"padding: 6px 8px; border: 0px; background: transparent;\">Espace interne<br \/>\nL x P x H<\/th>\n<th style=\"padding: 6px 8px; border: 0px; background: transparent;\">Dimensions externes<br \/>\nL x P x H<\/th>\n<th style=\"padding: 6px 8px; border: 0px; background: transparent;\">Poids volum\u00e9trique<br \/>\nL x P x H<\/th>\n<th style=\"padding: 6px 8px; border: 0px; background: transparent;\">STANDARD (eau)<br \/>\nCool<\/th>\n<\/tr>\n<\/thead>\n<tbody>\n<tr style=\"background: #F4F8FE;\">\n<td style=\"padding: 6px 8px; border: 0px; text-align: left;\"><strong>Euro EcoLite<\/strong><br \/>\n(1 Euro Pallet)<\/td>\n<td style=\"padding: 6px 8px; border: 0px; text-align: center;\">1 313 L<\/td>\n<td style=\"padding: 6px 8px; border: 0px; text-align: center;\">1 257 x 829 x 1 260 mm<br \/>\n49.5 x 32.6 x 49.6 in<\/td>\n<td style=\"padding: 6px 8px; border: 0px; text-align: center;\">1 384 x 961 x 1 587 mm<br \/>\n54.5 x 37.8 x 62.5 in<\/td>\n<td style=\"padding: 6px 8px; border: 0px; text-align: center;\">353 kg<br \/>\n775 lb<\/td>\n<td style=\"padding: 6px 8px; border: 0px; text-align: center;\">75 (+\/-10) kg<br \/>\n165 (+\/-22) lb<\/td>\n<\/tr>\n<tr>\n<td style=\"padding: 6px 8px; border: 0px; text-align: left;\"><strong>US EcoLite<\/strong><br \/>\n(1 US Pallet)<\/td>\n<td style=\"padding: 6px 8px; border: 0px; text-align: center;\">1 655 L<\/td>\n<td style=\"padding: 6px 8px; border: 0px; text-align: center;\">1 257 x 1 045 x 1 260 mm<br \/>\n49.5 x 41.1 x 49.6 in<\/td>\n<td style=\"padding: 6px 8px; border: 0px; text-align: center;\">1 384 x 1 177 x 1 587 mm<br \/>\n54.5 x 46.3 x 62.5 in<\/td>\n<td style=\"padding: 6px 8px; border: 0px; text-align: center;\">432 kg<br \/>\n950 lb<\/td>\n<td style=\"padding: 6px 8px; border: 0px; text-align: center;\">81 (+\/-10) kg<br \/>\n179 (+\/-22) lb<\/td>\n<\/tr>\n<\/tbody>\n<\/table>\n<div style=\"padding: 6px 8px; border: 0px; text-align: left; font-size: 12px;\">*Poids du syst\u00e8me\u202f: valeur indicative avec une tol\u00e9rance de \u00b1\u202f10\u202fkg (22\u202flb)<\/div>\n","protected":false},"featured_media":1682,"comment_status":"closed","ping_status":"closed","template":"","meta":{"_acf_changed":false},"product_brand":[],"product_cat":[144],"product_tag":[],"class_list":{"0":"post-5173","1":"product","2":"type-product","3":"status-publish","4":"has-post-thumbnail","6":"product_cat-expedition-cargo","8":"first","9":"instock","10":"shipping-taxable","11":"product-type-simple"},"acf":[],"_links":{"self":[{"href":"https:\/\/www.emballiso.com\/fr\/wp-json\/wp\/v2\/product\/5173","targetHints":{"allow":["GET"]}}],"collection":[{"href":"https:\/\/www.emballiso.com\/fr\/wp-json\/wp\/v2\/product"}],"about":[{"href":"https:\/\/www.emballiso.com\/fr\/wp-json\/wp\/v2\/types\/product"}],"replies":[{"embeddable":true,"href":"https:\/\/www.emballiso.com\/fr\/wp-json\/wp\/v2\/comments?post=5173"}],"wp:featuredmedia":[{"embeddable":true,"href":"https:\/\/www.emballiso.com\/fr\/wp-json\/wp\/v2\/media\/1682"}],"wp:attachment":[{"href":"https:\/\/www.emballiso.com\/fr\/wp-json\/wp\/v2\/media?parent=5173"}],"wp:term":[{"taxonomy":"product_brand","embeddable":true,"href":"https:\/\/www.emballiso.com\/fr\/wp-json\/wp\/v2\/product_brand?post=5173"},{"taxonomy":"product_cat","embeddable":true,"href":"https:\/\/www.emballiso.com\/fr\/wp-json\/wp\/v2\/product_cat?post=5173"},{"taxonomy":"product_tag","embeddable":true,"href":"https:\/\/www.emballiso.com\/fr\/wp-json\/wp\/v2\/product_tag?post=5173"}],"curies":[{"name":"wp","href":"https:\/\/api.w.org\/{rel}","templated":true}]}}