{"id":5172,"date":"2025-11-26T18:14:34","date_gmt":"2025-11-26T17:14:34","guid":{"rendered":"https:\/\/www.emballiso.com\/produit\/pallet-shipper\/"},"modified":"2026-04-29T14:27:06","modified_gmt":"2026-04-29T12:27:06","slug":"pallet-shipper","status":"publish","type":"product","link":"https:\/\/www.emballiso.com\/fr\/produit\/pallet-shipper\/","title":{"rendered":"Pallet Shipper"},"content":{"rendered":"","protected":false},"excerpt":{"rendered":"<h2 style=\"color: #307bbf;\">Conception logistique optimis\u00e9e<\/h2>\n<p><span style=\"font-weight: 400;\">Les Pallet Shippers sont con\u00e7us afin de r\u00e9duire vos frais de transport et optimiser vos op\u00e9rations :<\/span><\/p>\n<ul>\n<li><span style=\"font-weight: 400;\">Poids record: gr\u00e2ce \u00e0 l\u2019utilisation de Polyur\u00e9thane (PU) et de polystyr\u00e8ne extrud\u00e9 (XPS), nos solutions sont les plus l\u00e9g\u00e8res du march\u00e9.<\/span><\/li>\n<li><span style=\"font-weight: 400;\">Chargement simplifi\u00e9 : une palette est int\u00e9gr\u00e9e directement \u00e0 la base de l\u2019emballage, permettant un chargement manuel ou \u00e0 l\u2019aide d\u2019un chariot \u00e9l\u00e9vateur.<\/span><\/li>\n<li><span style=\"font-weight: 400;\">Gain de temps op\u00e9rationnel : le montage et le d\u00e9montage s\u2019effectuent en moins de 5 minutes.<\/span><\/li>\n<\/ul>\n<table style=\"width: 100%; border-collapse: collapse; font-size: 12px; color: #203a72;\">\n<thead>\n<tr style=\"text-align: center;\">\n<th style=\"padding: 6px 8px; border: 0px; background: transparent;\" colspan=\"5\"><\/th>\n<th style=\"padding: 6px 8px; border: 0px; background: #F4F8FE;\" colspan=\"3\">POIDS DU SYST\u00c8ME<\/th>\n<\/tr>\n<tr style=\"background-color: #203a72; color: #ffffff; text-align: center;\">\n<th style=\"padding: 6px 8px; border: 0px; background: transparent;\">Nom du produit<\/th>\n<th style=\"padding: 6px 8px; border: 0px; background: transparent;\">Volume interne<\/th>\n<th style=\"padding: 6px 8px; border: 0px; background: transparent;\">Espace interne<br \/>\nL x P x H<\/th>\n<th style=\"padding: 6px 8px; border: 0px; background: transparent;\">Dimensions externes<br \/>\nL x P x H<\/th>\n<th style=\"padding: 6px 8px; border: 0px; background: transparent;\">Poids volum\u00e9trique<\/th>\n<th style=\"padding: 6px 8px; border: 0px; background: transparent;\">STANDARD (eau)<br \/>\nCool \/ Temperate<\/th>\n<th style=\"padding: 6px 8px; border: 0px; background: transparent;\">PREMIUM (PCM)<br \/>\nCool<\/th>\n<th style=\"padding: 6px 8px; border: 0px; background: transparent;\">PREMIUM (PCM)<br \/>\nTemperate<\/th>\n<\/tr>\n<\/thead>\n<tbody>\n<tr style=\"background: #F4F8FE;\">\n<td style=\"padding: 6px 8px; border: 0px; text-align: left;\"><strong>Quarter PMC<\/strong><br \/>\n(1 Euro Pallet)<\/td>\n<td style=\"padding: 6px 8px; border: 0px; text-align: center;\">1 448 L<\/td>\n<td style=\"padding: 6px 8px; border: 0px; text-align: center;\">1 278 x 908 x 1 248 mm<br \/>\n50.3 x 35.7 x 49.1 in<\/td>\n<td style=\"padding: 6px 8px; border: 0px; text-align: center;\">1 545 x 1 170 x 1 575 mm<br \/>\n60.8 x 46 x 62 in<\/td>\n<td style=\"padding: 6px 8px; border: 0px; text-align: center;\">476 kg<br \/>\n1 043 lb<\/td>\n<td style=\"padding: 6px 8px; border: 0px; text-align: center;\">165 kg<br \/>\n364 lb<\/td>\n<td style=\"padding: 6px 8px; border: 0px; text-align: center;\">159 kg<br \/>\n350 lb<\/td>\n<td style=\"padding: 6px 8px; border: 0px; text-align: center;\">148 kg<br \/>\n326 lb<\/td>\n<\/tr>\n<tr>\n<td style=\"padding: 6px 8px; border: 0px; text-align: left;\"><strong>Quarter PMC pour US pallet<\/strong><br \/>\n(1 US Pallet)<\/td>\n<td style=\"padding: 6px 8px; border: 0px; text-align: center;\">1 664 L<\/td>\n<td style=\"padding: 6px 8px; border: 0px; text-align: center;\">1 278 x 1 043 x 1 248 mm<br \/>\n50.3 x 41.1 x 49.1 in<\/td>\n<td style=\"padding: 6px 8px; border: 0px; text-align: center;\">1 545 x 1 170 x 1 575 mm<br \/>\n60.8 x 46 x 62 in<\/td>\n<td style=\"padding: 6px 8px; border: 0px; text-align: center;\">476 kg<br \/>\n1 043 lb<\/td>\n<td style=\"padding: 6px 8px; border: 0px; text-align: center;\">115 kg<br \/>\n254 lb<\/td>\n<td style=\"padding: 6px 8px; border: 0px; text-align: center;\">N\/A<\/td>\n<td style=\"padding: 6px 8px; border: 0px; text-align: center;\">104 kg<br \/>\n229 lb<\/td>\n<\/tr>\n<tr style=\"background: #F4F8FE;\">\n<td style=\"padding: 6px 8px; border: 0px; text-align: left;\"><strong>Air Cargo US<\/strong><br \/>\n(1 US Pallet)<\/td>\n<td style=\"padding: 6px 8px; border: 0px; text-align: center;\">1 679 L<\/td>\n<td style=\"padding: 6px 8px; border: 0px; text-align: center;\">1 278 x 1 053 x 1 248 mm<br \/>\n50.3 x 41.5 x 49.1 in<\/td>\n<td style=\"padding: 6px 8px; border: 0px; text-align: center;\">1 545 x 1 315 x 1 575 mm<br \/>\n60.8 x 51.8 x 62 in<\/td>\n<td style=\"padding: 6px 8px; border: 0px; text-align: center;\">535 kg<br \/>\n1 176 lb<\/td>\n<td style=\"padding: 6px 8px; border: 0px; text-align: center;\">178 kg<br \/>\n392 lb<\/td>\n<td style=\"padding: 6px 8px; border: 0px; text-align: center;\">160 kg<br \/>\n353 lb<\/td>\n<td style=\"padding: 6px 8px; border: 0px; text-align: center;\">160 kg<br \/>\n353 lb<\/td>\n<\/tr>\n<tr>\n<td style=\"padding: 6px 8px; border: 0px; text-align: left;\"><strong>Half PMC<\/strong><br \/>\n(2 Euro ou US Pallet)<\/td>\n<td style=\"padding: 6px 8px; border: 0px; text-align: center;\">3 410 L<\/td>\n<td style=\"padding: 6px 8px; border: 0px; text-align: center;\">2 138 x 1 278 x 1 248 mm<br \/>\n85.2 x 50.3 x 49.1 in<\/td>\n<td style=\"padding: 6px 8px; border: 0px; text-align: center;\">2 400 x 1 545 x 1 575 mm<br \/>\n94.5 x 60.8 x 62 in<\/td>\n<td style=\"padding: 6px 8px; border: 0px; text-align: center;\">976 kg<br \/>\n2 145 lb<\/td>\n<td style=\"padding: 6px 8px; border: 0px; text-align: center;\">275 kg<br \/>\n606 lb<\/td>\n<td style=\"padding: 6px 8px; border: 0px; text-align: center;\">263 kg<br \/>\n580 lb<\/td>\n<td style=\"padding: 6px 8px; border: 0px; text-align: center;\">247 kg<br \/>\n545 lb<\/td>\n<\/tr>\n<\/tbody>\n<\/table>\n<div style=\"padding: 6px 8px; border: 0px; font-size: 12px; text-align: left;\">*Poids du syst\u00e8me\u202f: valeur indicative avec une tol\u00e9rance de \u00b1\u202f10\u202fkg (22\u202flb)<\/div>\n<div style=\"padding: 6px 8px; border: 0px; font-size: 12px; text-align: left;\"><span style=\"text-align: center;\"> *N\/A : Cette configuration n\u2019est pas disponible pour ce produit.<\/span><\/div>\n","protected":false},"featured_media":1685,"comment_status":"closed","ping_status":"closed","template":"","meta":{"_acf_changed":false},"product_brand":[],"product_cat":[144],"product_tag":[],"class_list":{"0":"post-5172","1":"product","2":"type-product","3":"status-publish","4":"has-post-thumbnail","6":"product_cat-expedition-cargo","8":"first","9":"instock","10":"featured","11":"shipping-taxable","12":"product-type-simple"},"acf":[],"_links":{"self":[{"href":"https:\/\/www.emballiso.com\/fr\/wp-json\/wp\/v2\/product\/5172","targetHints":{"allow":["GET"]}}],"collection":[{"href":"https:\/\/www.emballiso.com\/fr\/wp-json\/wp\/v2\/product"}],"about":[{"href":"https:\/\/www.emballiso.com\/fr\/wp-json\/wp\/v2\/types\/product"}],"replies":[{"embeddable":true,"href":"https:\/\/www.emballiso.com\/fr\/wp-json\/wp\/v2\/comments?post=5172"}],"wp:featuredmedia":[{"embeddable":true,"href":"https:\/\/www.emballiso.com\/fr\/wp-json\/wp\/v2\/media\/1685"}],"wp:attachment":[{"href":"https:\/\/www.emballiso.com\/fr\/wp-json\/wp\/v2\/media?parent=5172"}],"wp:term":[{"taxonomy":"product_brand","embeddable":true,"href":"https:\/\/www.emballiso.com\/fr\/wp-json\/wp\/v2\/product_brand?post=5172"},{"taxonomy":"product_cat","embeddable":true,"href":"https:\/\/www.emballiso.com\/fr\/wp-json\/wp\/v2\/product_cat?post=5172"},{"taxonomy":"product_tag","embeddable":true,"href":"https:\/\/www.emballiso.com\/fr\/wp-json\/wp\/v2\/product_tag?post=5172"}],"curies":[{"name":"wp","href":"https:\/\/api.w.org\/{rel}","templated":true}]}}