{"id":5171,"date":"2025-11-27T09:52:37","date_gmt":"2025-11-27T08:52:37","guid":{"rendered":"https:\/\/www.emballiso.com\/produit\/hpps\/"},"modified":"2026-04-29T16:15:18","modified_gmt":"2026-04-29T14:15:18","slug":"hpps","status":"publish","type":"product","link":"https:\/\/www.emballiso.com\/fr\/produit\/hpps\/","title":{"rendered":"HPPS"},"content":{"rendered":"<p>(HIGH PERFORMANCE PALLET SHIPPER)<\/p>\n","protected":false},"excerpt":{"rendered":"<h2 style=\"color: #307bbf;\">Protection isotherme PREMIUM+ pour la logistique \u00e0 temp\u00e9rature contr\u00f4l\u00e9e<\/h2>\n<p>Le HPPS est un emballage isotherme de haute performance con\u00e7u pour assurer une protection thermique fiable pour les produits pharmaceutiques sensibles tout en optimisant l\u2019efficacit\u00e9 du transport.<\/p>\n<ul>\n<li>Tr\u00e8s haute performance thermique : qualifi\u00e9 selon les normes ISTA 7D Summer &amp; Winter, maintenant des temp\u00e9ratures COOL +2\u00b0C \/ +8\u00b0C, TEMPERATE +15\u00b0C \/ +25\u00b0C, FREEZE -25\u00b0C \/ -15\u00b0C, et ce <strong>jusqu\u2019\u00e0 144 heures<\/strong> d\u2019autonomie gr\u00e2ce au PCM de haute performance (Mat\u00e9riau \u00e0 changement de phase)<\/li>\n<li>Conception logistique optimis\u00e9e: l\u00e9ger, d\u00e9montable et livrable \u00e0 plat, facilement transportable avec montage et d\u00e9montage rapide en moins de 5 minutes, compatible avec Euro Pallet, US Pallet et 2 Euro ou US Pallet.<\/li>\n<\/ul>\n<p>&nbsp;<\/p>\n<table style=\"width: 100%; border-collapse: collapse; font-size: 12px; color: #203a72;\">\n<thead>\n<tr style=\"text-align: center;\">\n<th style=\"padding: 6px 8px; border: 0px; background: transparent;\" colspan=\"5\"><\/th>\n<th style=\"padding: 6px 8px; border: 0px; background: #F4F8FE;\" colspan=\"3\">POIDS DU SYST\u00c8ME<\/th>\n<\/tr>\n<tr style=\"background-color: #203a72; color: #ffffff; text-align: center;\">\n<th style=\"padding: 6px 8px; border: 0px; background: transparent;\">Nom du produit<\/th>\n<th style=\"padding: 6px 8px; border: 0px; background: transparent;\">Volume interne<\/th>\n<th style=\"padding: 6px 8px; border: 0px; background: transparent;\">Espace interne<br \/>\nL x P x H<\/th>\n<th style=\"padding: 6px 8px; border: 0px; background: transparent;\">Dimensions externes<br \/>\nL x P x H<\/th>\n<th style=\"padding: 6px 8px; border: 0px; background: transparent;\">Poids volum\u00e9trique<\/th>\n<th style=\"padding: 6px 8px; border: 0px; background: transparent;\">Cool \/ Temperate<\/th>\n<th style=\"padding: 6px 8px; border: 0px; background: transparent;\">Freeze<\/th>\n<\/tr>\n<\/thead>\n<tbody>\n<tr style=\"background: #F4F8FE;\">\n<td style=\"padding: 6px 8px; border: 0px; text-align: left;\"><strong>Euro HPPS<\/strong><br \/>\n(1 Euro Pallet)<\/td>\n<td style=\"padding: 6px 8px; border: 0px; text-align: center;\">1 213 L<\/td>\n<td style=\"padding: 6px 8px; border: 0px; text-align: center;\">1 200 x 850 x 1 190 mm<br \/>\n47.2 x 33.5 x 46.8 in<\/td>\n<td style=\"padding: 6px 8px; border: 0px; text-align: center;\">1 545 x 1 170 x 1 590 mm<br \/>\n60.8 x 46.1 x 62.6 in<\/td>\n<td style=\"padding: 6px 8px; border: 0px; text-align: center;\">480 kg<br \/>\n1 056 lb<\/td>\n<td style=\"padding: 6px 8px; border: 0px; text-align: center;\">199 kg<br \/>\n439 lb<\/td>\n<td style=\"padding: 6px 8px; border: 0px; text-align: center;\">241 kg<br \/>\n531 lb<\/td>\n<\/tr>\n<tr>\n<td style=\"padding: 6px 8px; border: 0px; text-align: left;\"><strong>US HPPS<\/strong><br \/>\n(1 US Pallet)<\/td>\n<td style=\"padding: 6px 8px; border: 0px; text-align: center;\">1 619 L<\/td>\n<td style=\"padding: 6px 8px; border: 0px; text-align: center;\">1 267 x 1 069 x 1 196 mm<br \/>\n49.9 x 42.1 x 47.1 in<\/td>\n<td style=\"padding: 6px 8px; border: 0px; text-align: center;\">1 597 x 1 389 x 1 589 mm<br \/>\n62.9 x 54.7 x 62.6 in<\/td>\n<td style=\"padding: 6px 8px; border: 0px; text-align: center;\">589 kg<br \/>\n1 295 lb<\/td>\n<td style=\"padding: 6px 8px; border: 0px; text-align: center;\">219 kg<br \/>\n483 lb<\/td>\n<td style=\"padding: 6px 8px; border: 0px; text-align: center;\">262 kg<br \/>\n577 lb<\/td>\n<\/tr>\n<tr style=\"background: #F4F8FE;\">\n<td style=\"padding: 6px 8px; border: 0px; text-align: left;\"><strong>Double HPPS<\/strong><br \/>\n(2 Euro ou US Pallet)<\/td>\n<td style=\"padding: 6px 8px; border: 0px; text-align: center;\">3 095 L<\/td>\n<td style=\"padding: 6px 8px; border: 0px; text-align: center;\">2 080 x 1 240 x 1 200 mm<br \/>\n81.9 x 48.8 x 47.2 in<\/td>\n<td style=\"padding: 6px 8px; border: 0px; text-align: center;\">2 410 x 1 560 x 1 585 mm<br \/>\n94.9 x 61.4 x 62.4 in<\/td>\n<td style=\"padding: 6px 8px; border: 0px; text-align: center;\">996 kg<br \/>\n2 189 lb<\/td>\n<td style=\"padding: 6px 8px; border: 0px; text-align: center;\">336 kg<br \/>\n741 lb<\/td>\n<td style=\"padding: 6px 8px; border: 0px; text-align: center;\">401 kg<br \/>\n884 lb<\/td>\n<\/tr>\n<\/tbody>\n<\/table>\n<div style=\"padding: 6px 8px; border: 0px; text-align: left; font-size: 12px;\">*Poids du syst\u00e8me\u202f: valeur indicative avec une tol\u00e9rance de \u00b1\u202f10\u202fkg (22\u202flb)<\/div>\n","protected":false},"featured_media":1683,"comment_status":"closed","ping_status":"closed","template":"","meta":{"_acf_changed":false},"product_brand":[],"product_cat":[144],"product_tag":[],"class_list":{"0":"post-5171","1":"product","2":"type-product","3":"status-publish","4":"has-post-thumbnail","6":"product_cat-expedition-cargo","8":"first","9":"instock","10":"featured","11":"shipping-taxable","12":"product-type-simple"},"acf":[],"_links":{"self":[{"href":"https:\/\/www.emballiso.com\/fr\/wp-json\/wp\/v2\/product\/5171","targetHints":{"allow":["GET"]}}],"collection":[{"href":"https:\/\/www.emballiso.com\/fr\/wp-json\/wp\/v2\/product"}],"about":[{"href":"https:\/\/www.emballiso.com\/fr\/wp-json\/wp\/v2\/types\/product"}],"replies":[{"embeddable":true,"href":"https:\/\/www.emballiso.com\/fr\/wp-json\/wp\/v2\/comments?post=5171"}],"wp:featuredmedia":[{"embeddable":true,"href":"https:\/\/www.emballiso.com\/fr\/wp-json\/wp\/v2\/media\/1683"}],"wp:attachment":[{"href":"https:\/\/www.emballiso.com\/fr\/wp-json\/wp\/v2\/media?parent=5171"}],"wp:term":[{"taxonomy":"product_brand","embeddable":true,"href":"https:\/\/www.emballiso.com\/fr\/wp-json\/wp\/v2\/product_brand?post=5171"},{"taxonomy":"product_cat","embeddable":true,"href":"https:\/\/www.emballiso.com\/fr\/wp-json\/wp\/v2\/product_cat?post=5171"},{"taxonomy":"product_tag","embeddable":true,"href":"https:\/\/www.emballiso.com\/fr\/wp-json\/wp\/v2\/product_tag?post=5171"}],"curies":[{"name":"wp","href":"https:\/\/api.w.org\/{rel}","templated":true}]}}