{"id":5169,"date":"2026-02-16T08:49:08","date_gmt":"2026-02-16T07:49:08","guid":{"rendered":"https:\/\/www.emballiso.com\/produit\/isogo\/"},"modified":"2026-03-24T15:59:54","modified_gmt":"2026-03-24T14:59:54","slug":"isogo","status":"publish","type":"product","link":"https:\/\/www.emballiso.com\/fr\/produit\/isogo\/","title":{"rendered":"ISOGO"},"content":{"rendered":"","protected":false},"excerpt":{"rendered":"<h2 style=\"color: #307bbf;\">Protection isotherme PREMIUM pour les exp\u00e9ditions thermosensibles<\/h2>\n<p>Les ISOGO sont con\u00e7us pour garantir un contr\u00f4le thermique constant <strong>jusqu\u2019\u00e0 120 heures<\/strong> pour les produits pharmaceutiques et sensibles, m\u00eame dans des conditions de transport exigeantes.<\/p>\n<ul>\n<li>Haute performance thermique : qualifi\u00e9 selon les normes ISTA 7D Summer &amp; Winter<\/li>\n<li>Conception isotherme performante : emballage constitu\u00e9 de panneaux isolants et de mat\u00e9riaux \u00e0 changement de phase (PCM) haute performance qui entourent le produit afin de maintenir des temp\u00e9ratures stables.<\/li>\n<\/ul>\n","protected":false},"featured_media":1337,"comment_status":"closed","ping_status":"closed","template":"","meta":{"_acf_changed":false},"product_brand":[],"product_cat":[145],"product_tag":[],"class_list":{"0":"post-5169","1":"product","2":"type-product","3":"status-publish","4":"has-post-thumbnail","6":"product_cat-expedition-colis","8":"first","9":"instock","10":"featured","11":"shipping-taxable","12":"product-type-simple"},"acf":[],"_links":{"self":[{"href":"https:\/\/www.emballiso.com\/fr\/wp-json\/wp\/v2\/product\/5169","targetHints":{"allow":["GET"]}}],"collection":[{"href":"https:\/\/www.emballiso.com\/fr\/wp-json\/wp\/v2\/product"}],"about":[{"href":"https:\/\/www.emballiso.com\/fr\/wp-json\/wp\/v2\/types\/product"}],"replies":[{"embeddable":true,"href":"https:\/\/www.emballiso.com\/fr\/wp-json\/wp\/v2\/comments?post=5169"}],"wp:featuredmedia":[{"embeddable":true,"href":"https:\/\/www.emballiso.com\/fr\/wp-json\/wp\/v2\/media\/1337"}],"wp:attachment":[{"href":"https:\/\/www.emballiso.com\/fr\/wp-json\/wp\/v2\/media?parent=5169"}],"wp:term":[{"taxonomy":"product_brand","embeddable":true,"href":"https:\/\/www.emballiso.com\/fr\/wp-json\/wp\/v2\/product_brand?post=5169"},{"taxonomy":"product_cat","embeddable":true,"href":"https:\/\/www.emballiso.com\/fr\/wp-json\/wp\/v2\/product_cat?post=5169"},{"taxonomy":"product_tag","embeddable":true,"href":"https:\/\/www.emballiso.com\/fr\/wp-json\/wp\/v2\/product_tag?post=5169"}],"curies":[{"name":"wp","href":"https:\/\/api.w.org\/{rel}","templated":true}]}}