{"id":7700,"date":"2026-01-23T12:29:34","date_gmt":"2026-01-23T11:29:34","guid":{"rendered":"https:\/\/www.emballiso.com\/solutions-demballage-de-la-chaine-du-froid-pour-les-laboratoires-de-sante-animale\/"},"modified":"2026-04-10T15:15:00","modified_gmt":"2026-04-10T13:15:00","slug":"solutions-demballage-de-la-chaine-du-froid-pour-les-laboratoires-de-sante-animale","status":"publish","type":"page","link":"https:\/\/www.emballiso.com\/fr\/solutions-demballage-de-la-chaine-du-froid-pour-les-laboratoires-de-sante-animale\/","title":{"rendered":"Solutions d&#8217;emballage de la cha\u00eene du froid pour les laboratoires de sant\u00e9 animale"},"content":{"rendered":"\t\t<div data-elementor-type=\"wp-page\" data-elementor-id=\"7700\" class=\"elementor elementor-7700 elementor-2485\" data-elementor-post-type=\"page\">\n\t\t\t\t<div class=\"elementor-element elementor-element-a4e6b73 e-flex e-con-boxed e-con e-parent\" data-id=\"a4e6b73\" data-element_type=\"container\" data-e-type=\"container\">\n\t\t\t\t\t<div class=\"e-con-inner\">\n\t\t\t\t<div class=\"elementor-element elementor-element-9a3d459 elementor-invisible elementor-widget elementor-widget-heading\" data-id=\"9a3d459\" data-element_type=\"widget\" data-e-type=\"widget\" data-settings=\"{&quot;_animation&quot;:&quot;fadeInDown&quot;}\" data-widget_type=\"heading.default\">\n\t\t\t\t\t<h1 class=\"elementor-heading-title elementor-size-default\"><span class=\"gradient-blue\">Solutions d'emballage de la cha\u00eene du froid pour les laboratoires de sant\u00e9 animale<\/span><\/h1>\t\t\t\t<\/div>\n\t\t\t\t<div class=\"elementor-element elementor-element-1e81825 elementor-widget elementor-widget-text-editor\" data-id=\"1e81825\" data-element_type=\"widget\" data-e-type=\"widget\" data-widget_type=\"text-editor.default\">\n\t\t\t\t\t\t\t\t\t<p>Le secteur de la sant\u00e9 animale exige une rigueur logistique identique \u00e0 celle de la sant\u00e9 humaine, avec des volumes d&#8217;exp\u00e9dition souvent nettement plus importants. Que vous produisez des vaccins pour l&#8217;\u00e9levage ou des m\u00e9dicaments pour les animaux de compagnie, la s\u00e9curit\u00e9 thermique est la garantie ultime de l&#8217;efficacit\u00e9 de vos produits. Dans un march\u00e9 mondialis\u00e9, transporter de grandes quantit\u00e9s de produits thermosensibles au meilleur co\u00fbt, dans des d\u00e9lais stricts et sous des plages de temp\u00e9rature pr\u00e9cises est un d\u00e9fi quotidien.  <\/p><p>Nous concevons des syst\u00e8mes d&#8217;emballage isothermes pr\u00e9-qualifi\u00e9s et personnalis\u00e9s, sp\u00e9cifiquement \u00e9tudi\u00e9s pour les flux massifs des laboratoires de sant\u00e9 animale. Notre expertise vous permet de s\u00e9curiser vos exp\u00e9ditions mondiales tout en optimisant chaque centim\u00e8tre cube de votre fret. <\/p>\t\t\t\t\t\t\t\t<\/div>\n\t\t\t\t<div class=\"elementor-element elementor-element-7417f26 elementor-widget elementor-widget-heading\" data-id=\"7417f26\" data-element_type=\"widget\" data-e-type=\"widget\" data-widget_type=\"heading.default\">\n\t\t\t\t\t<h2 class=\"elementor-heading-title elementor-size-default\">Relever les d\u00e9fis de la sant\u00e9 animale : performance et rentabilit\u00e9<\/h2>\t\t\t\t<\/div>\n\t\t\t\t<div class=\"elementor-element elementor-element-5e0b4cb elementor-widget elementor-widget-text-editor\" data-id=\"5e0b4cb\" data-element_type=\"widget\" data-e-type=\"widget\" data-widget_type=\"text-editor.default\">\n\t\t\t\t\t\t\t\t\t<p>Nous r\u00e9pondons aux enjeux critiques de votre industrie par une approche centr\u00e9e sur l&#8217;efficacit\u00e9 :<\/p><ul><li><strong>S\u00e9curit\u00e9 thermique et conformit\u00e9 :<\/strong> nos solutions garantissent le maintien des temp\u00e9ratures (2-8\u00b0C, 15-25\u00b0C ou congel\u00e9) m\u00eame sur de tr\u00e8s longues dur\u00e9es, prot\u00e9geant ainsi vos actifs biologiques les plus pr\u00e9cieux.<\/li><li><strong>Optimisation du poids volum\u00e9trique : <\/strong>le fret a\u00e9rien et routier est co\u00fbteux. Notre Laboratoire de Recherche et d&#8217;Innovation interne et notre d\u00e9partement R&amp;D travaillent quotidiennement pour am\u00e9liorer le ratio charge utile\/volume de nos emballages, r\u00e9duisant vos co\u00fbts de transport sans compromettre la protection. <\/li><li><strong>Adaptabilit\u00e9 et conception sur mesure :<\/strong> gr\u00e2ce \u00e0 notre laboratoire int\u00e9gr\u00e9, nous cr\u00e9ons des solutions personnalis\u00e9es qui s&#8217;adaptent parfaitement \u00e0 vos formats d&#8217;emballages primaires sp\u00e9cifiques.<\/li><\/ul>\t\t\t\t\t\t\t\t<\/div>\n\t\t\t\t<div class=\"elementor-element elementor-element-44c37f6 elementor-widget-divider--view-line elementor-widget elementor-widget-divider\" data-id=\"44c37f6\" data-element_type=\"widget\" data-e-type=\"widget\" data-widget_type=\"divider.default\">\n\t\t\t\t\t\t\t<div class=\"elementor-divider\">\n\t\t\t<span class=\"elementor-divider-separator\">\n\t\t\t\t\t\t<\/span>\n\t\t<\/div>\n\t\t\t\t\t\t<\/div>\n\t\t\t\t<div class=\"elementor-element elementor-element-97e66ee elementor-widget elementor-widget-heading\" data-id=\"97e66ee\" data-element_type=\"widget\" data-e-type=\"widget\" data-widget_type=\"heading.default\">\n\t\t\t\t\t<h3 class=\"elementor-heading-title elementor-size-default\">Des solutions adapt\u00e9es \u00e0 tous les volumes<\/h3>\t\t\t\t<\/div>\n\t\t\t\t<div class=\"elementor-element elementor-element-d8f4ddf elementor-widget elementor-widget-text-editor\" data-id=\"d8f4ddf\" data-element_type=\"widget\" data-e-type=\"widget\" data-widget_type=\"text-editor.default\">\n\t\t\t\t\t\t\t\t\t<p>Nous avons segment\u00e9 notre offre pour r\u00e9pondre \u00e0 la diversit\u00e9 de vos besoins de distribution :<\/p><p><strong>Transport de grands volumes (Fret international et vrac) :<\/strong><\/p><ul><li><strong>Pallet Shipper : <\/strong>des solutions de haute performance pour l&#8217;exp\u00e9dition de vaccins v\u00e9t\u00e9rinaires par palettes compl\u00e8tes en toute s\u00e9curit\u00e9.<\/li><li><strong>Couverture thermique : <\/strong>une solution id\u00e9ale et \u00e9conomique pour prot\u00e9ger les produits moins sensibles ou limiter les chocs thermiques lors des temps d&#8217;attente sur le tarmac.<\/li><\/ul><p><strong><br>Transport de volumes moyens (Distribution r\u00e9gionale et nationale) :<\/strong><\/p><ul><li><strong>ISOGO :<\/strong> Un colis ergonomique et haute performance, id\u00e9al pour les volumes interm\u00e9diaires.<\/li><li><strong>Gamme STANDARD (National, National Plus, Export) : <\/strong>Des solutions robustes et \u00e9prouv\u00e9es pour g\u00e9rer vos flux quotidiens en toute fiabilit\u00e9.<\/li><\/ul>\t\t\t\t\t\t\t\t<\/div>\n\t\t\t\t\t<\/div>\n\t\t\t\t<\/div>\n\t\t<div class=\"elementor-element elementor-element-71def6c e-flex e-con-boxed e-con e-parent\" data-id=\"71def6c\" data-element_type=\"container\" data-e-type=\"container\">\n\t\t\t\t\t<div class=\"e-con-inner\">\n\t\t<div class=\"elementor-element elementor-element-af25781 e-con-full e-flex e-con e-child\" data-id=\"af25781\" data-element_type=\"container\" data-e-type=\"container\">\n\t\t\t\t<div class=\"elementor-element elementor-element-af7f970 elementor-widget elementor-widget-heading\" data-id=\"af7f970\" data-element_type=\"widget\" data-e-type=\"widget\" data-widget_type=\"heading.default\">\n\t\t\t\t\t<h3 class=\"elementor-heading-title elementor-size-default\">Services et r\u00e9seau mondial : une logistique cl\u00e9 en main<\/h3>\t\t\t\t<\/div>\n\t\t\t\t<div class=\"elementor-element elementor-element-3258af4 elementor-widget elementor-widget-text-editor\" data-id=\"3258af4\" data-element_type=\"widget\" data-e-type=\"widget\" data-widget_type=\"text-editor.default\">\n\t\t\t\t\t\t\t\t\t<p>EMBALL\u2019ISO propose des services premium con\u00e7us pour fluidifier et s\u00e9curiser votre supply chain clinique :<\/p><ul><li><strong>Service Pr\u00eat-\u00e0-l&#8217;Emploi :<\/strong> recevez vos emballages d\u00e9j\u00e0 assembl\u00e9s et b\u00e9n\u00e9ficiez du service de Fornecimento e pr\u00e9-condicionamento \u00e0 la temp\u00e9rature requise pour un chargement imm\u00e9diat.<\/li><li><strong>Reuse &amp; Reverse :<\/strong> profitez de notre r\u00e9seau mondial dans plus de 80 pays pour collecter, nettoyer et r\u00e9utiliser vos emballages, r\u00e9duisant ainsi consid\u00e9rablement les d\u00e9chets.<\/li><li><strong>Solutions personnalis\u00e9es :<\/strong> un accompagnement d\u00e9di\u00e9 par nos ing\u00e9nieurs pour concevoir des emballages parfaitement ajust\u00e9s \u00e0 vos produits et \u00e0 vos contraintes.<\/li><\/ul>\t\t\t\t\t\t\t\t<\/div>\n\t\t\t\t<\/div>\n\t\t<div class=\"elementor-element elementor-element-e9c3bf5 e-con-full e-flex e-con e-child\" data-id=\"e9c3bf5\" data-element_type=\"container\" data-e-type=\"container\">\n\t\t\t\t<div class=\"elementor-element elementor-element-16d3d63 elementor-widget elementor-widget-heading\" data-id=\"16d3d63\" data-element_type=\"widget\" data-e-type=\"widget\" data-widget_type=\"heading.default\">\n\t\t\t\t\t<h3 class=\"elementor-heading-title elementor-size-default\">Applications types en sant\u00e9 animale<\/h3>\t\t\t\t<\/div>\n\t\t\t\t<div class=\"elementor-element elementor-element-da339b2 elementor-widget elementor-widget-text-editor\" data-id=\"da339b2\" data-element_type=\"widget\" data-e-type=\"widget\" data-widget_type=\"text-editor.default\">\n\t\t\t\t\t\t\t\t\t<ul><li><strong>Exportation mondiale de vaccins :<\/strong> utilisation de pallet shippers pour transporter des millions de doses de vaccins aviaires ou porcins vers les march\u00e9s internationaux.<\/li><li><strong>Distribution nationale aux cliniques v\u00e9t\u00e9rinaires : <\/strong>exp\u00e9ditions s\u00e9curis\u00e9es en 24 heures via des solutions nationales standards pour les m\u00e9dicaments quotidiens destin\u00e9s aux animaux de compagnie.<\/li><li><strong>Optimisation des co\u00fbts de fret :<\/strong> remplacement des emballages lourds par des solutions optimis\u00e9es au poids volum\u00e9trique pour r\u00e9duire la facture logistique annuelle.<\/li><\/ul>\t\t\t\t\t\t\t\t<\/div>\n\t\t\t\t<\/div>\n\t\t\t\t\t<\/div>\n\t\t\t\t<\/div>\n\t\t<div class=\"elementor-element elementor-element-ea6231a e-flex e-con-boxed e-con e-parent\" data-id=\"ea6231a\" data-element_type=\"container\" data-e-type=\"container\">\n\t\t\t\t\t<div class=\"e-con-inner\">\n\t\t\t\t<div class=\"elementor-element elementor-element-b837087 elementor-widget-divider--view-line elementor-widget elementor-widget-divider\" data-id=\"b837087\" data-element_type=\"widget\" data-e-type=\"widget\" data-widget_type=\"divider.default\">\n\t\t\t\t\t\t\t<div class=\"elementor-divider\">\n\t\t\t<span class=\"elementor-divider-separator\">\n\t\t\t\t\t\t<\/span>\n\t\t<\/div>\n\t\t\t\t\t\t<\/div>\n\t\t\t\t<div class=\"elementor-element elementor-element-98aa898 elementor-widget elementor-widget-heading\" data-id=\"98aa898\" data-element_type=\"widget\" data-e-type=\"widget\" data-widget_type=\"heading.default\">\n\t\t\t\t\t<h2 class=\"elementor-heading-title elementor-size-default\">RSE : vers une sant\u00e9 animale durable<\/h2>\t\t\t\t<\/div>\n\t\t\t\t<div class=\"elementor-element elementor-element-511bf85 elementor-widget elementor-widget-text-editor\" data-id=\"511bf85\" data-element_type=\"widget\" data-e-type=\"widget\" data-widget_type=\"text-editor.default\">\n\t\t\t\t\t\t\t\t\t<p>EMBALL\u2019ISO accompagne les laboratoires de sant\u00e9 animale dans la r\u00e9duction de leur empreinte environnementale sans sacrifier la performance :<\/p><ul><li><strong>R\u00e9duction massive de CO2<\/strong> gr\u00e2ce \u00e0 nos programmes Reuse &amp; Reverse (jusqu&#8217;\u00e0 91% d&#8217;\u00e9conomie de carbone).<\/li><li><strong>\u00c9co-conception<\/strong> de nos mat\u00e9riaux pour minimiser l&#8217;impact environnemental d\u00e8s l&#8217;\u00e9tape de fabrication.<\/li><li><strong>R\u00e9duction des d\u00e9chets<\/strong> sur les sites de destination gr\u00e2ce \u00e0 notre r\u00e9seau mondial de collecte et de remise \u00e0 neuf.<\/li><\/ul>\t\t\t\t\t\t\t\t<\/div>\n\t\t\t\t\t<\/div>\n\t\t\t\t<\/div>\n\t\t<div class=\"elementor-element elementor-element-1f3a7d8 e-flex e-con-boxed e-con e-parent\" data-id=\"1f3a7d8\" data-element_type=\"container\" data-e-type=\"container\" data-settings=\"{&quot;background_background&quot;:&quot;classic&quot;}\">\n\t\t\t\t\t<div class=\"e-con-inner\">\n\t\t\t\t<div class=\"elementor-element elementor-element-9b2d6b8 elementor-widget elementor-widget-heading\" data-id=\"9b2d6b8\" data-element_type=\"widget\" data-e-type=\"widget\" data-widget_type=\"heading.default\">\n\t\t\t\t\t<h2 class=\"elementor-heading-title elementor-size-default\">Vous recherchez une solution adapt\u00e9e \u00e0 vos besoins en Sant\u00e9 Animale ?<\/h2>\t\t\t\t<\/div>\n\t\t\t\t<div class=\"elementor-element elementor-element-0325aa3 elementor-align-center elementor-widget elementor-widget-button\" data-id=\"0325aa3\" data-element_type=\"widget\" data-e-type=\"widget\" data-widget_type=\"button.default\">\n\t\t\t\t\t\t\t\t\t\t<a class=\"elementor-button elementor-button-link elementor-size-sm\" href=\"#elementor-action%3Aaction%3Dpopup%3Aopen%26settings%3DeyJpZCI6NzU4MCwidG9nZ2xlIjpmYWxzZX0%3D\">\n\t\t\t\t\t\t<span class=\"elementor-button-content-wrapper\">\n\t\t\t\t\t\t<span class=\"elementor-button-icon\">\n\t\t\t\t<svg aria-hidden=\"true\" class=\"e-font-icon-svg e-fas-file-download\" viewBox=\"0 0 384 512\" xmlns=\"http:\/\/www.w3.org\/2000\/svg\"><path d=\"M224 136V0H24C10.7 0 0 10.7 0 24v464c0 13.3 10.7 24 24 24h336c13.3 0 24-10.7 24-24V160H248c-13.2 0-24-10.8-24-24zm76.45 211.36l-96.42 95.7c-6.65 6.61-17.39 6.61-24.04 0l-96.42-95.7C73.42 337.29 80.54 320 94.82 320H160v-80c0-8.84 7.16-16 16-16h32c8.84 0 16 7.16 16 16v80h65.18c14.28 0 21.4 17.29 11.27 27.36zM377 105L279.1 7c-4.5-4.5-10.6-7-17-7H256v128h128v-6.1c0-6.3-2.5-12.4-7-16.9z\"><\/path><\/svg>\t\t\t<\/span>\n\t\t\t\t\t\t\t\t\t<span class=\"elementor-button-text\">T\u00e9l\u00e9charger notre brochure produit<\/span>\n\t\t\t\t\t<\/span>\n\t\t\t\t\t<\/a>\n\t\t\t\t\t\t\t\t<\/div>\n\t\t\t\t\t<\/div>\n\t\t\t\t<\/div>\n\t\t<div class=\"elementor-element elementor-element-74edf2e e-flex e-con-boxed e-con e-parent\" data-id=\"74edf2e\" data-element_type=\"container\" data-e-type=\"container\" data-settings=\"{&quot;background_background&quot;:&quot;classic&quot;}\">\n\t\t\t\t\t<div class=\"e-con-inner\">\n\t\t<div class=\"elementor-element elementor-element-b3edfa4 e-con-full e-flex e-con e-child\" data-id=\"b3edfa4\" data-element_type=\"container\" data-e-type=\"container\">\n\t\t\t\t<div class=\"elementor-element elementor-element-0c073ba elementor-hidden-tablet elementor-hidden-mobile elementor-widget elementor-widget-heading\" data-id=\"0c073ba\" data-element_type=\"widget\" data-e-type=\"widget\" data-widget_type=\"heading.default\">\n\t\t\t\t\t<p class=\"elementor-heading-title elementor-size-default\">FAQ<\/p>\t\t\t\t<\/div>\n\t\t\t\t<div class=\"elementor-element elementor-element-0b545ea elementor-icon-list--layout-traditional elementor-list-item-link-full_width elementor-widget elementor-widget-icon-list\" data-id=\"0b545ea\" data-element_type=\"widget\" data-e-type=\"widget\" data-widget_type=\"icon-list.default\">\n\t\t\t\t\t\t\t<ul class=\"elementor-icon-list-items\">\n\t\t\t\t\t\t\t<li class=\"elementor-icon-list-item\">\n\t\t\t\t\t\t\t\t\t\t\t<span class=\"elementor-icon-list-icon\">\n\t\t\t\t\t\t\t<svg aria-hidden=\"true\" class=\"e-font-icon-svg e-fas-check\" viewBox=\"0 0 512 512\" xmlns=\"http:\/\/www.w3.org\/2000\/svg\"><path d=\"M173.898 439.404l-166.4-166.4c-9.997-9.997-9.997-26.206 0-36.204l36.203-36.204c9.997-9.998 26.207-9.998 36.204 0L192 312.69 432.095 72.596c9.997-9.997 26.207-9.997 36.204 0l36.203 36.204c9.997 9.997 9.997 26.206 0 36.204l-294.4 294.401c-9.998 9.997-26.207 9.997-36.204-.001z\"><\/path><\/svg>\t\t\t\t\t\t<\/span>\n\t\t\t\t\t\t\t\t\t\t<span class=\"elementor-icon-list-text\"><strong>Comment optimiser les co\u00fbts de transport en sant\u00e9 animale ? <\/strong> L'optimisation du poids volum\u00e9trique de l'emballage et l'utilisation des programmes Reuse &amp; Reverse sont les principaux leviers de r\u00e9duction des co\u00fbts globaux.<\/span>\n\t\t\t\t\t\t\t\t\t<\/li>\n\t\t\t\t\t\t\t\t<li class=\"elementor-icon-list-item\">\n\t\t\t\t\t\t\t\t\t\t\t<span class=\"elementor-icon-list-icon\">\n\t\t\t\t\t\t\t<svg aria-hidden=\"true\" class=\"e-font-icon-svg e-fas-check\" viewBox=\"0 0 512 512\" xmlns=\"http:\/\/www.w3.org\/2000\/svg\"><path d=\"M173.898 439.404l-166.4-166.4c-9.997-9.997-9.997-26.206 0-36.204l36.203-36.204c9.997-9.998 26.207-9.998 36.204 0L192 312.69 432.095 72.596c9.997-9.997 26.207-9.997 36.204 0l36.203 36.204c9.997 9.997 9.997 26.206 0 36.204l-294.4 294.401c-9.998 9.997-26.207 9.997-36.204-.001z\"><\/path><\/svg>\t\t\t\t\t\t<\/span>\n\t\t\t\t\t\t\t\t\t\t<span class=\"elementor-icon-list-text\"><strong>Quelle est la meilleure solution pour le transport de vaccins v\u00e9t\u00e9rinaires en grand volume ?<\/strong> Le Pallet Shipper est la solution la plus s\u00fbre et la plus efficace pour transporter de grandes quantit\u00e9s de vaccins sur de longues distances.<\/span>\n\t\t\t\t\t\t\t\t\t<\/li>\n\t\t\t\t\t\t<\/ul>\n\t\t\t\t\t\t<\/div>\n\t\t\t\t<\/div>\n\t\t<div class=\"elementor-element elementor-element-a7400fb e-con-full e-flex e-con e-child\" data-id=\"a7400fb\" data-element_type=\"container\" data-e-type=\"container\">\n\t\t\t\t<div class=\"elementor-element elementor-element-bf179db elementor-hidden-tablet elementor-hidden-mobile elementor-widget elementor-widget-heading\" data-id=\"bf179db\" data-element_type=\"widget\" data-e-type=\"widget\" data-widget_type=\"heading.default\">\n\t\t\t\t\t<p class=\"elementor-heading-title elementor-size-default\">EXPLOREZ NOS AUTRES SEGMENTS<\/p>\t\t\t\t<\/div>\n\t\t\t\t<div class=\"elementor-element elementor-element-12584e0 elementor-icon-list--layout-traditional elementor-list-item-link-full_width elementor-widget elementor-widget-icon-list\" data-id=\"12584e0\" data-element_type=\"widget\" data-e-type=\"widget\" data-widget_type=\"icon-list.default\">\n\t\t\t\t\t\t\t<ul class=\"elementor-icon-list-items\">\n\t\t\t\t\t\t\t<li class=\"elementor-icon-list-item\">\n\t\t\t\t\t\t\t\t\t\t\t<a href=\"https:\/\/www.emballiso.com\/fr\/solutions-demballages-isothermes-pour-lindustrie-pharmaceutique\/\">\n\n\t\t\t\t\t\t\t\t\t\t\t\t<span class=\"elementor-icon-list-icon\">\n\t\t\t\t\t\t\t<svg aria-hidden=\"true\" class=\"e-font-icon-svg e-fas-check\" viewBox=\"0 0 512 512\" xmlns=\"http:\/\/www.w3.org\/2000\/svg\"><path d=\"M173.898 439.404l-166.4-166.4c-9.997-9.997-9.997-26.206 0-36.204l36.203-36.204c9.997-9.998 26.207-9.998 36.204 0L192 312.69 432.095 72.596c9.997-9.997 26.207-9.997 36.204 0l36.203 36.204c9.997 9.997 9.997 26.206 0 36.204l-294.4 294.401c-9.998 9.997-26.207 9.997-36.204-.001z\"><\/path><\/svg>\t\t\t\t\t\t<\/span>\n\t\t\t\t\t\t\t\t\t\t<span class=\"elementor-icon-list-text\"><strong>Pour les entreprises pharmaceutiques :<\/strong> gestion des flux commerciaux \u00e0 grande \u00e9chelle.<\/span>\n\t\t\t\t\t\t\t\t\t\t\t<\/a>\n\t\t\t\t\t\t\t\t\t<\/li>\n\t\t\t\t\t\t\t\t<li class=\"elementor-icon-list-item\">\n\t\t\t\t\t\t\t\t\t\t\t<a href=\"https:\/\/www.emballiso.com\/fr\/emballages-isothermes-pour-les-essais-cliniques\/\">\n\n\t\t\t\t\t\t\t\t\t\t\t\t<span class=\"elementor-icon-list-icon\">\n\t\t\t\t\t\t\t<svg aria-hidden=\"true\" class=\"e-font-icon-svg e-fas-check\" viewBox=\"0 0 512 512\" xmlns=\"http:\/\/www.w3.org\/2000\/svg\"><path d=\"M173.898 439.404l-166.4-166.4c-9.997-9.997-9.997-26.206 0-36.204l36.203-36.204c9.997-9.998 26.207-9.998 36.204 0L192 312.69 432.095 72.596c9.997-9.997 26.207-9.997 36.204 0l36.203 36.204c9.997 9.997 9.997 26.206 0 36.204l-294.4 294.401c-9.998 9.997-26.207 9.997-36.204-.001z\"><\/path><\/svg>\t\t\t\t\t\t<\/span>\n\t\t\t\t\t\t\t\t\t\t<span class=\"elementor-icon-list-text\"><strong>Pour les essais cliniques : <\/strong>solutions \"z\u00e9ro excursion\" pour la R&amp;D.<\/span>\n\t\t\t\t\t\t\t\t\t\t\t<\/a>\n\t\t\t\t\t\t\t\t\t<\/li>\n\t\t\t\t\t\t\t\t<li class=\"elementor-icon-list-item\">\n\t\t\t\t\t\t\t\t\t\t\t<a href=\"https:\/\/www.emballiso.com\/fr\/solutions-demballages-isothermes-pour-les-professionnels-du-dernier-kilometre\/\">\n\n\t\t\t\t\t\t\t\t\t\t\t\t<span class=\"elementor-icon-list-icon\">\n\t\t\t\t\t\t\t<svg aria-hidden=\"true\" class=\"e-font-icon-svg e-fas-check\" viewBox=\"0 0 512 512\" xmlns=\"http:\/\/www.w3.org\/2000\/svg\"><path d=\"M173.898 439.404l-166.4-166.4c-9.997-9.997-9.997-26.206 0-36.204l36.203-36.204c9.997-9.998 26.207-9.998 36.204 0L192 312.69 432.095 72.596c9.997-9.997 26.207-9.997 36.204 0l36.203 36.204c9.997 9.997 9.997 26.206 0 36.204l-294.4 294.401c-9.998 9.997-26.207 9.997-36.204-.001z\"><\/path><\/svg>\t\t\t\t\t\t<\/span>\n\t\t\t\t\t\t\t\t\t\t<span class=\"elementor-icon-list-text\"><strong>Pour les professionnels du dernier kilom\u00e8tre :<\/strong> livraison aux cliniques v\u00e9t\u00e9rinaires et aux h\u00f4pitaux.<\/span>\n\t\t\t\t\t\t\t\t\t\t\t<\/a>\n\t\t\t\t\t\t\t\t\t<\/li>\n\t\t\t\t\t\t<\/ul>\n\t\t\t\t\t\t<\/div>\n\t\t\t\t<\/div>\n\t\t\t\t\t<\/div>\n\t\t\t\t<\/div>\n\t\t\t\t<\/div>\n\t\t","protected":false},"excerpt":{"rendered":"<p>Solutions d&#8217;emballage de la cha\u00eene du froid pour les laboratoires de sant\u00e9 animale Le secteur de la sant\u00e9 animale exige une rigueur logistique identique \u00e0 celle de la sant\u00e9 humaine, avec des volumes d&#8217;exp\u00e9dition souvent nettement plus importants. Que vous produisez des vaccins pour l&#8217;\u00e9levage ou des m\u00e9dicaments pour les animaux de compagnie, la s\u00e9curit\u00e9 [&hellip;]<\/p>\n","protected":false},"author":1,"featured_media":0,"parent":0,"menu_order":0,"comment_status":"closed","ping_status":"closed","template":"","meta":{"_acf_changed":false,"footnotes":""},"class_list":["post-7700","page","type-page","status-publish","hentry"],"acf":[],"_links":{"self":[{"href":"https:\/\/www.emballiso.com\/fr\/wp-json\/wp\/v2\/pages\/7700","targetHints":{"allow":["GET"]}}],"collection":[{"href":"https:\/\/www.emballiso.com\/fr\/wp-json\/wp\/v2\/pages"}],"about":[{"href":"https:\/\/www.emballiso.com\/fr\/wp-json\/wp\/v2\/types\/page"}],"author":[{"embeddable":true,"href":"https:\/\/www.emballiso.com\/fr\/wp-json\/wp\/v2\/users\/1"}],"replies":[{"embeddable":true,"href":"https:\/\/www.emballiso.com\/fr\/wp-json\/wp\/v2\/comments?post=7700"}],"version-history":[{"count":3,"href":"https:\/\/www.emballiso.com\/fr\/wp-json\/wp\/v2\/pages\/7700\/revisions"}],"predecessor-version":[{"id":8587,"href":"https:\/\/www.emballiso.com\/fr\/wp-json\/wp\/v2\/pages\/7700\/revisions\/8587"}],"wp:attachment":[{"href":"https:\/\/www.emballiso.com\/fr\/wp-json\/wp\/v2\/media?parent=7700"}],"curies":[{"name":"wp","href":"https:\/\/api.w.org\/{rel}","templated":true}]}}