{"id":7168,"date":"2026-02-11T15:37:16","date_gmt":"2026-02-11T14:37:16","guid":{"rendered":"https:\/\/www.emballiso.com\/solutions-demballages-isothermes-pour-lindustrie-pharmaceutique\/"},"modified":"2026-04-10T15:14:27","modified_gmt":"2026-04-10T13:14:27","slug":"solutions-demballages-isothermes-pour-lindustrie-pharmaceutique","status":"publish","type":"page","link":"https:\/\/www.emballiso.com\/fr\/solutions-demballages-isothermes-pour-lindustrie-pharmaceutique\/","title":{"rendered":"Solutions d\u2019emballages isothermes pour l\u2019industrie pharmaceutique"},"content":{"rendered":"\t\t<div data-elementor-type=\"wp-page\" data-elementor-id=\"7168\" class=\"elementor elementor-7168 elementor-3068\" data-elementor-post-type=\"page\">\n\t\t\t\t<div class=\"elementor-element elementor-element-a4e6b73 e-flex e-con-boxed e-con e-parent\" data-id=\"a4e6b73\" data-element_type=\"container\" data-e-type=\"container\">\n\t\t\t\t\t<div class=\"e-con-inner\">\n\t\t\t\t<div class=\"elementor-element elementor-element-9a3d459 elementor-invisible elementor-widget elementor-widget-heading\" data-id=\"9a3d459\" data-element_type=\"widget\" data-e-type=\"widget\" data-settings=\"{&quot;_animation&quot;:&quot;fadeInDown&quot;}\" data-widget_type=\"heading.default\">\n\t\t\t\t\t<h1 class=\"elementor-heading-title elementor-size-default\"><span class=\"gradient-blue\">Solutions d\u2019emballages isothermes pour l\u2019industrie pharmaceutique<\/span><\/h1>\t\t\t\t<\/div>\n\t\t\t\t<div class=\"elementor-element elementor-element-1e81825 elementor-widget elementor-widget-text-editor\" data-id=\"1e81825\" data-element_type=\"widget\" data-e-type=\"widget\" data-widget_type=\"text-editor.default\">\n\t\t\t\t\t\t\t\t\t<p>Depuis plus de 35 ans, EMBALL\u2019ISO est un leader mondial dans la conception et la fabrication de syst\u00e8mes d\u2019emballages haute performance sous temp\u00e9rature dirig\u00e9e. Dans l\u2019industrie des Sciences de la Vie, la cha\u00eene d\u2019approvisionnement constitue le dernier maillon garantissant la s\u00e9curit\u00e9 des patients.  <\/p><p>Avec la mont\u00e9e en puissance des produits biologiques \u00e0 forte valeur ajout\u00e9e, l\u2019exigence de contr\u00f4le ultra\u2011pr\u00e9cis de la temp\u00e9rature est devenue essentielle pour ma\u00eetriser et r\u00e9duire les risques associ\u00e9s \u00e0 la cha\u00eene du froid. Les laboratoires pharmaceutiques doivent naviguer dans un environnement r\u00e9glementaire mondial complexe, tout en faisant face \u00e0 une pression croissante pour r\u00e9duire le Co\u00fbt Total de Possession et leur impact environnemental.<br> EMBALL\u2019ISO fournit des solutions isothermes valid\u00e9es et haute performance, con\u00e7ues pour s\u00e9curiser vos exp\u00e9ditions internationales, du laboratoire jusqu\u2019au patient. <\/p>\t\t\t\t\t\t\t\t<\/div>\n\t\t\t\t<div class=\"elementor-element elementor-element-7417f26 elementor-widget elementor-widget-heading\" data-id=\"7417f26\" data-element_type=\"widget\" data-e-type=\"widget\" data-widget_type=\"heading.default\">\n\t\t\t\t\t<h2 class=\"elementor-heading-title elementor-size-default\">Relever les d\u00e9fis de la logistique pharmaceutique<\/h2>\t\t\t\t<\/div>\n\t\t\t\t<div class=\"elementor-element elementor-element-5e0b4cb elementor-widget elementor-widget-text-editor\" data-id=\"5e0b4cb\" data-element_type=\"widget\" data-e-type=\"widget\" data-widget_type=\"text-editor.default\">\n\t\t\t\t\t\t\t\t\t<p>Pour rester comp\u00e9titifs et conformes, les acteurs pharmaceutiques doivent r\u00e9pondre \u00e0 quatre enjeux majeurs :<\/p>\n<p><\/p>\n<ul>\n<li>\n<p><strong>S\u00e9curit\u00e9 &amp; int\u00e9grit\u00e9 thermique : <\/strong>Garantir la stabilit\u00e9 des m\u00e9dicaments est imp\u00e9ratif. Gr\u00e2ce \u00e0 l\u2019utilisation de briquettes PCM (mat\u00e9riau \u00e0 changement de phase), nos solutions maintiennent les produits dans des plages strictes (2\u20138 \u00b0C, 15\u201325 \u00b0C ou ultra\u2011froid), \u00e9liminant les risques de d\u00e9gradation. <\/p>\n<\/li>\n<li>\n<p><strong style=\"background-color: transparent; letter-spacing: 0px;\">Optimisation des co\u00fbts : <\/strong>Nous vous aidons \u00e0 ma\u00eetriser vos budgets gr\u00e2ce \u00e0 des \u00e9tudes d\u2019optimisation permettant de r\u00e9duire le poids volum\u00e9trique. En am\u00e9liorant le ratio contenance utile \/ volume total et en d\u00e9ployant des solutions cl\u00e9s\u2011en\u2011main de r\u00e9utilisation &amp; logistique retours, nous r\u00e9duisons de mani\u00e8re significative les co\u00fbts logistiques globaux.<\/p>\n<\/li>\n<li>\n<p><strong style=\"background-color: transparent; letter-spacing: 0px;\">Partenaire durable : <\/strong>Distingu\u00e9e par la m\u00e9daille EcoVadis Gold, EMBALL\u2019ISO accompagne activement votre strat\u00e9gie RSE.<\/p>\n<\/li>\n<li>\n<p><strong style=\"background-color: transparent; letter-spacing: 0px;\">Conformit\u00e9 &amp; fiabilit\u00e9 : <\/strong>Nos solutions sont qualifi\u00e9es au sein de notre laboratoire de m\u00e9trologie certifi\u00e9 ISO 9001. S\u2019\u00e9tendant sur 500 m\u00b2 et \u00e9quip\u00e9 de 8 chambres climatiques, il r\u00e9alise plus de 1 000 tests par an selon les protocoles ISTA 7D, garantissant une performance optimale m\u00eame en conditions extr\u00eames.<\/p>\n<\/li>\n<\/ul>\t\t\t\t\t\t\t\t<\/div>\n\t\t\t\t<div class=\"elementor-element elementor-element-44c37f6 elementor-widget-divider--view-line elementor-widget elementor-widget-divider\" data-id=\"44c37f6\" data-element_type=\"widget\" data-e-type=\"widget\" data-widget_type=\"divider.default\">\n\t\t\t\t\t\t\t<div class=\"elementor-divider\">\n\t\t\t<span class=\"elementor-divider-separator\">\n\t\t\t\t\t\t<\/span>\n\t\t<\/div>\n\t\t\t\t\t\t<\/div>\n\t\t\t\t<div class=\"elementor-element elementor-element-97e66ee elementor-widget elementor-widget-heading\" data-id=\"97e66ee\" data-element_type=\"widget\" data-e-type=\"widget\" data-widget_type=\"heading.default\">\n\t\t\t\t\t<h3 class=\"elementor-heading-title elementor-size-default\">Nos solutions sur mesure pour l\u2019industrie pharmaceutique<\/h3>\t\t\t\t<\/div>\n\t\t\t\t<div class=\"elementor-element elementor-element-d8f4ddf elementor-widget elementor-widget-text-editor\" data-id=\"d8f4ddf\" data-element_type=\"widget\" data-e-type=\"widget\" data-widget_type=\"text-editor.default\">\n\t\t\t\t\t\t\t\t\t<p>Nous proposons une approche dynamique et flexible capable de r\u00e9pondre \u00e0 toutes les dur\u00e9es et destinations d\u2019exp\u00e9ditions :<\/p><ul><li><strong>ISOGO :<\/strong> Un colis ergonomique et haute performance, id\u00e9al pour les volumes interm\u00e9diaires.<\/li><li><strong>Gamme STANDARD (National, National Plus, Export) : <\/strong>Des solutions robustes et \u00e9prouv\u00e9es pour g\u00e9rer vos flux quotidiens en toute fiabilit\u00e9.<\/li><li><strong>Couvertures Thermiques (TLX) : <\/strong>Une protection l\u00e9g\u00e8re con\u00e7ue pour les corridors pharmaceutiques et le transport maritime, \u00e9vitant les chocs thermiques lors des temps d\u2019attente sur le tarmac.<\/li><li><strong>Ready-to-use (Pr\u00e9conditionnement) : <\/strong>Externalisez le pr\u00e9conditionnement de vos emballages isothermes aupr\u00e8s de nos op\u00e9rateurs form\u00e9s afin de gagner du temps, optimiser votre espace de stockage et lib\u00e9rer de la place en chambre froide.<\/li><\/ul>\t\t\t\t\t\t\t\t<\/div>\n\t\t\t\t\t<\/div>\n\t\t\t\t<\/div>\n\t\t<div class=\"elementor-element elementor-element-71def6c e-flex e-con-boxed e-con e-parent\" data-id=\"71def6c\" data-element_type=\"container\" data-e-type=\"container\">\n\t\t\t\t\t<div class=\"e-con-inner\">\n\t\t<div class=\"elementor-element elementor-element-af25781 e-con-full e-flex e-con e-child\" data-id=\"af25781\" data-element_type=\"container\" data-e-type=\"container\">\n\t\t\t\t<div class=\"elementor-element elementor-element-af7f970 elementor-widget elementor-widget-heading\" data-id=\"af7f970\" data-element_type=\"widget\" data-e-type=\"widget\" data-widget_type=\"heading.default\">\n\t\t\t\t\t<h3 class=\"elementor-heading-title elementor-size-default\">R\u00e9seau mondial &amp; expertise en r\u00e9utilisation<\/h3>\t\t\t\t<\/div>\n\t\t\t\t<div class=\"elementor-element elementor-element-3258af4 elementor-widget elementor-widget-text-editor\" data-id=\"3258af4\" data-element_type=\"widget\" data-e-type=\"widget\" data-widget_type=\"text-editor.default\">\n\t\t\t\t\t\t\t\t\t<p>Avec une pr\u00e9sence internationale couvrant 4 continents, EMBALL\u2019ISO exploite 12 sites de production et plus de 15 centres de services. Notre programme logistique Reuse &amp; Reverse est d\u00e9ploy\u00e9 dans plus de 80 pays. <\/p><p>Nous collectons les emballages utilis\u00e9s directement sur leur lieu de destination. Chaque unit\u00e9 est ensuite nettoy\u00e9e, remise \u00e0 neuf et contr\u00f4l\u00e9e afin de garantir une performance \u00e9quivalente \u00e0 celle d\u2019un emballage neuf. Ce service vous lib\u00e8re totalement de la gestion des d\u00e9chets. <\/p>\t\t\t\t\t\t\t\t<\/div>\n\t\t\t\t<\/div>\n\t\t<div class=\"elementor-element elementor-element-e9c3bf5 e-con-full e-flex e-con e-child\" data-id=\"e9c3bf5\" data-element_type=\"container\" data-e-type=\"container\">\n\t\t\t\t<div class=\"elementor-element elementor-element-16d3d63 elementor-widget elementor-widget-heading\" data-id=\"16d3d63\" data-element_type=\"widget\" data-e-type=\"widget\" data-widget_type=\"heading.default\">\n\t\t\t\t\t<h3 class=\"elementor-heading-title elementor-size-default\">Applications typiques pour le secteur pharmaceutique<\/h3>\t\t\t\t<\/div>\n\t\t\t\t<div class=\"elementor-element elementor-element-da339b2 elementor-widget elementor-widget-text-editor\" data-id=\"da339b2\" data-element_type=\"widget\" data-e-type=\"widget\" data-widget_type=\"text-editor.default\">\n\t\t\t\t\t\t\t\t\t<ul><li><strong>Exp\u00e9ditions internationales : <\/strong>utilisation des solutions HPPS pour transporter de grands volumes de vaccins ou d\u2019API \u00e0 travers les continents, avec une stabilit\u00e9 thermique maximale.<\/li><li><strong>Logistique des essais cliniques : <\/strong>s\u00e9curit\u00e9 optimale pour la livraison de traitements innovants gr\u00e2ce \u00e0 nos colis Premium+ \u00e0 haute s\u00e9curit\u00e9.<\/li><\/ul>\t\t\t\t\t\t\t\t<\/div>\n\t\t\t\t<\/div>\n\t\t\t\t\t<\/div>\n\t\t\t\t<\/div>\n\t\t<div class=\"elementor-element elementor-element-ea6231a e-flex e-con-boxed e-con e-parent\" data-id=\"ea6231a\" data-element_type=\"container\" data-e-type=\"container\">\n\t\t\t\t\t<div class=\"e-con-inner\">\n\t\t\t\t<div class=\"elementor-element elementor-element-b837087 elementor-widget-divider--view-line elementor-widget elementor-widget-divider\" data-id=\"b837087\" data-element_type=\"widget\" data-e-type=\"widget\" data-widget_type=\"divider.default\">\n\t\t\t\t\t\t\t<div class=\"elementor-divider\">\n\t\t\t<span class=\"elementor-divider-separator\">\n\t\t\t\t\t\t<\/span>\n\t\t<\/div>\n\t\t\t\t\t\t<\/div>\n\t\t\t\t<div class=\"elementor-element elementor-element-98aa898 elementor-widget elementor-widget-heading\" data-id=\"98aa898\" data-element_type=\"widget\" data-e-type=\"widget\" data-widget_type=\"heading.default\">\n\t\t\t\t\t<h2 class=\"elementor-heading-title elementor-size-default\">RSE : vers une sant\u00e9 animale durable<\/h2>\t\t\t\t<\/div>\n\t\t\t\t<div class=\"elementor-element elementor-element-511bf85 elementor-widget elementor-widget-text-editor\" data-id=\"511bf85\" data-element_type=\"widget\" data-e-type=\"widget\" data-widget_type=\"text-editor.default\">\n\t\t\t\t\t\t\t\t\t<p>En tant que Partenaire Durabilit\u00e9, nous vous aidons \u00e0 r\u00e9duire significativement votre empreinte environnementale :<\/p><ul><li>Jusqu\u2019\u00e0 93 % d\u2019\u00e9conomies de CO\u2082 gr\u00e2ce \u00e0 notre mod\u00e8le mondial de r\u00e9utilisation, compar\u00e9 aux solutions \u00e0 usage unique.<\/li><li><strong>R\u00e9duction des d\u00e9chets : <\/strong>plus de 1 600 tonnes de d\u00e9chets \u00e9vit\u00e9es chaque ann\u00e9e gr\u00e2ce \u00e0 notre r\u00e9seau de collecte et de reconditionnement.<\/li><li><strong>\u00c9co\u2011conception : <\/strong>mat\u00e9riaux l\u00e9gers et durables con\u00e7us pour r\u00e9duire l\u2019empreinte carbone de chaque exp\u00e9dition.<\/li><\/ul>\t\t\t\t\t\t\t\t<\/div>\n\t\t\t\t\t<\/div>\n\t\t\t\t<\/div>\n\t\t<div class=\"elementor-element elementor-element-1f3a7d8 e-flex e-con-boxed e-con e-parent\" data-id=\"1f3a7d8\" data-element_type=\"container\" data-e-type=\"container\" data-settings=\"{&quot;background_background&quot;:&quot;classic&quot;}\">\n\t\t\t\t\t<div class=\"e-con-inner\">\n\t\t\t\t<div class=\"elementor-element elementor-element-9b2d6b8 elementor-widget elementor-widget-heading\" data-id=\"9b2d6b8\" data-element_type=\"widget\" data-e-type=\"widget\" data-widget_type=\"heading.default\">\n\t\t\t\t\t<h2 class=\"elementor-heading-title elementor-size-default\">Vous recherchez une solution adapt\u00e9e \u00e0 vos besoins pharmaceutiques ?<\/h2>\t\t\t\t<\/div>\n\t\t\t\t<div class=\"elementor-element elementor-element-0325aa3 elementor-align-center elementor-widget elementor-widget-button\" data-id=\"0325aa3\" data-element_type=\"widget\" data-e-type=\"widget\" data-widget_type=\"button.default\">\n\t\t\t\t\t\t\t\t\t\t<a class=\"elementor-button elementor-button-link elementor-size-sm\" href=\"https:\/\/www.emballiso.com\/fr\/contact\/\">\n\t\t\t\t\t\t<span class=\"elementor-button-content-wrapper\">\n\t\t\t\t\t\t<span class=\"elementor-button-icon\">\n\t\t\t\t<svg aria-hidden=\"true\" class=\"e-font-icon-svg e-far-envelope\" viewBox=\"0 0 512 512\" xmlns=\"http:\/\/www.w3.org\/2000\/svg\"><path d=\"M464 64H48C21.49 64 0 85.49 0 112v288c0 26.51 21.49 48 48 48h416c26.51 0 48-21.49 48-48V112c0-26.51-21.49-48-48-48zm0 48v40.805c-22.422 18.259-58.168 46.651-134.587 106.49-16.841 13.247-50.201 45.072-73.413 44.701-23.208.375-56.579-31.459-73.413-44.701C106.18 199.465 70.425 171.067 48 152.805V112h416zM48 400V214.398c22.914 18.251 55.409 43.862 104.938 82.646 21.857 17.205 60.134 55.186 103.062 54.955 42.717.231 80.509-37.199 103.053-54.947 49.528-38.783 82.032-64.401 104.947-82.653V400H48z\"><\/path><\/svg>\t\t\t<\/span>\n\t\t\t\t\t\t\t\t\t<span class=\"elementor-button-text\">Demander un devis<\/span>\n\t\t\t\t\t<\/span>\n\t\t\t\t\t<\/a>\n\t\t\t\t\t\t\t\t<\/div>\n\t\t\t\t\t<\/div>\n\t\t\t\t<\/div>\n\t\t<div class=\"elementor-element elementor-element-74edf2e e-flex e-con-boxed e-con e-parent\" data-id=\"74edf2e\" data-element_type=\"container\" data-e-type=\"container\" data-settings=\"{&quot;background_background&quot;:&quot;classic&quot;}\">\n\t\t\t\t\t<div class=\"e-con-inner\">\n\t\t<div class=\"elementor-element elementor-element-b3edfa4 e-con-full e-flex e-con e-child\" data-id=\"b3edfa4\" data-element_type=\"container\" data-e-type=\"container\">\n\t\t\t\t<div class=\"elementor-element elementor-element-0c073ba elementor-hidden-tablet elementor-hidden-mobile elementor-widget elementor-widget-heading\" data-id=\"0c073ba\" data-element_type=\"widget\" data-e-type=\"widget\" data-widget_type=\"heading.default\">\n\t\t\t\t\t<p class=\"elementor-heading-title elementor-size-default\">FAQ<\/p>\t\t\t\t<\/div>\n\t\t\t\t<div class=\"elementor-element elementor-element-0b545ea elementor-icon-list--layout-traditional elementor-list-item-link-full_width elementor-widget elementor-widget-icon-list\" data-id=\"0b545ea\" data-element_type=\"widget\" data-e-type=\"widget\" data-widget_type=\"icon-list.default\">\n\t\t\t\t\t\t\t<ul class=\"elementor-icon-list-items\">\n\t\t\t\t\t\t\t<li class=\"elementor-icon-list-item\">\n\t\t\t\t\t\t\t\t\t\t\t<span class=\"elementor-icon-list-icon\">\n\t\t\t\t\t\t\t<svg aria-hidden=\"true\" class=\"e-font-icon-svg e-fas-check\" viewBox=\"0 0 512 512\" xmlns=\"http:\/\/www.w3.org\/2000\/svg\"><path d=\"M173.898 439.404l-166.4-166.4c-9.997-9.997-9.997-26.206 0-36.204l36.203-36.204c9.997-9.998 26.207-9.998 36.204 0L192 312.69 432.095 72.596c9.997-9.997 26.207-9.997 36.204 0l36.203 36.204c9.997 9.997 9.997 26.206 0 36.204l-294.4 294.401c-9.998 9.997-26.207 9.997-36.204-.001z\"><\/path><\/svg>\t\t\t\t\t\t<\/span>\n\t\t\t\t\t\t\t\t\t\t<span class=\"elementor-icon-list-text\"><strong>Comment transporter des produits pharmaceutiques en toute s\u00e9curit\u00e9 ?<\/strong> En utilisant des emballages sous temp\u00e9rature dirig\u00e9e haute performance et en garantissant la conformit\u00e9 gr\u00e2ce \u00e0 des solutions valid\u00e9es selon les protocoles ISTA 7D.<\/span>\n\t\t\t\t\t\t\t\t\t<\/li>\n\t\t\t\t\t\t\t\t<li class=\"elementor-icon-list-item\">\n\t\t\t\t\t\t\t\t\t\t\t<span class=\"elementor-icon-list-icon\">\n\t\t\t\t\t\t\t<svg aria-hidden=\"true\" class=\"e-font-icon-svg e-fas-check\" viewBox=\"0 0 512 512\" xmlns=\"http:\/\/www.w3.org\/2000\/svg\"><path d=\"M173.898 439.404l-166.4-166.4c-9.997-9.997-9.997-26.206 0-36.204l36.203-36.204c9.997-9.998 26.207-9.998 36.204 0L192 312.69 432.095 72.596c9.997-9.997 26.207-9.997 36.204 0l36.203 36.204c9.997 9.997 9.997 26.206 0 36.204l-294.4 294.401c-9.998 9.997-26.207 9.997-36.204-.001z\"><\/path><\/svg>\t\t\t\t\t\t<\/span>\n\t\t\t\t\t\t\t\t\t\t<span class=\"elementor-icon-list-text\"><strong>Quels sont les avantages des emballages thermiques r\u00e9utilisables ? <\/strong>Ils r\u00e9duisent les co\u00fbts logistiques, diminuent l\u2019empreinte environnementale et assurent une performance constante, chaque unit\u00e9 \u00e9tant contr\u00f4l\u00e9e avant r\u00e9utilisation.<\/span>\n\t\t\t\t\t\t\t\t\t<\/li>\n\t\t\t\t\t\t<\/ul>\n\t\t\t\t\t\t<\/div>\n\t\t\t\t<\/div>\n\t\t<div class=\"elementor-element elementor-element-a7400fb e-con-full e-flex e-con e-child\" data-id=\"a7400fb\" data-element_type=\"container\" data-e-type=\"container\">\n\t\t\t\t<div class=\"elementor-element elementor-element-bf179db elementor-hidden-tablet elementor-hidden-mobile elementor-widget elementor-widget-heading\" data-id=\"bf179db\" data-element_type=\"widget\" data-e-type=\"widget\" data-widget_type=\"heading.default\">\n\t\t\t\t\t<p class=\"elementor-heading-title elementor-size-default\">EXPLOREZ NOS AUTRES SEGMENTS<\/p>\t\t\t\t<\/div>\n\t\t\t\t<div class=\"elementor-element elementor-element-12584e0 elementor-icon-list--layout-traditional elementor-list-item-link-full_width elementor-widget elementor-widget-icon-list\" data-id=\"12584e0\" data-element_type=\"widget\" data-e-type=\"widget\" data-widget_type=\"icon-list.default\">\n\t\t\t\t\t\t\t<ul class=\"elementor-icon-list-items\">\n\t\t\t\t\t\t\t<li class=\"elementor-icon-list-item\">\n\t\t\t\t\t\t\t\t\t\t\t<a href=\"https:\/\/www.emballiso.com\/fr\/solutions-demballages-isothermes-pour-les-professionnels-de-la-logistique\/\">\n\n\t\t\t\t\t\t\t\t\t\t\t\t<span class=\"elementor-icon-list-icon\">\n\t\t\t\t\t\t\t<svg aria-hidden=\"true\" class=\"e-font-icon-svg e-fas-check\" viewBox=\"0 0 512 512\" xmlns=\"http:\/\/www.w3.org\/2000\/svg\"><path d=\"M173.898 439.404l-166.4-166.4c-9.997-9.997-9.997-26.206 0-36.204l36.203-36.204c9.997-9.998 26.207-9.998 36.204 0L192 312.69 432.095 72.596c9.997-9.997 26.207-9.997 36.204 0l36.203 36.204c9.997 9.997 9.997 26.206 0 36.204l-294.4 294.401c-9.998 9.997-26.207 9.997-36.204-.001z\"><\/path><\/svg>\t\t\t\t\t\t<\/span>\n\t\t\t\t\t\t\t\t\t\t<span class=\"elementor-icon-list-text\"><strong>Pour les sp\u00e9cialistes de la logistique : <\/strong>Optimisez vos flux en cha\u00eene du froid gr\u00e2ce \u00e0 notre r\u00e9seau mondial.<\/span>\n\t\t\t\t\t\t\t\t\t\t\t<\/a>\n\t\t\t\t\t\t\t\t\t<\/li>\n\t\t\t\t\t\t\t\t<li class=\"elementor-icon-list-item\">\n\t\t\t\t\t\t\t\t\t\t\t<a href=\"https:\/\/www.emballiso.com\/fr\/emballages-isothermes-pour-les-essais-cliniques\/\">\n\n\t\t\t\t\t\t\t\t\t\t\t\t<span class=\"elementor-icon-list-icon\">\n\t\t\t\t\t\t\t<svg aria-hidden=\"true\" class=\"e-font-icon-svg e-fas-check\" viewBox=\"0 0 512 512\" xmlns=\"http:\/\/www.w3.org\/2000\/svg\"><path d=\"M173.898 439.404l-166.4-166.4c-9.997-9.997-9.997-26.206 0-36.204l36.203-36.204c9.997-9.998 26.207-9.998 36.204 0L192 312.69 432.095 72.596c9.997-9.997 26.207-9.997 36.204 0l36.203 36.204c9.997 9.997 9.997 26.206 0 36.204l-294.4 294.401c-9.998 9.997-26.207 9.997-36.204-.001z\"><\/path><\/svg>\t\t\t\t\t\t<\/span>\n\t\t\t\t\t\t\t\t\t\t<span class=\"elementor-icon-list-text\"><strong>Pour les essais cliniques : <\/strong>Des solutions d\u00e9di\u00e9es \u00e0 la recherche, offrant une longue autonomie et une s\u00e9curit\u00e9 renforc\u00e9e.<\/span>\n\t\t\t\t\t\t\t\t\t\t\t<\/a>\n\t\t\t\t\t\t\t\t\t<\/li>\n\t\t\t\t\t\t\t\t<li class=\"elementor-icon-list-item\">\n\t\t\t\t\t\t\t\t\t\t\t<a href=\"https:\/\/www.emballiso.com\/fr\/solutions-demballages-isothermes-pour-les-professionnels-du-dernier-kilometre\/\">\n\n\t\t\t\t\t\t\t\t\t\t\t\t<span class=\"elementor-icon-list-icon\">\n\t\t\t\t\t\t\t<svg aria-hidden=\"true\" class=\"e-font-icon-svg e-fas-check\" viewBox=\"0 0 512 512\" xmlns=\"http:\/\/www.w3.org\/2000\/svg\"><path d=\"M173.898 439.404l-166.4-166.4c-9.997-9.997-9.997-26.206 0-36.204l36.203-36.204c9.997-9.998 26.207-9.998 36.204 0L192 312.69 432.095 72.596c9.997-9.997 26.207-9.997 36.204 0l36.203 36.204c9.997 9.997 9.997 26.206 0 36.204l-294.4 294.401c-9.998 9.997-26.207 9.997-36.204-.001z\"><\/path><\/svg>\t\t\t\t\t\t<\/span>\n\t\t\t\t\t\t\t\t\t\t<span class=\"elementor-icon-list-text\"><strong>Pour les professionnels du dernier kilom\u00e8tre : <\/strong>Sacs et bo\u00eetes pratiques, l\u00e9gers et adapt\u00e9s aux livraisons locales.<\/span>\n\t\t\t\t\t\t\t\t\t\t\t<\/a>\n\t\t\t\t\t\t\t\t\t<\/li>\n\t\t\t\t\t\t<\/ul>\n\t\t\t\t\t\t<\/div>\n\t\t\t\t<\/div>\n\t\t\t\t\t<\/div>\n\t\t\t\t<\/div>\n\t\t\t\t<\/div>\n\t\t","protected":false},"excerpt":{"rendered":"<p>Solutions d\u2019emballages isothermes pour l\u2019industrie pharmaceutique Depuis plus de 35 ans, EMBALL\u2019ISO est un leader mondial dans la conception et la fabrication de syst\u00e8mes d\u2019emballages haute performance sous temp\u00e9rature dirig\u00e9e. Dans l\u2019industrie des Sciences de la Vie, la cha\u00eene d\u2019approvisionnement constitue le dernier maillon garantissant la s\u00e9curit\u00e9 des patients. Avec la mont\u00e9e en puissance des [&hellip;]<\/p>\n","protected":false},"author":1,"featured_media":0,"parent":0,"menu_order":0,"comment_status":"closed","ping_status":"closed","template":"","meta":{"_acf_changed":false,"footnotes":""},"class_list":["post-7168","page","type-page","status-publish","hentry"],"acf":[],"_links":{"self":[{"href":"https:\/\/www.emballiso.com\/fr\/wp-json\/wp\/v2\/pages\/7168","targetHints":{"allow":["GET"]}}],"collection":[{"href":"https:\/\/www.emballiso.com\/fr\/wp-json\/wp\/v2\/pages"}],"about":[{"href":"https:\/\/www.emballiso.com\/fr\/wp-json\/wp\/v2\/types\/page"}],"author":[{"embeddable":true,"href":"https:\/\/www.emballiso.com\/fr\/wp-json\/wp\/v2\/users\/1"}],"replies":[{"embeddable":true,"href":"https:\/\/www.emballiso.com\/fr\/wp-json\/wp\/v2\/comments?post=7168"}],"version-history":[{"count":4,"href":"https:\/\/www.emballiso.com\/fr\/wp-json\/wp\/v2\/pages\/7168\/revisions"}],"predecessor-version":[{"id":8644,"href":"https:\/\/www.emballiso.com\/fr\/wp-json\/wp\/v2\/pages\/7168\/revisions\/8644"}],"wp:attachment":[{"href":"https:\/\/www.emballiso.com\/fr\/wp-json\/wp\/v2\/media?parent=7168"}],"curies":[{"name":"wp","href":"https:\/\/api.w.org\/{rel}","templated":true}]}}