{"id":6971,"date":"2026-02-11T15:15:57","date_gmt":"2026-02-11T14:15:57","guid":{"rendered":"https:\/\/www.emballiso.com\/solutions-demballages-isothermes-pour-les-professionnels-de-la-logistique\/"},"modified":"2026-04-10T15:13:52","modified_gmt":"2026-04-10T13:13:52","slug":"solutions-demballages-isothermes-pour-les-professionnels-de-la-logistique","status":"publish","type":"page","link":"https:\/\/www.emballiso.com\/fr\/solutions-demballages-isothermes-pour-les-professionnels-de-la-logistique\/","title":{"rendered":"Solutions d\u2019emballages isothermes pour les professionnels de la logistique"},"content":{"rendered":"\t\t<div data-elementor-type=\"wp-page\" data-elementor-id=\"6971\" class=\"elementor elementor-6971 elementor-3063\" data-elementor-post-type=\"page\">\n\t\t\t\t<div class=\"elementor-element elementor-element-a4e6b73 e-flex e-con-boxed e-con e-parent\" data-id=\"a4e6b73\" data-element_type=\"container\" data-e-type=\"container\">\n\t\t\t\t\t<div class=\"e-con-inner\">\n\t\t\t\t<div class=\"elementor-element elementor-element-9a3d459 elementor-invisible elementor-widget elementor-widget-heading\" data-id=\"9a3d459\" data-element_type=\"widget\" data-e-type=\"widget\" data-settings=\"{&quot;_animation&quot;:&quot;fadeInDown&quot;}\" data-widget_type=\"heading.default\">\n\t\t\t\t\t<h1 class=\"elementor-heading-title elementor-size-default\"><span class=\"gradient-blue\">Solutions d\u2019emballages isothermes pour les professionnels de la logistique<\/span><\/h1>\t\t\t\t<\/div>\n\t\t\t\t<div class=\"elementor-element elementor-element-1e81825 elementor-widget elementor-widget-text-editor\" data-id=\"1e81825\" data-element_type=\"widget\" data-e-type=\"widget\" data-widget_type=\"text-editor.default\">\n\t\t\t\t\t\t\t\t\t<p>En tant que professionnel de la logistique, vous \u00eates le pilier de la cha\u00eene d\u2019approvisionnement mondiale.<br>La gestion de produits thermosensibles pour vos clients exige rapidit\u00e9, pr\u00e9cision et une parfaite ma\u00eetrise des risques thermiques. Que vous soyez un 3PL ou commissionnaire de transport, les d\u00e9fis sont bien identifi\u00e9s: vous devez garantir une int\u00e9grit\u00e9 thermique irr\u00e9prochable, respecter des r\u00e9glementations strictes, maintenir une efficacit\u00e9 op\u00e9rationnelle optimale tout en gardant vos co\u00fbts sous contr\u00f4le.  <\/p><p>EMBALL\u2019ISO accompagne les sp\u00e9cialistes de la logistique gr\u00e2ce \u00e0 une large gamme de solutions isothermes performantes, fiables et simples d\u2019utilisation. Du petit colis au grand conteneur palette, nos produits sont con\u00e7us pour simplifier vos op\u00e9rations d\u2019entrep\u00f4t et offrir \u00e0 vos clients le meilleur co\u00fbt total de possession (TCO). <\/p>\t\t\t\t\t\t\t\t<\/div>\n\t\t\t\t<div class=\"elementor-element elementor-element-7417f26 elementor-widget elementor-widget-heading\" data-id=\"7417f26\" data-element_type=\"widget\" data-e-type=\"widget\" data-widget_type=\"heading.default\">\n\t\t\t\t\t<h2 class=\"elementor-heading-title elementor-size-default\">R\u00e9pondre aux d\u00e9fis majeurs de la logistique de la cha\u00eene du froid<\/h2>\t\t\t\t<\/div>\n\t\t\t\t<div class=\"elementor-element elementor-element-5e0b4cb elementor-widget elementor-widget-text-editor\" data-id=\"5e0b4cb\" data-element_type=\"widget\" data-e-type=\"widget\" data-widget_type=\"text-editor.default\">\n\t\t\t\t\t\t\t\t\t<p>Nous vous aidons \u00e0 offrir un service de grande qualit\u00e9 \u00e0 vos clients en relevant les principaux d\u00e9fis du transport sous temp\u00e9rature dirig\u00e9e :<\/p><ul><li><strong>Excellence op\u00e9rationnelle :<\/strong> Dans tout entrep\u00f4t, le temps est une ressource critique. Nos solutions sont con\u00e7ues pour un montage intuitif et rapide. Avec notre service<strong> \u00ab Ready-to-use \u00bb<\/strong> nous vous livrons des emballages d\u00e9j\u00e0 pr\u00e9par\u00e9s et pr\u00e9conditionn\u00e9s \u00e0 la temp\u00e9rature requise, vous permettant de charger et d\u2019exp\u00e9dier imm\u00e9diatement.  <\/li><li><strong>Optimisation des co\u00fbts &amp; du taux de charge :<\/strong> Nous maximisons le ratio entre volume utile interne et dimensions externes. Gr\u00e2ce \u00e0 des conceptions l\u00e9g\u00e8res et optimis\u00e9es, vous r\u00e9duisez vos co\u00fbts de transport tout en optimisant l\u2019espace disponible dans les camions ou les avions. <\/li><li><strong>Fiabilit\u00e9 de bout en bout :<\/strong> Qu\u2019il s\u2019agisse de produits pharmaceutiques ou de biotechnologies de haute valeur, nos solutions sont valid\u00e9es selon les standards internationaux (ISTA 7D), garantissant une tranquillit\u00e9 totale pour vous et vos clients.<\/li><li><strong>Disponibilit\u00e9 mondiale : <\/strong>Gr\u00e2ce \u00e0 notre empreinte internationale, nous fournissons les emballages o\u00f9 vous en avez besoin, quand vous en avez besoin. Vous r\u00e9pondez ainsi rapidement aux pics d\u2019activit\u00e9 ou aux demandes urgentes de vos clients.<\/li><\/ul>\t\t\t\t\t\t\t\t<\/div>\n\t\t\t\t<div class=\"elementor-element elementor-element-44c37f6 elementor-widget-divider--view-line elementor-widget elementor-widget-divider\" data-id=\"44c37f6\" data-element_type=\"widget\" data-e-type=\"widget\" data-widget_type=\"divider.default\">\n\t\t\t\t\t\t\t<div class=\"elementor-divider\">\n\t\t\t<span class=\"elementor-divider-separator\">\n\t\t\t\t\t\t<\/span>\n\t\t<\/div>\n\t\t\t\t\t\t<\/div>\n\t\t\t\t<div class=\"elementor-element elementor-element-97e66ee elementor-widget elementor-widget-heading\" data-id=\"97e66ee\" data-element_type=\"widget\" data-e-type=\"widget\" data-widget_type=\"heading.default\">\n\t\t\t\t\t<h3 class=\"elementor-heading-title elementor-size-default\">Des solutions adapt\u00e9es \u00e0 tous les volumes<\/h3>\t\t\t\t<\/div>\n\t\t\t\t<div class=\"elementor-element elementor-element-d8f4ddf elementor-widget elementor-widget-text-editor\" data-id=\"d8f4ddf\" data-element_type=\"widget\" data-e-type=\"widget\" data-widget_type=\"text-editor.default\">\n\t\t\t\t\t\t\t\t\t<p>Notre catalogue de produits est con\u00e7u pour r\u00e9pondre \u00e0 tous les sc\u00e9narios logistiques :<\/p><ul><li><p><strong>Pallet Shippers :<\/strong> Solutions haute capacit\u00e9 pour le transport s\u00e9curis\u00e9 de grands volumes.<\/p><\/li><li><p><strong>Box Pallets :<\/strong> Id\u00e9ales pour les exp\u00e9ditions internationales en vrac.<\/p><\/li><li><p><strong>Couvertures Thermiques :<\/strong> Une solution \u00e9conomique pour prot\u00e9ger de grandes quantit\u00e9s contre les chocs thermiques, que ce soit lors des temps d\u2019attente sur le tarmac ou durant le transport routier.<\/p><\/li><li><p><strong>VYPE &amp; ISOGO:<\/strong> High-performance parcel shippers for small volumes and precision deliveries.<\/p><\/li><li><p><strong>STANDARD EXPORT :<\/strong> Des solutions robustes et efficaces, sp\u00e9cialement con\u00e7ues pour les exp\u00e9ditions internationales \u00e0 sens unique.<\/p><\/li><\/ul>\t\t\t\t\t\t\t\t<\/div>\n\t\t\t\t\t<\/div>\n\t\t\t\t<\/div>\n\t\t<div class=\"elementor-element elementor-element-71def6c e-flex e-con-boxed e-con e-parent\" data-id=\"71def6c\" data-element_type=\"container\" data-e-type=\"container\">\n\t\t\t\t\t<div class=\"e-con-inner\">\n\t\t<div class=\"elementor-element elementor-element-af25781 e-con-full e-flex e-con e-child\" data-id=\"af25781\" data-element_type=\"container\" data-e-type=\"container\">\n\t\t\t\t<div class=\"elementor-element elementor-element-af7f970 elementor-widget elementor-widget-heading\" data-id=\"af7f970\" data-element_type=\"widget\" data-e-type=\"widget\" data-widget_type=\"heading.default\">\n\t\t\t\t\t<h3 class=\"elementor-heading-title elementor-size-default\">R\u00e9seau mondial &amp; services \u00e0 forte valeur ajout\u00e9e<\/h3>\t\t\t\t<\/div>\n\t\t\t\t<div class=\"elementor-element elementor-element-3258af4 elementor-widget elementor-widget-text-editor\" data-id=\"3258af4\" data-element_type=\"widget\" data-e-type=\"widget\" data-widget_type=\"text-editor.default\">\n\t\t\t\t\t\t\t\t\t<p>Avec <strong>12 usines et plus de 15 centres de services<\/strong> dans le monde, EMBALL\u2019ISO est strat\u00e9giquement implant\u00e9 le long des principales routes logistiques de vos cha\u00eenes d\u2019approvisionnement.<\/p><ul><li><strong>Service Ready-to-use : <\/strong>Nous prenons en charge l\u2019assemblage et le pr\u00e9conditionnement afin de vous d\u00e9charger totalement de cette \u00e9tape.<\/li><li><strong>R\u00e9seau mondial de r\u00e9utilisation :<\/strong> Nous assurons la collecte des emballages usag\u00e9s dans plus de 80 pays, vous lib\u00e9rant de la gestion des retours et de la gestion des d\u00e9chets. Chaque unit\u00e9 est ensuite nettoy\u00e9e, reconditionn\u00e9e et contr\u00f4l\u00e9e avant r\u00e9utilisation.<\/li><li><strong>Support technique &amp; expertise conformit\u00e9 :<\/strong> B\u00e9n\u00e9ficiez de l\u2019expertise de notre laboratoire de m\u00e9trologie interne. Nous fournissons l\u2019ensemble des donn\u00e9es techniques et rapports valid\u00e9s n\u00e9cessaires pour garantir \u00e0 vos clients une conformit\u00e9 totale et une fiabilit\u00e9 thermique assur\u00e9e tout au long du transport. <\/li><\/ul>\t\t\t\t\t\t\t\t<\/div>\n\t\t\t\t<\/div>\n\t\t<div class=\"elementor-element elementor-element-e9c3bf5 e-con-full e-flex e-con e-child\" data-id=\"e9c3bf5\" data-element_type=\"container\" data-e-type=\"container\">\n\t\t\t\t<div class=\"elementor-element elementor-element-16d3d63 elementor-widget elementor-widget-heading\" data-id=\"16d3d63\" data-element_type=\"widget\" data-e-type=\"widget\" data-widget_type=\"heading.default\">\n\t\t\t\t\t<h3 class=\"elementor-heading-title elementor-size-default\">Applications typiques pour les prestataires logistiques<\/h3>\t\t\t\t<\/div>\n\t\t\t\t<div class=\"elementor-element elementor-element-da339b2 elementor-widget elementor-widget-text-editor\" data-id=\"da339b2\" data-element_type=\"widget\" data-e-type=\"widget\" data-widget_type=\"text-editor.default\">\n\t\t\t\t\t\t\t\t\t<ul><li><strong>Export international s\u00e9curis\u00e9 :<\/strong> Utilisation des Pallet Shippers pour le transport \u00e0 grande \u00e9chelle de produits pharmaceutiques par fret a\u00e9rien ou maritime.<\/li><li><strong>Logistique de pr\u00e9cision pour produits de haute valeur : <\/strong>Exp\u00e9dition d\u2019\u00e9chantillons de laboratoire ou de traitements innovants gr\u00e2ce aux solutions VYPE et ISOGO, offrant une stabilit\u00e9 thermique optimale pour les envois sensibles.<\/li><li><strong>Protection sur tarmac &amp; en transit :<\/strong> Utilisation des couvertures thermiques pour prot\u00e9ger les cargaisons contre le rayonnement solaire et les pics de temp\u00e9rature lors des op\u00e9rations a\u00e9roportuaires.<\/li><\/ul>\t\t\t\t\t\t\t\t<\/div>\n\t\t\t\t<\/div>\n\t\t\t\t\t<\/div>\n\t\t\t\t<\/div>\n\t\t<div class=\"elementor-element elementor-element-ea6231a e-flex e-con-boxed e-con e-parent\" data-id=\"ea6231a\" data-element_type=\"container\" data-e-type=\"container\">\n\t\t\t\t\t<div class=\"e-con-inner\">\n\t\t\t\t<div class=\"elementor-element elementor-element-b837087 elementor-widget-divider--view-line elementor-widget elementor-widget-divider\" data-id=\"b837087\" data-element_type=\"widget\" data-e-type=\"widget\" data-widget_type=\"divider.default\">\n\t\t\t\t\t\t\t<div class=\"elementor-divider\">\n\t\t\t<span class=\"elementor-divider-separator\">\n\t\t\t\t\t\t<\/span>\n\t\t<\/div>\n\t\t\t\t\t\t<\/div>\n\t\t\t\t<div class=\"elementor-element elementor-element-98aa898 elementor-widget elementor-widget-heading\" data-id=\"98aa898\" data-element_type=\"widget\" data-e-type=\"widget\" data-widget_type=\"heading.default\">\n\t\t\t\t\t<h2 class=\"elementor-heading-title elementor-size-default\">Durabilit\u00e9 : un avantage concurrentiel pour vos clients<\/h2>\t\t\t\t<\/div>\n\t\t\t\t<div class=\"elementor-element elementor-element-511bf85 elementor-widget elementor-widget-text-editor\" data-id=\"511bf85\" data-element_type=\"widget\" data-e-type=\"widget\" data-widget_type=\"text-editor.default\">\n\t\t\t\t\t\t\t\t\t<p>Les prestataires logistiques sont de plus en plus \u00e9valu\u00e9s sur leur empreinte carbone. EMBALL\u2019ISO vous aide \u00e0 renforcer votre performance RSE et \u00e0 offrir \u00e0 vos clients un avantage durable : <\/p><ul><li><strong>Jusqu\u2019\u00e0 91 % d\u2019\u00e9conomies de CO\u2082<\/strong> gr\u00e2ce \u00e0 notre mod\u00e8le mondial de r\u00e9utilisation, compar\u00e9 aux solutions \u00e0 usage unique.<\/li><li><strong>R\u00e9duction des d\u00e9chets : <\/strong>En proposant des emballages r\u00e9utilisables \u00e0 vos clients, vous les aidez \u00e0 \u00e9liminer les d\u00e9chets d\u2019emballage \u00e0 destination.<\/li><li><strong>\u00c9co\u2011conception :<\/strong> Des mat\u00e9riaux l\u00e9gers et optimis\u00e9s pour r\u00e9duire l\u2019impact carbone de chaque exp\u00e9dition.<\/li><\/ul>\t\t\t\t\t\t\t\t<\/div>\n\t\t\t\t\t<\/div>\n\t\t\t\t<\/div>\n\t\t<div class=\"elementor-element elementor-element-1f3a7d8 e-flex e-con-boxed e-con e-parent\" data-id=\"1f3a7d8\" data-element_type=\"container\" data-e-type=\"container\" data-settings=\"{&quot;background_background&quot;:&quot;classic&quot;}\">\n\t\t\t\t\t<div class=\"e-con-inner\">\n\t\t\t\t<div class=\"elementor-element elementor-element-9b2d6b8 elementor-widget elementor-widget-heading\" data-id=\"9b2d6b8\" data-element_type=\"widget\" data-e-type=\"widget\" data-widget_type=\"heading.default\">\n\t\t\t\t\t<h2 class=\"elementor-heading-title elementor-size-default\">Vous recherchez une solution flexible adapt\u00e9e \u00e0 vos besoins logistiques ?<\/h2>\t\t\t\t<\/div>\n\t\t\t\t<div class=\"elementor-element elementor-element-0325aa3 elementor-align-center elementor-widget elementor-widget-button\" data-id=\"0325aa3\" data-element_type=\"widget\" data-e-type=\"widget\" data-widget_type=\"button.default\">\n\t\t\t\t\t\t\t\t\t\t<a class=\"elementor-button elementor-button-link elementor-size-sm\" href=\"https:\/\/www.emballiso.com\/fr\/contact\/\">\n\t\t\t\t\t\t<span class=\"elementor-button-content-wrapper\">\n\t\t\t\t\t\t<span class=\"elementor-button-icon\">\n\t\t\t\t<svg aria-hidden=\"true\" class=\"e-font-icon-svg e-far-envelope\" viewBox=\"0 0 512 512\" xmlns=\"http:\/\/www.w3.org\/2000\/svg\"><path d=\"M464 64H48C21.49 64 0 85.49 0 112v288c0 26.51 21.49 48 48 48h416c26.51 0 48-21.49 48-48V112c0-26.51-21.49-48-48-48zm0 48v40.805c-22.422 18.259-58.168 46.651-134.587 106.49-16.841 13.247-50.201 45.072-73.413 44.701-23.208.375-56.579-31.459-73.413-44.701C106.18 199.465 70.425 171.067 48 152.805V112h416zM48 400V214.398c22.914 18.251 55.409 43.862 104.938 82.646 21.857 17.205 60.134 55.186 103.062 54.955 42.717.231 80.509-37.199 103.053-54.947 49.528-38.783 82.032-64.401 104.947-82.653V400H48z\"><\/path><\/svg>\t\t\t<\/span>\n\t\t\t\t\t\t\t\t\t<span class=\"elementor-button-text\">Demander un devis<\/span>\n\t\t\t\t\t<\/span>\n\t\t\t\t\t<\/a>\n\t\t\t\t\t\t\t\t<\/div>\n\t\t\t\t\t<\/div>\n\t\t\t\t<\/div>\n\t\t<div class=\"elementor-element elementor-element-74edf2e e-flex e-con-boxed e-con e-parent\" data-id=\"74edf2e\" data-element_type=\"container\" data-e-type=\"container\" data-settings=\"{&quot;background_background&quot;:&quot;classic&quot;}\">\n\t\t\t\t\t<div class=\"e-con-inner\">\n\t\t<div class=\"elementor-element elementor-element-b3edfa4 e-con-full e-flex e-con e-child\" data-id=\"b3edfa4\" data-element_type=\"container\" data-e-type=\"container\">\n\t\t\t\t<div class=\"elementor-element elementor-element-0c073ba elementor-hidden-tablet elementor-hidden-mobile elementor-widget elementor-widget-heading\" data-id=\"0c073ba\" data-element_type=\"widget\" data-e-type=\"widget\" data-widget_type=\"heading.default\">\n\t\t\t\t\t<p class=\"elementor-heading-title elementor-size-default\">FAQ<\/p>\t\t\t\t<\/div>\n\t\t\t\t<div class=\"elementor-element elementor-element-0b545ea elementor-icon-list--layout-traditional elementor-list-item-link-full_width elementor-widget elementor-widget-icon-list\" data-id=\"0b545ea\" data-element_type=\"widget\" data-e-type=\"widget\" data-widget_type=\"icon-list.default\">\n\t\t\t\t\t\t\t<ul class=\"elementor-icon-list-items\">\n\t\t\t\t\t\t\t<li class=\"elementor-icon-list-item\">\n\t\t\t\t\t\t\t\t\t\t\t<span class=\"elementor-icon-list-icon\">\n\t\t\t\t\t\t\t<svg aria-hidden=\"true\" class=\"e-font-icon-svg e-fas-check\" viewBox=\"0 0 512 512\" xmlns=\"http:\/\/www.w3.org\/2000\/svg\"><path d=\"M173.898 439.404l-166.4-166.4c-9.997-9.997-9.997-26.206 0-36.204l36.203-36.204c9.997-9.998 26.207-9.998 36.204 0L192 312.69 432.095 72.596c9.997-9.997 26.207-9.997 36.204 0l36.203 36.204c9.997 9.997 9.997 26.206 0 36.204l-294.4 294.401c-9.998 9.997-26.207 9.997-36.204-.001z\"><\/path><\/svg>\t\t\t\t\t\t<\/span>\n\t\t\t\t\t\t\t\t\t\t<span class=\"elementor-icon-list-text\"><strong>Qu\u2019est-ce qu\u2019un emballage isotherme \u00ab Ready-to-use \u00bb ? <\/strong>C\u2019est un service dans lequel EMBALL'ISO vous livre des emballages d\u00e9j\u00e0 assembl\u00e9s et pr\u00e9conditionn\u00e9s (r\u00e9frig\u00e9r\u00e9s ou congel\u00e9s) directement dans votre entrep\u00f4t, pr\u00eats \u00e0 \u00eatre charg\u00e9s imm\u00e9diatement.<\/span>\n\t\t\t\t\t\t\t\t\t<\/li>\n\t\t\t\t\t\t\t\t<li class=\"elementor-icon-list-item\">\n\t\t\t\t\t\t\t\t\t\t\t<span class=\"elementor-icon-list-icon\">\n\t\t\t\t\t\t\t<svg aria-hidden=\"true\" class=\"e-font-icon-svg e-fas-check\" viewBox=\"0 0 512 512\" xmlns=\"http:\/\/www.w3.org\/2000\/svg\"><path d=\"M173.898 439.404l-166.4-166.4c-9.997-9.997-9.997-26.206 0-36.204l36.203-36.204c9.997-9.998 26.207-9.998 36.204 0L192 312.69 432.095 72.596c9.997-9.997 26.207-9.997 36.204 0l36.203 36.204c9.997 9.997 9.997 26.206 0 36.204l-294.4 294.401c-9.998 9.997-26.207 9.997-36.204-.001z\"><\/path><\/svg>\t\t\t\t\t\t<\/span>\n\t\t\t\t\t\t\t\t\t\t<span class=\"elementor-icon-list-text\"><strong>Comment les logisticiens peuvent-ils r\u00e9duire les co\u00fbts li\u00e9s \u00e0 la cha\u00eene du froid ? <\/strong>En utilisant des emballages avec un ratio poids\/volume optimis\u00e9 et en s\u2019appuyant sur les programmes de logistique Reuse &amp; Reverse, ce qui permet d\u2019\u00e9liminer les co\u00fbts de gestion des d\u00e9chets et de r\u00e9duire le Co\u00fbt total de possession.<\/span>\n\t\t\t\t\t\t\t\t\t<\/li>\n\t\t\t\t\t\t\t\t<li class=\"elementor-icon-list-item\">\n\t\t\t\t\t\t\t\t\t\t\t<span class=\"elementor-icon-list-icon\">\n\t\t\t\t\t\t\t<svg aria-hidden=\"true\" class=\"e-font-icon-svg e-fas-check\" viewBox=\"0 0 512 512\" xmlns=\"http:\/\/www.w3.org\/2000\/svg\"><path d=\"M173.898 439.404l-166.4-166.4c-9.997-9.997-9.997-26.206 0-36.204l36.203-36.204c9.997-9.998 26.207-9.998 36.204 0L192 312.69 432.095 72.596c9.997-9.997 26.207-9.997 36.204 0l36.203 36.204c9.997 9.997 9.997 26.206 0 36.204l-294.4 294.401c-9.998 9.997-26.207 9.997-36.204-.001z\"><\/path><\/svg>\t\t\t\t\t\t<\/span>\n\t\t\t\t\t\t\t\t\t\t<span class=\"elementor-icon-list-text\"><b>Quelle est la meilleure protection lors des temps d\u2019attente sur tarmac ? <\/b>Les couvertures thermiques sont la solution la plus efficace et \u00e9conomique pour prot\u00e9ger les marchandises palettis\u00e9es contre les excursions thermiques lors des phases de chargement et d\u00e9chargement des avions.<\/span>\n\t\t\t\t\t\t\t\t\t<\/li>\n\t\t\t\t\t\t<\/ul>\n\t\t\t\t\t\t<\/div>\n\t\t\t\t<\/div>\n\t\t<div class=\"elementor-element elementor-element-a7400fb e-con-full e-flex e-con e-child\" data-id=\"a7400fb\" data-element_type=\"container\" data-e-type=\"container\">\n\t\t\t\t<div class=\"elementor-element elementor-element-bf179db elementor-hidden-tablet elementor-hidden-mobile elementor-widget elementor-widget-heading\" data-id=\"bf179db\" data-element_type=\"widget\" data-e-type=\"widget\" data-widget_type=\"heading.default\">\n\t\t\t\t\t<p class=\"elementor-heading-title elementor-size-default\">EXPLOREZ NOS AUTRES SEGMENTS<\/p>\t\t\t\t<\/div>\n\t\t\t\t<div class=\"elementor-element elementor-element-12584e0 elementor-icon-list--layout-traditional elementor-list-item-link-full_width elementor-widget elementor-widget-icon-list\" data-id=\"12584e0\" data-element_type=\"widget\" data-e-type=\"widget\" data-widget_type=\"icon-list.default\">\n\t\t\t\t\t\t\t<ul class=\"elementor-icon-list-items\">\n\t\t\t\t\t\t\t<li class=\"elementor-icon-list-item\">\n\t\t\t\t\t\t\t\t\t\t\t<a href=\"https:\/\/www.emballiso.com\/fr\/solutions-demballages-isothermes-pour-lindustrie-pharmaceutique\/\">\n\n\t\t\t\t\t\t\t\t\t\t\t\t<span class=\"elementor-icon-list-icon\">\n\t\t\t\t\t\t\t<svg aria-hidden=\"true\" class=\"e-font-icon-svg e-fas-check\" viewBox=\"0 0 512 512\" xmlns=\"http:\/\/www.w3.org\/2000\/svg\"><path d=\"M173.898 439.404l-166.4-166.4c-9.997-9.997-9.997-26.206 0-36.204l36.203-36.204c9.997-9.998 26.207-9.998 36.204 0L192 312.69 432.095 72.596c9.997-9.997 26.207-9.997 36.204 0l36.203 36.204c9.997 9.997 9.997 26.206 0 36.204l-294.4 294.401c-9.998 9.997-26.207 9.997-36.204-.001z\"><\/path><\/svg>\t\t\t\t\t\t<\/span>\n\t\t\t\t\t\t\t\t\t\t<span class=\"elementor-icon-list-text\"><strong>Pour les entreprises pharmaceutiques : <\/strong>Solutions haute s\u00e9curit\u00e9 pour les m\u00e9dicaments vitaux.<\/span>\n\t\t\t\t\t\t\t\t\t\t\t<\/a>\n\t\t\t\t\t\t\t\t\t<\/li>\n\t\t\t\t\t\t\t\t<li class=\"elementor-icon-list-item\">\n\t\t\t\t\t\t\t\t\t\t\t<a href=\"https:\/\/www.emballiso.com\/fr\/emballages-isothermes-pour-les-essais-cliniques\/\">\n\n\t\t\t\t\t\t\t\t\t\t\t\t<span class=\"elementor-icon-list-icon\">\n\t\t\t\t\t\t\t<svg aria-hidden=\"true\" class=\"e-font-icon-svg e-fas-check\" viewBox=\"0 0 512 512\" xmlns=\"http:\/\/www.w3.org\/2000\/svg\"><path d=\"M173.898 439.404l-166.4-166.4c-9.997-9.997-9.997-26.206 0-36.204l36.203-36.204c9.997-9.998 26.207-9.998 36.204 0L192 312.69 432.095 72.596c9.997-9.997 26.207-9.997 36.204 0l36.203 36.204c9.997 9.997 9.997 26.206 0 36.204l-294.4 294.401c-9.998 9.997-26.207 9.997-36.204-.001z\"><\/path><\/svg>\t\t\t\t\t\t<\/span>\n\t\t\t\t\t\t\t\t\t\t<span class=\"elementor-icon-list-text\"><strong>Pour les essais cliniques :<\/strong> Logistique avanc\u00e9e d\u00e9di\u00e9e \u00e0 la R&amp;D et \u00e0 la recherche clinique.<\/span>\n\t\t\t\t\t\t\t\t\t\t\t<\/a>\n\t\t\t\t\t\t\t\t\t<\/li>\n\t\t\t\t\t\t\t\t<li class=\"elementor-icon-list-item\">\n\t\t\t\t\t\t\t\t\t\t\t<a href=\"https:\/\/www.emballiso.com\/fr\/solutions-demballages-isothermes-pour-les-professionnels-du-dernier-kilometre\/\">\n\n\t\t\t\t\t\t\t\t\t\t\t\t<span class=\"elementor-icon-list-icon\">\n\t\t\t\t\t\t\t<svg aria-hidden=\"true\" class=\"e-font-icon-svg e-fas-check\" viewBox=\"0 0 512 512\" xmlns=\"http:\/\/www.w3.org\/2000\/svg\"><path d=\"M173.898 439.404l-166.4-166.4c-9.997-9.997-9.997-26.206 0-36.204l36.203-36.204c9.997-9.998 26.207-9.998 36.204 0L192 312.69 432.095 72.596c9.997-9.997 26.207-9.997 36.204 0l36.203 36.204c9.997 9.997 9.997 26.206 0 36.204l-294.4 294.401c-9.998 9.997-26.207 9.997-36.204-.001z\"><\/path><\/svg>\t\t\t\t\t\t<\/span>\n\t\t\t\t\t\t\t\t\t\t<span class=\"elementor-icon-list-text\"><strong>Pour les professionnels du dernier kilom\u00e8tre : <\/strong>Emballages d\u00e9di\u00e9s aux produits de sant\u00e9 v\u00e9t\u00e9rinaire.<\/span>\n\t\t\t\t\t\t\t\t\t\t\t<\/a>\n\t\t\t\t\t\t\t\t\t<\/li>\n\t\t\t\t\t\t<\/ul>\n\t\t\t\t\t\t<\/div>\n\t\t\t\t<\/div>\n\t\t\t\t\t<\/div>\n\t\t\t\t<\/div>\n\t\t\t\t<\/div>\n\t\t","protected":false},"excerpt":{"rendered":"<p>Solutions d\u2019emballages isothermes pour les professionnels de la logistique En tant que professionnel de la logistique, vous \u00eates le pilier de la cha\u00eene d\u2019approvisionnement mondiale.La gestion de produits thermosensibles pour vos clients exige rapidit\u00e9, pr\u00e9cision et une parfaite ma\u00eetrise des risques thermiques. Que vous soyez un 3PL ou commissionnaire de transport, les d\u00e9fis sont bien [&hellip;]<\/p>\n","protected":false},"author":1,"featured_media":0,"parent":0,"menu_order":0,"comment_status":"closed","ping_status":"closed","template":"","meta":{"_acf_changed":false,"footnotes":""},"class_list":["post-6971","page","type-page","status-publish","hentry"],"acf":[],"_links":{"self":[{"href":"https:\/\/www.emballiso.com\/fr\/wp-json\/wp\/v2\/pages\/6971","targetHints":{"allow":["GET"]}}],"collection":[{"href":"https:\/\/www.emballiso.com\/fr\/wp-json\/wp\/v2\/pages"}],"about":[{"href":"https:\/\/www.emballiso.com\/fr\/wp-json\/wp\/v2\/types\/page"}],"author":[{"embeddable":true,"href":"https:\/\/www.emballiso.com\/fr\/wp-json\/wp\/v2\/users\/1"}],"replies":[{"embeddable":true,"href":"https:\/\/www.emballiso.com\/fr\/wp-json\/wp\/v2\/comments?post=6971"}],"version-history":[{"count":5,"href":"https:\/\/www.emballiso.com\/fr\/wp-json\/wp\/v2\/pages\/6971\/revisions"}],"predecessor-version":[{"id":8678,"href":"https:\/\/www.emballiso.com\/fr\/wp-json\/wp\/v2\/pages\/6971\/revisions\/8678"}],"wp:attachment":[{"href":"https:\/\/www.emballiso.com\/fr\/wp-json\/wp\/v2\/media?parent=6971"}],"curies":[{"name":"wp","href":"https:\/\/api.w.org\/{rel}","templated":true}]}}