{"id":6932,"date":"2026-02-11T15:03:40","date_gmt":"2026-02-11T14:03:40","guid":{"rendered":"https:\/\/www.emballiso.com\/solutions-demballages-isothermes-pour-les-professionnels-du-dernier-kilometre\/"},"modified":"2026-04-10T15:13:30","modified_gmt":"2026-04-10T13:13:30","slug":"solutions-demballages-isothermes-pour-les-professionnels-du-dernier-kilometre","status":"publish","type":"page","link":"https:\/\/www.emballiso.com\/fr\/solutions-demballages-isothermes-pour-les-professionnels-du-dernier-kilometre\/","title":{"rendered":"Solutions d\u2019emballages isothermes pour les professionnels du dernier kilom\u00e8tre"},"content":{"rendered":"\t\t<div data-elementor-type=\"wp-page\" data-elementor-id=\"6932\" class=\"elementor elementor-6932 elementor-3058\" data-elementor-post-type=\"page\">\n\t\t\t\t<div class=\"elementor-element elementor-element-a4e6b73 e-flex e-con-boxed e-con e-parent\" data-id=\"a4e6b73\" data-element_type=\"container\" data-e-type=\"container\">\n\t\t\t\t\t<div class=\"e-con-inner\">\n\t\t\t\t<div class=\"elementor-element elementor-element-9a3d459 elementor-invisible elementor-widget elementor-widget-heading\" data-id=\"9a3d459\" data-element_type=\"widget\" data-e-type=\"widget\" data-settings=\"{&quot;_animation&quot;:&quot;fadeInDown&quot;}\" data-widget_type=\"heading.default\">\n\t\t\t\t\t<h1 class=\"elementor-heading-title elementor-size-default\"><span class=\"gradient-blue\">Solutions d\u2019emballages isothermes pour les professionnels du dernier kilom\u00e8tre<\/span><\/h1>\t\t\t\t<\/div>\n\t\t\t\t<div class=\"elementor-element elementor-element-1e81825 elementor-widget elementor-widget-text-editor\" data-id=\"1e81825\" data-element_type=\"widget\" data-e-type=\"widget\" data-widget_type=\"text-editor.default\">\n\t\t\t\t\t\t\t\t\t<p>Le \u201cdernier kilom\u00e8tre\u201d est sans aucun doute l\u2019\u00e9tape la plus critique et la plus complexe de la cha\u00eene d\u2019approvisionnement en sant\u00e9. Qu\u2019il s\u2019agisse de livrer des pharmacies, des services hospitaliers ou des cliniques, les professionnels doivent faire face \u00e0 des d\u00e9fis constants: trafic urbain dense, ouvertures fr\u00e9quentes des contenants, multiples manipulations et protocoles de r\u00e9ception stricts. Dans ce contexte, la moindre d\u00e9faillance peut compromettre l\u2019efficacit\u00e9 d\u2019un traitement.  <\/p><p>En tant qu\u2019acteur essentiel de la cha\u00eene du froid, vous avez besoin de solutions qui garantissent \u00e0 la fois la s\u00e9curit\u00e9 thermique et l\u2019agilit\u00e9 op\u00e9rationnelle. EMBALL\u2019ISO propose des emballages isothermes sp\u00e9cialement con\u00e7us pour les courtes dur\u00e9es et les r\u00e9seaux de distribution capillaires. Nos produits sont l\u00e9gers, pratiques, et rigoureusement valid\u00e9s afin de garantir l\u2019int\u00e9grit\u00e9 des produits sensibles \u00e0 la temp\u00e9rature jusqu\u2019\u00e0 leur arriv\u00e9e aupr\u00e8s du patient final.  <\/p>\t\t\t\t\t\t\t\t<\/div>\n\t\t\t\t<div class=\"elementor-element elementor-element-7417f26 elementor-widget elementor-widget-heading\" data-id=\"7417f26\" data-element_type=\"widget\" data-e-type=\"widget\" data-widget_type=\"heading.default\">\n\t\t\t\t\t<h2 class=\"elementor-heading-title elementor-size-default\">Relever les d\u00e9fis de la logistique urbaine et hospitali\u00e8re<\/h2>\t\t\t\t<\/div>\n\t\t\t\t<div class=\"elementor-element elementor-element-5e0b4cb elementor-widget elementor-widget-text-editor\" data-id=\"5e0b4cb\" data-element_type=\"widget\" data-e-type=\"widget\" data-widget_type=\"text-editor.default\">\n\t\t\t\t\t\t\t\t\t<p>Pour accompagner les distributeurs et les acteurs de la logistique locale, nous nous concentrons sur trois piliers essentiels :<\/p><ul><li><strong>S\u00e9curit\u00e9 thermique &amp; fiabilit\u00e9 :<\/strong> M\u00eame sur de courtes distances, les chocs thermiques sur les quais de chargement repr\u00e9sentent une menace r\u00e9elle. Nos emballages maintiennent une temp\u00e9rature stable (2\u20138\u00b0C, 15\u201325\u00b0C), \u00e9liminant tout risque d\u2019excursion et garantissant la s\u00e9curit\u00e9 des produits jusqu\u2019\u00e0 leur destination finale. <\/li><li><strong>Praticit\u00e9 &amp; ergonomie :<\/strong> Les \u00e9quipes de livraison et les professionnels de sant\u00e9 ont besoin de solutions faciles \u00e0 manipuler. Nos sacs et bo\u00eetes isothermes, l\u00e9gers et ergonomiques, facilitent le transport manuel, l\u2019utilisation en v\u00e9hicules l\u00e9gers ou m\u00eame en v\u00e9los\u2011cargo, optimisant ainsi l\u2019efficacit\u00e9 des tourn\u00e9es de livraison. <\/li><li><strong>Ma\u00eetrise des co\u00fbts :<\/strong> En utilisant des solutions adapt\u00e9es au transport national et local, vous \u00e9vitez le surpoids et les surco\u00fbts associ\u00e9s aux emballages con\u00e7us pour des dur\u00e9es longues.<\/li><\/ul>\t\t\t\t\t\t\t\t<\/div>\n\t\t\t\t<div class=\"elementor-element elementor-element-44c37f6 elementor-widget-divider--view-line elementor-widget elementor-widget-divider\" data-id=\"44c37f6\" data-element_type=\"widget\" data-e-type=\"widget\" data-widget_type=\"divider.default\">\n\t\t\t\t\t\t\t<div class=\"elementor-divider\">\n\t\t\t<span class=\"elementor-divider-separator\">\n\t\t\t\t\t\t<\/span>\n\t\t<\/div>\n\t\t\t\t\t\t<\/div>\n\t\t\t\t<div class=\"elementor-element elementor-element-97e66ee elementor-widget elementor-widget-heading\" data-id=\"97e66ee\" data-element_type=\"widget\" data-e-type=\"widget\" data-widget_type=\"heading.default\">\n\t\t\t\t\t<h3 class=\"elementor-heading-title elementor-size-default\">Une gamme d\u00e9di\u00e9e \u00e0 la distribution locale<\/h3>\t\t\t\t<\/div>\n\t\t\t\t<div class=\"elementor-element elementor-element-d8f4ddf elementor-widget elementor-widget-text-editor\" data-id=\"d8f4ddf\" data-element_type=\"widget\" data-e-type=\"widget\" data-widget_type=\"text-editor.default\">\n\t\t\t\t\t\t\t\t\t<p>D\u00e9couvrez nos solutions optimis\u00e9es pour vos flux quotidiens :<\/p><ul><li><strong>STANDARD NATIONAL &amp; NATIONAL PLUS :<\/strong> Sp\u00e9cialement con\u00e7ues pour les exp\u00e9ditions de 24 \u00e0 48 heures, ces solutions offrent le meilleur rapport performance\/poids pour les livraisons domestiques.<\/li><li><strong>STANDARD EXPORT :<\/strong> Adapt\u00e9e aux besoins r\u00e9gionaux ou transfrontaliers, cette solution apporte une robustesse accrue pour des trajets plus exigeants.<\/li><li><strong>Sacs isothermes :<\/strong> Flexibles, l\u00e9gers et r\u00e9utilisables, ils sont id\u00e9aux pour les transferts internes dans les h\u00f4pitaux ou les livraisons au domicile des patients.<\/li><li><strong>Solutions personnalis\u00e9es :<\/strong> Nous d\u00e9veloppons des formats parfaitement adapt\u00e9s \u00e0 vos contraintes sp\u00e9cifiques (dimensions des v\u00e9hicules, types de produits, dur\u00e9es exactes de maintien en temp\u00e9rature)<\/li><\/ul>\t\t\t\t\t\t\t\t<\/div>\n\t\t\t\t\t<\/div>\n\t\t\t\t<\/div>\n\t\t<div class=\"elementor-element elementor-element-71def6c e-flex e-con-boxed e-con e-parent\" data-id=\"71def6c\" data-element_type=\"container\" data-e-type=\"container\">\n\t\t\t\t\t<div class=\"e-con-inner\">\n\t\t<div class=\"elementor-element elementor-element-af25781 e-con-full e-flex e-con e-child\" data-id=\"af25781\" data-element_type=\"container\" data-e-type=\"container\">\n\t\t\t\t<div class=\"elementor-element elementor-element-af7f970 elementor-widget elementor-widget-heading\" data-id=\"af7f970\" data-element_type=\"widget\" data-e-type=\"widget\" data-widget_type=\"heading.default\">\n\t\t\t\t\t<h3 class=\"elementor-heading-title elementor-size-default\">Services et accompagnement sur mesure<\/h3>\t\t\t\t<\/div>\n\t\t\t\t<div class=\"elementor-element elementor-element-3258af4 elementor-widget elementor-widget-text-editor\" data-id=\"3258af4\" data-element_type=\"widget\" data-e-type=\"widget\" data-widget_type=\"text-editor.default\">\n\t\t\t\t\t\t\t\t\t<p>Parce que chaque r\u00e9seau de distribution est unique, EMBALL\u2019ISO propose des <strong>solutions personnalis\u00e9es :<\/strong><\/p><ul><li><strong>Conception d\u00e9di\u00e9e :<\/strong> Cr\u00e9ation d\u2019emballages parfaitement adapt\u00e9s aux dimensions de vos bacs de transport ou aux sp\u00e9cificit\u00e9s de vos produits.<\/li><li><strong>Validation en laboratoire :<\/strong> Chaque solution est test\u00e9e dans notre laboratoire de m\u00e9trologie interne, selon les profils thermiques r\u00e9els de vos trajets, afin de garantir une conformit\u00e9 \u00ab z\u00e9ro d\u00e9faut \u00bb.<\/li><\/ul>\t\t\t\t\t\t\t\t<\/div>\n\t\t\t\t<\/div>\n\t\t<div class=\"elementor-element elementor-element-e9c3bf5 e-con-full e-flex e-con e-child\" data-id=\"e9c3bf5\" data-element_type=\"container\" data-e-type=\"container\">\n\t\t\t\t<div class=\"elementor-element elementor-element-16d3d63 elementor-widget elementor-widget-heading\" data-id=\"16d3d63\" data-element_type=\"widget\" data-e-type=\"widget\" data-widget_type=\"heading.default\">\n\t\t\t\t\t<h3 class=\"elementor-heading-title elementor-size-default\">Applications typiques pour le dernier kilom\u00e8tre<\/h3>\t\t\t\t<\/div>\n\t\t\t\t<div class=\"elementor-element elementor-element-da339b2 elementor-widget elementor-widget-text-editor\" data-id=\"da339b2\" data-element_type=\"widget\" data-e-type=\"widget\" data-widget_type=\"text-editor.default\">\n\t\t\t\t\t\t\t\t\t<ul><li><strong>Distribution hospitali\u00e8re :<\/strong> Transfert s\u00e9curis\u00e9 de m\u00e9dicaments et de vaccins depuis la pharmacie centrale vers les diff\u00e9rents services hospitaliers ou cliniques satellites.<\/li><li><strong>Grossistes pharmaceutiques :<\/strong> Approvisionnement quotidien des pharmacies tout en respectant strictement les plages de temp\u00e9rature r\u00e8glementaires.<\/li><li><strong>Livraison \u00e0 domicile (Direct\u2011to\u2011Patient) :<\/strong> Assurer la continuit\u00e9 de la cha\u00eene du froid pour les patients recevant des traitements critiques \u00e0 domicile.<\/li><\/ul>\t\t\t\t\t\t\t\t<\/div>\n\t\t\t\t<\/div>\n\t\t\t\t\t<\/div>\n\t\t\t\t<\/div>\n\t\t<div class=\"elementor-element elementor-element-ea6231a e-flex e-con-boxed e-con e-parent\" data-id=\"ea6231a\" data-element_type=\"container\" data-e-type=\"container\">\n\t\t\t\t\t<div class=\"e-con-inner\">\n\t\t\t\t<div class=\"elementor-element elementor-element-b837087 elementor-widget-divider--view-line elementor-widget elementor-widget-divider\" data-id=\"b837087\" data-element_type=\"widget\" data-e-type=\"widget\" data-widget_type=\"divider.default\">\n\t\t\t\t\t\t\t<div class=\"elementor-divider\">\n\t\t\t<span class=\"elementor-divider-separator\">\n\t\t\t\t\t\t<\/span>\n\t\t<\/div>\n\t\t\t\t\t\t<\/div>\n\t\t\t\t<div class=\"elementor-element elementor-element-98aa898 elementor-widget elementor-widget-heading\" data-id=\"98aa898\" data-element_type=\"widget\" data-e-type=\"widget\" data-widget_type=\"heading.default\">\n\t\t\t\t\t<h2 class=\"elementor-heading-title elementor-size-default\">RSE : vers une logistique urbaine durable<\/h2>\t\t\t\t<\/div>\n\t\t\t\t<div class=\"elementor-element elementor-element-511bf85 elementor-widget elementor-widget-text-editor\" data-id=\"511bf85\" data-element_type=\"widget\" data-e-type=\"widget\" data-widget_type=\"text-editor.default\">\n\t\t\t\t\t\t\t\t\t<p>EMBALL\u2019ISO aide les professionnels du dernier kilom\u00e8tre \u00e0 r\u00e9duire leur empreinte environnementale :<\/p><ul><li><strong>Solutions r\u00e9utilisables :<\/strong> Nos sacs durables r\u00e9duisent la production de d\u00e9chets d\u2019emballages \u00e0 usage unique au sein des \u00e9tablissements de sant\u00e9.<\/li><\/ul>\t\t\t\t\t\t\t\t<\/div>\n\t\t\t\t\t<\/div>\n\t\t\t\t<\/div>\n\t\t<div class=\"elementor-element elementor-element-1f3a7d8 e-flex e-con-boxed e-con e-parent\" data-id=\"1f3a7d8\" data-element_type=\"container\" data-e-type=\"container\" data-settings=\"{&quot;background_background&quot;:&quot;classic&quot;}\">\n\t\t\t\t\t<div class=\"e-con-inner\">\n\t\t\t\t<div class=\"elementor-element elementor-element-9b2d6b8 elementor-widget elementor-widget-heading\" data-id=\"9b2d6b8\" data-element_type=\"widget\" data-e-type=\"widget\" data-widget_type=\"heading.default\">\n\t\t\t\t\t<h2 class=\"elementor-heading-title elementor-size-default\">Besoin d\u2019une solution l\u00e9g\u00e8re et fiable pour vos livraisons locales ?<\/h2>\t\t\t\t<\/div>\n\t\t\t\t<div class=\"elementor-element elementor-element-0325aa3 elementor-align-center elementor-widget elementor-widget-button\" data-id=\"0325aa3\" data-element_type=\"widget\" data-e-type=\"widget\" data-widget_type=\"button.default\">\n\t\t\t\t\t\t\t\t\t\t<a class=\"elementor-button elementor-button-link elementor-size-sm\" href=\"https:\/\/www.emballiso.com\/fr\/produit\/isothermal-bag\/\">\n\t\t\t\t\t\t<span class=\"elementor-button-content-wrapper\">\n\t\t\t\t\t\t\t\t\t<span class=\"elementor-button-text\">D\u00e9couvrez nos sac isothermes<\/span>\n\t\t\t\t\t<\/span>\n\t\t\t\t\t<\/a>\n\t\t\t\t\t\t\t\t<\/div>\n\t\t\t\t\t<\/div>\n\t\t\t\t<\/div>\n\t\t<div class=\"elementor-element elementor-element-74edf2e e-flex e-con-boxed e-con e-parent\" data-id=\"74edf2e\" data-element_type=\"container\" data-e-type=\"container\" data-settings=\"{&quot;background_background&quot;:&quot;classic&quot;}\">\n\t\t\t\t\t<div class=\"e-con-inner\">\n\t\t<div class=\"elementor-element elementor-element-b3edfa4 e-con-full e-flex e-con e-child\" data-id=\"b3edfa4\" data-element_type=\"container\" data-e-type=\"container\">\n\t\t\t\t<div class=\"elementor-element elementor-element-0c073ba elementor-hidden-tablet elementor-hidden-mobile elementor-widget elementor-widget-heading\" data-id=\"0c073ba\" data-element_type=\"widget\" data-e-type=\"widget\" data-widget_type=\"heading.default\">\n\t\t\t\t\t<p class=\"elementor-heading-title elementor-size-default\">FAQ<\/p>\t\t\t\t<\/div>\n\t\t\t\t<div class=\"elementor-element elementor-element-0b545ea elementor-icon-list--layout-traditional elementor-list-item-link-full_width elementor-widget elementor-widget-icon-list\" data-id=\"0b545ea\" data-element_type=\"widget\" data-e-type=\"widget\" data-widget_type=\"icon-list.default\">\n\t\t\t\t\t\t\t<ul class=\"elementor-icon-list-items\">\n\t\t\t\t\t\t\t<li class=\"elementor-icon-list-item\">\n\t\t\t\t\t\t\t\t\t\t\t<span class=\"elementor-icon-list-icon\">\n\t\t\t\t\t\t\t<svg aria-hidden=\"true\" class=\"e-font-icon-svg e-fas-check\" viewBox=\"0 0 512 512\" xmlns=\"http:\/\/www.w3.org\/2000\/svg\"><path d=\"M173.898 439.404l-166.4-166.4c-9.997-9.997-9.997-26.206 0-36.204l36.203-36.204c9.997-9.998 26.207-9.998 36.204 0L192 312.69 432.095 72.596c9.997-9.997 26.207-9.997 36.204 0l36.203 36.204c9.997 9.997 9.997 26.206 0 36.204l-294.4 294.401c-9.998 9.997-26.207 9.997-36.204-.001z\"><\/path><\/svg>\t\t\t\t\t\t<\/span>\n\t\t\t\t\t\t\t\t\t\t<span class=\"elementor-icon-list-text\"><strong>Comment s\u00e9curiser la cha\u00eene du froid lors du dernier kilom\u00e8tre ? <\/strong>Il est essentiel d\u2019utiliser des emballages valid\u00e9s, d\u2019optimiser les temps de chargement\/d\u00e9chargement, et de former les conducteurs aux risques d\u2019excursions thermiques.<\/span>\n\t\t\t\t\t\t\t\t\t<\/li>\n\t\t\t\t\t\t\t\t<li class=\"elementor-icon-list-item\">\n\t\t\t\t\t\t\t\t\t\t\t<span class=\"elementor-icon-list-icon\">\n\t\t\t\t\t\t\t<svg aria-hidden=\"true\" class=\"e-font-icon-svg e-fas-check\" viewBox=\"0 0 512 512\" xmlns=\"http:\/\/www.w3.org\/2000\/svg\"><path d=\"M173.898 439.404l-166.4-166.4c-9.997-9.997-9.997-26.206 0-36.204l36.203-36.204c9.997-9.998 26.207-9.998 36.204 0L192 312.69 432.095 72.596c9.997-9.997 26.207-9.997 36.204 0l36.203 36.204c9.997 9.997 9.997 26.206 0 36.204l-294.4 294.401c-9.998 9.997-26.207 9.997-36.204-.001z\"><\/path><\/svg>\t\t\t\t\t\t<\/span>\n\t\t\t\t\t\t\t\t\t\t<span class=\"elementor-icon-list-text\"><strong>Pourquoi utiliser des sacs isothermes en milieu hospitalier ? <\/strong>Ils sont ergonomiques, faciles \u00e0 nettoyer, r\u00e9utilisables, et maintiennent la temp\u00e9rature lors des transports \u00e0 pied entre diff\u00e9rents b\u00e2timents ou \u00e9tages d\u2019un h\u00f4pital.<\/span>\n\t\t\t\t\t\t\t\t\t<\/li>\n\t\t\t\t\t\t<\/ul>\n\t\t\t\t\t\t<\/div>\n\t\t\t\t<\/div>\n\t\t<div class=\"elementor-element elementor-element-a7400fb e-con-full e-flex e-con e-child\" data-id=\"a7400fb\" data-element_type=\"container\" data-e-type=\"container\">\n\t\t\t\t<div class=\"elementor-element elementor-element-bf179db elementor-hidden-tablet elementor-hidden-mobile elementor-widget elementor-widget-heading\" data-id=\"bf179db\" data-element_type=\"widget\" data-e-type=\"widget\" data-widget_type=\"heading.default\">\n\t\t\t\t\t<p class=\"elementor-heading-title elementor-size-default\">EXPLOREZ NOS AUTRES SEGMENTS<\/p>\t\t\t\t<\/div>\n\t\t\t\t<div class=\"elementor-element elementor-element-12584e0 elementor-icon-list--layout-traditional elementor-list-item-link-full_width elementor-widget elementor-widget-icon-list\" data-id=\"12584e0\" data-element_type=\"widget\" data-e-type=\"widget\" data-widget_type=\"icon-list.default\">\n\t\t\t\t\t\t\t<ul class=\"elementor-icon-list-items\">\n\t\t\t\t\t\t\t<li class=\"elementor-icon-list-item\">\n\t\t\t\t\t\t\t\t\t\t\t<a href=\"https:\/\/www.emballiso.com\/fr\/solutions-demballages-isothermes-pour-les-professionnels-de-la-logistique\/\">\n\n\t\t\t\t\t\t\t\t\t\t\t\t<span class=\"elementor-icon-list-icon\">\n\t\t\t\t\t\t\t<svg aria-hidden=\"true\" class=\"e-font-icon-svg e-fas-check\" viewBox=\"0 0 512 512\" xmlns=\"http:\/\/www.w3.org\/2000\/svg\"><path d=\"M173.898 439.404l-166.4-166.4c-9.997-9.997-9.997-26.206 0-36.204l36.203-36.204c9.997-9.998 26.207-9.998 36.204 0L192 312.69 432.095 72.596c9.997-9.997 26.207-9.997 36.204 0l36.203 36.204c9.997 9.997 9.997 26.206 0 36.204l-294.4 294.401c-9.998 9.997-26.207 9.997-36.204-.001z\"><\/path><\/svg>\t\t\t\t\t\t<\/span>\n\t\t\t\t\t\t\t\t\t\t<span class=\"elementor-icon-list-text\"><strong>Pour les sp\u00e9cialistes de la logistique :<\/strong> Solutions pour le transport en vrac et le fret international.<\/span>\n\t\t\t\t\t\t\t\t\t\t\t<\/a>\n\t\t\t\t\t\t\t\t\t<\/li>\n\t\t\t\t\t\t\t\t<li class=\"elementor-icon-list-item\">\n\t\t\t\t\t\t\t\t\t\t\t<a href=\"https:\/\/www.emballiso.com\/fr\/emballages-isothermes-pour-les-essais-cliniques\/\">\n\n\t\t\t\t\t\t\t\t\t\t\t\t<span class=\"elementor-icon-list-icon\">\n\t\t\t\t\t\t\t<svg aria-hidden=\"true\" class=\"e-font-icon-svg e-fas-check\" viewBox=\"0 0 512 512\" xmlns=\"http:\/\/www.w3.org\/2000\/svg\"><path d=\"M173.898 439.404l-166.4-166.4c-9.997-9.997-9.997-26.206 0-36.204l36.203-36.204c9.997-9.998 26.207-9.998 36.204 0L192 312.69 432.095 72.596c9.997-9.997 26.207-9.997 36.204 0l36.203 36.204c9.997 9.997 9.997 26.206 0 36.204l-294.4 294.401c-9.998 9.997-26.207 9.997-36.204-.001z\"><\/path><\/svg>\t\t\t\t\t\t<\/span>\n\t\t\t\t\t\t\t\t\t\t<span class=\"elementor-icon-list-text\"><strong>Pour les essais cliniques :<\/strong> Emballages haute pr\u00e9cision d\u00e9di\u00e9s \u00e0 la R&amp;D.<\/span>\n\t\t\t\t\t\t\t\t\t\t\t<\/a>\n\t\t\t\t\t\t\t\t\t<\/li>\n\t\t\t\t\t\t\t\t<li class=\"elementor-icon-list-item\">\n\t\t\t\t\t\t\t\t\t\t\t<a href=\"https:\/\/www.emballiso.com\/fr\/solutions-demballages-isothermes-pour-lindustrie-pharmaceutique\/\">\n\n\t\t\t\t\t\t\t\t\t\t\t\t<span class=\"elementor-icon-list-icon\">\n\t\t\t\t\t\t\t<svg aria-hidden=\"true\" class=\"e-font-icon-svg e-fas-check\" viewBox=\"0 0 512 512\" xmlns=\"http:\/\/www.w3.org\/2000\/svg\"><path d=\"M173.898 439.404l-166.4-166.4c-9.997-9.997-9.997-26.206 0-36.204l36.203-36.204c9.997-9.998 26.207-9.998 36.204 0L192 312.69 432.095 72.596c9.997-9.997 26.207-9.997 36.204 0l36.203 36.204c9.997 9.997 9.997 26.206 0 36.204l-294.4 294.401c-9.998 9.997-26.207 9.997-36.204-.001z\"><\/path><\/svg>\t\t\t\t\t\t<\/span>\n\t\t\t\t\t\t\t\t\t\t<span class=\"elementor-icon-list-text\"><strong>Pour les entreprises pharmaceutiques : <\/strong>Gestion globale de la cha\u00eene du froid.<\/span>\n\t\t\t\t\t\t\t\t\t\t\t<\/a>\n\t\t\t\t\t\t\t\t\t<\/li>\n\t\t\t\t\t\t<\/ul>\n\t\t\t\t\t\t<\/div>\n\t\t\t\t<\/div>\n\t\t\t\t\t<\/div>\n\t\t\t\t<\/div>\n\t\t\t\t<\/div>\n\t\t","protected":false},"excerpt":{"rendered":"<p>Solutions d\u2019emballages isothermes pour les professionnels du dernier kilom\u00e8tre Le \u201cdernier kilom\u00e8tre\u201d est sans aucun doute l\u2019\u00e9tape la plus critique et la plus complexe de la cha\u00eene d\u2019approvisionnement en sant\u00e9. Qu\u2019il s\u2019agisse de livrer des pharmacies, des services hospitaliers ou des cliniques, les professionnels doivent faire face \u00e0 des d\u00e9fis constants: trafic urbain dense, ouvertures [&hellip;]<\/p>\n","protected":false},"author":1,"featured_media":0,"parent":0,"menu_order":0,"comment_status":"closed","ping_status":"closed","template":"","meta":{"_acf_changed":false,"footnotes":""},"class_list":["post-6932","page","type-page","status-publish","hentry"],"acf":[],"_links":{"self":[{"href":"https:\/\/www.emballiso.com\/fr\/wp-json\/wp\/v2\/pages\/6932","targetHints":{"allow":["GET"]}}],"collection":[{"href":"https:\/\/www.emballiso.com\/fr\/wp-json\/wp\/v2\/pages"}],"about":[{"href":"https:\/\/www.emballiso.com\/fr\/wp-json\/wp\/v2\/types\/page"}],"author":[{"embeddable":true,"href":"https:\/\/www.emballiso.com\/fr\/wp-json\/wp\/v2\/users\/1"}],"replies":[{"embeddable":true,"href":"https:\/\/www.emballiso.com\/fr\/wp-json\/wp\/v2\/comments?post=6932"}],"version-history":[{"count":6,"href":"https:\/\/www.emballiso.com\/fr\/wp-json\/wp\/v2\/pages\/6932\/revisions"}],"predecessor-version":[{"id":8640,"href":"https:\/\/www.emballiso.com\/fr\/wp-json\/wp\/v2\/pages\/6932\/revisions\/8640"}],"wp:attachment":[{"href":"https:\/\/www.emballiso.com\/fr\/wp-json\/wp\/v2\/media?parent=6932"}],"curies":[{"name":"wp","href":"https:\/\/api.w.org\/{rel}","templated":true}]}}