{"id":5603,"date":"2026-02-11T14:58:57","date_gmt":"2026-02-11T13:58:57","guid":{"rendered":"https:\/\/www.emballiso.com\/emballages-isothermes-pour-les-essais-cliniques\/"},"modified":"2026-04-10T15:13:12","modified_gmt":"2026-04-10T13:13:12","slug":"emballages-isothermes-pour-les-essais-cliniques","status":"publish","type":"page","link":"https:\/\/www.emballiso.com\/fr\/emballages-isothermes-pour-les-essais-cliniques\/","title":{"rendered":"Emballages isothermes pour les essais cliniques"},"content":{"rendered":"\t\t<div data-elementor-type=\"wp-page\" data-elementor-id=\"5603\" class=\"elementor elementor-5603 elementor-3053\" data-elementor-post-type=\"page\">\n\t\t\t\t<div class=\"elementor-element elementor-element-a4e6b73 e-flex e-con-boxed e-con e-parent\" data-id=\"a4e6b73\" data-element_type=\"container\" data-e-type=\"container\">\n\t\t\t\t\t<div class=\"e-con-inner\">\n\t\t\t\t<div class=\"elementor-element elementor-element-9a3d459 elementor-invisible elementor-widget elementor-widget-heading\" data-id=\"9a3d459\" data-element_type=\"widget\" data-e-type=\"widget\" data-settings=\"{&quot;_animation&quot;:&quot;fadeInDown&quot;}\" data-widget_type=\"heading.default\">\n\t\t\t\t\t<h1 class=\"elementor-heading-title elementor-size-default\"><span class=\"gradient-blue\">Emballages isothermes pour les essais cliniques<\/span><\/h1>\t\t\t\t<\/div>\n\t\t\t\t<div class=\"elementor-element elementor-element-1e81825 elementor-widget elementor-widget-text-editor\" data-id=\"1e81825\" data-element_type=\"widget\" data-e-type=\"widget\" data-widget_type=\"text-editor.default\">\n\t\t\t\t\t\t\t\t\t<p>Dans la course au d\u00e9veloppement des traitements qui sauveront des vies demain, aucune erreur n\u2019est permise. Les essais cliniques impliquent des mol\u00e9cules pr\u00e9cieuses, souvent irrempla\u00e7ables, dont la premi\u00e8re exigence est une \u00ab temp\u00e9rature constante \u00bb. La moindre rupture de la cha\u00eene du froid peut compromettre des ann\u00e9es de recherche, mettre en danger la s\u00e9curit\u00e9 des patients et entra\u00eener des pertes financi\u00e8res consid\u00e9rables.  <\/p><p>La gestion logistique d\u2019un essai clinique n\u00e9cessite de trouver le bon \u00e9quilibre entre s\u00e9curit\u00e9 thermique maximale, rapidit\u00e9 et ma\u00eetrise des co\u00fbts, dans le cadre d\u2019\u00e9tudes internationales men\u00e9es sur de nombreux sites. EMBALL\u2019ISO propose des solutions isothermes sp\u00e9cialis\u00e9es et valid\u00e9es, con\u00e7ues pour prot\u00e9ger vos innovations du laboratoire jusqu\u2019au patient.<br> Elles garantissent que vos \u00e9chantillons cliniques et vos m\u00e9dicaments exp\u00e9rimentaux (IMPs) arrivent en parfait \u00e9tat, conform\u00e9ment aux exigences de vos protocoles. <\/p>\t\t\t\t\t\t\t\t<\/div>\n\t\t\t\t<div class=\"elementor-element elementor-element-7417f26 elementor-widget elementor-widget-heading\" data-id=\"7417f26\" data-element_type=\"widget\" data-e-type=\"widget\" data-widget_type=\"heading.default\">\n\t\t\t\t\t<h2 class=\"elementor-heading-title elementor-size-default\">Ma\u00eetriser les enjeux de la logistique clinique<\/h2>\t\t\t\t<\/div>\n\t\t\t\t<div class=\"elementor-element elementor-element-5e0b4cb elementor-widget elementor-widget-text-editor\" data-id=\"5e0b4cb\" data-element_type=\"widget\" data-e-type=\"widget\" data-widget_type=\"text-editor.default\">\n\t\t\t\t\t\t\t\t\t<p>Nous r\u00e9pondons aux contraintes sp\u00e9cifiques auxquelles sont confront\u00e9s les \u00e9quipes R&amp;D et les Responsables de la chapine d\u2019approvisionnement clinque:<\/p><ul><li><strong>S\u00e9curit\u00e9 thermique absolue (z\u00e9ro excursion) :<\/strong> Nos solutions sont con\u00e7ues pour maintenir la temp\u00e9rature interne jusqu\u2019\u00e0 144+ heures. Qu\u2019il s\u2019agisse de 2\u20138 \u00b0C ou de \u201370 \u00b0C, nous garantissons la stabilit\u00e9 n\u00e9cessaire pour \u00e9liminer tout risque de d\u00e9gradation des produits. <\/li><li><strong>Rapidit\u00e9 &amp; Agilit\u00e9 :<\/strong> Les essais cliniques avancent vite. Notre service <strong>\u201cReady-to-use\u201d<\/strong> vous livre des emballages pr\u00e9conditionn\u00e9s directement sur votre site, permettant \u00e0 vos \u00e9quipes de se concentrer sur la recherche plut\u00f4t que sur la logistique ou la pr\u00e9paration des accumulateurs de froid. <\/li><li><strong>Ma\u00eetrise des co\u00fbts &amp; efficacit\u00e9 :<\/strong> En optimisant le ratio volume utile \/ poids total et gr\u00e2ce \u00e0 notre programme mondial de r\u00e9utilisation, nous vous aidons \u00e0 ma\u00eetriser les co\u00fbts \u00e9lev\u00e9s de la logistique clinique sp\u00e9cialis\u00e9e, sans compromis sur la qualit\u00e9.<\/li><li><strong>Conformit\u00e9 r\u00e9glementaire : <\/strong>Chaque solution est rigoureusement test\u00e9e dans notre laboratoire de m\u00e9trologie certifi\u00e9 ISO 9001, afin de r\u00e9pondre aux standards ISTA 7D. Nous fournissons la documentation n\u00e9cessaire pour vos dossiers r\u00e9glementaires et vos soumissions d\u2019\u00e9tude.<\/li><\/ul>\t\t\t\t\t\t\t\t<\/div>\n\t\t\t\t<div class=\"elementor-element elementor-element-44c37f6 elementor-widget-divider--view-line elementor-widget elementor-widget-divider\" data-id=\"44c37f6\" data-element_type=\"widget\" data-e-type=\"widget\" data-widget_type=\"divider.default\">\n\t\t\t\t\t\t\t<div class=\"elementor-divider\">\n\t\t\t<span class=\"elementor-divider-separator\">\n\t\t\t\t\t\t<\/span>\n\t\t<\/div>\n\t\t\t\t\t\t<\/div>\n\t\t\t\t<div class=\"elementor-element elementor-element-97e66ee elementor-widget elementor-widget-heading\" data-id=\"97e66ee\" data-element_type=\"widget\" data-e-type=\"widget\" data-widget_type=\"heading.default\">\n\t\t\t\t\t<h3 class=\"elementor-heading-title elementor-size-default\">Solutions produits pour la recherche clinique<\/h3>\t\t\t\t<\/div>\n\t\t\t\t<div class=\"elementor-element elementor-element-d8f4ddf elementor-widget elementor-widget-text-editor\" data-id=\"d8f4ddf\" data-element_type=\"widget\" data-e-type=\"widget\" data-widget_type=\"text-editor.default\">\n\t\t\t\t\t\t\t\t\t<ul><li><strong>VYPE :<\/strong> La r\u00e9f\u00e9rence pour l\u2019exp\u00e9dition des kits cliniques et des \u00e9chantillons de grande valeur, offrant une autonomie thermique maximale.<\/li><li><strong>Box Pallets Haute Performance :<\/strong> Con\u00e7us pour les exp\u00e9ditions en vrac de plus grand volume, notamment pour le transport des m\u00e9dicaments exp\u00e9rimentaux (IMPs) entre les sites de production et les hubs de distribution, tout en garantissant une stabilit\u00e9 thermique durant les trajets longue distance.<\/li><li><strong>Deep Freeze :<\/strong> Emballages sp\u00e9cialis\u00e9s pour les th\u00e9rapies innovantes (ATMP), les vaccins ou les \u00e9chantillons biologiques n\u00e9cessitant des temp\u00e9ratures pouvant atteindre \u201370\u00b0C, utilisant de la glace carbonique ou des PCM adapt\u00e9s.<\/li><\/ul>\t\t\t\t\t\t\t\t<\/div>\n\t\t\t\t\t<\/div>\n\t\t\t\t<\/div>\n\t\t<div class=\"elementor-element elementor-element-71def6c e-flex e-con-boxed e-con e-parent\" data-id=\"71def6c\" data-element_type=\"container\" data-e-type=\"container\">\n\t\t\t\t\t<div class=\"e-con-inner\">\n\t\t<div class=\"elementor-element elementor-element-af25781 e-con-full e-flex e-con e-child\" data-id=\"af25781\" data-element_type=\"container\" data-e-type=\"container\">\n\t\t\t\t<div class=\"elementor-element elementor-element-af7f970 elementor-widget elementor-widget-heading\" data-id=\"af7f970\" data-element_type=\"widget\" data-e-type=\"widget\" data-widget_type=\"heading.default\">\n\t\t\t\t\t<h3 class=\"elementor-heading-title elementor-size-default\">Des services pour optimiser votre supply chain clinique<\/h3>\t\t\t\t<\/div>\n\t\t\t\t<div class=\"elementor-element elementor-element-3258af4 elementor-widget elementor-widget-text-editor\" data-id=\"3258af4\" data-element_type=\"widget\" data-e-type=\"widget\" data-widget_type=\"text-editor.default\">\n\t\t\t\t\t\t\t\t\t<p>EMBALL\u2019ISO propose des services premium con\u00e7us pour fluidifier et s\u00e9curiser votre supply chain clinique :<\/p><ul><li><strong>Service Ready-to-use :<\/strong> Nous livrons des emballages enti\u00e8rement assembl\u00e9s et pr\u00e9conditionn\u00e9s directement sur votre site de recherche ou dans votre laboratoire. Vous gagnez du temps et lib\u00e9rez un espace pr\u00e9cieux en chambre froide.<\/li><li><strong>Programme de logistique Reuse &amp; Reverse :<\/strong> Nous g\u00e9rons la collecte et le reconditionnement de vos emballages dans plus de 80 pays, garantissant une boucle logistique durable, efficace et \u00e9conomique, id\u00e9ale pour les essais cliniques multi\u2011sites.<\/li><li><strong>Solutions personnalis\u00e9es &amp; support technique:<\/strong> Notre \u00e9quipe R&amp;D et notre laboratoire interne peuvent concevoir et valider des emballages sur mesure, adapt\u00e9s au profil thermique de votre mol\u00e9cule et \u00e0 la dur\u00e9e d\u2019exp\u00e9dition requise.<\/li><\/ul>\t\t\t\t\t\t\t\t<\/div>\n\t\t\t\t<\/div>\n\t\t<div class=\"elementor-element elementor-element-e9c3bf5 e-con-full e-flex e-con e-child\" data-id=\"e9c3bf5\" data-element_type=\"container\" data-e-type=\"container\">\n\t\t\t\t<div class=\"elementor-element elementor-element-16d3d63 elementor-widget elementor-widget-heading\" data-id=\"16d3d63\" data-element_type=\"widget\" data-e-type=\"widget\" data-widget_type=\"heading.default\">\n\t\t\t\t\t<h3 class=\"elementor-heading-title elementor-size-default\">Applications typiques pour les essais cliniques<\/h3>\t\t\t\t<\/div>\n\t\t\t\t<div class=\"elementor-element elementor-element-da339b2 elementor-widget elementor-widget-text-editor\" data-id=\"da339b2\" data-element_type=\"widget\" data-e-type=\"widget\" data-widget_type=\"text-editor.default\">\n\t\t\t\t\t\t\t\t\t<ul><li><strong>Distribution internationale en Phase III :<\/strong> Transport de grands volumes de m\u00e9dicaments exp\u00e9rimentaux depuis des hubs centraux vers des sites cliniques dans le monde entier, avec une s\u00e9curit\u00e9 thermique totale.<\/li><li><strong>Transport d\u2019\u00e9chantillons biologiques :<\/strong> Acheminement s\u00e9curis\u00e9 des \u00e9chantillons patients depuis des sites d\u2019essais d\u00e9centralis\u00e9s vers des laboratoires centraux pour analyse.<\/li><li><strong>Logistique Direct\u2011to\u2011Patient :<\/strong> Maintien int\u00e9gral de la cha\u00eene du froid pour les essais cliniques r\u00e9alis\u00e9s au domicile des patients, gr\u00e2ce \u00e0 des emballages l\u00e9gers mais tr\u00e8s performants, adapt\u00e9s \u00e0 la livraison du dernier kilom\u00e8tre.<\/li><\/ul>\t\t\t\t\t\t\t\t<\/div>\n\t\t\t\t<\/div>\n\t\t\t\t\t<\/div>\n\t\t\t\t<\/div>\n\t\t<div class=\"elementor-element elementor-element-ea6231a e-flex e-con-boxed e-con e-parent\" data-id=\"ea6231a\" data-element_type=\"container\" data-e-type=\"container\">\n\t\t\t\t\t<div class=\"e-con-inner\">\n\t\t\t\t<div class=\"elementor-element elementor-element-b837087 elementor-widget-divider--view-line elementor-widget elementor-widget-divider\" data-id=\"b837087\" data-element_type=\"widget\" data-e-type=\"widget\" data-widget_type=\"divider.default\">\n\t\t\t\t\t\t\t<div class=\"elementor-divider\">\n\t\t\t<span class=\"elementor-divider-separator\">\n\t\t\t\t\t\t<\/span>\n\t\t<\/div>\n\t\t\t\t\t\t<\/div>\n\t\t\t\t<div class=\"elementor-element elementor-element-98aa898 elementor-widget elementor-widget-heading\" data-id=\"98aa898\" data-element_type=\"widget\" data-e-type=\"widget\" data-widget_type=\"heading.default\">\n\t\t\t\t\t<h2 class=\"elementor-heading-title elementor-size-default\">RSE : faire progresser la recherche de mani\u00e8re durable<\/h2>\t\t\t\t<\/div>\n\t\t\t\t<div class=\"elementor-element elementor-element-511bf85 elementor-widget elementor-widget-text-editor\" data-id=\"511bf85\" data-element_type=\"widget\" data-e-type=\"widget\" data-widget_type=\"text-editor.default\">\n\t\t\t\t\t\t\t\t\t<p>EMBALL\u2019ISO accompagne les promoteurs d\u2019essais cliniques dans la r\u00e9duction de leur empreinte environnementale, sans compromis sur la performance :<\/p><ul><li><strong>91 % d\u2019\u00e9conomies de CO\u2082<\/strong> gr\u00e2ce \u00e0 notre mod\u00e8le mondial de r\u00e9utilisation, compar\u00e9 aux solutions \u00e0 usage unique.<\/li><li><strong>R\u00e9duction des d\u00e9chets sur les sites cliniques :<\/strong> Notre programme de collecte supprime la n\u00e9cessit\u00e9 pour les sites de g\u00e9rer et \u00e9liminer de volumineux d\u00e9chets d\u2019emballage.<\/li><li><strong>Mat\u00e9riaux \u00e9co\u2011con\u00e7us :<\/strong> Des isolants haute performance, optimis\u00e9s pour r\u00e9duire le poids et l\u2019empreinte carbone de chaque exp\u00e9dition.<\/li><\/ul>\t\t\t\t\t\t\t\t<\/div>\n\t\t\t\t\t<\/div>\n\t\t\t\t<\/div>\n\t\t<div class=\"elementor-element elementor-element-1f3a7d8 e-flex e-con-boxed e-con e-parent\" data-id=\"1f3a7d8\" data-element_type=\"container\" data-e-type=\"container\" data-settings=\"{&quot;background_background&quot;:&quot;classic&quot;}\">\n\t\t\t\t\t<div class=\"e-con-inner\">\n\t\t\t\t<div class=\"elementor-element elementor-element-9b2d6b8 elementor-widget elementor-widget-heading\" data-id=\"9b2d6b8\" data-element_type=\"widget\" data-e-type=\"widget\" data-widget_type=\"heading.default\">\n\t\t\t\t\t<h2 class=\"elementor-heading-title elementor-size-default\">Besoin d\u2019une solution \u00ab z\u00e9ro excursion \u00bb pour votre prochaine \u00e9tude clinique ?<\/h2>\t\t\t\t<\/div>\n\t\t\t\t<div class=\"elementor-element elementor-element-0325aa3 elementor-align-center elementor-widget elementor-widget-button\" data-id=\"0325aa3\" data-element_type=\"widget\" data-e-type=\"widget\" data-widget_type=\"button.default\">\n\t\t\t\t\t\t\t\t\t\t<a class=\"elementor-button elementor-button-link elementor-size-sm\" href=\"https:\/\/www.emballiso.com\/fr\/contact\/\">\n\t\t\t\t\t\t<span class=\"elementor-button-content-wrapper\">\n\t\t\t\t\t\t<span class=\"elementor-button-icon\">\n\t\t\t\t<svg aria-hidden=\"true\" class=\"e-font-icon-svg e-far-envelope\" viewBox=\"0 0 512 512\" xmlns=\"http:\/\/www.w3.org\/2000\/svg\"><path d=\"M464 64H48C21.49 64 0 85.49 0 112v288c0 26.51 21.49 48 48 48h416c26.51 0 48-21.49 48-48V112c0-26.51-21.49-48-48-48zm0 48v40.805c-22.422 18.259-58.168 46.651-134.587 106.49-16.841 13.247-50.201 45.072-73.413 44.701-23.208.375-56.579-31.459-73.413-44.701C106.18 199.465 70.425 171.067 48 152.805V112h416zM48 400V214.398c22.914 18.251 55.409 43.862 104.938 82.646 21.857 17.205 60.134 55.186 103.062 54.955 42.717.231 80.509-37.199 103.053-54.947 49.528-38.783 82.032-64.401 104.947-82.653V400H48z\"><\/path><\/svg>\t\t\t<\/span>\n\t\t\t\t\t\t\t\t\t<span class=\"elementor-button-text\">Demander un devis<\/span>\n\t\t\t\t\t<\/span>\n\t\t\t\t\t<\/a>\n\t\t\t\t\t\t\t\t<\/div>\n\t\t\t\t\t<\/div>\n\t\t\t\t<\/div>\n\t\t<div class=\"elementor-element elementor-element-74edf2e e-flex e-con-boxed e-con e-parent\" data-id=\"74edf2e\" data-element_type=\"container\" data-e-type=\"container\" data-settings=\"{&quot;background_background&quot;:&quot;classic&quot;}\">\n\t\t\t\t\t<div class=\"e-con-inner\">\n\t\t<div class=\"elementor-element elementor-element-b3edfa4 e-con-full e-flex e-con e-child\" data-id=\"b3edfa4\" data-element_type=\"container\" data-e-type=\"container\">\n\t\t\t\t<div class=\"elementor-element elementor-element-0c073ba elementor-hidden-tablet elementor-hidden-mobile elementor-widget elementor-widget-heading\" data-id=\"0c073ba\" data-element_type=\"widget\" data-e-type=\"widget\" data-widget_type=\"heading.default\">\n\t\t\t\t\t<p class=\"elementor-heading-title elementor-size-default\">FAQ<\/p>\t\t\t\t<\/div>\n\t\t\t\t<div class=\"elementor-element elementor-element-0b545ea elementor-icon-list--layout-traditional elementor-list-item-link-full_width elementor-widget elementor-widget-icon-list\" data-id=\"0b545ea\" data-element_type=\"widget\" data-e-type=\"widget\" data-widget_type=\"icon-list.default\">\n\t\t\t\t\t\t\t<ul class=\"elementor-icon-list-items\">\n\t\t\t\t\t\t\t<li class=\"elementor-icon-list-item\">\n\t\t\t\t\t\t\t\t\t\t\t<span class=\"elementor-icon-list-icon\">\n\t\t\t\t\t\t\t<svg aria-hidden=\"true\" class=\"e-font-icon-svg e-fas-check\" viewBox=\"0 0 512 512\" xmlns=\"http:\/\/www.w3.org\/2000\/svg\"><path d=\"M173.898 439.404l-166.4-166.4c-9.997-9.997-9.997-26.206 0-36.204l36.203-36.204c9.997-9.998 26.207-9.998 36.204 0L192 312.69 432.095 72.596c9.997-9.997 26.207-9.997 36.204 0l36.203 36.204c9.997 9.997 9.997 26.206 0 36.204l-294.4 294.401c-9.998 9.997-26.207 9.997-36.204-.001z\"><\/path><\/svg>\t\t\t\t\t\t<\/span>\n\t\t\t\t\t\t\t\t\t\t<span class=\"elementor-icon-list-text\"><strong>Comment garantissez-vous l'absence totale d\u2019excursion (\u00ab zero excursion \u00bb) dans les essais cliniques ? <\/strong>En utilisant des panneaux isolants sous vide (VIP) et des mat\u00e9riaux \u00e0 changement de phase (PCM) haute performance, valid\u00e9s selon les profils ISTA 7D, couvrant les conditions ambiantes les plus extr\u00eames.<\/span>\n\t\t\t\t\t\t\t\t\t<\/li>\n\t\t\t\t\t\t\t\t<li class=\"elementor-icon-list-item\">\n\t\t\t\t\t\t\t\t\t\t\t<span class=\"elementor-icon-list-icon\">\n\t\t\t\t\t\t\t<svg aria-hidden=\"true\" class=\"e-font-icon-svg e-fas-check\" viewBox=\"0 0 512 512\" xmlns=\"http:\/\/www.w3.org\/2000\/svg\"><path d=\"M173.898 439.404l-166.4-166.4c-9.997-9.997-9.997-26.206 0-36.204l36.203-36.204c9.997-9.998 26.207-9.998 36.204 0L192 312.69 432.095 72.596c9.997-9.997 26.207-9.997 36.204 0l36.203 36.204c9.997 9.997 9.997 26.206 0 36.204l-294.4 294.401c-9.998 9.997-26.207 9.997-36.204-.001z\"><\/path><\/svg>\t\t\t\t\t\t<\/span>\n\t\t\t\t\t\t\t\t\t\t<span class=\"elementor-icon-list-text\"><strong>Pouvez-vous fournir des emballages pour des temp\u00e9ratures ultra-basses ? <\/strong>Oui, notre gamme Deep Freeze est sp\u00e9cialement con\u00e7ue pour maintenir des temp\u00e9ratures inf\u00e9rieures \u00e0 \u201370\u00b0C lors d\u2019exp\u00e9ditions internationales de longue dur\u00e9e.<\/span>\n\t\t\t\t\t\t\t\t\t<\/li>\n\t\t\t\t\t\t\t\t<li class=\"elementor-icon-list-item\">\n\t\t\t\t\t\t\t\t\t\t\t<span class=\"elementor-icon-list-icon\">\n\t\t\t\t\t\t\t<svg aria-hidden=\"true\" class=\"e-font-icon-svg e-fas-check\" viewBox=\"0 0 512 512\" xmlns=\"http:\/\/www.w3.org\/2000\/svg\"><path d=\"M173.898 439.404l-166.4-166.4c-9.997-9.997-9.997-26.206 0-36.204l36.203-36.204c9.997-9.998 26.207-9.998 36.204 0L192 312.69 432.095 72.596c9.997-9.997 26.207-9.997 36.204 0l36.203 36.204c9.997 9.997 9.997 26.206 0 36.204l-294.4 294.401c-9.998 9.997-26.207 9.997-36.204-.001z\"><\/path><\/svg>\t\t\t\t\t\t<\/span>\n\t\t\t\t\t\t\t\t\t\t<span class=\"elementor-icon-list-text\"><b>Est-il possible de r\u00e9utiliser les emballages dans des essais cliniques internationaux ?<\/b> Absolument. EMBALL'ISO op\u00e8re un r\u00e9seau mondial de plus de 15 centres de services d\u00e9di\u00e9s \u00e0 la collecte, au nettoyage et au re\u2011pr\u00e9conditionnement des emballages, rendant la cha\u00eene logistique clinique plus durable et circulaire. <\/span>\n\t\t\t\t\t\t\t\t\t<\/li>\n\t\t\t\t\t\t<\/ul>\n\t\t\t\t\t\t<\/div>\n\t\t\t\t<\/div>\n\t\t<div class=\"elementor-element elementor-element-a7400fb e-con-full e-flex e-con e-child\" data-id=\"a7400fb\" data-element_type=\"container\" data-e-type=\"container\">\n\t\t\t\t<div class=\"elementor-element elementor-element-bf179db elementor-hidden-tablet elementor-hidden-mobile elementor-widget elementor-widget-heading\" data-id=\"bf179db\" data-element_type=\"widget\" data-e-type=\"widget\" data-widget_type=\"heading.default\">\n\t\t\t\t\t<p class=\"elementor-heading-title elementor-size-default\">EXPLOREZ NOS AUTRES SEGMENTS<\/p>\t\t\t\t<\/div>\n\t\t\t\t<div class=\"elementor-element elementor-element-12584e0 elementor-icon-list--layout-traditional elementor-list-item-link-full_width elementor-widget elementor-widget-icon-list\" data-id=\"12584e0\" data-element_type=\"widget\" data-e-type=\"widget\" data-widget_type=\"icon-list.default\">\n\t\t\t\t\t\t\t<ul class=\"elementor-icon-list-items\">\n\t\t\t\t\t\t\t<li class=\"elementor-icon-list-item\">\n\t\t\t\t\t\t\t\t\t\t\t<a href=\"https:\/\/www.emballiso.com\/fr\/solutions-demballages-isothermes-pour-lindustrie-pharmaceutique\/\">\n\n\t\t\t\t\t\t\t\t\t\t\t\t<span class=\"elementor-icon-list-icon\">\n\t\t\t\t\t\t\t<svg aria-hidden=\"true\" class=\"e-font-icon-svg e-fas-check\" viewBox=\"0 0 512 512\" xmlns=\"http:\/\/www.w3.org\/2000\/svg\"><path d=\"M173.898 439.404l-166.4-166.4c-9.997-9.997-9.997-26.206 0-36.204l36.203-36.204c9.997-9.998 26.207-9.998 36.204 0L192 312.69 432.095 72.596c9.997-9.997 26.207-9.997 36.204 0l36.203 36.204c9.997 9.997 9.997 26.206 0 36.204l-294.4 294.401c-9.998 9.997-26.207 9.997-36.204-.001z\"><\/path><\/svg>\t\t\t\t\t\t<\/span>\n\t\t\t\t\t\t\t\t\t\t<span class=\"elementor-icon-list-text\"><strong>Pour les entreprises pharmaceutiques :<\/strong> Solutions haute capacit\u00e9 pour la distribution commerciale.<\/span>\n\t\t\t\t\t\t\t\t\t\t\t<\/a>\n\t\t\t\t\t\t\t\t\t<\/li>\n\t\t\t\t\t\t\t\t<li class=\"elementor-icon-list-item\">\n\t\t\t\t\t\t\t\t\t\t\t<a href=\"https:\/\/www.emballiso.com\/fr\/solutions-demballages-isothermes-pour-les-professionnels-de-la-logistique\/\">\n\n\t\t\t\t\t\t\t\t\t\t\t\t<span class=\"elementor-icon-list-icon\">\n\t\t\t\t\t\t\t<svg aria-hidden=\"true\" class=\"e-font-icon-svg e-fas-check\" viewBox=\"0 0 512 512\" xmlns=\"http:\/\/www.w3.org\/2000\/svg\"><path d=\"M173.898 439.404l-166.4-166.4c-9.997-9.997-9.997-26.206 0-36.204l36.203-36.204c9.997-9.998 26.207-9.998 36.204 0L192 312.69 432.095 72.596c9.997-9.997 26.207-9.997 36.204 0l36.203 36.204c9.997 9.997 9.997 26.206 0 36.204l-294.4 294.401c-9.998 9.997-26.207 9.997-36.204-.001z\"><\/path><\/svg>\t\t\t\t\t\t<\/span>\n\t\t\t\t\t\t\t\t\t\t<span class=\"elementor-icon-list-text\"><strong>Pour les sp\u00e9cialistes de la logistique :<\/strong> Outils flexibles adapt\u00e9s aux 3PL et aux transitaires internationaux.<\/span>\n\t\t\t\t\t\t\t\t\t\t\t<\/a>\n\t\t\t\t\t\t\t\t\t<\/li>\n\t\t\t\t\t\t\t\t<li class=\"elementor-icon-list-item\">\n\t\t\t\t\t\t\t\t\t\t\t<a href=\"https:\/\/www.emballiso.com\/fr\/solutions-demballage-de-la-chaine-du-froid-pour-les-laboratoires-de-sante-animale\/\">\n\n\t\t\t\t\t\t\t\t\t\t\t\t<span class=\"elementor-icon-list-icon\">\n\t\t\t\t\t\t\t<svg aria-hidden=\"true\" class=\"e-font-icon-svg e-fas-check\" viewBox=\"0 0 512 512\" xmlns=\"http:\/\/www.w3.org\/2000\/svg\"><path d=\"M173.898 439.404l-166.4-166.4c-9.997-9.997-9.997-26.206 0-36.204l36.203-36.204c9.997-9.998 26.207-9.998 36.204 0L192 312.69 432.095 72.596c9.997-9.997 26.207-9.997 36.204 0l36.203 36.204c9.997 9.997 9.997 26.206 0 36.204l-294.4 294.401c-9.998 9.997-26.207 9.997-36.204-.001z\"><\/path><\/svg>\t\t\t\t\t\t<\/span>\n\t\t\t\t\t\t\t\t\t\t<span class=\"elementor-icon-list-text\"><strong>Pour la sant\u00e9 animale :<\/strong> Emballages sous temp\u00e9rature dirig\u00e9e d\u00e9di\u00e9s aux produits v\u00e9t\u00e9rinaires.<\/span>\n\t\t\t\t\t\t\t\t\t\t\t<\/a>\n\t\t\t\t\t\t\t\t\t<\/li>\n\t\t\t\t\t\t<\/ul>\n\t\t\t\t\t\t<\/div>\n\t\t\t\t<\/div>\n\t\t\t\t\t<\/div>\n\t\t\t\t<\/div>\n\t\t\t\t<\/div>\n\t\t","protected":false},"excerpt":{"rendered":"<p>Emballages isothermes pour les essais cliniques Dans la course au d\u00e9veloppement des traitements qui sauveront des vies demain, aucune erreur n\u2019est permise. Les essais cliniques impliquent des mol\u00e9cules pr\u00e9cieuses, souvent irrempla\u00e7ables, dont la premi\u00e8re exigence est une \u00ab temp\u00e9rature constante \u00bb. La moindre rupture de la cha\u00eene du froid peut compromettre des ann\u00e9es de recherche, [&hellip;]<\/p>\n","protected":false},"author":1,"featured_media":0,"parent":0,"menu_order":0,"comment_status":"closed","ping_status":"closed","template":"","meta":{"_acf_changed":false,"footnotes":""},"class_list":["post-5603","page","type-page","status-publish","hentry"],"acf":[],"_links":{"self":[{"href":"https:\/\/www.emballiso.com\/fr\/wp-json\/wp\/v2\/pages\/5603","targetHints":{"allow":["GET"]}}],"collection":[{"href":"https:\/\/www.emballiso.com\/fr\/wp-json\/wp\/v2\/pages"}],"about":[{"href":"https:\/\/www.emballiso.com\/fr\/wp-json\/wp\/v2\/types\/page"}],"author":[{"embeddable":true,"href":"https:\/\/www.emballiso.com\/fr\/wp-json\/wp\/v2\/users\/1"}],"replies":[{"embeddable":true,"href":"https:\/\/www.emballiso.com\/fr\/wp-json\/wp\/v2\/comments?post=5603"}],"version-history":[{"count":7,"href":"https:\/\/www.emballiso.com\/fr\/wp-json\/wp\/v2\/pages\/5603\/revisions"}],"predecessor-version":[{"id":8671,"href":"https:\/\/www.emballiso.com\/fr\/wp-json\/wp\/v2\/pages\/5603\/revisions\/8671"}],"wp:attachment":[{"href":"https:\/\/www.emballiso.com\/fr\/wp-json\/wp\/v2\/media?parent=5603"}],"curies":[{"name":"wp","href":"https:\/\/api.w.org\/{rel}","templated":true}]}}