{"id":5601,"date":"2026-03-16T10:22:06","date_gmt":"2026-03-16T09:22:06","guid":{"rendered":"https:\/\/www.emballiso.com\/emballages-isothermes-pour-autres-industries\/"},"modified":"2026-04-10T15:23:04","modified_gmt":"2026-04-10T13:23:04","slug":"emballages-isothermes-pour-autres-industries","status":"publish","type":"page","link":"https:\/\/www.emballiso.com\/fr\/emballages-isothermes-pour-autres-industries\/","title":{"rendered":"Emballages isothermes pour autres industries"},"content":{"rendered":"\t\t<div data-elementor-type=\"wp-page\" data-elementor-id=\"5601\" class=\"elementor elementor-5601 elementor-5444\" data-elementor-post-type=\"page\">\n\t\t\t\t<div class=\"elementor-element elementor-element-a4e6b73 e-flex e-con-boxed e-con e-parent\" data-id=\"a4e6b73\" data-element_type=\"container\" data-e-type=\"container\">\n\t\t\t\t\t<div class=\"e-con-inner\">\n\t\t\t\t<div class=\"elementor-element elementor-element-9a3d459 elementor-invisible elementor-widget elementor-widget-heading\" data-id=\"9a3d459\" data-element_type=\"widget\" data-e-type=\"widget\" data-settings=\"{&quot;_animation&quot;:&quot;fadeInDown&quot;}\" data-widget_type=\"heading.default\">\n\t\t\t\t\t<h2 class=\"elementor-heading-title elementor-size-default\"><span class=\"gradient-blue\">Emballages isothermes pour autres industries<\/span><\/h2>\t\t\t\t<\/div>\n\t\t<div class=\"elementor-element elementor-element-d6a0bd0 e-con-full e-flex e-con e-child\" data-id=\"d6a0bd0\" data-element_type=\"container\" data-e-type=\"container\" data-settings=\"{&quot;background_background&quot;:&quot;classic&quot;}\">\n\t\t\t\t<div class=\"elementor-element elementor-element-7417f26 elementor-widget elementor-widget-heading\" data-id=\"7417f26\" data-element_type=\"widget\" data-e-type=\"widget\" data-widget_type=\"heading.default\">\n\t\t\t\t\t<h2 class=\"elementor-heading-title elementor-size-default\">Avez-vous un projet sp\u00e9cifique ou un d\u00e9fi particulier ?<\/h2>\t\t\t\t<\/div>\n\t\t\t\t<div class=\"elementor-element elementor-element-5e0b4cb elementor-widget elementor-widget-text-editor\" data-id=\"5e0b4cb\" data-element_type=\"widget\" data-e-type=\"widget\" data-widget_type=\"text-editor.default\">\n\t\t\t\t\t\t\t\t\t<p>Si votre secteur pr\u00e9sente des exigences de temp\u00e9rature, ou si vous n\u2019avez pas trouv\u00e9 votre domaine dans notre liste, notre \u00e9quipe est l\u00e0 pour vous aider.<\/p><p>Des dimensions personnalis\u00e9es aux dur\u00e9es thermiques sp\u00e9cifiques, nous vous orienterons vers la solution la plus fiable et la plus durable pour vos besoins.<\/p>\t\t\t\t\t\t\t\t<\/div>\n\t\t\t\t<\/div>\n\t\t<div class=\"elementor-element elementor-element-5eb5209 e-con-full e-flex e-con e-child\" data-id=\"5eb5209\" data-element_type=\"container\" data-e-type=\"container\" data-settings=\"{&quot;background_background&quot;:&quot;classic&quot;}\">\n\t\t\t\t<div class=\"elementor-element elementor-element-79c0756 elementor-widget__width-inherit elementor-button-align-stretch elementor-widget elementor-widget-form\" data-id=\"79c0756\" data-element_type=\"widget\" data-e-type=\"widget\" data-settings=\"{&quot;step_next_label&quot;:&quot;Suivant&quot;,&quot;step_previous_label&quot;:&quot;Pr\\u00e9c\\u00e9dent&quot;,&quot;button_width&quot;:&quot;100&quot;,&quot;step_type&quot;:&quot;number_text&quot;,&quot;step_icon_shape&quot;:&quot;circle&quot;}\" data-widget_type=\"form.default\">\n\t\t\t\t\t\t\t<form class=\"elementor-form\" method=\"post\" id=\"solutions_finder_contact\" name=\"Contactez-nous\" aria-label=\"Contactez-nous\">\n\t\t\t<input type=\"hidden\" name=\"post_id\" value=\"5601\"\/>\n\t\t\t<input type=\"hidden\" name=\"form_id\" value=\"79c0756\"\/>\n\t\t\t<input type=\"hidden\" name=\"referer_title\" value=\"\" \/>\n\n\t\t\t\n\t\t\t<div class=\"elementor-form-fields-wrapper elementor-labels-\">\n\t\t\t\t\t\t\t\t<div class=\"elementor-field-type-text elementor-field-group elementor-column elementor-field-group-field_company elementor-col-33 elementor-field-required\">\n\t\t\t\t\t\t\t\t\t\t\t\t<label for=\"form-field-field_company\" class=\"elementor-field-label elementor-screen-only\">\n\t\t\t\t\t\t\t\tEntreprise\t\t\t\t\t\t\t<\/label>\n\t\t\t\t\t\t\t\t\t\t\t\t\t\t<input size=\"1\" type=\"text\" name=\"form_fields[field_company]\" id=\"form-field-field_company\" class=\"elementor-field elementor-size-sm  elementor-field-textual\" placeholder=\"Entreprise\" required=\"required\">\n\t\t\t\t\t\t\t\t\t\t\t<\/div>\n\t\t\t\t\t\t\t\t<div class=\"elementor-field-type-text elementor-field-group elementor-column elementor-field-group-field_name elementor-col-33 elementor-field-required\">\n\t\t\t\t\t\t\t\t\t\t\t\t<label for=\"form-field-field_name\" class=\"elementor-field-label elementor-screen-only\">\n\t\t\t\t\t\t\t\tNom\t\t\t\t\t\t\t<\/label>\n\t\t\t\t\t\t\t\t\t\t\t\t\t\t<input size=\"1\" type=\"text\" name=\"form_fields[field_name]\" id=\"form-field-field_name\" class=\"elementor-field elementor-size-sm  elementor-field-textual\" placeholder=\"Nom\" required=\"required\">\n\t\t\t\t\t\t\t\t\t\t\t<\/div>\n\t\t\t\t\t\t\t\t<div class=\"elementor-field-type-text elementor-field-group elementor-column elementor-field-group-field_firstname elementor-col-33 elementor-field-required\">\n\t\t\t\t\t\t\t\t\t\t\t\t<label for=\"form-field-field_firstname\" class=\"elementor-field-label elementor-screen-only\">\n\t\t\t\t\t\t\t\tPr\u00e9nom\t\t\t\t\t\t\t<\/label>\n\t\t\t\t\t\t\t\t\t\t\t\t\t\t<input size=\"1\" type=\"text\" name=\"form_fields[field_firstname]\" id=\"form-field-field_firstname\" class=\"elementor-field elementor-size-sm  elementor-field-textual\" placeholder=\"Pr\u00e9nom\" required=\"required\">\n\t\t\t\t\t\t\t\t\t\t\t<\/div>\n\t\t\t\t\t\t\t\t<div class=\"elementor-field-type-email elementor-field-group elementor-column elementor-field-group-field_email elementor-col-33 elementor-field-required\">\n\t\t\t\t\t\t\t\t\t\t\t\t<label for=\"form-field-field_email\" class=\"elementor-field-label elementor-screen-only\">\n\t\t\t\t\t\t\t\tEmail\t\t\t\t\t\t\t<\/label>\n\t\t\t\t\t\t\t\t\t\t\t\t\t\t<input size=\"1\" type=\"email\" name=\"form_fields[field_email]\" id=\"form-field-field_email\" class=\"elementor-field elementor-size-sm  elementor-field-textual\" placeholder=\"Email\" required=\"required\">\n\t\t\t\t\t\t\t\t\t\t\t<\/div>\n\t\t\t\t\t\t\t\t<div class=\"elementor-field-type-tel elementor-field-group elementor-column elementor-field-group-field_phone_number elementor-col-33 elementor-field-required\">\n\t\t\t\t\t\t\t\t\t\t\t\t<label for=\"form-field-field_phone_number\" class=\"elementor-field-label elementor-screen-only\">\n\t\t\t\t\t\t\t\tNum\u00e9ro de t\u00e9l\u00e9phone\t\t\t\t\t\t\t<\/label>\n\t\t\t\t\t\t\t\t<input size=\"1\" type=\"tel\" name=\"form_fields[field_phone_number]\" id=\"form-field-field_phone_number\" class=\"elementor-field elementor-size-sm  elementor-field-textual\" placeholder=\"Num\u00e9ro de t\u00e9l\u00e9phone\" required=\"required\" pattern=\"[0-9()#&amp;+*-=.]+\" title=\"Seuls les caract\u00e8res de num\u00e9ros de t\u00e9l\u00e9phone (#, -, *, etc.) sont accept\u00e9s.\">\n\n\t\t\t\t\t\t<\/div>\n\t\t\t\t\t\t\t\t<div class=\"elementor-field-type-select elementor-field-group elementor-column elementor-field-group-field_country elementor-col-33 elementor-field-required\">\n\t\t\t\t\t\t\t\t\t\t\t\t<label for=\"form-field-field_country\" class=\"elementor-field-label elementor-screen-only\">\n\t\t\t\t\t\t\t\tPays\t\t\t\t\t\t\t<\/label>\n\t\t\t\t\t\t\t\t<div class=\"elementor-field elementor-select-wrapper remove-before \">\n\t\t\t<div class=\"select-caret-down-wrapper\">\n\t\t\t\t<svg aria-hidden=\"true\" class=\"e-font-icon-svg e-eicon-caret-down\" viewBox=\"0 0 571.4 571.4\" xmlns=\"http:\/\/www.w3.org\/2000\/svg\"><path d=\"M571 393Q571 407 561 418L311 668Q300 679 286 679T261 668L11 418Q0 407 0 393T11 368 36 357H536Q550 357 561 368T571 393Z\"><\/path><\/svg>\t\t\t<\/div>\n\t\t\t<select name=\"form_fields[field_country]\" id=\"form-field-field_country\" class=\"elementor-field-textual elementor-size-sm\" required=\"required\">\n\t\t\t\t\t\t\t\t\t<option value=\"Pays\">Pays<\/option>\n\t\t\t\t\t\t\t\t\t<option value=\"af-AF\">Afghanistan<\/option>\n\t\t\t\t\t\t\t\t\t<option value=\"al-AL\">Albanie<\/option>\n\t\t\t\t\t\t\t\t\t<option value=\"dz-DZ\">Alg\u00e9rie<\/option>\n\t\t\t\t\t\t\t\t\t<option value=\"ad-AD\">Andorre<\/option>\n\t\t\t\t\t\t\t\t\t<option value=\"ao-AO\">Angola<\/option>\n\t\t\t\t\t\t\t\t\t<option value=\"ag-AG\">Antigua-et-Barbuda<\/option>\n\t\t\t\t\t\t\t\t\t<option value=\"ar-AR\">Argentine<\/option>\n\t\t\t\t\t\t\t\t\t<option value=\"am-AM\">Armenie<\/option>\n\t\t\t\t\t\t\t\t\t<option value=\"au-AU\">Australie<\/option>\n\t\t\t\t\t\t\t\t\t<option value=\"at-AT\">Autriche<\/option>\n\t\t\t\t\t\t\t\t\t<option value=\"az-AZ\">Azerbaijan<\/option>\n\t\t\t\t\t\t\t\t\t<option value=\"bs-BS\">Bahamas<\/option>\n\t\t\t\t\t\t\t\t\t<option value=\"bh-BH\">Bahrain<\/option>\n\t\t\t\t\t\t\t\t\t<option value=\"bd-BD\">Bangladesh<\/option>\n\t\t\t\t\t\t\t\t\t<option value=\"bb-BB\">Barbade<\/option>\n\t\t\t\t\t\t\t\t\t<option value=\"by-BY\">Bielorussie<\/option>\n\t\t\t\t\t\t\t\t\t<option value=\"be-BE\">Belgique<\/option>\n\t\t\t\t\t\t\t\t\t<option value=\"bz-BZ\">B\u00e9lize<\/option>\n\t\t\t\t\t\t\t\t\t<option value=\"bj-BJ\">B\u00e9nin<\/option>\n\t\t\t\t\t\t\t\t\t<option value=\"bt-BT\">Bhutan<\/option>\n\t\t\t\t\t\t\t\t\t<option value=\"bo-BO\">Bolivie<\/option>\n\t\t\t\t\t\t\t\t\t<option value=\"ba-BA\">Bosnie-Herz\u00e9govine<\/option>\n\t\t\t\t\t\t\t\t\t<option value=\"bw-BW\">Botswana<\/option>\n\t\t\t\t\t\t\t\t\t<option value=\"br-BR\">Br\u00e9sil<\/option>\n\t\t\t\t\t\t\t\t\t<option value=\"bn-BN\">Brunei<\/option>\n\t\t\t\t\t\t\t\t\t<option value=\"bg-BG\">Bulgarie<\/option>\n\t\t\t\t\t\t\t\t\t<option value=\"bf-BF\">Burkina Faso<\/option>\n\t\t\t\t\t\t\t\t\t<option value=\"bi-BI\">Burundi<\/option>\n\t\t\t\t\t\t\t\t\t<option value=\"kh-KH\">Cambodge<\/option>\n\t\t\t\t\t\t\t\t\t<option value=\"cm-CM\">Cameroun<\/option>\n\t\t\t\t\t\t\t\t\t<option value=\"ca-CA\">Canada<\/option>\n\t\t\t\t\t\t\t\t\t<option value=\"cv-CV\">Cap Vert<\/option>\n\t\t\t\t\t\t\t\t\t<option value=\"cf-CF\">R\u00e9publique centrafricaine<\/option>\n\t\t\t\t\t\t\t\t\t<option value=\"td-TD\">Chad<\/option>\n\t\t\t\t\t\t\t\t\t<option value=\"cl-CL\">Chili<\/option>\n\t\t\t\t\t\t\t\t\t<option value=\"cn-CN\">Chine<\/option>\n\t\t\t\t\t\t\t\t\t<option value=\"co-CO\">Colombie<\/option>\n\t\t\t\t\t\t\t\t\t<option value=\"km-KM\">Comores<\/option>\n\t\t\t\t\t\t\t\t\t<option value=\"ck-CK\">\u00celes Cook<\/option>\n\t\t\t\t\t\t\t\t\t<option value=\"cr-CR\">Costa Rica<\/option>\n\t\t\t\t\t\t\t\t\t<option value=\"hr-HR\">Croatie<\/option>\n\t\t\t\t\t\t\t\t\t<option value=\"cu-CU\">Cuba<\/option>\n\t\t\t\t\t\t\t\t\t<option value=\"cy-CY\">Chypre<\/option>\n\t\t\t\t\t\t\t\t\t<option value=\"cz-CZ\">R\u00e9publique tch\u00e8que<\/option>\n\t\t\t\t\t\t\t\t\t<option value=\"cd-CD\">R\u00e9publique d\u00e9mocratique du Congo<\/option>\n\t\t\t\t\t\t\t\t\t<option value=\"dk-DK\">Danemark<\/option>\n\t\t\t\t\t\t\t\t\t<option value=\"dj-DJ\">Djibouti<\/option>\n\t\t\t\t\t\t\t\t\t<option value=\"dm-DM\">Dominique<\/option>\n\t\t\t\t\t\t\t\t\t<option value=\"do-DO\">R\u00e9publique dominicaine<\/option>\n\t\t\t\t\t\t\t\t\t<option value=\"ec-EC\">\u00c9quateur<\/option>\n\t\t\t\t\t\t\t\t\t<option value=\"eg-EG\">Egypte<\/option>\n\t\t\t\t\t\t\t\t\t<option value=\"gq-GQ\">Guin\u00e9e \u00e9quatoriale<\/option>\n\t\t\t\t\t\t\t\t\t<option value=\"er-ER\">\u00c9rythr\u00e9e<\/option>\n\t\t\t\t\t\t\t\t\t<option value=\"ee-EE\">Estonie<\/option>\n\t\t\t\t\t\t\t\t\t<option value=\"sz-SZ\">Eswatini<\/option>\n\t\t\t\t\t\t\t\t\t<option value=\"et-ET\">Ethiopie<\/option>\n\t\t\t\t\t\t\t\t\t<option value=\"fj-FJ\">Fidji<\/option>\n\t\t\t\t\t\t\t\t\t<option value=\"fi-FI\">Finlande<\/option>\n\t\t\t\t\t\t\t\t\t<option value=\"fr-FR\">France<\/option>\n\t\t\t\t\t\t\t\t\t<option value=\"ga-GA\">Gabon<\/option>\n\t\t\t\t\t\t\t\t\t<option value=\"gm-GM\">Gambie<\/option>\n\t\t\t\t\t\t\t\t\t<option value=\"ge-GE\">Georgie<\/option>\n\t\t\t\t\t\t\t\t\t<option value=\"de-DE\">Allemagne<\/option>\n\t\t\t\t\t\t\t\t\t<option value=\"gh-GH\">Ghana<\/option>\n\t\t\t\t\t\t\t\t\t<option value=\"gr-GR\">Gr\u00e8ce<\/option>\n\t\t\t\t\t\t\t\t\t<option value=\"gd-GD\">Grenade<\/option>\n\t\t\t\t\t\t\t\t\t<option value=\"gt-GT\">Guatemala<\/option>\n\t\t\t\t\t\t\t\t\t<option value=\"gn-GN\">Guin\u00e9e<\/option>\n\t\t\t\t\t\t\t\t\t<option value=\"gw-GW\">Guin\u00e9e-Bissau<\/option>\n\t\t\t\t\t\t\t\t\t<option value=\"gy-GY\">Guyane<\/option>\n\t\t\t\t\t\t\t\t\t<option value=\"ht-HT\">Haiti<\/option>\n\t\t\t\t\t\t\t\t\t<option value=\"hn-HN\">Honduras<\/option>\n\t\t\t\t\t\t\t\t\t<option value=\"hu-HU\">Hongrie<\/option>\n\t\t\t\t\t\t\t\t\t<option value=\"is-IS\">Islande<\/option>\n\t\t\t\t\t\t\t\t\t<option value=\"in-IN\">Inde<\/option>\n\t\t\t\t\t\t\t\t\t<option value=\"id-ID\">Indonesie<\/option>\n\t\t\t\t\t\t\t\t\t<option value=\"ir-IR\">Iran<\/option>\n\t\t\t\t\t\t\t\t\t<option value=\"iq-IQ\">Irak<\/option>\n\t\t\t\t\t\t\t\t\t<option value=\"ie-IE\">Irlande<\/option>\n\t\t\t\t\t\t\t\t\t<option value=\"il-IL\">Isra\u00ebl<\/option>\n\t\t\t\t\t\t\t\t\t<option value=\"it-IT\">Italie<\/option>\n\t\t\t\t\t\t\t\t\t<option value=\"ci-CI\">C\u00f4te d&#039;Ivoire<\/option>\n\t\t\t\t\t\t\t\t\t<option value=\"jm-JM\">Jama\u00efque<\/option>\n\t\t\t\t\t\t\t\t\t<option value=\"jp-JP\">Japon<\/option>\n\t\t\t\t\t\t\t\t\t<option value=\"jo-JO\">Jordanie<\/option>\n\t\t\t\t\t\t\t\t\t<option value=\"kz-KZ\">Kazakhstan<\/option>\n\t\t\t\t\t\t\t\t\t<option value=\"ke-KE\">Kenya<\/option>\n\t\t\t\t\t\t\t\t\t<option value=\"ki-KI\">Kiribati<\/option>\n\t\t\t\t\t\t\t\t\t<option value=\"kw-KW\">Kowait<\/option>\n\t\t\t\t\t\t\t\t\t<option value=\"kg-KG\">Kyrgyzstan<\/option>\n\t\t\t\t\t\t\t\t\t<option value=\"la-LA\">Laos<\/option>\n\t\t\t\t\t\t\t\t\t<option value=\"lv-LV\">Lettonie<\/option>\n\t\t\t\t\t\t\t\t\t<option value=\"lb-LB\">Liban<\/option>\n\t\t\t\t\t\t\t\t\t<option value=\"ls-LS\">Lesotho<\/option>\n\t\t\t\t\t\t\t\t\t<option value=\"lr-LR\">Liberia<\/option>\n\t\t\t\t\t\t\t\t\t<option value=\"ly-LY\">Libye<\/option>\n\t\t\t\t\t\t\t\t\t<option value=\"li-LI\">Liechtenstein<\/option>\n\t\t\t\t\t\t\t\t\t<option value=\"lt-LT\">Lituanie<\/option>\n\t\t\t\t\t\t\t\t\t<option value=\"lu-LU\">Luxembourg<\/option>\n\t\t\t\t\t\t\t\t\t<option value=\"mg-MG\">Madagascar<\/option>\n\t\t\t\t\t\t\t\t\t<option value=\"mw-MW\">Malawi<\/option>\n\t\t\t\t\t\t\t\t\t<option value=\"my-MY\">Malaisie<\/option>\n\t\t\t\t\t\t\t\t\t<option value=\"mv-MV\">Maldives<\/option>\n\t\t\t\t\t\t\t\t\t<option value=\"ml-ML\">Mali<\/option>\n\t\t\t\t\t\t\t\t\t<option value=\"mt-MT\">Malte<\/option>\n\t\t\t\t\t\t\t\t\t<option value=\"mh-MH\">\u00celes Marshall<\/option>\n\t\t\t\t\t\t\t\t\t<option value=\"mr-MR\">Mauritanie<\/option>\n\t\t\t\t\t\t\t\t\t<option value=\"mu-MU\">\u00cele Maurice<\/option>\n\t\t\t\t\t\t\t\t\t<option value=\"mx-MX\">Mexique<\/option>\n\t\t\t\t\t\t\t\t\t<option value=\"fm-FM\">Micron\u00e9sie<\/option>\n\t\t\t\t\t\t\t\t\t<option value=\"md-MD\">Moldavie<\/option>\n\t\t\t\t\t\t\t\t\t<option value=\"mc-MC\">Monaco<\/option>\n\t\t\t\t\t\t\t\t\t<option value=\"mn-MN\">Mongolie<\/option>\n\t\t\t\t\t\t\t\t\t<option value=\"me-ME\">Montenegro<\/option>\n\t\t\t\t\t\t\t\t\t<option value=\"ma-MA\">Maroc<\/option>\n\t\t\t\t\t\t\t\t\t<option value=\"mz-MZ\">Mozambique<\/option>\n\t\t\t\t\t\t\t\t\t<option value=\"mm-MM\">Myanmar<\/option>\n\t\t\t\t\t\t\t\t\t<option value=\"na-NA\">Namibie<\/option>\n\t\t\t\t\t\t\t\t\t<option value=\"nr-NR\">Nauru<\/option>\n\t\t\t\t\t\t\t\t\t<option value=\"np-NP\">Nepal<\/option>\n\t\t\t\t\t\t\t\t\t<option value=\"nl-NL\">Pays-Bas<\/option>\n\t\t\t\t\t\t\t\t\t<option value=\"nz-NZ\">Nouvelle-Z\u00e9lande<\/option>\n\t\t\t\t\t\t\t\t\t<option value=\"ni-NI\">Nicaragua<\/option>\n\t\t\t\t\t\t\t\t\t<option value=\"ne-NE\">Niger<\/option>\n\t\t\t\t\t\t\t\t\t<option value=\"ng-NG\">Nigeria<\/option>\n\t\t\t\t\t\t\t\t\t<option value=\"nu-NU\">Niue<\/option>\n\t\t\t\t\t\t\t\t\t<option value=\"kp-KP\">North Korea<\/option>\n\t\t\t\t\t\t\t\t\t<option value=\"mk-MK\">Mac\u00e9doine du Nord<\/option>\n\t\t\t\t\t\t\t\t\t<option value=\"no-NO\">Norv\u00e8ge<\/option>\n\t\t\t\t\t\t\t\t\t<option value=\"om-OM\">Oman<\/option>\n\t\t\t\t\t\t\t\t\t<option value=\"zz-ZZ\">Autre<\/option>\n\t\t\t\t\t\t\t\t\t<option value=\"pk-PK\">Pakistan<\/option>\n\t\t\t\t\t\t\t\t\t<option value=\"pw-PW\">Palau<\/option>\n\t\t\t\t\t\t\t\t\t<option value=\"ps-PS\">Palestine<\/option>\n\t\t\t\t\t\t\t\t\t<option value=\"pa-PA\">Panama<\/option>\n\t\t\t\t\t\t\t\t\t<option value=\"pg-PG\">Papouasie-Nouvelle-Guin\u00e9e<\/option>\n\t\t\t\t\t\t\t\t\t<option value=\"py-PY\">Paraguay<\/option>\n\t\t\t\t\t\t\t\t\t<option value=\"pe-PE\">P\u00e9rou<\/option>\n\t\t\t\t\t\t\t\t\t<option value=\"ph-PH\">Philippines<\/option>\n\t\t\t\t\t\t\t\t\t<option value=\"pl-PL\">Pologne<\/option>\n\t\t\t\t\t\t\t\t\t<option value=\"pt-PT\">Portugal<\/option>\n\t\t\t\t\t\t\t\t\t<option value=\"qa-QA\">Qatar<\/option>\n\t\t\t\t\t\t\t\t\t<option value=\"cg-CG\">R\u00e9publique du Congo<\/option>\n\t\t\t\t\t\t\t\t\t<option value=\"ro-RO\">Roumanie<\/option>\n\t\t\t\t\t\t\t\t\t<option value=\"ru-RU\">Russie<\/option>\n\t\t\t\t\t\t\t\t\t<option value=\"rw-RW\">Rwanda<\/option>\n\t\t\t\t\t\t\t\t\t<option value=\"kn-KN\">Saint-Christophe-et-Ni\u00e9v\u00e8s<\/option>\n\t\t\t\t\t\t\t\t\t<option value=\"lc-LC\">Sainte-Lucie<\/option>\n\t\t\t\t\t\t\t\t\t<option value=\"vc-VC\">Saint-Vincent-et-les-Grenadines<\/option>\n\t\t\t\t\t\t\t\t\t<option value=\"ws-WS\">Samoa<\/option>\n\t\t\t\t\t\t\t\t\t<option value=\"sm-SM\">Saint-Marin<\/option>\n\t\t\t\t\t\t\t\t\t<option value=\"st-ST\">Sao Tom\u00e9-et-Principe<\/option>\n\t\t\t\t\t\t\t\t\t<option value=\"sa-SA\">Arabie saoudite<\/option>\n\t\t\t\t\t\t\t\t\t<option value=\"sn-SN\">S\u00e9n\u00e9gal<\/option>\n\t\t\t\t\t\t\t\t\t<option value=\"rs-RS\">Serbie<\/option>\n\t\t\t\t\t\t\t\t\t<option value=\"sc-SC\">Seychelles<\/option>\n\t\t\t\t\t\t\t\t\t<option value=\"sl-SL\">Sierra Leone<\/option>\n\t\t\t\t\t\t\t\t\t<option value=\"sg-SG\">Singapour<\/option>\n\t\t\t\t\t\t\t\t\t<option value=\"sk-SK\">Slovaquie<\/option>\n\t\t\t\t\t\t\t\t\t<option value=\"si-SI\">Slov\u00e9nie<\/option>\n\t\t\t\t\t\t\t\t\t<option value=\"sb-SB\">\u00celes Salomon<\/option>\n\t\t\t\t\t\t\t\t\t<option value=\"so-SO\">Somalie<\/option>\n\t\t\t\t\t\t\t\t\t<option value=\"za-ZA\">Afrique du Sud<\/option>\n\t\t\t\t\t\t\t\t\t<option value=\"kr-KR\">Cor\u00e9e du Sud<\/option>\n\t\t\t\t\t\t\t\t\t<option value=\"ss-SS\">Soudan du Sud<\/option>\n\t\t\t\t\t\t\t\t\t<option value=\"es-ES\">Espagne<\/option>\n\t\t\t\t\t\t\t\t\t<option value=\"lk-LK\">Sri Lanka<\/option>\n\t\t\t\t\t\t\t\t\t<option value=\"sd-SD\">Soudan<\/option>\n\t\t\t\t\t\t\t\t\t<option value=\"sr-SR\">Suriname<\/option>\n\t\t\t\t\t\t\t\t\t<option value=\"se-SE\">Su\u00e8de<\/option>\n\t\t\t\t\t\t\t\t\t<option value=\"ch-CH\">Suisse<\/option>\n\t\t\t\t\t\t\t\t\t<option value=\"sy-SY\">Syrie<\/option>\n\t\t\t\t\t\t\t\t\t<option value=\"tj-TJ\">Tajikistan<\/option>\n\t\t\t\t\t\t\t\t\t<option value=\"tz-TZ\">Tanzanie<\/option>\n\t\t\t\t\t\t\t\t\t<option value=\"th-TH\">Thailande<\/option>\n\t\t\t\t\t\t\t\t\t<option value=\"tl-TL\">Timor-Oriental<\/option>\n\t\t\t\t\t\t\t\t\t<option value=\"tg-TG\">Togo<\/option>\n\t\t\t\t\t\t\t\t\t<option value=\"to-TO\">Tonga<\/option>\n\t\t\t\t\t\t\t\t\t<option value=\"tt-TT\">Trinidad et Tobago<\/option>\n\t\t\t\t\t\t\t\t\t<option value=\"tn-TN\">Tunisie<\/option>\n\t\t\t\t\t\t\t\t\t<option value=\"tr-TR\">Turquie<\/option>\n\t\t\t\t\t\t\t\t\t<option value=\"tm-TM\">Turkmenistan<\/option>\n\t\t\t\t\t\t\t\t\t<option value=\"tv-TV\">Tuvalu<\/option>\n\t\t\t\t\t\t\t\t\t<option value=\"ug-UG\">Ouganda<\/option>\n\t\t\t\t\t\t\t\t\t<option value=\"ua-UA\">Ukraine<\/option>\n\t\t\t\t\t\t\t\t\t<option value=\"ae-AE\">\u00c9mirats arabes unis<\/option>\n\t\t\t\t\t\t\t\t\t<option value=\"gb-GB\">Royaume-Uni<\/option>\n\t\t\t\t\t\t\t\t\t<option value=\"us-US\">\u00c9tats-Unis<\/option>\n\t\t\t\t\t\t\t\t\t<option value=\"uy-UY\">Uruguay<\/option>\n\t\t\t\t\t\t\t\t\t<option value=\"uz-UZ\">Ouzbekistan<\/option>\n\t\t\t\t\t\t\t\t\t<option value=\"vu-VU\">Vanuatu<\/option>\n\t\t\t\t\t\t\t\t\t<option value=\"va-VA\">Vatican<\/option>\n\t\t\t\t\t\t\t\t\t<option value=\"ve-VE\">Venezuela<\/option>\n\t\t\t\t\t\t\t\t\t<option value=\"vn-VN\">Vietnam<\/option>\n\t\t\t\t\t\t\t\t\t<option value=\"ye-YE\">Y\u00e9men<\/option>\n\t\t\t\t\t\t\t\t\t<option value=\"zm-ZM\">Zambie<\/option>\n\t\t\t\t\t\t\t\t\t<option value=\"zw-ZW\">Zimbabwe<\/option>\n\t\t\t\t\t\t\t<\/select>\n\t\t<\/div>\n\t\t\t\t\t\t<\/div>\n\t\t\t\t\t\t\t\t<div class=\"elementor-field-type-text elementor-field-group elementor-column elementor-field-group-field_subject elementor-col-100 elementor-field-required\">\n\t\t\t\t\t\t\t\t\t\t\t\t<label for=\"form-field-field_subject\" class=\"elementor-field-label elementor-screen-only\">\n\t\t\t\t\t\t\t\tSujet\t\t\t\t\t\t\t<\/label>\n\t\t\t\t\t\t\t\t\t\t\t\t\t\t<input size=\"1\" type=\"text\" name=\"form_fields[field_subject]\" id=\"form-field-field_subject\" class=\"elementor-field elementor-size-sm  elementor-field-textual\" placeholder=\"Sujet\" required=\"required\">\n\t\t\t\t\t\t\t\t\t\t\t<\/div>\n\t\t\t\t\t\t\t\t<div class=\"elementor-field-type-textarea elementor-field-group elementor-column elementor-field-group-field_message elementor-col-100\">\n\t\t\t\t\t\t\t\t\t\t\t\t<label for=\"form-field-field_message\" class=\"elementor-field-label elementor-screen-only\">\n\t\t\t\t\t\t\t\tMessage\t\t\t\t\t\t\t<\/label>\n\t\t\t\t\t\t<textarea class=\"elementor-field-textual elementor-field  elementor-size-sm\" name=\"form_fields[field_message]\" id=\"form-field-field_message\" rows=\"10\" placeholder=\"Message\"><\/textarea>\t\t\t\t<\/div>\n\t\t\t\t\t\t\t\t<div class=\"elementor-field-type-hidden elementor-field-group elementor-column elementor-field-group-field_lang elementor-col-100\">\n\t\t\t\t\t\t\t\t\t\t\t\t\t<input size=\"1\" type=\"hidden\" name=\"form_fields[field_lang]\" id=\"form-field-field_lang\" class=\"elementor-field elementor-size-sm  elementor-field-textual\" value=\"en-EN\">\n\t\t\t\t\t\t\t\t\t\t\t<\/div>\n\t\t\t\t\t\t\t\t<div class=\"elementor-field-group elementor-column elementor-field-type-submit elementor-col-100 e-form__buttons\">\n\t\t\t\t\t<button class=\"elementor-button elementor-size-sm\" type=\"submit\">\n\t\t\t\t\t\t<span class=\"elementor-button-content-wrapper\">\n\t\t\t\t\t\t\t\t\t\t\t\t\t\t\t<span class=\"elementor-button-icon\">\n\t\t\t\t\t\t\t\t\t<svg aria-hidden=\"true\" class=\"e-font-icon-svg e-far-paper-plane\" viewBox=\"0 0 512 512\" xmlns=\"http:\/\/www.w3.org\/2000\/svg\"><path d=\"M440 6.5L24 246.4c-34.4 19.9-31.1 70.8 5.7 85.9L144 379.6V464c0 46.4 59.2 65.5 86.6 28.6l43.8-59.1 111.9 46.2c5.9 2.4 12.1 3.6 18.3 3.6 8.2 0 16.3-2.1 23.6-6.2 12.8-7.2 21.6-20 23.9-34.5l59.4-387.2c6.1-40.1-36.9-68.8-71.5-48.9zM192 464v-64.6l36.6 15.1L192 464zm212.6-28.7l-153.8-63.5L391 169.5c10.7-15.5-9.5-33.5-23.7-21.2L155.8 332.6 48 288 464 48l-59.4 387.3z\"><\/path><\/svg>\t\t\t\t\t\t\t\t\t\t\t\t\t\t\t\t\t<\/span>\n\t\t\t\t\t\t\t\t\t\t\t\t\t\t\t\t\t\t\t\t\t\t<span class=\"elementor-button-text\">Envoyer ma demande<\/span>\n\t\t\t\t\t\t\t\t\t\t\t\t\t<\/span>\n\t\t\t\t\t<\/button>\n\t\t\t\t<\/div>\n\t\t\t<\/div>\n\t\t<\/form>\n\t\t\t\t\t\t<\/div>\n\t\t\t\t<\/div>\n\t\t\t\t\t<\/div>\n\t\t\t\t<\/div>\n\t\t\t\t<\/div>\n\t\t","protected":false},"excerpt":{"rendered":"<p>Emballages isothermes pour autres industries Avez-vous un projet sp\u00e9cifique ou un d\u00e9fi particulier ? Si votre secteur pr\u00e9sente des exigences de temp\u00e9rature, ou si vous n\u2019avez pas trouv\u00e9 votre domaine dans notre liste, notre \u00e9quipe est l\u00e0 pour vous aider. Des dimensions personnalis\u00e9es aux dur\u00e9es thermiques sp\u00e9cifiques, nous vous orienterons vers la solution la plus [&hellip;]<\/p>\n","protected":false},"author":1,"featured_media":0,"parent":0,"menu_order":0,"comment_status":"closed","ping_status":"closed","template":"","meta":{"_acf_changed":false,"footnotes":""},"class_list":["post-5601","page","type-page","status-publish","hentry"],"acf":[],"_links":{"self":[{"href":"https:\/\/www.emballiso.com\/fr\/wp-json\/wp\/v2\/pages\/5601","targetHints":{"allow":["GET"]}}],"collection":[{"href":"https:\/\/www.emballiso.com\/fr\/wp-json\/wp\/v2\/pages"}],"about":[{"href":"https:\/\/www.emballiso.com\/fr\/wp-json\/wp\/v2\/types\/page"}],"author":[{"embeddable":true,"href":"https:\/\/www.emballiso.com\/fr\/wp-json\/wp\/v2\/users\/1"}],"replies":[{"embeddable":true,"href":"https:\/\/www.emballiso.com\/fr\/wp-json\/wp\/v2\/comments?post=5601"}],"version-history":[{"count":7,"href":"https:\/\/www.emballiso.com\/fr\/wp-json\/wp\/v2\/pages\/5601\/revisions"}],"predecessor-version":[{"id":8696,"href":"https:\/\/www.emballiso.com\/fr\/wp-json\/wp\/v2\/pages\/5601\/revisions\/8696"}],"wp:attachment":[{"href":"https:\/\/www.emballiso.com\/fr\/wp-json\/wp\/v2\/media?parent=5601"}],"curies":[{"name":"wp","href":"https:\/\/api.w.org\/{rel}","templated":true}]}}