{"id":8791,"date":"2024-11-22T09:05:41","date_gmt":"2024-11-22T08:05:41","guid":{"rendered":"https:\/\/www.emballiso.com\/produit\/modular-box-pallet\/"},"modified":"2026-04-20T10:01:55","modified_gmt":"2026-04-20T08:01:55","slug":"modular-box-pallet","status":"publish","type":"product","link":"https:\/\/www.emballiso.com\/es\/produit\/modular-box-pallet\/","title":{"rendered":"Modular Box Pallet"},"content":{"rendered":"","protected":false},"excerpt":{"rendered":"<h2 style=\"color: #307bbf;\">Soluci\u00f3n isot\u00e9rmica PREMIUM o STANDARD para env\u00edos de gran volumen a temperatura controlada<\/h2>\n<p>Los contenedores Modular Box Pallet est\u00e1n dise\u00f1ados para combinar un s\u00f3lido rendimiento t\u00e9rmico de <strong>hasta 120 horas<\/strong> con la m\u00e1xima flexibilidad log\u00edstica, permitiendo un transporte eficiente y operaciones simplificadas de log\u00edstica Reuse &amp; Reverse: <\/p>\n<ul>\n<li>Dise\u00f1o modular y plegable: ligero y totalmente desmontable, lo que permite el montaje y desmontaje en menos de 6 minutos y facilita el transporte y almacenamiento en formato flat-pack (paquete plano).<\/li>\n<li>Costes optimizados y sostenibilidad: gran capacidad y reutilizable dentro de la red de servicio Reuse &amp; Reverse, dise\u00f1ado para reducir el transporte, el almacenamiento y el impacto Ambiental.<\/li>\n<\/ul>\n<p>&nbsp;<\/p>\n<table style=\"width: 100%; border-collapse: collapse; font-size: 12px; color: #203a72;\">\n<thead>\n<tr style=\"text-align: center;\">\n<th style=\"padding: 6px 8px; border: 0px; background: transparent;\" colspan=\"5\"><\/th>\n<th style=\"padding: 6px 8px; border: 0px; background: #F4F8FE;\" colspan=\"3\">PESO DEL SISTEMA<\/th>\n<\/tr>\n<tr style=\"background-color: #203a72; color: #ffffff; text-align: center;\">\n<th style=\"padding: 6px 8px; border: 0px; background: transparent;\">Nombre del producto<\/th>\n<th style=\"padding: 6px 8px; border: 0px; background: transparent;\">Carga \u00fatil<\/th>\n<th style=\"padding: 6px 8px; border: 0px; background: transparent;\">Espacio interior<br \/>\nL x An x Al<\/th>\n<th style=\"padding: 6px 8px; border: 0px; background: transparent;\">Dimensiones exteriores<br \/>\nL x An x Al<\/th>\n<th style=\"padding: 6px 8px; border: 0px; background: transparent;\">Peso volum\u00e9trico<\/th>\n<th style=\"padding: 6px 8px; border: 0px; background: transparent;\">STANDARD (agua)<br \/>\nCool \/ Temperate<\/th>\n<th style=\"padding: 6px 8px; border: 0px; background: transparent;\">PREMIUM (PCM)<br \/>\nCool<\/th>\n<\/tr>\n<\/thead>\n<tbody>\n<tr style=\"background: #F4F8FE;\">\n<td style=\"padding: 6px 8px; border: 0px; text-align: left;\"><strong>Modular BP 601 6 sides<\/strong><\/td>\n<td style=\"padding: 6px 8px; border: 0px; text-align: center;\">601 L<\/td>\n<td style=\"padding: 6px 8px; border: 0px; text-align: center;\">955 x 768 x 819 mm<br \/>\n37.6 x 30.2 x 32.2 in<\/td>\n<td style=\"padding: 6px 8px; border: 0px; text-align: center;\">1 201 x 1 006 x 1 194 mm<br \/>\n47.3 x 39.6 x 47 in<\/td>\n<td style=\"padding: 6px 8px; border: 0px; text-align: center;\">241 kg<br \/>\n530 lb<\/td>\n<td style=\"padding: 6px 8px; border: 0px; text-align: center;\">N\/A<\/td>\n<td style=\"padding: 6px 8px; border: 0px; text-align: center;\">106 kg<br \/>\n234 lb<\/td>\n<\/tr>\n<tr>\n<td style=\"padding: 6px 8px; border: 0px; text-align: left;\"><strong>Modular BP 723 3 sides<\/strong><\/td>\n<td style=\"padding: 6px 8px; border: 0px; text-align: center;\">723 L<\/td>\n<td style=\"padding: 6px 8px; border: 0px; text-align: center;\">1067 x 768 x 882 mm<br \/>\n42 x 30.2 x 34.7 in<\/td>\n<td style=\"padding: 6px 8px; border: 0px; text-align: center;\">1 201 x 1006 x 1194 mm<br \/>\n47.3 x 39.6 x 47 in<\/td>\n<td style=\"padding: 6px 8px; border: 0px; text-align: center;\">241 kg<br \/>\n530 lbs<\/td>\n<td style=\"padding: 6px 8px; border: 0px; text-align: center;\">76 kg<br \/>\n167.6 lb<\/td>\n<td style=\"padding: 6px 8px; border: 0px; text-align: center;\">N\/A<\/td>\n<\/tr>\n<tr style=\"background: #F4F8FE;\">\n<td style=\"padding: 6px 8px; border: 0px; text-align: left;\"><strong>Modular BP 866 6 sides<\/strong><\/td>\n<td style=\"padding: 6px 8px; border: 0px; text-align: center;\">866 L<\/td>\n<td style=\"padding: 6px 8px; border: 0px; text-align: center;\">955 X 768 X 1 181 mm<br \/>\n37.6 x 30.2 x 46.5 in<\/td>\n<td style=\"padding: 6px 8px; border: 0px; text-align: center;\">1 201 x 1 006 x 1 556 mm<br \/>\n47.3 x 39.6 x 61.3 in<\/td>\n<td style=\"padding: 6px 8px; border: 0px; text-align: center;\">314 kg<br \/>\n691 lb<\/td>\n<td style=\"padding: 6px 8px; border: 0px; text-align: center;\">N\/A<\/td>\n<td style=\"padding: 6px 8px; border: 0px; text-align: center;\">124 kg<br \/>\n273 lb<\/td>\n<\/tr>\n<tr>\n<td style=\"padding: 6px 8px; border: 0px; text-align: left;\"><strong>Modular BP 1019 3 sides<\/strong><\/td>\n<td style=\"padding: 6px 8px; border: 0px; text-align: center;\">1 019 L<\/td>\n<td style=\"padding: 6px 8px; border: 0px; text-align: center;\">1 067 x 768 x 1 244 mm<br \/>\n42 x 30.2 x 49 in<\/td>\n<td style=\"padding: 6px 8px; border: 0px; text-align: center;\">1 201 x 1 006 x 1 556 mm<br \/>\n47.3 x 39.6 x 61.3 in<\/td>\n<td style=\"padding: 6px 8px; border: 0px; text-align: center;\">314 kg<br \/>\n691 lb<\/td>\n<td style=\"padding: 6px 8px; border: 0px; text-align: center;\">94 kg<br \/>\n207,2 lb<\/td>\n<td style=\"padding: 6px 8px; border: 0px; text-align: center;\">N\/A<\/td>\n<\/tr>\n<\/tbody>\n<\/table>\n<p class=\"p1\" style=\"font-size: 12px; color: #203a72;\"><strong>N\/A:<\/strong> Esta configuraci\u00f3n no est\u00e1 disponible para este producto.<\/p>\n","protected":false},"featured_media":6601,"comment_status":"closed","ping_status":"closed","template":"","meta":{"_acf_changed":false},"product_brand":[],"product_cat":[103],"product_tag":[],"class_list":{"0":"post-8791","1":"product","2":"type-product","3":"status-publish","4":"has-post-thumbnail","6":"product_cat-envio-de-carga-es","8":"first","9":"instock","10":"featured","11":"shipping-taxable","12":"product-type-simple"},"acf":[],"_links":{"self":[{"href":"https:\/\/www.emballiso.com\/es\/wp-json\/wp\/v2\/product\/8791","targetHints":{"allow":["GET"]}}],"collection":[{"href":"https:\/\/www.emballiso.com\/es\/wp-json\/wp\/v2\/product"}],"about":[{"href":"https:\/\/www.emballiso.com\/es\/wp-json\/wp\/v2\/types\/product"}],"replies":[{"embeddable":true,"href":"https:\/\/www.emballiso.com\/es\/wp-json\/wp\/v2\/comments?post=8791"}],"wp:featuredmedia":[{"embeddable":true,"href":"https:\/\/www.emballiso.com\/es\/wp-json\/wp\/v2\/media\/6601"}],"wp:attachment":[{"href":"https:\/\/www.emballiso.com\/es\/wp-json\/wp\/v2\/media?parent=8791"}],"wp:term":[{"taxonomy":"product_brand","embeddable":true,"href":"https:\/\/www.emballiso.com\/es\/wp-json\/wp\/v2\/product_brand?post=8791"},{"taxonomy":"product_cat","embeddable":true,"href":"https:\/\/www.emballiso.com\/es\/wp-json\/wp\/v2\/product_cat?post=8791"},{"taxonomy":"product_tag","embeddable":true,"href":"https:\/\/www.emballiso.com\/es\/wp-json\/wp\/v2\/product_tag?post=8791"}],"curies":[{"name":"wp","href":"https:\/\/api.w.org\/{rel}","templated":true}]}}