{"id":6600,"date":"2024-11-22T09:05:41","date_gmt":"2024-11-22T08:05:41","guid":{"rendered":"https:\/\/www.emballiso.com\/produit\/modular-box-pallet\/"},"modified":"2024-11-22T09:05:41","modified_gmt":"2024-11-22T08:05:41","slug":"modular-box-pallet","status":"publish","type":"product","link":"https:\/\/www.emballiso.com\/es\/produit\/modular-box-pallet\/","title":{"rendered":"Modular Box Pallet"},"content":{"rendered":"","protected":false},"excerpt":{"rendered":"<h2 style=\"color: #307bbf;\">Soluci\u00f3n isot\u00e9rmica PREMIUM o STANDARD para env\u00edos de gran volumen a temperatura controlada<\/h2>\n<p>Los contenedores Modular Box Pallet est\u00e1n dise\u00f1ados para combinar un s\u00f3lido rendimiento t\u00e9rmico de <strong>hasta 120 horas<\/strong> con la m\u00e1xima flexibilidad log\u00edstica, permitiendo un transporte eficiente y operaciones simplificadas de log\u00edstica Reuse &amp; Reverse: <\/p>\n<ul>\n<li>Dise\u00f1o modular y plegable: ligero y totalmente desmontable, lo que permite el montaje y desmontaje en menos de 6 minutos y facilita el transporte y almacenamiento en formato flat-pack (paquete plano).<\/li>\n<li>Costes optimizados y sostenibilidad: gran capacidad y reutilizable dentro de la red de servicio Reuse &amp; Reverse, dise\u00f1ado para reducir el transporte, el almacenamiento y el impacto Ambiental.<\/li>\n<\/ul>\n","protected":false},"featured_media":6601,"comment_status":"closed","ping_status":"closed","template":"","meta":{"_acf_changed":false},"product_brand":[],"product_cat":[103],"product_tag":[],"class_list":{"0":"post-6600","1":"product","2":"type-product","3":"status-publish","4":"has-post-thumbnail","6":"product_cat-envio-de-carga-es","8":"first","9":"instock","10":"featured","11":"shipping-taxable","12":"product-type-simple"},"acf":[],"_links":{"self":[{"href":"https:\/\/www.emballiso.com\/es\/wp-json\/wp\/v2\/product\/6600","targetHints":{"allow":["GET"]}}],"collection":[{"href":"https:\/\/www.emballiso.com\/es\/wp-json\/wp\/v2\/product"}],"about":[{"href":"https:\/\/www.emballiso.com\/es\/wp-json\/wp\/v2\/types\/product"}],"replies":[{"embeddable":true,"href":"https:\/\/www.emballiso.com\/es\/wp-json\/wp\/v2\/comments?post=6600"}],"wp:featuredmedia":[{"embeddable":true,"href":"https:\/\/www.emballiso.com\/es\/wp-json\/wp\/v2\/media\/6601"}],"wp:attachment":[{"href":"https:\/\/www.emballiso.com\/es\/wp-json\/wp\/v2\/media?parent=6600"}],"wp:term":[{"taxonomy":"product_brand","embeddable":true,"href":"https:\/\/www.emballiso.com\/es\/wp-json\/wp\/v2\/product_brand?post=6600"},{"taxonomy":"product_cat","embeddable":true,"href":"https:\/\/www.emballiso.com\/es\/wp-json\/wp\/v2\/product_cat?post=6600"},{"taxonomy":"product_tag","embeddable":true,"href":"https:\/\/www.emballiso.com\/es\/wp-json\/wp\/v2\/product_tag?post=6600"}],"curies":[{"name":"wp","href":"https:\/\/api.w.org\/{rel}","templated":true}]}}