{"id":6585,"date":"2024-11-23T10:35:15","date_gmt":"2024-11-23T09:35:15","guid":{"rendered":"https:\/\/www.emballiso.com\/produit\/box-pallet\/"},"modified":"2026-03-23T17:18:46","modified_gmt":"2026-03-23T16:18:46","slug":"box-pallet","status":"publish","type":"product","link":"https:\/\/www.emballiso.com\/es\/produit\/box-pallet\/","title":{"rendered":"Box Pallet"},"content":{"rendered":"","protected":false},"excerpt":{"rendered":"<h2 style=\"color: #307bbf;\">Soluci\u00f3n isot\u00e9rmica PREMIUM o STANDARD para el transporte de gran volumen a temperatura controlada<\/h2>\n<p>Los Box Pallet est\u00e1n dise\u00f1ados para facilitar el env\u00edo de grandes vol\u00famenes de productos sensibles a la temperatura, garantizando una protecci\u00f3n t\u00e9rmica fiable y operaciones log\u00edsticas optimizadas:<\/p>\n<ul>\n<li>Rendimiento t\u00e9rmico fiable: mantiene los rangos COOL +2 \u00b0C \/ +8 \u00b0C, TEMPERATE +2 \u00b0C \/ +25 \u00b0C o TEMPERATE +15 \u00b0C \/ +25 \u00b0C durante <strong>hasta 120 horas<\/strong>. Est\u00e1 validado para temperaturas externas de -20 \u00b0C a +60 \u00b0C y calificado para los requisitos de carga general (General Cargo) y transporte a\u00e9reo.<\/li>\n<li>Operaciones sencillas y eficientes : f\u00e1cil de cargar, llenar y transportar. Utiliza fundas de placas PCM (materiales de cambio de fase) id\u00e9nticas para todos los tama\u00f1os de Box Pallet, con el respaldo de protocolos de preparaci\u00f3n detallados y formaci\u00f3n espec\u00edfica.<\/li>\n<\/ul>\n","protected":false},"featured_media":6586,"comment_status":"closed","ping_status":"closed","template":"","meta":{"_acf_changed":false},"product_brand":[],"product_cat":[103],"product_tag":[],"class_list":{"0":"post-6585","1":"product","2":"type-product","3":"status-publish","4":"has-post-thumbnail","6":"product_cat-envio-de-carga-es","8":"first","9":"instock","10":"shipping-taxable","11":"product-type-simple"},"acf":[],"_links":{"self":[{"href":"https:\/\/www.emballiso.com\/es\/wp-json\/wp\/v2\/product\/6585","targetHints":{"allow":["GET"]}}],"collection":[{"href":"https:\/\/www.emballiso.com\/es\/wp-json\/wp\/v2\/product"}],"about":[{"href":"https:\/\/www.emballiso.com\/es\/wp-json\/wp\/v2\/types\/product"}],"replies":[{"embeddable":true,"href":"https:\/\/www.emballiso.com\/es\/wp-json\/wp\/v2\/comments?post=6585"}],"wp:featuredmedia":[{"embeddable":true,"href":"https:\/\/www.emballiso.com\/es\/wp-json\/wp\/v2\/media\/6586"}],"wp:attachment":[{"href":"https:\/\/www.emballiso.com\/es\/wp-json\/wp\/v2\/media?parent=6585"}],"wp:term":[{"taxonomy":"product_brand","embeddable":true,"href":"https:\/\/www.emballiso.com\/es\/wp-json\/wp\/v2\/product_brand?post=6585"},{"taxonomy":"product_cat","embeddable":true,"href":"https:\/\/www.emballiso.com\/es\/wp-json\/wp\/v2\/product_cat?post=6585"},{"taxonomy":"product_tag","embeddable":true,"href":"https:\/\/www.emballiso.com\/es\/wp-json\/wp\/v2\/product_tag?post=6585"}],"curies":[{"name":"wp","href":"https:\/\/api.w.org\/{rel}","templated":true}]}}