{"id":6575,"date":"2025-09-17T09:50:16","date_gmt":"2025-09-17T07:50:16","guid":{"rendered":"https:\/\/www.emballiso.com\/produit\/isothermal-bag\/"},"modified":"2026-03-23T17:08:47","modified_gmt":"2026-03-23T16:08:47","slug":"isothermal-bag","status":"publish","type":"product","link":"https:\/\/www.emballiso.com\/es\/produit\/isothermal-bag\/","title":{"rendered":"ISOTHERMAL BAG"},"content":{"rendered":"","protected":false},"excerpt":{"rendered":"<h2 style=\"color: #307bbf;\">STANDARD: Soluci\u00f3n isot\u00e9rmica pr\u00e1ctica para la cadena de fr\u00edo<\/h2>\n<ul>\n<li><strong>Hasta 24 horas<\/strong> de control de temperatura: Mantiene condiciones REFRIGERADAS (2 \u00b0C \u2013 8 \u00b0C), ideal para el transporte de vacunas, insulina y otros productos m\u00e9dicos sensibles a la temperatura.<\/li>\n<li>Versatilidad: Disponible en m\u00faltiples tama\u00f1os, garantizando la facilidad de uso para la entrega de \u00faltima milla.<\/li>\n<\/ul>\n","protected":false},"featured_media":6576,"comment_status":"closed","ping_status":"closed","template":"","meta":{"_acf_changed":false},"product_brand":[],"product_cat":[112],"product_tag":[],"class_list":{"0":"post-6575","1":"product","2":"type-product","3":"status-publish","4":"has-post-thumbnail","6":"product_cat-envio-de-paqueteria","8":"first","9":"instock","10":"featured","11":"shipping-taxable","12":"product-type-simple"},"acf":[],"_links":{"self":[{"href":"https:\/\/www.emballiso.com\/es\/wp-json\/wp\/v2\/product\/6575","targetHints":{"allow":["GET"]}}],"collection":[{"href":"https:\/\/www.emballiso.com\/es\/wp-json\/wp\/v2\/product"}],"about":[{"href":"https:\/\/www.emballiso.com\/es\/wp-json\/wp\/v2\/types\/product"}],"replies":[{"embeddable":true,"href":"https:\/\/www.emballiso.com\/es\/wp-json\/wp\/v2\/comments?post=6575"}],"wp:featuredmedia":[{"embeddable":true,"href":"https:\/\/www.emballiso.com\/es\/wp-json\/wp\/v2\/media\/6576"}],"wp:attachment":[{"href":"https:\/\/www.emballiso.com\/es\/wp-json\/wp\/v2\/media?parent=6575"}],"wp:term":[{"taxonomy":"product_brand","embeddable":true,"href":"https:\/\/www.emballiso.com\/es\/wp-json\/wp\/v2\/product_brand?post=6575"},{"taxonomy":"product_cat","embeddable":true,"href":"https:\/\/www.emballiso.com\/es\/wp-json\/wp\/v2\/product_cat?post=6575"},{"taxonomy":"product_tag","embeddable":true,"href":"https:\/\/www.emballiso.com\/es\/wp-json\/wp\/v2\/product_tag?post=6575"}],"curies":[{"name":"wp","href":"https:\/\/api.w.org\/{rel}","templated":true}]}}