{"id":6545,"date":"2025-09-20T14:30:38","date_gmt":"2025-09-20T12:30:38","guid":{"rendered":"https:\/\/www.emballiso.com\/produit\/deep-freeze\/"},"modified":"2025-09-20T14:30:38","modified_gmt":"2025-09-20T12:30:38","slug":"deep-freeze","status":"publish","type":"product","link":"https:\/\/www.emballiso.com\/es\/produit\/deep-freeze\/","title":{"rendered":"DEEP FREEZE"},"content":{"rendered":"","protected":false},"excerpt":{"rendered":"<h2 style=\"color: #307bbf;\">Soluci\u00f3n de env\u00edo PREMIUM a temperatura controlada<\/h2>\n<ul>\n<li>Combinado con hielo seco, Deep Freeze mantiene sus productos a -70 \u00b0C durante <strong><strong>hasta 144 horas<\/strong><\/strong>.<\/li>\n<li>F\u00e1cil de usar y fiable: Con un dise\u00f1o intuitivo y optimizado para el transporte de grandes vol\u00famenes, garantiza que sus productos sensibles a la temperatura permanezcan seguros durante todo el trayecto<\/li>\n<\/ul>\n","protected":false},"featured_media":6546,"comment_status":"closed","ping_status":"closed","template":"","meta":{"_acf_changed":false},"product_brand":[],"product_cat":[112],"product_tag":[],"class_list":{"0":"post-6545","1":"product","2":"type-product","3":"status-publish","4":"has-post-thumbnail","6":"product_cat-envio-de-paqueteria","8":"first","9":"instock","10":"featured","11":"shipping-taxable","12":"product-type-simple"},"acf":[],"_links":{"self":[{"href":"https:\/\/www.emballiso.com\/es\/wp-json\/wp\/v2\/product\/6545","targetHints":{"allow":["GET"]}}],"collection":[{"href":"https:\/\/www.emballiso.com\/es\/wp-json\/wp\/v2\/product"}],"about":[{"href":"https:\/\/www.emballiso.com\/es\/wp-json\/wp\/v2\/types\/product"}],"replies":[{"embeddable":true,"href":"https:\/\/www.emballiso.com\/es\/wp-json\/wp\/v2\/comments?post=6545"}],"wp:featuredmedia":[{"embeddable":true,"href":"https:\/\/www.emballiso.com\/es\/wp-json\/wp\/v2\/media\/6546"}],"wp:attachment":[{"href":"https:\/\/www.emballiso.com\/es\/wp-json\/wp\/v2\/media?parent=6545"}],"wp:term":[{"taxonomy":"product_brand","embeddable":true,"href":"https:\/\/www.emballiso.com\/es\/wp-json\/wp\/v2\/product_brand?post=6545"},{"taxonomy":"product_cat","embeddable":true,"href":"https:\/\/www.emballiso.com\/es\/wp-json\/wp\/v2\/product_cat?post=6545"},{"taxonomy":"product_tag","embeddable":true,"href":"https:\/\/www.emballiso.com\/es\/wp-json\/wp\/v2\/product_tag?post=6545"}],"curies":[{"name":"wp","href":"https:\/\/api.w.org\/{rel}","templated":true}]}}