{"id":6535,"date":"2025-09-24T09:00:48","date_gmt":"2025-09-24T07:00:48","guid":{"rendered":"https:\/\/www.emballiso.com\/produit\/hpbp\/"},"modified":"2025-09-24T09:00:48","modified_gmt":"2025-09-24T07:00:48","slug":"hpbp","status":"publish","type":"product","link":"https:\/\/www.emballiso.com\/es\/produit\/hpbp\/","title":{"rendered":"HPBP"},"content":{"rendered":"<p>(HIGH PERFORMANCE BOX PALLET)<\/p>\n","protected":false},"excerpt":{"rendered":"<h2 style=\"color: #307bbf;\">Protecci\u00f3n isot\u00e9rmica PREMIUM+ para env\u00edos de gran volumen a temperatura controlada<\/h2>\n<p>Los contenedores High Performance Box Pallet est\u00e1n dise\u00f1ados para transportar de forma segura grandes vol\u00famenes de productos sensibles a la temperatura, garantizando un rendimiento t\u00e9rmico fiable en m\u00faltiples rangos:<\/p>\n<ul>\n<li>Alto rendimiento t\u00e9rmico: mantiene los rangos COOL +2 \u00b0C \/ +8 \u00b0C, TEMPERATE +15 \u00b0C \/ +25 \u00b0C o FREEZE -25 \u00b0C \/ -15 \u00b0C durante <strong>hasta 144 horas<\/strong>, calificado seg\u00fan los est\u00e1ndares ISTA 7D Summer &amp; Winter.<\/li>\n<li>Soluci\u00f3n segura y reutilizable: contenedor isot\u00e9rmico de gran capacidad dise\u00f1ado para el transporte seguro de altos vol\u00famenes, reutilizable con nuestro servicio Reuse &amp; Reverse, que incluye limpieza, control de calidad y reparaci\u00f3n si es necesario.<\/li>\n<\/ul>\n","protected":false},"featured_media":6536,"comment_status":"closed","ping_status":"closed","template":"","meta":{"_acf_changed":false},"product_brand":[],"product_cat":[103],"product_tag":[],"class_list":{"0":"post-6535","1":"product","2":"type-product","3":"status-publish","4":"has-post-thumbnail","6":"product_cat-envio-de-carga-es","8":"first","9":"instock","10":"featured","11":"shipping-taxable","12":"product-type-simple"},"acf":[],"_links":{"self":[{"href":"https:\/\/www.emballiso.com\/es\/wp-json\/wp\/v2\/product\/6535","targetHints":{"allow":["GET"]}}],"collection":[{"href":"https:\/\/www.emballiso.com\/es\/wp-json\/wp\/v2\/product"}],"about":[{"href":"https:\/\/www.emballiso.com\/es\/wp-json\/wp\/v2\/types\/product"}],"replies":[{"embeddable":true,"href":"https:\/\/www.emballiso.com\/es\/wp-json\/wp\/v2\/comments?post=6535"}],"wp:featuredmedia":[{"embeddable":true,"href":"https:\/\/www.emballiso.com\/es\/wp-json\/wp\/v2\/media\/6536"}],"wp:attachment":[{"href":"https:\/\/www.emballiso.com\/es\/wp-json\/wp\/v2\/media?parent=6535"}],"wp:term":[{"taxonomy":"product_brand","embeddable":true,"href":"https:\/\/www.emballiso.com\/es\/wp-json\/wp\/v2\/product_brand?post=6535"},{"taxonomy":"product_cat","embeddable":true,"href":"https:\/\/www.emballiso.com\/es\/wp-json\/wp\/v2\/product_cat?post=6535"},{"taxonomy":"product_tag","embeddable":true,"href":"https:\/\/www.emballiso.com\/es\/wp-json\/wp\/v2\/product_tag?post=6535"}],"curies":[{"name":"wp","href":"https:\/\/api.w.org\/{rel}","templated":true}]}}