{"id":6517,"date":"2025-09-24T09:30:52","date_gmt":"2025-09-24T07:30:52","guid":{"rendered":"https:\/\/www.emballiso.com\/produit\/deep-freeze-vype\/"},"modified":"2026-03-23T15:48:50","modified_gmt":"2026-03-23T14:48:50","slug":"deep-freeze-vype","status":"publish","type":"product","link":"https:\/\/www.emballiso.com\/es\/produit\/deep-freeze-vype\/","title":{"rendered":"DEEP FREEZE VYPE"},"content":{"rendered":"","protected":false},"excerpt":{"rendered":"<h2 style=\"color: #307bbf;\">Soluci\u00f3n de env\u00edo PREMIUM+ a temperatura controlada<\/h2>\n<ul>\n<li>Mantiene sus productos a temperaturas \u00f3ptimas durante <strong>hasta 244 horas<\/strong>, calificada seg\u00fan los est\u00e1ndares ISTA 7D, sin necesidad de a\u00f1adir hielo seco adicional.<\/li>\n<\/ul>\n<ul>\n<li>Tecnolog\u00eda avanzada: Fabricada con paneles de aislamiento al vac\u00edo (VIP), que proporcionan la m\u00e1xima protecci\u00f3n incluso en condiciones extremas.<\/li>\n<\/ul>\n","protected":false},"featured_media":5041,"comment_status":"closed","ping_status":"closed","template":"","meta":{"_acf_changed":false},"product_brand":[],"product_cat":[112],"product_tag":[],"class_list":{"0":"post-6517","1":"product","2":"type-product","3":"status-publish","4":"has-post-thumbnail","6":"product_cat-envio-de-paqueteria","8":"first","9":"instock","10":"shipping-taxable","11":"product-type-simple"},"acf":[],"_links":{"self":[{"href":"https:\/\/www.emballiso.com\/es\/wp-json\/wp\/v2\/product\/6517","targetHints":{"allow":["GET"]}}],"collection":[{"href":"https:\/\/www.emballiso.com\/es\/wp-json\/wp\/v2\/product"}],"about":[{"href":"https:\/\/www.emballiso.com\/es\/wp-json\/wp\/v2\/types\/product"}],"replies":[{"embeddable":true,"href":"https:\/\/www.emballiso.com\/es\/wp-json\/wp\/v2\/comments?post=6517"}],"wp:featuredmedia":[{"embeddable":true,"href":"https:\/\/www.emballiso.com\/es\/wp-json\/wp\/v2\/media\/5041"}],"wp:attachment":[{"href":"https:\/\/www.emballiso.com\/es\/wp-json\/wp\/v2\/media?parent=6517"}],"wp:term":[{"taxonomy":"product_brand","embeddable":true,"href":"https:\/\/www.emballiso.com\/es\/wp-json\/wp\/v2\/product_brand?post=6517"},{"taxonomy":"product_cat","embeddable":true,"href":"https:\/\/www.emballiso.com\/es\/wp-json\/wp\/v2\/product_cat?post=6517"},{"taxonomy":"product_tag","embeddable":true,"href":"https:\/\/www.emballiso.com\/es\/wp-json\/wp\/v2\/product_tag?post=6517"}],"curies":[{"name":"wp","href":"https:\/\/api.w.org\/{rel}","templated":true}]}}