{"id":6482,"date":"2025-11-27T09:52:37","date_gmt":"2025-11-27T08:52:37","guid":{"rendered":"https:\/\/www.emballiso.com\/produit\/hpps\/"},"modified":"2025-11-27T09:52:37","modified_gmt":"2025-11-27T08:52:37","slug":"hpps","status":"publish","type":"product","link":"https:\/\/www.emballiso.com\/es\/produit\/hpps\/","title":{"rendered":"HPPS"},"content":{"rendered":"<p>(HIGH PERFORMANCE PALLET SHIPPER)<\/p>\n","protected":false},"excerpt":{"rendered":"<h2 style=\"color: #307bbf;\">Protecci\u00f3n isot\u00e9rmica PREMIUM+ para la log\u00edstica a temperatura controlada.<\/h2>\n<p>High Performance Pallet Shipper est\u00e1 dise\u00f1ado para garantizar una protecci\u00f3n t\u00e9rmica fiable para productos farmac\u00e9uticos sensibles, optimizando al mismo tiempo la eficiencia del transporte:<\/p>\n<ul>\n<li>Rendimiento t\u00e9rmico muy elevado: calificado seg\u00fan los est\u00e1ndares ISTA 7D Summer &amp; Winter, manteniendo temperaturas COOL +2 \u00b0C \/ +8 \u00b0C, TEMPERATE +15 \u00b0C \/ +25 \u00b0C, FREEZE -25 \u00b0C \/ -15 \u00b0C, durante hasta 144 horas gracias a los materiales de cambio de fase PCM de alto rendimiento.<\/li>\n<li>Dise\u00f1o log\u00edstico optimizado: una soluci\u00f3n ligera, plegable (flat-pack) y f\u00e1cil de transportar, con un montaje y desmontaje r\u00e1pido en menos de 5 minutos, compatible con Euro Pallet, US Pallet y 2 Euro o US Pallet.<\/li>\n<\/ul>\n","protected":false},"featured_media":6483,"comment_status":"closed","ping_status":"closed","template":"","meta":{"_acf_changed":false},"product_brand":[],"product_cat":[103],"product_tag":[],"class_list":{"0":"post-6482","1":"product","2":"type-product","3":"status-publish","4":"has-post-thumbnail","6":"product_cat-envio-de-carga-es","8":"first","9":"instock","10":"featured","11":"shipping-taxable","12":"product-type-simple"},"acf":[],"_links":{"self":[{"href":"https:\/\/www.emballiso.com\/es\/wp-json\/wp\/v2\/product\/6482","targetHints":{"allow":["GET"]}}],"collection":[{"href":"https:\/\/www.emballiso.com\/es\/wp-json\/wp\/v2\/product"}],"about":[{"href":"https:\/\/www.emballiso.com\/es\/wp-json\/wp\/v2\/types\/product"}],"replies":[{"embeddable":true,"href":"https:\/\/www.emballiso.com\/es\/wp-json\/wp\/v2\/comments?post=6482"}],"wp:featuredmedia":[{"embeddable":true,"href":"https:\/\/www.emballiso.com\/es\/wp-json\/wp\/v2\/media\/6483"}],"wp:attachment":[{"href":"https:\/\/www.emballiso.com\/es\/wp-json\/wp\/v2\/media?parent=6482"}],"wp:term":[{"taxonomy":"product_brand","embeddable":true,"href":"https:\/\/www.emballiso.com\/es\/wp-json\/wp\/v2\/product_brand?post=6482"},{"taxonomy":"product_cat","embeddable":true,"href":"https:\/\/www.emballiso.com\/es\/wp-json\/wp\/v2\/product_cat?post=6482"},{"taxonomy":"product_tag","embeddable":true,"href":"https:\/\/www.emballiso.com\/es\/wp-json\/wp\/v2\/product_tag?post=6482"}],"curies":[{"name":"wp","href":"https:\/\/api.w.org\/{rel}","templated":true}]}}