{"id":6001,"date":"2026-02-17T14:00:10","date_gmt":"2026-02-17T13:00:10","guid":{"rendered":"https:\/\/www.emballiso.com\/produit\/vype\/"},"modified":"2026-03-23T12:23:16","modified_gmt":"2026-03-23T11:23:16","slug":"vype","status":"publish","type":"product","link":"https:\/\/www.emballiso.com\/es\/produit\/vype\/","title":{"rendered":"VYPE"},"content":{"rendered":"","protected":false},"excerpt":{"rendered":"<h2 style=\"color: #307bbf;\">Protecci\u00f3n isot\u00e9rmica PREMIUM+ dise\u00f1ada para proporcionar un rendimiento de aislamiento excepcional<\/h2>\n<ul>\n<li>Tecnolog\u00eda de aislamiento avanzada: construcci\u00f3n que combina Paneles de Aislamiento al Vac\u00edo (VIP) con materiales de cambio de fase (PCM) para asegurar la m\u00e1xima estabilidad t\u00e9rmica durante <strong>hasta 144 horas<\/strong>, calificada seg\u00fan los est\u00e1ndares ISTA 7D Summer &amp; Winter.<\/li>\n<\/ul>\n<ul>\n<li>Ingenier\u00eda de seguridad: dise\u00f1ada para asegurar productos farmac\u00e9uticos y termosensibles en los entornos de transporte m\u00e1s exigentes.<\/li>\n<\/ul>\n","protected":false},"featured_media":6002,"comment_status":"closed","ping_status":"closed","template":"","meta":{"_acf_changed":false},"product_brand":[],"product_cat":[112],"product_tag":[],"class_list":{"0":"post-6001","1":"product","2":"type-product","3":"status-publish","4":"has-post-thumbnail","6":"product_cat-envio-de-paqueteria","8":"first","9":"instock","10":"featured","11":"shipping-taxable","12":"product-type-simple"},"acf":[],"_links":{"self":[{"href":"https:\/\/www.emballiso.com\/es\/wp-json\/wp\/v2\/product\/6001","targetHints":{"allow":["GET"]}}],"collection":[{"href":"https:\/\/www.emballiso.com\/es\/wp-json\/wp\/v2\/product"}],"about":[{"href":"https:\/\/www.emballiso.com\/es\/wp-json\/wp\/v2\/types\/product"}],"replies":[{"embeddable":true,"href":"https:\/\/www.emballiso.com\/es\/wp-json\/wp\/v2\/comments?post=6001"}],"wp:featuredmedia":[{"embeddable":true,"href":"https:\/\/www.emballiso.com\/es\/wp-json\/wp\/v2\/media\/6002"}],"wp:attachment":[{"href":"https:\/\/www.emballiso.com\/es\/wp-json\/wp\/v2\/media?parent=6001"}],"wp:term":[{"taxonomy":"product_brand","embeddable":true,"href":"https:\/\/www.emballiso.com\/es\/wp-json\/wp\/v2\/product_brand?post=6001"},{"taxonomy":"product_cat","embeddable":true,"href":"https:\/\/www.emballiso.com\/es\/wp-json\/wp\/v2\/product_cat?post=6001"},{"taxonomy":"product_tag","embeddable":true,"href":"https:\/\/www.emballiso.com\/es\/wp-json\/wp\/v2\/product_tag?post=6001"}],"curies":[{"name":"wp","href":"https:\/\/api.w.org\/{rel}","templated":true}]}}