{"id":7736,"date":"2025-10-15T20:20:41","date_gmt":"2025-10-15T18:20:41","guid":{"rendered":"https:\/\/www.emballiso.com\/informacion-legal\/"},"modified":"2026-04-08T12:39:45","modified_gmt":"2026-04-08T10:39:45","slug":"informacion-legal","status":"publish","type":"page","link":"https:\/\/www.emballiso.com\/es\/informacion-legal\/","title":{"rendered":"Informaci\u00f3n legal"},"content":{"rendered":"\t\t<div data-elementor-type=\"wp-page\" data-elementor-id=\"7736\" class=\"elementor elementor-7736 elementor-325\" data-elementor-post-type=\"page\">\n\t\t\t\t<div class=\"elementor-element elementor-element-64fbe5da e-flex e-con-boxed e-con e-parent\" data-id=\"64fbe5da\" data-element_type=\"container\" data-e-type=\"container\">\n\t\t\t\t\t<div class=\"e-con-inner\">\n\t\t<div class=\"elementor-element elementor-element-7ae82b3 e-con-full e-flex e-con e-child\" data-id=\"7ae82b3\" data-element_type=\"container\" data-e-type=\"container\">\n\t\t<div class=\"elementor-element elementor-element-f4d9439 e-con-full e-flex e-con e-child\" data-id=\"f4d9439\" data-element_type=\"container\" data-e-type=\"container\">\n\t\t\t\t<div class=\"elementor-element elementor-element-06bdca0 elementor-widget elementor-widget-heading\" data-id=\"06bdca0\" data-element_type=\"widget\" data-e-type=\"widget\" data-widget_type=\"heading.default\">\n\t\t\t\t\t<h1 class=\"elementor-heading-title elementor-size-default\">Informaci\u00f3n legal<\/h1>\t\t\t\t<\/div>\n\t\t\t\t<div class=\"elementor-element elementor-element-4016b91 elementor-widget elementor-widget-text-editor\" data-id=\"4016b91\" data-element_type=\"widget\" data-e-type=\"widget\" data-widget_type=\"text-editor.default\">\n\t\t\t\t\t\t\t\t\t<h2>Copyright<\/h2><p>De conformidad con las leyes que rigen los derechos de autor, relativos a la propiedad literaria y art\u00edstica, la reproducci\u00f3n y la representaci\u00f3n total o parcial de los elementos que componen este sitio est\u00e1n estrictamente prohibidas. Asimismo, todas las marcas mencionadas son marcas registradas. <\/p><h2>Cr\u00e9ditos<\/h2><p>Fotos :<br>&#8211; EMBALL&#8217;ISO SA<\/p><h2>Propietario<\/h2><p>EMBALL&#8217;ISO SA<br>ZONE INDUSTRIELLE DES VERNAILLES<br>320 RUE DE L&#8217;AVENIR<br>69830 SAINT GEORGES DE RENEINS<br>FRANCIA<\/p><h2>Alojamiento web<\/h2><p>OVH <br>2 rue Kellermann<br>59100 Roubaix<br>Francia<\/p><h2>Condiciones de uso del sitio web<\/h2><p>EMBALL\u2019ISO SA le da la bienvenida a su sitio web (mencionado como \u00abSitio\u00bb a continuaci\u00f3n).<\/p><p>Por favor, lea atentamente las siguientes condiciones antes de utilizar el Sitio. El uso del Sitio implica la aceptaci\u00f3n de estas condiciones. En consecuencia, al acceder al Sitio, todo usuario de Internet (en adelante, \u00abel Usuario\u00bb) se compromete a cumplir y respetar las siguientes normas:  <\/p><p>1. Derechos de propiedad intelectual del Sitio<br>2. Datos personales<br>3. Uso del Sitio<br>4. Modificaci\u00f3n de la declaraci\u00f3n<br>5. Ley aplicable<\/p><h3>1. Derechos de propiedad intelectual del Sitio<\/h3><p>El Sitio de EMBALL\u2019ISO SA es una obra intelectual protegida por la ley de propiedad intelectual. El Sitio y cada uno de sus elementos integrantes (tales como marcas, logotipos, fotograf\u00edas, im\u00e1genes, ilustraciones, textos, videoclips&#8230;) son propiedad exclusiva de EMBALL\u2019ISO SA, la \u00fanica autorizada para hacer uso de los derechos de propiedad intelectual y derechos de personalidad relacionados, y que no concede ninguna licencia ni ning\u00fan otro derecho excepto el derecho a visitar el Sitio. <\/p><p>La reproducci\u00f3n de cualquier documento publicado en el Sitio est\u00e1 permitida exclusivamente con fines informativos, para uso estrictamente privado y personal. Cualquier reproducci\u00f3n o representaci\u00f3n del sitio, ya sea total o parcial, o de cualquiera de sus elementos integrantes, en cualquier tipo de soporte y en cualquier forma, para otros fines, y especialmente para uso comercial, est\u00e1 expresamente prohibida. Todas las solicitudes de autorizaci\u00f3n deben enviarse a EMBALL\u2019ISO SA. El uso no autorizado de cualquier tipo constituye una infracci\u00f3n que da lugar a sanciones penales.   <\/p><p>El establecimiento de enlaces de hipertexto hacia el Sitio de EMBALL\u2019ISO SA no puede, en ning\u00fan caso, comprometer la responsabilidad de EMBALL\u2019ISO SA.<\/p><h3>2. Datos personales<\/h3><p>EMBALL\u2019ISO SA se compromete a mantener la confidencialidad de la informaci\u00f3n personal relativa al Usuario que pueda recopilar (especialmente a trav\u00e9s de su suscripci\u00f3n al bolet\u00edn de noticias, participaci\u00f3n en concursos o compras en l\u00ednea).<br>Finalmente, con el consentimiento del Usuario, EMBALL\u2019ISO SA podr\u00e1 transferir datos relativos al Usuario a sus socios. En cumplimiento de la ley francesa de inform\u00e1tica y libertades, se informa a los Usuarios de que tienen derecho a acceder, corregir, suprimir y solicitar el no uso de sus datos personales. Para ejercer este derecho, los Usuarios deben enviar una carta a trav\u00e9s del Formulario de Contacto. <\/p><h3>3. Uso del sitio<\/h3><p><strong>Acceso al sitio <\/strong><br>EMBALL\u2019ISO SA har\u00e1 todos los esfuerzos posibles para mantener el Sitio accesible, pero no asume ninguna obligaci\u00f3n de lograr este objetivo. Se establece expresamente que, por motivos de mantenimiento, actualizaciones y cualquier otra raz\u00f3n, especialmente t\u00e9cnica, el acceso al Sitio puede verse interrumpido. EMBALL\u2019ISO SA no es responsable en modo alguno de estas interrupciones ni de las consecuencias que puedan tener para el Usuario.  <\/p><p><strong>Contenido del sitio<\/strong><br>EMBALL\u2019ISO SA har\u00e1 todos los esfuerzos posibles para mantener actualizado el contenido del Sitio y proporcionar a los Usuarios informaci\u00f3n precisa. Sin embargo, EMBALL\u2019ISO SA no puede garantizar la exactitud, precisi\u00f3n o exhaustividad de los datos incluidos en el Sitio. <\/p><p>EMBALL\u2019ISO SA no acepta ninguna responsabilidad por cualquier inexactitud u omisi\u00f3n relativa a los datos disponibles en el Sitio, as\u00ed como por cualquier da\u00f1o resultante de la intrusi\u00f3n fraudulenta de un tercero que d\u00e9 lugar a una modificaci\u00f3n de dichos datos. Cualquier error u omisi\u00f3n debe ser reportado a trav\u00e9s del Formulario de Contacto. <\/p><p>Los enlaces de hipertexto instalados en el Sitio llevar\u00e1n al Usuario a los sitios de Internet de diversos socios. Se establece expresamente que EMBALL\u2019ISO SA no ha verificado todos los sitios que puedan estar conectados al suyo, ni el contenido y la informaci\u00f3n que se encuentran en ellos, y por consiguiente rechaza cualquier responsabilidad por el contenido, la publicidad, los productos o servicios disponibles en estos sitios y por el uso que el Usuario haga de ellos. Las visitas a estos sitios por parte del Usuario son de su propia responsabilidad.  <\/p><p>Los enlaces de hipertexto al Sitio solo pueden crearse con la autorizaci\u00f3n previa y por escrito de EMBALL\u2019ISO SA. Todas las solicitudes de autorizaci\u00f3n deben enviarse a trav\u00e9s del Formulario de Contacto. El uso no autorizado de cualquier tipo constituye una infracci\u00f3n que da lugar a sanciones penales.  <\/p><p><strong>Cookies<\/strong><br>EMBALL\u2019ISO SA puede instalar una cookie en el ordenador del Usuario, previo acuerdo, que permitir\u00e1 identificarlo. Una cookie es un peque\u00f1o archivo inform\u00e1tico almacenado en el disco duro del ordenador. Registra informaci\u00f3n relativa a la navegaci\u00f3n del Usuario en el Sitio (p\u00e1ginas visitadas, fecha, hora y duraci\u00f3n de la visita). EMBALL\u2019ISO solo utiliza cookies para personalizar el servicio ofrecido al Usuario. En ning\u00fan caso pueden da\u00f1ar los datos del ordenador. Se informa al Usuario de que tiene la posibilidad y los medios para oponerse a la colocaci\u00f3n de cookies en la Pol\u00edtica de Cookies, desactivando esta funci\u00f3n en su navegador. El Usuario puede seguir accediendo al Sitio incluso cuando esta funci\u00f3n est\u00e9 desactivada.      <\/p><h3>4. Modificaci\u00f3n de la declaraci\u00f3n<\/h3><p>EMBALL\u2019ISO SA se reserva el derecho de modificar la presente declaraci\u00f3n de uso del Sitio en cualquier momento, especialmente para cumplir con nuevas regulaciones o legislaci\u00f3n o para mejorar la consulta del Sitio por parte del Usuario. Cualquier modificaci\u00f3n relativa al uso del Sitio se a\u00f1adir\u00e1 a la presente declaraci\u00f3n. <\/p><h3>5. Ley aplicable<\/h3><p>Si surgen problemas con el pedido o la entrega, la Empresa buscar\u00e1 una soluci\u00f3n amistosa. Estas condiciones generales de venta se regir\u00e1n por la ley francesa. <\/p>\t\t\t\t\t\t\t\t<\/div>\n\t\t\t\t<\/div>\n\t\t\t\t<\/div>\n\t\t\t\t\t<\/div>\n\t\t\t\t<\/div>\n\t\t\t\t<\/div>\n\t\t","protected":false},"excerpt":{"rendered":"<p>Informaci\u00f3n legal Copyright De conformidad con las leyes que rigen los derechos de autor, relativos a la propiedad literaria y art\u00edstica, la reproducci\u00f3n y la representaci\u00f3n total o parcial de los elementos que componen este sitio est\u00e1n estrictamente prohibidas. Asimismo, todas las marcas mencionadas son marcas registradas. Cr\u00e9ditos Fotos :&#8211; EMBALL&#8217;ISO SA Propietario EMBALL&#8217;ISO SAZONE [&hellip;]<\/p>\n","protected":false},"author":1,"featured_media":4753,"parent":0,"menu_order":0,"comment_status":"closed","ping_status":"closed","template":"elementor_header_footer","meta":{"_acf_changed":false,"footnotes":""},"class_list":["post-7736","page","type-page","status-publish","has-post-thumbnail","hentry"],"acf":[],"_links":{"self":[{"href":"https:\/\/www.emballiso.com\/es\/wp-json\/wp\/v2\/pages\/7736","targetHints":{"allow":["GET"]}}],"collection":[{"href":"https:\/\/www.emballiso.com\/es\/wp-json\/wp\/v2\/pages"}],"about":[{"href":"https:\/\/www.emballiso.com\/es\/wp-json\/wp\/v2\/types\/page"}],"author":[{"embeddable":true,"href":"https:\/\/www.emballiso.com\/es\/wp-json\/wp\/v2\/users\/1"}],"replies":[{"embeddable":true,"href":"https:\/\/www.emballiso.com\/es\/wp-json\/wp\/v2\/comments?post=7736"}],"version-history":[{"count":2,"href":"https:\/\/www.emballiso.com\/es\/wp-json\/wp\/v2\/pages\/7736\/revisions"}],"predecessor-version":[{"id":7749,"href":"https:\/\/www.emballiso.com\/es\/wp-json\/wp\/v2\/pages\/7736\/revisions\/7749"}],"wp:featuredmedia":[{"embeddable":true,"href":"https:\/\/www.emballiso.com\/es\/wp-json\/wp\/v2\/media\/4753"}],"wp:attachment":[{"href":"https:\/\/www.emballiso.com\/es\/wp-json\/wp\/v2\/media?parent=7736"}],"curies":[{"name":"wp","href":"https:\/\/api.w.org\/{rel}","templated":true}]}}