{"id":7245,"date":"2026-03-16T10:22:06","date_gmt":"2026-03-16T09:22:06","guid":{"rendered":"https:\/\/www.emballiso.com\/embalaje-de-cadena-de-frio-para-otras-industrias\/"},"modified":"2026-03-27T15:06:34","modified_gmt":"2026-03-27T14:06:34","slug":"embalaje-de-cadena-de-frio-para-otras-industrias","status":"publish","type":"page","link":"https:\/\/www.emballiso.com\/es\/embalaje-de-cadena-de-frio-para-otras-industrias\/","title":{"rendered":"Embalaje de cadena de fr\u00edo para otras industrias"},"content":{"rendered":"\t\t<div data-elementor-type=\"wp-page\" data-elementor-id=\"7245\" class=\"elementor elementor-7245 elementor-5444\" data-elementor-post-type=\"page\">\n\t\t\t\t<div class=\"elementor-element elementor-element-a4e6b73 e-flex e-con-boxed e-con e-parent\" data-id=\"a4e6b73\" data-element_type=\"container\" data-e-type=\"container\">\n\t\t\t\t\t<div class=\"e-con-inner\">\n\t\t\t\t<div class=\"elementor-element elementor-element-9a3d459 elementor-invisible elementor-widget elementor-widget-heading\" data-id=\"9a3d459\" data-element_type=\"widget\" data-e-type=\"widget\" data-settings=\"{&quot;_animation&quot;:&quot;fadeInDown&quot;}\" data-widget_type=\"heading.default\">\n\t\t\t\t\t<h2 class=\"elementor-heading-title elementor-size-default\"><span class=\"gradient-blue\">Embalaje de cadena de fr\u00edo para otras industrias<\/span><\/h2>\t\t\t\t<\/div>\n\t\t<div class=\"elementor-element elementor-element-d6a0bd0 e-con-full e-flex e-con e-child\" data-id=\"d6a0bd0\" data-element_type=\"container\" data-e-type=\"container\" data-settings=\"{&quot;background_background&quot;:&quot;classic&quot;}\">\n\t\t\t\t<div class=\"elementor-element elementor-element-7417f26 elementor-widget elementor-widget-heading\" data-id=\"7417f26\" data-element_type=\"widget\" data-e-type=\"widget\" data-widget_type=\"heading.default\">\n\t\t\t\t\t<h2 class=\"elementor-heading-title elementor-size-default\">\u00bfTiene un proyecto espec\u00edfico o un desaf\u00edo \u00fanico?<\/h2>\t\t\t\t<\/div>\n\t\t\t\t<div class=\"elementor-element elementor-element-5e0b4cb elementor-widget elementor-widget-text-editor\" data-id=\"5e0b4cb\" data-element_type=\"widget\" data-e-type=\"widget\" data-widget_type=\"text-editor.default\">\n\t\t\t\t\t\t\t\t\t<p>Si su industria tiene requisitos de temperatura, o si no ha encontrado su sector en nuestra lista, nuestro equipo est\u00e1 aqu\u00ed para ayudarle.<\/p><p>Desde dimensiones personalizadas hasta duraciones t\u00e9rmicas espec\u00edficas, le guiaremos hacia la soluci\u00f3n m\u00e1s fiable y sostenible para sus necesidades.<\/p>\t\t\t\t\t\t\t\t<\/div>\n\t\t\t\t<\/div>\n\t\t<div class=\"elementor-element elementor-element-5eb5209 e-con-full e-flex e-con e-child\" data-id=\"5eb5209\" data-element_type=\"container\" data-e-type=\"container\" data-settings=\"{&quot;background_background&quot;:&quot;classic&quot;}\">\n\t\t\t\t<div class=\"elementor-element elementor-element-79c0756 elementor-widget__width-inherit elementor-button-align-stretch elementor-widget elementor-widget-form\" data-id=\"79c0756\" data-element_type=\"widget\" data-e-type=\"widget\" data-settings=\"{&quot;step_next_label&quot;:&quot;Siguiente&quot;,&quot;step_previous_label&quot;:&quot;Anterior&quot;,&quot;button_width&quot;:&quot;100&quot;,&quot;step_type&quot;:&quot;number_text&quot;,&quot;step_icon_shape&quot;:&quot;circle&quot;}\" data-widget_type=\"form.default\">\n\t\t\t\t\t\t\t<form class=\"elementor-form\" method=\"post\" id=\"solutions_finder_contact\" name=\"Contacte con nosotros\" aria-label=\"Contacte con nosotros\">\n\t\t\t<input type=\"hidden\" name=\"post_id\" value=\"7245\"\/>\n\t\t\t<input type=\"hidden\" name=\"form_id\" value=\"79c0756\"\/>\n\t\t\t<input type=\"hidden\" name=\"referer_title\" value=\"\" \/>\n\n\t\t\t\n\t\t\t<div class=\"elementor-form-fields-wrapper elementor-labels-\">\n\t\t\t\t\t\t\t\t<div class=\"elementor-field-type-text elementor-field-group elementor-column elementor-field-group-field_company elementor-col-33 elementor-field-required\">\n\t\t\t\t\t\t\t\t\t\t\t\t<label for=\"form-field-field_company\" class=\"elementor-field-label elementor-screen-only\">\n\t\t\t\t\t\t\t\tEmpresa\t\t\t\t\t\t\t<\/label>\n\t\t\t\t\t\t\t\t\t\t\t\t\t\t<input size=\"1\" type=\"text\" name=\"form_fields[field_company]\" id=\"form-field-field_company\" class=\"elementor-field elementor-size-sm  elementor-field-textual\" placeholder=\"Empresa\" required=\"required\">\n\t\t\t\t\t\t\t\t\t\t\t<\/div>\n\t\t\t\t\t\t\t\t<div class=\"elementor-field-type-text elementor-field-group elementor-column elementor-field-group-field_name elementor-col-33 elementor-field-required\">\n\t\t\t\t\t\t\t\t\t\t\t\t<label for=\"form-field-field_name\" class=\"elementor-field-label elementor-screen-only\">\n\t\t\t\t\t\t\t\tApellido\t\t\t\t\t\t\t<\/label>\n\t\t\t\t\t\t\t\t\t\t\t\t\t\t<input size=\"1\" type=\"text\" name=\"form_fields[field_name]\" id=\"form-field-field_name\" class=\"elementor-field elementor-size-sm  elementor-field-textual\" placeholder=\"Apellido\" required=\"required\">\n\t\t\t\t\t\t\t\t\t\t\t<\/div>\n\t\t\t\t\t\t\t\t<div class=\"elementor-field-type-text elementor-field-group elementor-column elementor-field-group-field_firstname elementor-col-33 elementor-field-required\">\n\t\t\t\t\t\t\t\t\t\t\t\t<label for=\"form-field-field_firstname\" class=\"elementor-field-label elementor-screen-only\">\n\t\t\t\t\t\t\t\tNombre\t\t\t\t\t\t\t<\/label>\n\t\t\t\t\t\t\t\t\t\t\t\t\t\t<input size=\"1\" type=\"text\" name=\"form_fields[field_firstname]\" id=\"form-field-field_firstname\" class=\"elementor-field elementor-size-sm  elementor-field-textual\" placeholder=\"Nombre\" required=\"required\">\n\t\t\t\t\t\t\t\t\t\t\t<\/div>\n\t\t\t\t\t\t\t\t<div class=\"elementor-field-type-email elementor-field-group elementor-column elementor-field-group-field_email elementor-col-33 elementor-field-required\">\n\t\t\t\t\t\t\t\t\t\t\t\t<label for=\"form-field-field_email\" class=\"elementor-field-label elementor-screen-only\">\n\t\t\t\t\t\t\t\tCorreo electr\u00f3nico\t\t\t\t\t\t\t<\/label>\n\t\t\t\t\t\t\t\t\t\t\t\t\t\t<input size=\"1\" type=\"email\" name=\"form_fields[field_email]\" id=\"form-field-field_email\" class=\"elementor-field elementor-size-sm  elementor-field-textual\" placeholder=\"Correo electr\u00f3nico\" required=\"required\">\n\t\t\t\t\t\t\t\t\t\t\t<\/div>\n\t\t\t\t\t\t\t\t<div class=\"elementor-field-type-tel elementor-field-group elementor-column elementor-field-group-field_phone_number elementor-col-33 elementor-field-required\">\n\t\t\t\t\t\t\t\t\t\t\t\t<label for=\"form-field-field_phone_number\" class=\"elementor-field-label elementor-screen-only\">\n\t\t\t\t\t\t\t\tN\u00famero de tel\u00e9fono\t\t\t\t\t\t\t<\/label>\n\t\t\t\t\t\t\t\t<input size=\"1\" type=\"tel\" name=\"form_fields[field_phone_number]\" id=\"form-field-field_phone_number\" class=\"elementor-field elementor-size-sm  elementor-field-textual\" placeholder=\"N\u00famero de tel\u00e9fono\" required=\"required\" pattern=\"[0-9()#&amp;+*-=.]+\" title=\"Solo se aceptan n\u00fameros y caracteres de tel\u00e9fono (#,-,*,etc).\">\n\n\t\t\t\t\t\t<\/div>\n\t\t\t\t\t\t\t\t<div class=\"elementor-field-type-select elementor-field-group elementor-column elementor-field-group-field_country elementor-col-33 elementor-field-required\">\n\t\t\t\t\t\t\t\t\t\t\t\t<label for=\"form-field-field_country\" class=\"elementor-field-label elementor-screen-only\">\n\t\t\t\t\t\t\t\tPa\u00eds\t\t\t\t\t\t\t<\/label>\n\t\t\t\t\t\t\t\t<div class=\"elementor-field elementor-select-wrapper remove-before \">\n\t\t\t<div class=\"select-caret-down-wrapper\">\n\t\t\t\t<svg aria-hidden=\"true\" class=\"e-font-icon-svg e-eicon-caret-down\" viewBox=\"0 0 571.4 571.4\" xmlns=\"http:\/\/www.w3.org\/2000\/svg\"><path d=\"M571 393Q571 407 561 418L311 668Q300 679 286 679T261 668L11 418Q0 407 0 393T11 368 36 357H536Q550 357 561 368T571 393Z\"><\/path><\/svg>\t\t\t<\/div>\n\t\t\t<select name=\"form_fields[field_country]\" id=\"form-field-field_country\" class=\"elementor-field-textual elementor-size-sm\" required=\"required\">\n\t\t\t\t\t\t\t\t\t<option value=\"Country\">Country<\/option>\n\t\t\t\t\t\t\t\t\t<option value=\"af-AF\">Afganist\u00e1n<\/option>\n\t\t\t\t\t\t\t\t\t<option value=\"al-AL\">Albania<\/option>\n\t\t\t\t\t\t\t\t\t<option value=\"dz-DZ\">Argelia<\/option>\n\t\t\t\t\t\t\t\t\t<option value=\"ad-AD\">Andorra<\/option>\n\t\t\t\t\t\t\t\t\t<option value=\"ao-AO\">Angola<\/option>\n\t\t\t\t\t\t\t\t\t<option value=\"ag-AG\">Antigua y Barbuda<\/option>\n\t\t\t\t\t\t\t\t\t<option value=\"ar-AR\">Argentina<\/option>\n\t\t\t\t\t\t\t\t\t<option value=\"am-AM\">Armenia<\/option>\n\t\t\t\t\t\t\t\t\t<option value=\"au-AU\">Australia<\/option>\n\t\t\t\t\t\t\t\t\t<option value=\"at-AT\">Austria<\/option>\n\t\t\t\t\t\t\t\t\t<option value=\"az-AZ\">Azerbaiy\u00e1n<\/option>\n\t\t\t\t\t\t\t\t\t<option value=\"bs-BS\">Bahamas<\/option>\n\t\t\t\t\t\t\t\t\t<option value=\"bh-BH\">Bahrein<\/option>\n\t\t\t\t\t\t\t\t\t<option value=\"bd-BD\">Banglad\u00e9s<\/option>\n\t\t\t\t\t\t\t\t\t<option value=\"bb-BB\">Barbados<\/option>\n\t\t\t\t\t\t\t\t\t<option value=\"by-BY\">Bielorrusia<\/option>\n\t\t\t\t\t\t\t\t\t<option value=\"be-BE\">B\u00e9lgica<\/option>\n\t\t\t\t\t\t\t\t\t<option value=\"bz-BZ\">Belice<\/option>\n\t\t\t\t\t\t\t\t\t<option value=\"bj-BJ\">Ben\u00edn<\/option>\n\t\t\t\t\t\t\t\t\t<option value=\"bt-BT\">But\u00e1n<\/option>\n\t\t\t\t\t\t\t\t\t<option value=\"bo-BO\">Bolivia<\/option>\n\t\t\t\t\t\t\t\t\t<option value=\"ba-BA\">Bosnia y Herzegovina<\/option>\n\t\t\t\t\t\t\t\t\t<option value=\"bw-BW\">Botsuana<\/option>\n\t\t\t\t\t\t\t\t\t<option value=\"br-BR\">Brasil<\/option>\n\t\t\t\t\t\t\t\t\t<option value=\"bn-BN\">Brun\u00e9i<\/option>\n\t\t\t\t\t\t\t\t\t<option value=\"bg-BG\">Bulgaria<\/option>\n\t\t\t\t\t\t\t\t\t<option value=\"bf-BF\">Burkina Faso<\/option>\n\t\t\t\t\t\t\t\t\t<option value=\"bi-BI\">Burundi<\/option>\n\t\t\t\t\t\t\t\t\t<option value=\"kh-KH\">Camboya<\/option>\n\t\t\t\t\t\t\t\t\t<option value=\"cm-CM\">Camer\u00fan<\/option>\n\t\t\t\t\t\t\t\t\t<option value=\"ca-CA\">Canad\u00e1<\/option>\n\t\t\t\t\t\t\t\t\t<option value=\"cv-CV\">Cabo Verde<\/option>\n\t\t\t\t\t\t\t\t\t<option value=\"cf-CF\">Rep\u00fablica Centroafricana<\/option>\n\t\t\t\t\t\t\t\t\t<option value=\"td-TD\">Chad<\/option>\n\t\t\t\t\t\t\t\t\t<option value=\"cl-CL\">Chile<\/option>\n\t\t\t\t\t\t\t\t\t<option value=\"cn-CN\">China<\/option>\n\t\t\t\t\t\t\t\t\t<option value=\"co-CO\">Colombia<\/option>\n\t\t\t\t\t\t\t\t\t<option value=\"km-KM\">Comoras<\/option>\n\t\t\t\t\t\t\t\t\t<option value=\"ck-CK\">Islas Cook<\/option>\n\t\t\t\t\t\t\t\t\t<option value=\"cr-CR\">Costa Rica<\/option>\n\t\t\t\t\t\t\t\t\t<option value=\"hr-HR\">Croacia<\/option>\n\t\t\t\t\t\t\t\t\t<option value=\"cu-CU\">Cuba<\/option>\n\t\t\t\t\t\t\t\t\t<option value=\"cy-CY\">Chipre<\/option>\n\t\t\t\t\t\t\t\t\t<option value=\"cz-CZ\">Chequia<\/option>\n\t\t\t\t\t\t\t\t\t<option value=\"cd-CD\">Rep\u00fablica Democr\u00e1tica del Congo<\/option>\n\t\t\t\t\t\t\t\t\t<option value=\"dk-DK\">Dinamarca<\/option>\n\t\t\t\t\t\t\t\t\t<option value=\"dj-DJ\">Yibuti<\/option>\n\t\t\t\t\t\t\t\t\t<option value=\"dm-DM\">Dominica<\/option>\n\t\t\t\t\t\t\t\t\t<option value=\"do-DO\">Rep\u00fablica Dominicana<\/option>\n\t\t\t\t\t\t\t\t\t<option value=\"ec-EC\">Ecuador<\/option>\n\t\t\t\t\t\t\t\t\t<option value=\"eg-EG\">Egipto<\/option>\n\t\t\t\t\t\t\t\t\t<option value=\"gq-GQ\">Guinea Ecuatorial<\/option>\n\t\t\t\t\t\t\t\t\t<option value=\"er-ER\">Eritrea<\/option>\n\t\t\t\t\t\t\t\t\t<option value=\"ee-EE\">Estonia<\/option>\n\t\t\t\t\t\t\t\t\t<option value=\"sz-SZ\">Esuatini<\/option>\n\t\t\t\t\t\t\t\t\t<option value=\"et-ET\">Etiop\u00eda<\/option>\n\t\t\t\t\t\t\t\t\t<option value=\"fj-FJ\">Fiyi<\/option>\n\t\t\t\t\t\t\t\t\t<option value=\"fi-FI\">Finlandia<\/option>\n\t\t\t\t\t\t\t\t\t<option value=\"fr-FR\">Francia<\/option>\n\t\t\t\t\t\t\t\t\t<option value=\"ga-GA\">Gab\u00f3n<\/option>\n\t\t\t\t\t\t\t\t\t<option value=\"gm-GM\">Gambia<\/option>\n\t\t\t\t\t\t\t\t\t<option value=\"ge-GE\">Georgia<\/option>\n\t\t\t\t\t\t\t\t\t<option value=\"de-DE\">Alemania<\/option>\n\t\t\t\t\t\t\t\t\t<option value=\"gh-GH\">Ghana<\/option>\n\t\t\t\t\t\t\t\t\t<option value=\"gr-GR\">Grecia<\/option>\n\t\t\t\t\t\t\t\t\t<option value=\"gd-GD\">Grenada<\/option>\n\t\t\t\t\t\t\t\t\t<option value=\"gt-GT\">Guatemala<\/option>\n\t\t\t\t\t\t\t\t\t<option value=\"gn-GN\">Guinea<\/option>\n\t\t\t\t\t\t\t\t\t<option value=\"gw-GW\">Guinea-Bis\u00e1u<\/option>\n\t\t\t\t\t\t\t\t\t<option value=\"gy-GY\">Guyana<\/option>\n\t\t\t\t\t\t\t\t\t<option value=\"ht-HT\">Hait\u00ed<\/option>\n\t\t\t\t\t\t\t\t\t<option value=\"hn-HN\">Honduras<\/option>\n\t\t\t\t\t\t\t\t\t<option value=\"hu-HU\">Hungr\u00eda<\/option>\n\t\t\t\t\t\t\t\t\t<option value=\"is-IS\">Islandia<\/option>\n\t\t\t\t\t\t\t\t\t<option value=\"in-IN\">India<\/option>\n\t\t\t\t\t\t\t\t\t<option value=\"id-ID\">Indonesia<\/option>\n\t\t\t\t\t\t\t\t\t<option value=\"ir-IR\">Ir\u00e1n<\/option>\n\t\t\t\t\t\t\t\t\t<option value=\"iq-IQ\">Irak<\/option>\n\t\t\t\t\t\t\t\t\t<option value=\"ie-IE\">Irlanda<\/option>\n\t\t\t\t\t\t\t\t\t<option value=\"il-IL\">Israel<\/option>\n\t\t\t\t\t\t\t\t\t<option value=\"it-IT\">Italia<\/option>\n\t\t\t\t\t\t\t\t\t<option value=\"ci-CI\">Costa de Marfil<\/option>\n\t\t\t\t\t\t\t\t\t<option value=\"jm-JM\">Jamaica<\/option>\n\t\t\t\t\t\t\t\t\t<option value=\"jp-JP\">Jap\u00f3n<\/option>\n\t\t\t\t\t\t\t\t\t<option value=\"jo-JO\">Jordania<\/option>\n\t\t\t\t\t\t\t\t\t<option value=\"kz-KZ\">Kazajist\u00e1n<\/option>\n\t\t\t\t\t\t\t\t\t<option value=\"ke-KE\">Kenia<\/option>\n\t\t\t\t\t\t\t\t\t<option value=\"ki-KI\">Kiribati<\/option>\n\t\t\t\t\t\t\t\t\t<option value=\"kw-KW\">Kuwait<\/option>\n\t\t\t\t\t\t\t\t\t<option value=\"kg-KG\">Kirguist\u00e1n<\/option>\n\t\t\t\t\t\t\t\t\t<option value=\"la-LA\">Laos<\/option>\n\t\t\t\t\t\t\t\t\t<option value=\"lv-LV\">Letonia<\/option>\n\t\t\t\t\t\t\t\t\t<option value=\"lb-LB\">L\u00edbano<\/option>\n\t\t\t\t\t\t\t\t\t<option value=\"ls-LS\">Lesoto<\/option>\n\t\t\t\t\t\t\t\t\t<option value=\"lr-LR\">Liberia<\/option>\n\t\t\t\t\t\t\t\t\t<option value=\"ly-LY\">Libia<\/option>\n\t\t\t\t\t\t\t\t\t<option value=\"li-LI\">Liechtenstein<\/option>\n\t\t\t\t\t\t\t\t\t<option value=\"lt-LT\">Lituania<\/option>\n\t\t\t\t\t\t\t\t\t<option value=\"lu-LU\">Luxemburgo<\/option>\n\t\t\t\t\t\t\t\t\t<option value=\"mg-MG\">Madagascar<\/option>\n\t\t\t\t\t\t\t\t\t<option value=\"mw-MW\">Malaui<\/option>\n\t\t\t\t\t\t\t\t\t<option value=\"my-MY\">Malasia<\/option>\n\t\t\t\t\t\t\t\t\t<option value=\"mv-MV\">Maldivas<\/option>\n\t\t\t\t\t\t\t\t\t<option value=\"ml-ML\">Mali<\/option>\n\t\t\t\t\t\t\t\t\t<option value=\"mt-MT\">Malta<\/option>\n\t\t\t\t\t\t\t\t\t<option value=\"mh-MH\">Islas Marshall<\/option>\n\t\t\t\t\t\t\t\t\t<option value=\"mr-MR\">Mauritania<\/option>\n\t\t\t\t\t\t\t\t\t<option value=\"mu-MU\">Mauricio<\/option>\n\t\t\t\t\t\t\t\t\t<option value=\"mx-MX\">M\u00e9xico<\/option>\n\t\t\t\t\t\t\t\t\t<option value=\"fm-FM\">Micronesia<\/option>\n\t\t\t\t\t\t\t\t\t<option value=\"md-MD\">Moldavia<\/option>\n\t\t\t\t\t\t\t\t\t<option value=\"mc-MC\">M\u00f3naco<\/option>\n\t\t\t\t\t\t\t\t\t<option value=\"mn-MN\">Mongolia<\/option>\n\t\t\t\t\t\t\t\t\t<option value=\"me-ME\">Montenegro<\/option>\n\t\t\t\t\t\t\t\t\t<option value=\"ma-MA\">Marruecos<\/option>\n\t\t\t\t\t\t\t\t\t<option value=\"mz-MZ\">Mozambique<\/option>\n\t\t\t\t\t\t\t\t\t<option value=\"mm-MM\">Myanmar (Birmania)<\/option>\n\t\t\t\t\t\t\t\t\t<option value=\"na-NA\">Namibia<\/option>\n\t\t\t\t\t\t\t\t\t<option value=\"nr-NR\">Nauru<\/option>\n\t\t\t\t\t\t\t\t\t<option value=\"np-NP\">Nepal<\/option>\n\t\t\t\t\t\t\t\t\t<option value=\"nl-NL\">Pa\u00edses Bajos<\/option>\n\t\t\t\t\t\t\t\t\t<option value=\"nz-NZ\">Nueva Zelanda<\/option>\n\t\t\t\t\t\t\t\t\t<option value=\"ni-NI\">Nicaragua<\/option>\n\t\t\t\t\t\t\t\t\t<option value=\"ne-NE\">N\u00edger<\/option>\n\t\t\t\t\t\t\t\t\t<option value=\"ng-NG\">Nigeria<\/option>\n\t\t\t\t\t\t\t\t\t<option value=\"nu-NU\">Niue<\/option>\n\t\t\t\t\t\t\t\t\t<option value=\"kp-KP\">Corea del Norte<\/option>\n\t\t\t\t\t\t\t\t\t<option value=\"mk-MK\">Macedonia del Norte<\/option>\n\t\t\t\t\t\t\t\t\t<option value=\"no-NO\">Noruega<\/option>\n\t\t\t\t\t\t\t\t\t<option value=\"om-OM\">Om\u00e1n<\/option>\n\t\t\t\t\t\t\t\t\t<option value=\"zz-ZZ\">Otro<\/option>\n\t\t\t\t\t\t\t\t\t<option value=\"pk-PK\">Pakist\u00e1n<\/option>\n\t\t\t\t\t\t\t\t\t<option value=\"pw-PW\">Palaos<\/option>\n\t\t\t\t\t\t\t\t\t<option value=\"ps-PS\">Territorios Palestinos<\/option>\n\t\t\t\t\t\t\t\t\t<option value=\"pa-PA\">Panam\u00e1<\/option>\n\t\t\t\t\t\t\t\t\t<option value=\"pg-PG\">Pap\u00faa Nueva Guinea<\/option>\n\t\t\t\t\t\t\t\t\t<option value=\"py-PY\">Paraguay<\/option>\n\t\t\t\t\t\t\t\t\t<option value=\"pe-PE\">Per\u00fa<\/option>\n\t\t\t\t\t\t\t\t\t<option value=\"ph-PH\">Filipinas<\/option>\n\t\t\t\t\t\t\t\t\t<option value=\"pl-PL\">Polonia<\/option>\n\t\t\t\t\t\t\t\t\t<option value=\"pt-PT\">Portugal<\/option>\n\t\t\t\t\t\t\t\t\t<option value=\"qa-QA\">Catar<\/option>\n\t\t\t\t\t\t\t\t\t<option value=\"cg-CG\">Rep\u00fablica del Congo<\/option>\n\t\t\t\t\t\t\t\t\t<option value=\"ro-RO\">Ruman\u00eda<\/option>\n\t\t\t\t\t\t\t\t\t<option value=\"ru-RU\">Rusia<\/option>\n\t\t\t\t\t\t\t\t\t<option value=\"rw-RW\">Ruanda<\/option>\n\t\t\t\t\t\t\t\t\t<option value=\"kn-KN\">San Crist\u00f3bal y Nieves<\/option>\n\t\t\t\t\t\t\t\t\t<option value=\"lc-LC\">Santa Luc\u00eda<\/option>\n\t\t\t\t\t\t\t\t\t<option value=\"vc-VC\">San Vicente y las Granadinas<\/option>\n\t\t\t\t\t\t\t\t\t<option value=\"ws-WS\">Samoa<\/option>\n\t\t\t\t\t\t\t\t\t<option value=\"sm-SM\">San Marino<\/option>\n\t\t\t\t\t\t\t\t\t<option value=\"st-ST\">Santo Tom\u00e9 y Pr\u00edncipe<\/option>\n\t\t\t\t\t\t\t\t\t<option value=\"sa-SA\">Arabia Saud\u00ed<\/option>\n\t\t\t\t\t\t\t\t\t<option value=\"sn-SN\">Senegal<\/option>\n\t\t\t\t\t\t\t\t\t<option value=\"rs-RS\">Serbia<\/option>\n\t\t\t\t\t\t\t\t\t<option value=\"sc-SC\">Seychelles<\/option>\n\t\t\t\t\t\t\t\t\t<option value=\"sl-SL\">Sierra Leona<\/option>\n\t\t\t\t\t\t\t\t\t<option value=\"sg-SG\">Singapore<\/option>\n\t\t\t\t\t\t\t\t\t<option value=\"sk-SK\">Eslovaquia<\/option>\n\t\t\t\t\t\t\t\t\t<option value=\"si-SI\">Eslovenia<\/option>\n\t\t\t\t\t\t\t\t\t<option value=\"sb-SB\">Islas Salom\u00f3n<\/option>\n\t\t\t\t\t\t\t\t\t<option value=\"so-SO\">Somalia<\/option>\n\t\t\t\t\t\t\t\t\t<option value=\"za-ZA\">Sud\u00e1frica<\/option>\n\t\t\t\t\t\t\t\t\t<option value=\"kr-KR\">Corea del Sur<\/option>\n\t\t\t\t\t\t\t\t\t<option value=\"ss-SS\">Sud\u00e1n del Sur<\/option>\n\t\t\t\t\t\t\t\t\t<option value=\"es-ES\">Espa\u00f1a<\/option>\n\t\t\t\t\t\t\t\t\t<option value=\"lk-LK\">Sri Lanka<\/option>\n\t\t\t\t\t\t\t\t\t<option value=\"sd-SD\">Sud\u00e1n<\/option>\n\t\t\t\t\t\t\t\t\t<option value=\"sr-SR\">Surinam<\/option>\n\t\t\t\t\t\t\t\t\t<option value=\"se-SE\">Suecia<\/option>\n\t\t\t\t\t\t\t\t\t<option value=\"ch-CH\">Suiza<\/option>\n\t\t\t\t\t\t\t\t\t<option value=\"sy-SY\">Siria<\/option>\n\t\t\t\t\t\t\t\t\t<option value=\"tj-TJ\">Tayikist\u00e1n<\/option>\n\t\t\t\t\t\t\t\t\t<option value=\"tz-TZ\">Tanzania<\/option>\n\t\t\t\t\t\t\t\t\t<option value=\"th-TH\">Tailandia<\/option>\n\t\t\t\t\t\t\t\t\t<option value=\"tl-TL\">Timor Oriental<\/option>\n\t\t\t\t\t\t\t\t\t<option value=\"tg-TG\">Togo<\/option>\n\t\t\t\t\t\t\t\t\t<option value=\"to-TO\">Tonga<\/option>\n\t\t\t\t\t\t\t\t\t<option value=\"tt-TT\">Trinidad y Tobago<\/option>\n\t\t\t\t\t\t\t\t\t<option value=\"tn-TN\">T\u00fanez<\/option>\n\t\t\t\t\t\t\t\t\t<option value=\"tr-TR\">Turqu\u00eda<\/option>\n\t\t\t\t\t\t\t\t\t<option value=\"tm-TM\">Turkmenist\u00e1n<\/option>\n\t\t\t\t\t\t\t\t\t<option value=\"tv-TV\">Tuvalu<\/option>\n\t\t\t\t\t\t\t\t\t<option value=\"ug-UG\">Uganda<\/option>\n\t\t\t\t\t\t\t\t\t<option value=\"ua-UA\">Ucrania<\/option>\n\t\t\t\t\t\t\t\t\t<option value=\"ae-AE\">Emiratos \u00c1rabes Unidos<\/option>\n\t\t\t\t\t\t\t\t\t<option value=\"gb-GB\">Reino Unido<\/option>\n\t\t\t\t\t\t\t\t\t<option value=\"us-US\">Estados Unidos<\/option>\n\t\t\t\t\t\t\t\t\t<option value=\"uy-UY\">Uruguay<\/option>\n\t\t\t\t\t\t\t\t\t<option value=\"uz-UZ\">Uzbekist\u00e1n<\/option>\n\t\t\t\t\t\t\t\t\t<option value=\"vu-VU\">Vanuatu<\/option>\n\t\t\t\t\t\t\t\t\t<option value=\"va-VA\">Ciudad del Vaticano<\/option>\n\t\t\t\t\t\t\t\t\t<option value=\"ve-VE\">Venezuela<\/option>\n\t\t\t\t\t\t\t\t\t<option value=\"vn-VN\">Vietnam<\/option>\n\t\t\t\t\t\t\t\t\t<option value=\"ye-YE\">Yemen<\/option>\n\t\t\t\t\t\t\t\t\t<option value=\"zm-ZM\">Zambia<\/option>\n\t\t\t\t\t\t\t\t\t<option value=\"zw-ZW\">Zimbabue<\/option>\n\t\t\t\t\t\t\t<\/select>\n\t\t<\/div>\n\t\t\t\t\t\t<\/div>\n\t\t\t\t\t\t\t\t<div class=\"elementor-field-type-text elementor-field-group elementor-column elementor-field-group-field_subject elementor-col-100 elementor-field-required\">\n\t\t\t\t\t\t\t\t\t\t\t\t<label for=\"form-field-field_subject\" class=\"elementor-field-label elementor-screen-only\">\n\t\t\t\t\t\t\t\tAsunto\t\t\t\t\t\t\t<\/label>\n\t\t\t\t\t\t\t\t\t\t\t\t\t\t<input size=\"1\" type=\"text\" name=\"form_fields[field_subject]\" id=\"form-field-field_subject\" class=\"elementor-field elementor-size-sm  elementor-field-textual\" placeholder=\"Asunto\" required=\"required\">\n\t\t\t\t\t\t\t\t\t\t\t<\/div>\n\t\t\t\t\t\t\t\t<div class=\"elementor-field-type-textarea elementor-field-group elementor-column elementor-field-group-field_message elementor-col-100\">\n\t\t\t\t\t\t\t\t\t\t\t\t<label for=\"form-field-field_message\" class=\"elementor-field-label elementor-screen-only\">\n\t\t\t\t\t\t\t\tMensaje\t\t\t\t\t\t\t<\/label>\n\t\t\t\t\t\t<textarea class=\"elementor-field-textual elementor-field  elementor-size-sm\" name=\"form_fields[field_message]\" id=\"form-field-field_message\" rows=\"10\" placeholder=\"Mensaje\"><\/textarea>\t\t\t\t<\/div>\n\t\t\t\t\t\t\t\t<div class=\"elementor-field-type-hidden elementor-field-group elementor-column elementor-field-group-field_lang elementor-col-100\">\n\t\t\t\t\t\t\t\t\t\t\t\t\t<input size=\"1\" type=\"hidden\" name=\"form_fields[field_lang]\" id=\"form-field-field_lang\" class=\"elementor-field elementor-size-sm  elementor-field-textual\" value=\"en-EN\">\n\t\t\t\t\t\t\t\t\t\t\t<\/div>\n\t\t\t\t\t\t\t\t<div class=\"elementor-field-group elementor-column elementor-field-type-submit elementor-col-100 e-form__buttons\">\n\t\t\t\t\t<button class=\"elementor-button elementor-size-sm\" type=\"submit\">\n\t\t\t\t\t\t<span class=\"elementor-button-content-wrapper\">\n\t\t\t\t\t\t\t\t\t\t\t\t\t\t\t<span class=\"elementor-button-icon\">\n\t\t\t\t\t\t\t\t\t<svg aria-hidden=\"true\" class=\"e-font-icon-svg e-far-paper-plane\" viewBox=\"0 0 512 512\" xmlns=\"http:\/\/www.w3.org\/2000\/svg\"><path d=\"M440 6.5L24 246.4c-34.4 19.9-31.1 70.8 5.7 85.9L144 379.6V464c0 46.4 59.2 65.5 86.6 28.6l43.8-59.1 111.9 46.2c5.9 2.4 12.1 3.6 18.3 3.6 8.2 0 16.3-2.1 23.6-6.2 12.8-7.2 21.6-20 23.9-34.5l59.4-387.2c6.1-40.1-36.9-68.8-71.5-48.9zM192 464v-64.6l36.6 15.1L192 464zm212.6-28.7l-153.8-63.5L391 169.5c10.7-15.5-9.5-33.5-23.7-21.2L155.8 332.6 48 288 464 48l-59.4 387.3z\"><\/path><\/svg>\t\t\t\t\t\t\t\t\t\t\t\t\t\t\t\t\t<\/span>\n\t\t\t\t\t\t\t\t\t\t\t\t\t\t\t\t\t\t\t\t\t\t<span class=\"elementor-button-text\">Enviar mi solicitud<\/span>\n\t\t\t\t\t\t\t\t\t\t\t\t\t<\/span>\n\t\t\t\t\t<\/button>\n\t\t\t\t<\/div>\n\t\t\t<\/div>\n\t\t<\/form>\n\t\t\t\t\t\t<\/div>\n\t\t\t\t<\/div>\n\t\t\t\t\t<\/div>\n\t\t\t\t<\/div>\n\t\t\t\t<\/div>\n\t\t","protected":false},"excerpt":{"rendered":"<p>Embalaje de cadena de fr\u00edo para otras industrias \u00bfTiene un proyecto espec\u00edfico o un desaf\u00edo \u00fanico? Si su industria tiene requisitos de temperatura, o si no ha encontrado su sector en nuestra lista, nuestro equipo est\u00e1 aqu\u00ed para ayudarle. Desde dimensiones personalizadas hasta duraciones t\u00e9rmicas espec\u00edficas, le guiaremos hacia la soluci\u00f3n m\u00e1s fiable y sostenible [&hellip;]<\/p>\n","protected":false},"author":1,"featured_media":0,"parent":0,"menu_order":0,"comment_status":"closed","ping_status":"closed","template":"","meta":{"_acf_changed":false,"footnotes":""},"class_list":["post-7245","page","type-page","status-publish","hentry"],"acf":[],"_links":{"self":[{"href":"https:\/\/www.emballiso.com\/es\/wp-json\/wp\/v2\/pages\/7245","targetHints":{"allow":["GET"]}}],"collection":[{"href":"https:\/\/www.emballiso.com\/es\/wp-json\/wp\/v2\/pages"}],"about":[{"href":"https:\/\/www.emballiso.com\/es\/wp-json\/wp\/v2\/types\/page"}],"author":[{"embeddable":true,"href":"https:\/\/www.emballiso.com\/es\/wp-json\/wp\/v2\/users\/1"}],"replies":[{"embeddable":true,"href":"https:\/\/www.emballiso.com\/es\/wp-json\/wp\/v2\/comments?post=7245"}],"version-history":[{"count":5,"href":"https:\/\/www.emballiso.com\/es\/wp-json\/wp\/v2\/pages\/7245\/revisions"}],"predecessor-version":[{"id":7263,"href":"https:\/\/www.emballiso.com\/es\/wp-json\/wp\/v2\/pages\/7245\/revisions\/7263"}],"wp:attachment":[{"href":"https:\/\/www.emballiso.com\/es\/wp-json\/wp\/v2\/media?parent=7245"}],"curies":[{"name":"wp","href":"https:\/\/api.w.org\/{rel}","templated":true}]}}