{"id":6934,"date":"2026-02-11T15:03:40","date_gmt":"2026-02-11T14:03:40","guid":{"rendered":"https:\/\/www.emballiso.com\/soluciones-de-embalaje-de-cadena-de-frio-para-profesionales-de-ultima-milla\/"},"modified":"2026-04-10T15:13:52","modified_gmt":"2026-04-10T13:13:52","slug":"soluciones-de-embalaje-de-cadena-de-frio-para-profesionales-de-ultima-milla","status":"publish","type":"page","link":"https:\/\/www.emballiso.com\/es\/soluciones-de-embalaje-de-cadena-de-frio-para-profesionales-de-ultima-milla\/","title":{"rendered":"Soluciones de embalaje de cadena de fr\u00edo para profesionales de \u00faltima milla"},"content":{"rendered":"\t\t<div data-elementor-type=\"wp-page\" data-elementor-id=\"6934\" class=\"elementor elementor-6934 elementor-3058\" data-elementor-post-type=\"page\">\n\t\t\t\t<div class=\"elementor-element elementor-element-a4e6b73 e-flex e-con-boxed e-con e-parent\" data-id=\"a4e6b73\" data-element_type=\"container\" data-e-type=\"container\">\n\t\t\t\t\t<div class=\"e-con-inner\">\n\t\t\t\t<div class=\"elementor-element elementor-element-9a3d459 elementor-invisible elementor-widget elementor-widget-heading\" data-id=\"9a3d459\" data-element_type=\"widget\" data-e-type=\"widget\" data-settings=\"{&quot;_animation&quot;:&quot;fadeInDown&quot;}\" data-widget_type=\"heading.default\">\n\t\t\t\t\t<h1 class=\"elementor-heading-title elementor-size-default\"><span class=\"gradient-blue\">Soluciones de embalaje de cadena de fr\u00edo para profesionales de \u00faltima milla<\/span><\/h1>\t\t\t\t<\/div>\n\t\t\t\t<div class=\"elementor-element elementor-element-1e81825 elementor-widget elementor-widget-text-editor\" data-id=\"1e81825\" data-element_type=\"widget\" data-e-type=\"widget\" data-widget_type=\"text-editor.default\">\n\t\t\t\t\t\t\t\t\t<p>La &#8220;\u00faltima milla&#8221; es, sin duda, la etapa m\u00e1s cr\u00edtica y compleja de la cadena de suministro sanitaria. Ya sea entregando a farmacias, departamentos hospitalarios o cl\u00ednicas, los profesionales se enfrentan a desaf\u00edos constantes: tr\u00e1fico urbano denso, aperturas frecuentes de puertas, m\u00faltiples pasos de manipulaci\u00f3n y protocolos de recepci\u00f3n estrictos. En este contexto, incluso el m\u00e1s m\u00ednimo fallo puede poner en peligro la eficacia de un tratamiento.  <\/p><p>Como eslab\u00f3n indispensable en la cadena de fr\u00edo, usted necesita soluciones que no comprometan la seguridad t\u00e9rmica ni la agilidad operativa. EMBALL\u2019ISO ofrece embalajes isot\u00e9rmicos espec\u00edficamente dise\u00f1ados para duraciones cortas y redes de distribuci\u00f3n capilar. Nuestros productos son ligeros, pr\u00e1cticos y est\u00e1n rigurosamente validados para garantizar la integridad de los productos sensibles a la temperatura hasta que llegan al paciente final.  <\/p>\t\t\t\t\t\t\t\t<\/div>\n\t\t\t\t<div class=\"elementor-element elementor-element-7417f26 elementor-widget elementor-widget-heading\" data-id=\"7417f26\" data-element_type=\"widget\" data-e-type=\"widget\" data-widget_type=\"heading.default\">\n\t\t\t\t\t<h2 class=\"elementor-heading-title elementor-size-default\">Superando los desaf\u00edos de la log\u00edstica urbana y hospitalaria<\/h2>\t\t\t\t<\/div>\n\t\t\t\t<div class=\"elementor-element elementor-element-5e0b4cb elementor-widget elementor-widget-text-editor\" data-id=\"5e0b4cb\" data-element_type=\"widget\" data-e-type=\"widget\" data-widget_type=\"text-editor.default\">\n\t\t\t\t\t\t\t\t\t<p>Para apoyar a los distribuidores y proveedores log\u00edsticos locales, nos centramos en tres pilares esenciales:<\/p><ul><li><strong>Seguridad t\u00e9rmica y fiabilidad:<\/strong> A pesar de las distancias cortas, los choques t\u00e9rmicos en los muelles de carga son una amenaza real. Nuestros embalajes mantienen una temperatura estable (2-8 \u00b0C, 15-25 \u00b0C) para eliminar cualquier riesgo de excursi\u00f3n. <\/li><li><strong>Practicidad y ergonom\u00eda:<\/strong> El personal de entrega y sanitario necesita soluciones f\u00e1ciles de manejar. Nuestras bolsas y cajas ligeras facilitan el transporte manual, el uso en veh\u00edculos ligeros o incluso en bicicletas de carga, optimizando las rutas de entre <\/li><li><strong>Control de costes:<\/strong> Al utilizar soluciones adaptadas para el transporte nacional y local, evita el exceso de peso y los costes asociados a los embalajes de larga duraci\u00f3n.<\/li><\/ul>\t\t\t\t\t\t\t\t<\/div>\n\t\t\t\t<div class=\"elementor-element elementor-element-44c37f6 elementor-widget-divider--view-line elementor-widget elementor-widget-divider\" data-id=\"44c37f6\" data-element_type=\"widget\" data-e-type=\"widget\" data-widget_type=\"divider.default\">\n\t\t\t\t\t\t\t<div class=\"elementor-divider\">\n\t\t\t<span class=\"elementor-divider-separator\">\n\t\t\t\t\t\t<\/span>\n\t\t<\/div>\n\t\t\t\t\t\t<\/div>\n\t\t\t\t<div class=\"elementor-element elementor-element-97e66ee elementor-widget elementor-widget-heading\" data-id=\"97e66ee\" data-element_type=\"widget\" data-e-type=\"widget\" data-widget_type=\"heading.default\">\n\t\t\t\t\t<h3 class=\"elementor-heading-title elementor-size-default\">Una gama dedicada a la distribuci\u00f3n local<\/h3>\t\t\t\t<\/div>\n\t\t\t\t<div class=\"elementor-element elementor-element-d8f4ddf elementor-widget elementor-widget-text-editor\" data-id=\"d8f4ddf\" data-element_type=\"widget\" data-e-type=\"widget\" data-widget_type=\"text-editor.default\">\n\t\t\t\t\t\t\t\t\t<p>Descubra nuestras soluciones optimizadas para sus flujos diarios:<\/p><ul><li><strong>STANDARD NATIONAL y NATIONAL PLUS:<\/strong> Espec\u00edficamente dise\u00f1ados para env\u00edos de 24 h a 48 h, estas soluciones ofrecen la mejor relaci\u00f3n rendimiento-peso para entregas dom\u00e9sticas.<\/li><li><strong>STANDARD EXPORT:<\/strong> Para necesidades regionales o transfronterizas que requieren una mayor robustez.<\/li><li><strong>Bolsas isot\u00e9rmicas:<\/strong> Flexibles, ligeras y reutilizables; son ideales para traslados internos en hospitales o entregas a domicilio directamente al paciente (Direct-to-Patient).<\/li><li><strong>Soluciones personalizadas:<\/strong> Desarrollamos formatos adaptados a sus limitaciones espec\u00edficas (dimensiones del veh\u00edculo, tipos de producto, duraciones precisas).<\/li><\/ul>\t\t\t\t\t\t\t\t<\/div>\n\t\t\t\t\t<\/div>\n\t\t\t\t<\/div>\n\t\t<div class=\"elementor-element elementor-element-71def6c e-flex e-con-boxed e-con e-parent\" data-id=\"71def6c\" data-element_type=\"container\" data-e-type=\"container\">\n\t\t\t\t\t<div class=\"e-con-inner\">\n\t\t<div class=\"elementor-element elementor-element-af25781 e-con-full e-flex e-con e-child\" data-id=\"af25781\" data-element_type=\"container\" data-e-type=\"container\">\n\t\t\t\t<div class=\"elementor-element elementor-element-af7f970 elementor-widget elementor-widget-heading\" data-id=\"af7f970\" data-element_type=\"widget\" data-e-type=\"widget\" data-widget_type=\"heading.default\">\n\t\t\t\t\t<h3 class=\"elementor-heading-title elementor-size-default\">Servicios y soporte a medida<\/h3>\t\t\t\t<\/div>\n\t\t\t\t<div class=\"elementor-element elementor-element-3258af4 elementor-widget elementor-widget-text-editor\" data-id=\"3258af4\" data-element_type=\"widget\" data-e-type=\"widget\" data-widget_type=\"text-editor.default\">\n\t\t\t\t\t\t\t\t\t<p>Porque cada red de distribuci\u00f3n es \u00fanica, EMBALL\u2019ISO ofrece <strong>soluciones personalizadas:<\/strong><\/p><ul><li><strong>Dise\u00f1o dedicado:<\/strong> Creaci\u00f3n de embalajes adaptados a las dimensiones de sus contenedores de transporte o productos espec\u00edficos.<\/li><li><strong>Validaci\u00f3n en laboratorio:<\/strong> Cada soluci\u00f3n se prueba en nuestro laboratorio de metrolog\u00eda interno seg\u00fan los perfiles de temperatura reales de sus rutas para garantizar un cumplimiento de &#8220;cero defectos&#8221;.<\/li><\/ul>\t\t\t\t\t\t\t\t<\/div>\n\t\t\t\t<\/div>\n\t\t<div class=\"elementor-element elementor-element-e9c3bf5 e-con-full e-flex e-con e-child\" data-id=\"e9c3bf5\" data-element_type=\"container\" data-e-type=\"container\">\n\t\t\t\t<div class=\"elementor-element elementor-element-16d3d63 elementor-widget elementor-widget-heading\" data-id=\"16d3d63\" data-element_type=\"widget\" data-e-type=\"widget\" data-widget_type=\"heading.default\">\n\t\t\t\t\t<h3 class=\"elementor-heading-title elementor-size-default\">Aplicaciones t\u00edpicas para la \u00faltima milla<\/h3>\t\t\t\t<\/div>\n\t\t\t\t<div class=\"elementor-element elementor-element-da339b2 elementor-widget elementor-widget-text-editor\" data-id=\"da339b2\" data-element_type=\"widget\" data-e-type=\"widget\" data-widget_type=\"text-editor.default\">\n\t\t\t\t\t\t\t\t\t<ul><li><strong>Distribuci\u00f3n hospitalaria: <\/strong>Traslado seguro de medicamentos y vacunas desde la farmacia central a los diversos departamentos o cl\u00ednicas sat\u00e9lite.<\/li><li><strong>Mayorista farmac\u00e9utico:<\/strong> Suministro diario a farmacias respetando los rangos de temperatura reglamentarios.<\/li><li><strong>Entrega a domicilio (Direct-to-Patient):<\/strong> Garant\u00eda de la continuidad de la cadena de fr\u00edo para pacientes que reciben tratamientos cr\u00edticos en su hogar.<\/li><\/ul>\t\t\t\t\t\t\t\t<\/div>\n\t\t\t\t<\/div>\n\t\t\t\t\t<\/div>\n\t\t\t\t<\/div>\n\t\t<div class=\"elementor-element elementor-element-ea6231a e-flex e-con-boxed e-con e-parent\" data-id=\"ea6231a\" data-element_type=\"container\" data-e-type=\"container\">\n\t\t\t\t\t<div class=\"e-con-inner\">\n\t\t\t\t<div class=\"elementor-element elementor-element-b837087 elementor-widget-divider--view-line elementor-widget elementor-widget-divider\" data-id=\"b837087\" data-element_type=\"widget\" data-e-type=\"widget\" data-widget_type=\"divider.default\">\n\t\t\t\t\t\t\t<div class=\"elementor-divider\">\n\t\t\t<span class=\"elementor-divider-separator\">\n\t\t\t\t\t\t<\/span>\n\t\t<\/div>\n\t\t\t\t\t\t<\/div>\n\t\t\t\t<div class=\"elementor-element elementor-element-98aa898 elementor-widget elementor-widget-heading\" data-id=\"98aa898\" data-element_type=\"widget\" data-e-type=\"widget\" data-widget_type=\"heading.default\">\n\t\t\t\t\t<h2 class=\"elementor-heading-title elementor-size-default\">RSC: hacia una log\u00edstica urbana sostenible<\/h2>\t\t\t\t<\/div>\n\t\t\t\t<div class=\"elementor-element elementor-element-511bf85 elementor-widget elementor-widget-text-editor\" data-id=\"511bf85\" data-element_type=\"widget\" data-e-type=\"widget\" data-widget_type=\"text-editor.default\">\n\t\t\t\t\t\t\t\t\t<p>EMBALL\u2019ISO ayuda a los profesionales de la \u00faltima milla a reducir su huella ambiental:<\/p><ul><li><strong>Soluciones reutilizables:<\/strong> Nuestras bolsas duraderas reducen la generaci\u00f3n de residuos de embalaje de un solo uso en los centros sanitarios gracias al modelo Reuse &amp; Reverse.<\/li><\/ul>\t\t\t\t\t\t\t\t<\/div>\n\t\t\t\t\t<\/div>\n\t\t\t\t<\/div>\n\t\t<div class=\"elementor-element elementor-element-1f3a7d8 e-flex e-con-boxed e-con e-parent\" data-id=\"1f3a7d8\" data-element_type=\"container\" data-e-type=\"container\" data-settings=\"{&quot;background_background&quot;:&quot;classic&quot;}\">\n\t\t\t\t\t<div class=\"e-con-inner\">\n\t\t\t\t<div class=\"elementor-element elementor-element-9b2d6b8 elementor-widget elementor-widget-heading\" data-id=\"9b2d6b8\" data-element_type=\"widget\" data-e-type=\"widget\" data-widget_type=\"heading.default\">\n\t\t\t\t\t<h2 class=\"elementor-heading-title elementor-size-default\">\u00bfNecesitas una soluci\u00f3n ligera y fiable para tus entregas locales?<\/h2>\t\t\t\t<\/div>\n\t\t\t\t<div class=\"elementor-element elementor-element-0325aa3 elementor-align-center elementor-widget elementor-widget-button\" data-id=\"0325aa3\" data-element_type=\"widget\" data-e-type=\"widget\" data-widget_type=\"button.default\">\n\t\t\t\t\t\t\t\t\t\t<a class=\"elementor-button elementor-button-link elementor-size-sm\" href=\"https:\/\/www.emballiso.com\/es\/produit\/isothermal-bag\/\">\n\t\t\t\t\t\t<span class=\"elementor-button-content-wrapper\">\n\t\t\t\t\t\t\t\t\t<span class=\"elementor-button-text\">Descubra nuestras Bolsas Isot\u00e9rmicas<\/span>\n\t\t\t\t\t<\/span>\n\t\t\t\t\t<\/a>\n\t\t\t\t\t\t\t\t<\/div>\n\t\t\t\t\t<\/div>\n\t\t\t\t<\/div>\n\t\t<div class=\"elementor-element elementor-element-74edf2e e-flex e-con-boxed e-con e-parent\" data-id=\"74edf2e\" data-element_type=\"container\" data-e-type=\"container\" data-settings=\"{&quot;background_background&quot;:&quot;classic&quot;}\">\n\t\t\t\t\t<div class=\"e-con-inner\">\n\t\t<div class=\"elementor-element elementor-element-b3edfa4 e-con-full e-flex e-con e-child\" data-id=\"b3edfa4\" data-element_type=\"container\" data-e-type=\"container\">\n\t\t\t\t<div class=\"elementor-element elementor-element-0c073ba elementor-hidden-tablet elementor-hidden-mobile elementor-widget elementor-widget-heading\" data-id=\"0c073ba\" data-element_type=\"widget\" data-e-type=\"widget\" data-widget_type=\"heading.default\">\n\t\t\t\t\t<p class=\"elementor-heading-title elementor-size-default\">Preguntas frecuentes<\/p>\t\t\t\t<\/div>\n\t\t\t\t<div class=\"elementor-element elementor-element-0b545ea elementor-icon-list--layout-traditional elementor-list-item-link-full_width elementor-widget elementor-widget-icon-list\" data-id=\"0b545ea\" data-element_type=\"widget\" data-e-type=\"widget\" data-widget_type=\"icon-list.default\">\n\t\t\t\t\t\t\t<ul class=\"elementor-icon-list-items\">\n\t\t\t\t\t\t\t<li class=\"elementor-icon-list-item\">\n\t\t\t\t\t\t\t\t\t\t\t<span class=\"elementor-icon-list-icon\">\n\t\t\t\t\t\t\t<svg aria-hidden=\"true\" class=\"e-font-icon-svg e-fas-check\" viewBox=\"0 0 512 512\" xmlns=\"http:\/\/www.w3.org\/2000\/svg\"><path d=\"M173.898 439.404l-166.4-166.4c-9.997-9.997-9.997-26.206 0-36.204l36.203-36.204c9.997-9.998 26.207-9.998 36.204 0L192 312.69 432.095 72.596c9.997-9.997 26.207-9.997 36.204 0l36.203 36.204c9.997 9.997 9.997 26.206 0 36.204l-294.4 294.401c-9.998 9.997-26.207 9.997-36.204-.001z\"><\/path><\/svg>\t\t\t\t\t\t<\/span>\n\t\t\t\t\t\t\t\t\t\t<span class=\"elementor-icon-list-text\"><strong>\u00bfC\u00f3mo se asegura la cadena de fr\u00edo durante la \u00faltima milla? <\/strong>Es crucial utilizar embalajes validados, optimizar los tiempos de carga\/descarga y formar a los conductores sobre los riesgos de las excursiones t\u00e9rmicas.<\/span>\n\t\t\t\t\t\t\t\t\t<\/li>\n\t\t\t\t\t\t\t\t<li class=\"elementor-icon-list-item\">\n\t\t\t\t\t\t\t\t\t\t\t<span class=\"elementor-icon-list-icon\">\n\t\t\t\t\t\t\t<svg aria-hidden=\"true\" class=\"e-font-icon-svg e-fas-check\" viewBox=\"0 0 512 512\" xmlns=\"http:\/\/www.w3.org\/2000\/svg\"><path d=\"M173.898 439.404l-166.4-166.4c-9.997-9.997-9.997-26.206 0-36.204l36.203-36.204c9.997-9.998 26.207-9.998 36.204 0L192 312.69 432.095 72.596c9.997-9.997 26.207-9.997 36.204 0l36.203 36.204c9.997 9.997 9.997 26.206 0 36.204l-294.4 294.401c-9.998 9.997-26.207 9.997-36.204-.001z\"><\/path><\/svg>\t\t\t\t\t\t<\/span>\n\t\t\t\t\t\t\t\t\t\t<span class=\"elementor-icon-list-text\"><strong>\u00bfPor qu\u00e9 utilizar bolsas isot\u00e9rmicas en un entorno hospitalario? <\/strong>Son ergon\u00f3micas, f\u00e1ciles de limpiar, reutilizables y mantienen la temperatura durante el transporte a pie entre diferentes edificios o plantas del hospital.<\/span>\n\t\t\t\t\t\t\t\t\t<\/li>\n\t\t\t\t\t\t<\/ul>\n\t\t\t\t\t\t<\/div>\n\t\t\t\t<\/div>\n\t\t<div class=\"elementor-element elementor-element-a7400fb e-con-full e-flex e-con e-child\" data-id=\"a7400fb\" data-element_type=\"container\" data-e-type=\"container\">\n\t\t\t\t<div class=\"elementor-element elementor-element-bf179db elementor-hidden-tablet elementor-hidden-mobile elementor-widget elementor-widget-heading\" data-id=\"bf179db\" data-element_type=\"widget\" data-e-type=\"widget\" data-widget_type=\"heading.default\">\n\t\t\t\t\t<p class=\"elementor-heading-title elementor-size-default\">EXPLORE NUESTROS OTROS SEGMENTOS<\/p>\t\t\t\t<\/div>\n\t\t\t\t<div class=\"elementor-element elementor-element-12584e0 elementor-icon-list--layout-traditional elementor-list-item-link-full_width elementor-widget elementor-widget-icon-list\" data-id=\"12584e0\" data-element_type=\"widget\" data-e-type=\"widget\" data-widget_type=\"icon-list.default\">\n\t\t\t\t\t\t\t<ul class=\"elementor-icon-list-items\">\n\t\t\t\t\t\t\t<li class=\"elementor-icon-list-item\">\n\t\t\t\t\t\t\t\t\t\t\t<a href=\"https:\/\/www.emballiso.com\/es\/soluciones-de-embalaje-de-cadena-de-frio-para-especialistas-en-logistica\/\">\n\n\t\t\t\t\t\t\t\t\t\t\t\t<span class=\"elementor-icon-list-icon\">\n\t\t\t\t\t\t\t<svg aria-hidden=\"true\" class=\"e-font-icon-svg e-fas-check\" viewBox=\"0 0 512 512\" xmlns=\"http:\/\/www.w3.org\/2000\/svg\"><path d=\"M173.898 439.404l-166.4-166.4c-9.997-9.997-9.997-26.206 0-36.204l36.203-36.204c9.997-9.998 26.207-9.998 36.204 0L192 312.69 432.095 72.596c9.997-9.997 26.207-9.997 36.204 0l36.203 36.204c9.997 9.997 9.997 26.206 0 36.204l-294.4 294.401c-9.998 9.997-26.207 9.997-36.204-.001z\"><\/path><\/svg>\t\t\t\t\t\t<\/span>\n\t\t\t\t\t\t\t\t\t\t<span class=\"elementor-icon-list-text\"><strong>Para especialistas en log\u00edstica:<\/strong> Soluciones para transporte a granel y flete internacional.<\/span>\n\t\t\t\t\t\t\t\t\t\t\t<\/a>\n\t\t\t\t\t\t\t\t\t<\/li>\n\t\t\t\t\t\t\t\t<li class=\"elementor-icon-list-item\">\n\t\t\t\t\t\t\t\t\t\t\t<a href=\"https:\/\/www.emballiso.com\/es\/embalaje-de-cadena-de-frio-para-ensayos-clinicos\/\">\n\n\t\t\t\t\t\t\t\t\t\t\t\t<span class=\"elementor-icon-list-icon\">\n\t\t\t\t\t\t\t<svg aria-hidden=\"true\" class=\"e-font-icon-svg e-fas-check\" viewBox=\"0 0 512 512\" xmlns=\"http:\/\/www.w3.org\/2000\/svg\"><path d=\"M173.898 439.404l-166.4-166.4c-9.997-9.997-9.997-26.206 0-36.204l36.203-36.204c9.997-9.998 26.207-9.998 36.204 0L192 312.69 432.095 72.596c9.997-9.997 26.207-9.997 36.204 0l36.203 36.204c9.997 9.997 9.997 26.206 0 36.204l-294.4 294.401c-9.998 9.997-26.207 9.997-36.204-.001z\"><\/path><\/svg>\t\t\t\t\t\t<\/span>\n\t\t\t\t\t\t\t\t\t\t<span class=\"elementor-icon-list-text\"><strong>Para ensayos cl\u00ednicos:<\/strong> Embalajes de alta precisi\u00f3n para I+D.<\/span>\n\t\t\t\t\t\t\t\t\t\t\t<\/a>\n\t\t\t\t\t\t\t\t\t<\/li>\n\t\t\t\t\t\t\t\t<li class=\"elementor-icon-list-item\">\n\t\t\t\t\t\t\t\t\t\t\t<a href=\"https:\/\/www.emballiso.com\/es\/soluciones-de-embalaje-de-cadena-de-frio-para-laboratorios-farmaceuticos\/\">\n\n\t\t\t\t\t\t\t\t\t\t\t\t<span class=\"elementor-icon-list-icon\">\n\t\t\t\t\t\t\t<svg aria-hidden=\"true\" class=\"e-font-icon-svg e-fas-check\" viewBox=\"0 0 512 512\" xmlns=\"http:\/\/www.w3.org\/2000\/svg\"><path d=\"M173.898 439.404l-166.4-166.4c-9.997-9.997-9.997-26.206 0-36.204l36.203-36.204c9.997-9.998 26.207-9.998 36.204 0L192 312.69 432.095 72.596c9.997-9.997 26.207-9.997 36.204 0l36.203 36.204c9.997 9.997 9.997 26.206 0 36.204l-294.4 294.401c-9.998 9.997-26.207 9.997-36.204-.001z\"><\/path><\/svg>\t\t\t\t\t\t<\/span>\n\t\t\t\t\t\t\t\t\t\t<span class=\"elementor-icon-list-text\">Para compa\u00f1\u00edas farmac\u00e9uticas: Gesti\u00f3n global de la cadena de fr\u00edo.<\/span>\n\t\t\t\t\t\t\t\t\t\t\t<\/a>\n\t\t\t\t\t\t\t\t\t<\/li>\n\t\t\t\t\t\t<\/ul>\n\t\t\t\t\t\t<\/div>\n\t\t\t\t<\/div>\n\t\t\t\t\t<\/div>\n\t\t\t\t<\/div>\n\t\t\t\t<\/div>\n\t\t","protected":false},"excerpt":{"rendered":"<p>Soluciones de embalaje de cadena de fr\u00edo para profesionales de \u00faltima milla La &#8220;\u00faltima milla&#8221; es, sin duda, la etapa m\u00e1s cr\u00edtica y compleja de la cadena de suministro sanitaria. Ya sea entregando a farmacias, departamentos hospitalarios o cl\u00ednicas, los profesionales se enfrentan a desaf\u00edos constantes: tr\u00e1fico urbano denso, aperturas frecuentes de puertas, m\u00faltiples pasos [&hellip;]<\/p>\n","protected":false},"author":1,"featured_media":0,"parent":0,"menu_order":0,"comment_status":"closed","ping_status":"closed","template":"","meta":{"_acf_changed":false,"footnotes":""},"class_list":["post-6934","page","type-page","status-publish","hentry"],"acf":[],"_links":{"self":[{"href":"https:\/\/www.emballiso.com\/es\/wp-json\/wp\/v2\/pages\/6934","targetHints":{"allow":["GET"]}}],"collection":[{"href":"https:\/\/www.emballiso.com\/es\/wp-json\/wp\/v2\/pages"}],"about":[{"href":"https:\/\/www.emballiso.com\/es\/wp-json\/wp\/v2\/types\/page"}],"author":[{"embeddable":true,"href":"https:\/\/www.emballiso.com\/es\/wp-json\/wp\/v2\/users\/1"}],"replies":[{"embeddable":true,"href":"https:\/\/www.emballiso.com\/es\/wp-json\/wp\/v2\/comments?post=6934"}],"version-history":[{"count":5,"href":"https:\/\/www.emballiso.com\/es\/wp-json\/wp\/v2\/pages\/6934\/revisions"}],"predecessor-version":[{"id":8680,"href":"https:\/\/www.emballiso.com\/es\/wp-json\/wp\/v2\/pages\/6934\/revisions\/8680"}],"wp:attachment":[{"href":"https:\/\/www.emballiso.com\/es\/wp-json\/wp\/v2\/media?parent=6934"}],"curies":[{"name":"wp","href":"https:\/\/api.w.org\/{rel}","templated":true}]}}