{"id":8784,"date":"2024-11-23T10:35:15","date_gmt":"2024-11-23T09:35:15","guid":{"rendered":"https:\/\/www.emballiso.com\/produit\/box-pallet\/"},"modified":"2026-04-29T16:42:37","modified_gmt":"2026-04-29T14:42:37","slug":"box-pallet","status":"publish","type":"product","link":"https:\/\/www.emballiso.com\/de\/produit\/box-pallet\/","title":{"rendered":"Box Pallet"},"content":{"rendered":"","protected":false},"excerpt":{"rendered":"<h2 style=\"color: #307bbf;\">PREMIUM\u2011 oder STANDARD\u2011L\u00f6sung f\u00fcr temperaturgef\u00fchrten Gro\u00dfvolumentransport<\/h2>\n<p>Box\u2011Palettenbeh\u00e4lter wurden entwickelt, um den Versand gro\u00dfer Mengen temperaturempfindlicher Produkte zu erleichtern \u2013 bei gleichzeitig zuverl\u00e4ssigem thermischem Schutz und optimierten Logistikabl\u00e4ufen:<\/p>\n<ul>\n<li>Zuverl\u00e4ssige thermische Leistung: h\u00e4lt die Bereiche COOL +2\u00b0C\/+8\u00b0C, TEMPERATE +2\u00b0C\/+25\u00b0C und TEMPERATE +15\u00b0C\/+25\u00b0C<strong> bis zu 120 Stunden<\/strong> ein, validiert f\u00fcr Au\u00dfentemperaturen von \u201320\u00b0C bis +60\u00b0C und qualifiziert f\u00fcr General\u2011Cargo\u2011 und Airline\u2011Transportanforderungen.<\/li>\n<li>Einfache und effiziente Abl\u00e4ufe: leicht zu beladen, zu best\u00fccken und zu transportieren, mit identischen PCM\u2011Akkutaschen f\u00fcr alle Box\u2011Paletten\u2011Gr\u00f6\u00dfen \u2013 unterst\u00fctzt durch detaillierte Vorbereitungsvorschriften und spezielle Schulungen.<\/li>\n<\/ul>\n<p>&nbsp;<\/p>\n<table style=\"width: 100%; border-collapse: collapse; font-size: 12px; color: #203a72;\">\n<thead>\n<tr style=\"text-align: center;\">\n<th style=\"padding: 6px 8px; border: 0px; background: transparent;\" colspan=\"5\"><\/th>\n<th style=\"padding: 6px 8px; border: 0px; background: #F4F8FE;\" colspan=\"3\">SYSTEMGEWICHT<\/th>\n<\/tr>\n<tr style=\"background-color: #203a72; color: #ffffff; text-align: center;\">\n<th style=\"padding: 6px 8px; border: 0px; background: transparent;\">Produktname<\/th>\n<th style=\"padding: 6px 8px; border: 0px; background: transparent;\">Nutzvolumen<\/th>\n<th style=\"padding: 6px 8px; border: 0px; background: transparent;\">Innenraum<br \/>\nL x B x H<\/th>\n<th style=\"padding: 6px 8px; border: 0px; background: transparent;\">Au\u00dfenma\u00dfe<br \/>\nL x B x H<\/th>\n<th style=\"padding: 6px 8px; border: 0px; background: transparent;\">Volumengewicht<\/th>\n<th style=\"padding: 6px 8px; border: 0px; background: transparent;\">STANDARD (Wasser)<br \/>\nCool \/ Temperate<\/th>\n<th style=\"padding: 6px 8px; border: 0px; background: transparent;\">PREMIUM (PCM)<br \/>\nCool<\/th>\n<th style=\"padding: 6px 8px; border: 0px; background: transparent;\">PREMIUM (PCM)<br \/>\nTemperate<\/th>\n<\/tr>\n<\/thead>\n<tbody>\n<tr style=\"background: #F4F8FE;\">\n<td style=\"padding: 6px 8px; border: 0px; text-align: left;\"><strong>BP 87<\/strong><\/td>\n<td style=\"padding: 6px 8px; border: 0px; text-align: center;\">87 L<\/td>\n<td style=\"padding: 6px 8px; border: 0px; text-align: center;\">565 x 370 x 415 mm<br \/>\n22.2 x 14.6 x 16.3 in<\/td>\n<td style=\"padding: 6px 8px; border: 0px; text-align: center;\">800 x 600 x 648 mm<br \/>\n31.5 x 23.6 x 25.5 in<\/td>\n<td style=\"padding: 6px 8px; border: 0px; text-align: center;\">52 kg<br \/>\n115 lb<\/td>\n<td style=\"padding: 6px 8px; border: 0px; text-align: center;\">N\/A<\/td>\n<td style=\"padding: 6px 8px; border: 0px; text-align: center;\">38 kg<br \/>\n84 lb<\/td>\n<td style=\"padding: 6px 8px; border: 0px; text-align: center;\">37 kg<br \/>\n82 lb<\/td>\n<\/tr>\n<tr>\n<td style=\"padding: 6px 8px; border: 0px; text-align: left;\"><strong>BP 95<\/strong><\/td>\n<td style=\"padding: 6px 8px; border: 0px; text-align: center;\">95 L<\/td>\n<td style=\"padding: 6px 8px; border: 0px; text-align: center;\">565 x 370 x 455 mm<br \/>\n22.2 x 14.6 x 17.9 in<\/td>\n<td style=\"padding: 6px 8px; border: 0px; text-align: center;\">800 x 600 x 648 mm<br \/>\n31.5 x 23.6 x 25.5 in<\/td>\n<td style=\"padding: 6px 8px; border: 0px; text-align: center;\">52 kg<br \/>\n115 lb<\/td>\n<td style=\"padding: 6px 8px; border: 0px; text-align: center;\">39 kg<br \/>\n86 lb<\/td>\n<td style=\"padding: 6px 8px; border: 0px; text-align: center;\">N\/A<\/td>\n<td style=\"padding: 6px 8px; border: 0px; text-align: center;\">N\/A<\/td>\n<\/tr>\n<tr style=\"background: #F4F8FE;\">\n<td style=\"padding: 6px 8px; border: 0px; text-align: left;\"><strong>BP 171<\/strong><\/td>\n<td style=\"padding: 6px 8px; border: 0px; text-align: center;\">171 L<\/td>\n<td style=\"padding: 6px 8px; border: 0px; text-align: center;\">972 x 572 x 307 mm<br \/>\n38.3 x 22.5 x 12.1 in<\/td>\n<td style=\"padding: 6px 8px; border: 0px; text-align: center;\">1 200 x 800 x 580 mm<br \/>\n47.2 x 31.5 x 22.8 in<\/td>\n<td style=\"padding: 6px 8px; border: 0px; text-align: center;\">93 kg<br \/>\n205 lb<\/td>\n<td style=\"padding: 6px 8px; border: 0px; text-align: center;\">50 kg<br \/>\n110 lb<\/td>\n<td style=\"padding: 6px 8px; border: 0px; text-align: center;\">56 kg<br \/>\n124 lb<\/td>\n<td style=\"padding: 6px 8px; border: 0px; text-align: center;\">55 kg<br \/>\n121 lb<\/td>\n<\/tr>\n<tr>\n<td style=\"padding: 6px 8px; border: 0px; text-align: left;\"><strong>BP 387<\/strong><\/td>\n<td style=\"padding: 6px 8px; border: 0px; text-align: center;\">387 L<\/td>\n<td style=\"padding: 6px 8px; border: 0px; text-align: center;\">923 x 723 x 580 mm<br \/>\n36.3 x 28.5 x 22.8 in<\/td>\n<td style=\"padding: 6px 8px; border: 0px; text-align: center;\">1 200 x 1 000 x 850 mm<br \/>\n47.2 x 39.4 x 33.5 in<\/td>\n<td style=\"padding: 6px 8px; border: 0px; text-align: center;\">170 kg<br \/>\n375 lb<\/td>\n<td style=\"padding: 6px 8px; border: 0px; text-align: center;\">88 kg<br \/>\n194 lb<\/td>\n<td style=\"padding: 6px 8px; border: 0px; text-align: center;\">76 kg<br \/>\n168 lb<\/td>\n<td style=\"padding: 6px 8px; border: 0px; text-align: center;\">91 kg<br \/>\n201 lb<\/td>\n<\/tr>\n<tr style=\"background: #F4F8FE;\">\n<td style=\"padding: 6px 8px; border: 0px; text-align: left;\"><strong>BP 414<\/strong><\/td>\n<td style=\"padding: 6px 8px; border: 0px; text-align: center;\">414 L<\/td>\n<td style=\"padding: 6px 8px; border: 0px; text-align: center;\">992 x 592 x 705 mm<br \/>\n39.1 x 23.3 x 27.8 in<\/td>\n<td style=\"padding: 6px 8px; border: 0px; text-align: center;\">1 200 x 800 x 940 mm<br \/>\n47.2 x 31.5 x 37.0 in<\/td>\n<td style=\"padding: 6px 8px; border: 0px; text-align: center;\">151 kg<br \/>\n332 lb<\/td>\n<td style=\"padding: 6px 8px; border: 0px; text-align: center;\">96 kg<br \/>\n212 lb<\/td>\n<td style=\"padding: 6px 8px; border: 0px; text-align: center;\">82 kg<br \/>\n179 lb<\/td>\n<td style=\"padding: 6px 8px; border: 0px; text-align: center;\">80 kg<br \/>\n176 lb<\/td>\n<\/tr>\n<tr>\n<td style=\"padding: 6px 8px; border: 0px; text-align: left;\"><strong>BP 438<\/strong><\/td>\n<td style=\"padding: 6px 8px; border: 0px; text-align: center;\">438 L<\/td>\n<td style=\"padding: 6px 8px; border: 0px; text-align: center;\">992 x 592 x 745 mm<br \/>\n39.1 x 23.3 x 29.3 in<\/td>\n<td style=\"padding: 6px 8px; border: 0px; text-align: center;\">1 200 x 800 x 940 mm<br \/>\n47.2 x 31.5 x 37.0 in<\/td>\n<td style=\"padding: 6px 8px; border: 0px; text-align: center;\">151 kg<br \/>\n332 lb<\/td>\n<td style=\"padding: 6px 8px; border: 0px; text-align: center;\">83 kg<br \/>\n183 lb<\/td>\n<td style=\"padding: 6px 8px; border: 0px; text-align: center;\">N\/A<\/td>\n<td style=\"padding: 6px 8px; border: 0px; text-align: center;\">N\/A<\/td>\n<\/tr>\n<tr style=\"background: #F4F8FE;\">\n<td style=\"padding: 6px 8px; border: 0px; text-align: left;\"><strong>BP 564<\/strong><\/td>\n<td style=\"padding: 6px 8px; border: 0px; text-align: center;\">564 L<\/td>\n<td style=\"padding: 6px 8px; border: 0px; text-align: center;\">925 x 730 x 835 mm<br \/>\n36.4 x 28.7 x 32.9 in<\/td>\n<td style=\"padding: 6px 8px; border: 0px; text-align: center;\">1 200 x 1 000 x 1 100 mm<br \/>\n47.2 x 39.4 x 43.3 in<\/td>\n<td style=\"padding: 6px 8px; border: 0px; text-align: center;\">220 kg<br \/>\n485 lb<\/td>\n<td style=\"padding: 6px 8px; border: 0px; text-align: center;\">106 kg<br \/>\n234 lb<\/td>\n<td style=\"padding: 6px 8px; border: 0px; text-align: center;\">111 kg<br \/>\n245 lb<\/td>\n<td style=\"padding: 6px 8px; border: 0px; text-align: center;\">109 kg<br \/>\n240 lb<\/td>\n<\/tr>\n<\/tbody>\n<\/table>\n<p class=\"p1\" style=\"font-size: 12px; color: #203a72;\"><strong>N\/A:<\/strong> Diese Konfiguration ist f\u00fcr dieses Produkt nicht verf\u00fcgbar.<\/p>\n","protected":false},"featured_media":6589,"comment_status":"closed","ping_status":"closed","template":"","meta":{"_acf_changed":false},"product_brand":[],"product_cat":[147],"product_tag":[],"class_list":{"0":"post-8784","1":"product","2":"type-product","3":"status-publish","4":"has-post-thumbnail","6":"product_cat-cargo-shipment","8":"first","9":"instock","10":"shipping-taxable","11":"product-type-simple"},"acf":[],"_links":{"self":[{"href":"https:\/\/www.emballiso.com\/de\/wp-json\/wp\/v2\/product\/8784","targetHints":{"allow":["GET"]}}],"collection":[{"href":"https:\/\/www.emballiso.com\/de\/wp-json\/wp\/v2\/product"}],"about":[{"href":"https:\/\/www.emballiso.com\/de\/wp-json\/wp\/v2\/types\/product"}],"replies":[{"embeddable":true,"href":"https:\/\/www.emballiso.com\/de\/wp-json\/wp\/v2\/comments?post=8784"}],"wp:featuredmedia":[{"embeddable":true,"href":"https:\/\/www.emballiso.com\/de\/wp-json\/wp\/v2\/media\/6589"}],"wp:attachment":[{"href":"https:\/\/www.emballiso.com\/de\/wp-json\/wp\/v2\/media?parent=8784"}],"wp:term":[{"taxonomy":"product_brand","embeddable":true,"href":"https:\/\/www.emballiso.com\/de\/wp-json\/wp\/v2\/product_brand?post=8784"},{"taxonomy":"product_cat","embeddable":true,"href":"https:\/\/www.emballiso.com\/de\/wp-json\/wp\/v2\/product_cat?post=8784"},{"taxonomy":"product_tag","embeddable":true,"href":"https:\/\/www.emballiso.com\/de\/wp-json\/wp\/v2\/product_tag?post=8784"}],"curies":[{"name":"wp","href":"https:\/\/api.w.org\/{rel}","templated":true}]}}